{"id":106,"date":"2013-08-11T19:17:44","date_gmt":"2013-08-11T19:17:44","guid":{"rendered":"http:\/\/localhost:8888\/test\/?page_id=530"},"modified":"2020-02-15T16:47:48","modified_gmt":"2020-02-15T09:47:48","slug":"nhung-dieu-khong-biet-ve-nhan-sam-canada","status":"publish","type":"page","link":"https:\/\/silverlife.com.vn\/en\/nhung-dieu-khong-biet-ve-nhan-sam-canada","title":{"rendered":"Nh\u1eefng \u0110i\u1ec1u B\u1ea1n Kh\u00f4ng Bi\u1ebft V\u1ec1 Nh\u00e2n S\u00e2m Canada"},"content":{"rendered":"<p><span style=\"font-size: 120%;\"><\/span><\/p>\r\n<p><span style=\"font-size: 120%; font-family: 'times new roman', times, serif;\"><span style=\"color: #bd820b;\"><strong>Canadian Ginseng<\/strong><\/span> also known as <span style=\"color: #bd820b;\"><strong>North American Ginseng <\/strong><\/span>(<strong><span style=\"color: #bd820b;\">Nh\u00e2n S\u00e2m M\u1ef9<\/span>, <span style=\"color: #bd820b;\">American ginseng<\/span>, <span style=\"color: #bd820b;\">Nh\u00e2n S\u00e2m B\u1eafc M\u1ef9<\/span><\/strong>- ginseng is grown and developed in North America as in Canada, USA, but in Ontario - Canada, the quality of the ginseng grown has the best value.<\/span><\/p>\r\n<figure id=\"attachment_1282\" aria-describedby=\"caption-attachment-1282\" style=\"width: 504px\" class=\"wp-caption aligncenter\"><img loading=\"lazy\" decoding=\"async\" class=\"wp-image-1282\" title=\"Nh\u00e2n S\u00e2m Canada - Nh\u00e2n S\u00e2m Cao C\u1ea5p\" src=\"https:\/\/silverlife.com.vn\/wp-content\/uploads\/2019\/09\/nhan-sam-silverlife-cao-cap.jpg\" alt=\"Nh\u00e2n S\u00e2m Canada - Nh\u00e2n S\u00e2m Cao C\u1ea5p\" width=\"504\" height=\"469\" srcset=\"https:\/\/silverlife.com.vn\/wp-content\/uploads\/2019\/09\/nhan-sam-silverlife-cao-cap.jpg 1920w, https:\/\/silverlife.com.vn\/wp-content\/uploads\/2019\/09\/nhan-sam-silverlife-cao-cap-430x400.jpg 430w, https:\/\/silverlife.com.vn\/wp-content\/uploads\/2019\/09\/nhan-sam-silverlife-cao-cap-768x715.jpg 768w, https:\/\/silverlife.com.vn\/wp-content\/uploads\/2019\/09\/nhan-sam-silverlife-cao-cap-859x800.jpg 859w, https:\/\/silverlife.com.vn\/wp-content\/uploads\/2019\/09\/nhan-sam-silverlife-cao-cap-900x838.jpg 900w\" sizes=\"(max-width: 504px) 100vw, 504px\" \/><figcaption id=\"caption-attachment-1282\" class=\"wp-caption-text\"><span style=\"font-size: 120%; font-family: 'times new roman', times, serif;\"><strong>Nh\u00e2n S\u00e2m Canada &#8211; Nh\u00e2n S\u00e2m Cao C\u1ea5p<\/strong><\/span><\/figcaption><\/figure>\r\n<h2 class=\"wp-block-heading\"><span style=\"color: #bd820b; font-size: 120%; font-family: 'times new roman', times, serif;\"><strong>Nh\u1eefng \u0110i\u1ec1u C\u00f3 Th\u1ec3 B\u1ea1n Ch\u01b0a Bi\u1ebft V\u1ec1 Nh\u00e2n S\u00e2m Canada<\/strong><\/span><\/h2>\r\n<p><span style=\"font-size: 120%; font-family: 'times new roman', times, serif; color: #bd820b;\"><\/span><\/p>\r\n<h3 class=\"wp-block-heading\"><span style=\"font-size: 120%; font-family: 'times new roman', times, serif; color: #bd820b;\"><strong>* Ng\u01b0\u1eddi B\u1eafc M\u1ef9 S\u1eed D\u1ee5ng Nh\u00e2n S\u00e2m Canada Th\u01b0\u1eddng Xuy\u00ean<\/strong><\/span><\/h3>\r\n<p><span style=\"font-size: 120%; font-family: 'times new roman', times, serif;\"><\/span><\/p>\r\n<p><span style=\"font-size: 120%; font-family: 'times new roman', times, serif;\">Nh\u00e2n s\u00e2m ph\u1ed5 bi\u1ebfn v\u00e0 \u0111\u01b0\u1ee3c s\u1eed d\u1ee5ng nhi\u1ec1u h\u01a1n \u1edf ch\u00e2u \u00c1. \u0110i\u1ec1u n\u00e0y \u0111ang d\u1ea7n thay \u0111\u1ed5i khi nh\u00e2n s\u00e2m B\u1eafc M\u1ef9 \u0111\u01b0\u1ee3c bi\u1ebft \u0111\u1ebfn v\u00e0 \u0111\u01b0\u1ee3c \u0111\u01b0a v\u00e0o nghi\u00ean c\u1ee9u. Kho\u1ea3ng 6 tri\u1ec7u ng\u01b0\u1eddi d\u00e2n B\u1eafc M\u1ef9 s\u1eed d\u1ee5ng nh\u00e2n s\u00e2m th\u01b0\u1eddng xuy\u00ean.<\/span><\/p>\r\n<figure id=\"attachment_3121\" aria-describedby=\"caption-attachment-3121\" style=\"width: 624px\" class=\"wp-caption aligncenter\"><img loading=\"lazy\" decoding=\"async\" class=\"wp-image-3121\" title=\"Nh\u00e2n S\u00e2m B\u1eafc M\u1ef9 - T\u00e2y D\u01b0\u01a1ng S\u00e2m\" src=\"https:\/\/silverlife.com.vn\/wp-content\/uploads\/2019\/10\/bot-nhan-sam-canada-6-1067x800.jpg\" alt=\"Nh\u00e2n S\u00e2m B\u1eafc M\u1ef9 - T\u00e2y D\u01b0\u01a1ng S\u00e2m\" width=\"624\" height=\"468\" srcset=\"https:\/\/silverlife.com.vn\/wp-content\/uploads\/2019\/10\/bot-nhan-sam-canada-6-1067x800.jpg 1067w, https:\/\/silverlife.com.vn\/wp-content\/uploads\/2019\/10\/bot-nhan-sam-canada-6-533x400.jpg 533w, https:\/\/silverlife.com.vn\/wp-content\/uploads\/2019\/10\/bot-nhan-sam-canada-6-768x576.jpg 768w, https:\/\/silverlife.com.vn\/wp-content\/uploads\/2019\/10\/bot-nhan-sam-canada-6-900x675.jpg 900w\" sizes=\"(max-width: 624px) 100vw, 624px\" \/><figcaption id=\"caption-attachment-3121\" class=\"wp-caption-text\"><em><span style=\"font-size: 120%; font-family: 'times new roman', times, serif;\">Nh\u00e2n S\u00e2m B\u1eafc M\u1ef9 &#8211; T\u00e2y D\u01b0\u01a1ng S\u00e2m<\/span><\/em><\/figcaption><\/figure>\r\n<p><span style=\"font-size: 120%; font-family: 'times new roman', times, serif;\"><\/span><\/p>\r\n<h3 class=\"wp-block-heading\"><span style=\"color: #bd820b; font-size: 120%; font-family: 'times new roman', times, serif;\"><strong>* C\u00e1ch S\u1eed D\u1ee5ng Nh\u00e2n S\u00e2m C\u1ee7a Ng\u01b0\u1eddi B\u1eafc M\u1ef9 Kh\u00e1c V\u1edbi Ng\u01b0\u1eddi Ch\u00e2u \u00c1<\/strong><\/span><\/h3>\r\n<p><span style=\"font-size: 120%; font-family: 'times new roman', times, serif;\"><\/span><\/p>\r\n<p><span style=\"font-size: 120%; font-family: 'times new roman', times, serif;\">\u1ede B\u1eafc M\u1ef9, ng\u01b0\u1eddi ta ti\u00eau th\u1ee5 nh\u00e2n s\u00e2m theo nh\u1eefng c\u00e1ch che gi\u1ea5u m\u00f9i v\u1ecb b\u1eb1ng c\u00e1ch g\u00f3i g\u1ecdn ch\u00fang v\u00e0 &#8216;nu\u1ed1t vi\u00ean thu\u1ed1c&#8217;.<\/span><\/p>\r\n<p><span style=\"font-size: 120%; font-family: 'times new roman', times, serif;\"><\/span><\/p>\r\n<p><span style=\"font-size: 120%; font-family: 'times new roman', times, serif;\">\u1ede ch\u00e2u \u00c1, c\u00e1c s\u1ea3n ph\u1ea9m c\u00f3 nh\u00e3n nh\u00e2n s\u00e2m nh\u01b0 tr\u00e0, k\u1eb9o, vi\u00ean nhai ho\u1eb7c s\u00fap ph\u1ea3i mang m\u1ed9t h\u01b0\u01a1ng v\u1ecb s\u00e2m ri\u00eang bi\u1ec7t. M\u1ed9t s\u1ed1 ng\u01b0\u1eddi ch\u00e2u \u00c1 th\u01b0\u1eddng xuy\u00ean nhai m\u1ed9t l\u00e1t c\u1ee7 s\u00e2m \u0111\u1ec3 b\u1ea3o v\u1ec7 s\u1ee9c kh\u1ecfe.<\/span><\/p>\r\n<p style=\"text-align: center;\"><img loading=\"lazy\" decoding=\"async\" class=\"alignnone  wp-image-8613\" src=\"https:\/\/silverlife.com.vn\/wp-content\/uploads\/2020\/02\/sinh-to-nhan-sam-banner-602x400.jpg\" alt=\"\" width=\"635\" height=\"422\" srcset=\"https:\/\/silverlife.com.vn\/wp-content\/uploads\/2020\/02\/sinh-to-nhan-sam-banner-602x400.jpg 602w, https:\/\/silverlife.com.vn\/wp-content\/uploads\/2020\/02\/sinh-to-nhan-sam-banner-768x510.jpg 768w, https:\/\/silverlife.com.vn\/wp-content\/uploads\/2020\/02\/sinh-to-nhan-sam-banner-900x598.jpg 900w, https:\/\/silverlife.com.vn\/wp-content\/uploads\/2020\/02\/sinh-to-nhan-sam-banner.jpg 1030w\" sizes=\"(max-width: 635px) 100vw, 635px\" \/><\/p>\r\n<p style=\"text-align: center;\"><em>Sinh t\u1ed1 nh\u00e2n s\u00e2m<\/em><\/p>\r\n<p><span style=\"font-size: 120%; font-family: 'times new roman', times, serif;\"><\/span><\/p>\r\n<h3 class=\"wp-block-heading\"><span style=\"font-size: 120%; font-family: 'times new roman', times, serif; color: #bd820b;\"><strong>Nh\u00e2n S\u00e2m Canada T\u1ed1t Cho Nh\u1eefng Ng\u01b0\u1eddi N\u00e0o<\/strong><\/span><\/h3>\r\n<p><span style=\"font-size: 120%; font-family: 'times new roman', times, serif;\"><\/span><\/p>\r\n<p><span style=\"font-size: 120%; font-family: 'times new roman', times, serif;\">S\u1ef1 \u0111a d\u1ea1ng v\u00e0 h\u00e0m l\u01b0\u1ee3ng c\u1ee7a ginsenosides trong nh\u00e2n s\u00e2m Canada th\u1ea5p h\u01a1n nh\u00e2n s\u00e2m H\u00e0n Qu\u1ed1c v\u00e0 nh\u00e2n s\u00e2m Trung Qu\u1ed1c. Tuy nhi\u00ean, nghi\u00ean c\u1ee9u nh\u00e2n s\u00e2m Canada c\u00f3 t\u00e1c d\u1ee5ng t\u0103ng c\u01b0\u1eddng n\u0103ng l\u01b0\u1ee3ng v\u00e0 t\u0103ng c\u01b0\u1eddng mi\u1ec5n d\u1ecbch m\u00e0 kh\u00f4ng b\u1ecb k\u00edch th\u00edch qu\u00e1 m\u1ee9c v\u00ec n\u00f3 ch\u1ee9a h\u00e0m l\u01b0\u1ee3ng ginsenoside Rb1 cao h\u01a1n, c\u00f3 t\u00e1c d\u1ee5ng an th\u1ea7n \u0111\u1ed1i v\u1edbi h\u1ec7 th\u1ea7n kinh trung \u01b0\u01a1ng. Do \u0111\u00f3, n\u00f3 ph\u00f9 h\u1ee3p h\u01a1n cho nh\u1eefng ng\u01b0\u1eddi tr\u1ebb tu\u1ed5i, trung ni\u00ean v\u00e0 ng\u01b0\u1eddi hay l\u00e0m vi\u1ec7c c\u0103ng th\u1eb3ng, m\u1ec7t m\u1ecfi.<\/span><\/p>\r\n<figure id=\"attachment_856\" aria-describedby=\"caption-attachment-856\" style=\"width: 498px\" class=\"wp-caption aligncenter\"><img loading=\"lazy\" decoding=\"async\" class=\"wp-image-856\" title=\"Nh\u00e2n S\u00e2m Canada - T\u00e1c D\u1ee5ng Gi\u1ea3m Stress\" src=\"https:\/\/silverlife.com.vn\/wp-content\/uploads\/2019\/04\/cach-giam-stress.jpg\" alt=\"Nh\u00e2n S\u00e2m Canada - T\u00e1c D\u1ee5ng Gi\u1ea3m Stress\" width=\"498\" height=\"498\" srcset=\"https:\/\/silverlife.com.vn\/wp-content\/uploads\/2019\/04\/cach-giam-stress.jpg 626w, https:\/\/silverlife.com.vn\/wp-content\/uploads\/2019\/04\/cach-giam-stress-280x280.jpg 280w, https:\/\/silverlife.com.vn\/wp-content\/uploads\/2019\/04\/cach-giam-stress-400x400.jpg 400w, https:\/\/silverlife.com.vn\/wp-content\/uploads\/2019\/04\/cach-giam-stress-100x100.jpg 100w\" sizes=\"(max-width: 498px) 100vw, 498px\" \/><figcaption id=\"caption-attachment-856\" class=\"wp-caption-text\"><em><span style=\"font-size: 120%; font-family: 'times new roman', times, serif;\">Nh\u00e2n S\u00e2m Canada &#8211; T\u00e1c D\u1ee5ng Gi\u1ea3m Stress<\/span><\/em><\/figcaption><\/figure>\r\n<p><span style=\"font-size: 120%; font-family: 'times new roman', times, serif;\"><\/span><\/p>\r\n<p><span style=\"font-size: 120%; font-family: 'times new roman', times, serif;\">Nh\u00e2n s\u00e2m Canada \u0111\u01b0\u1ee3c coi l\u00e0 m\u1ed9t lo\u1ea1i d\u01b0\u1ee3c th\u1ea3o thanh m\u00e1t, l\u00e0m s\u0103n ch\u1eafc da, nh\u01b0ng kh\u00f4ng k\u00edch th\u00edch. Nh\u1eefng \u0111\u1eb7c t\u00ednh n\u00e0y \u0111\u00e3 l\u00e0m cho nh\u00e2n s\u00e2m Canada tr\u1edf th\u00e0nh ch\u1ea5t b\u1ed5 sung ph\u1ed5 bi\u1ebfn nh\u1ea5t cho c\u01b0 d\u00e2n th\u00e0nh th\u1ecb c\u00f3 l\u1ed1i s\u1ed1ng nhanh v\u00e0 c\u0103ng th\u1eb3ng &#8211; c\u00f3 th\u1ec3 c\u1ea7n \u0111\u1ebfn c\u00e1c lo\u1ea1i th\u1ea3o m\u1ed9c l\u00e0m d\u1ecbu v\u00e0 c\u00e2n b\u1eb1ng h\u01a1n.<\/span><\/p>\r\n<p>T\u1ed1c \u0111\u1ed9 c\u1ee7a cu\u1ed9c s\u1ed1ng hi\u1ec7n \u0111\u1ea1i r\u1ea5t c\u0103ng th\u1eb3ng, v\u00e0 con ng\u01b0\u1eddi ch\u1ecbu \u00e1p l\u1ef1c ng\u00e0y c\u00e0ng t\u0103ng, d\u1eabn \u0111\u1ebfn c\u0103ng th\u1eb3ng tinh th\u1ea7n v\u00e0 ki\u1ec7t s\u1ee9c v\u1ec1 th\u1ec3 ch\u1ea5t. M\u1ecdi th\u1ee9 trong cu\u1ed9c s\u1ed1ng g\u1ea7n nh\u01b0 \u0111\u00e3 r\u00fat c\u1ea1n n\u0103ng l\u01b0\u1ee3ng c\u1ee7a ch\u00fang ta!<\/p>\r\n<p>N\u1ebfu b\u1ea1n \u0111ang g\u1eb7p t\u00ecnh tr\u1ea1ng: Kh\u00f4ng th\u1ec3 t\u1eadp trung v\u00e0o c\u00f4ng vi\u1ec7c hay h\u1ecdc t\u1eadp? Hay qu\u00ean m\u1ecdi th\u1ee9? M\u1ea5t ng\u1ee7 hay ch\u1ea5t l\u01b0\u1ee3ng gi\u1ea5c ng\u1ee7 k\u00e9m!&#8230; Nh\u00e2n s\u00e2m Canada s\u1ebd ph\u00f9 h\u1ee3p v\u1edbi b\u1ea1n. \u0110\u1ec3 \u0111\u00e1nh b\u1ea1i s\u1ef1 m\u1ec7t m\u1ecfi, h\u00e3y \u0111\u1ec3 c\u01a1 th\u1ec3 b\u1ed5 sung nh\u00e2n s\u00e2m Canada, v\u00e0 l\u00e0m cho m\u1ed7i ng\u00e0y tr\u00e0n \u0111\u1ea7y n\u0103ng l\u01b0\u1ee3ng h\u01a1n!<\/p>\r\n<p>Nh\u00e2n s\u00e2m Canada c\u00f3 th\u1ec3 gi\u00fap b\u1ed5 sung n\u0103ng l\u01b0\u1ee3ng v\u00e0 c\u1ea3i thi\u1ec7n tr\u00ed n\u00e3o \u0111\u1ec3 \u0111\u01b0\u01a1ng \u0111\u1ea7u v\u1edbi th\u00e1ch th\u1ee9c h\u00e0ng ng\u00e0y, ph\u00f9 h\u1ee3p v\u1edbi nh\u1eefng ng\u01b0\u1eddi lao \u0111\u1ed9ng th\u01b0\u1eddng xuy\u00ean ph\u1ea3i l\u00e0m vi\u1ec7c ngo\u00e0i gi\u1edd, doanh nh\u00e2n lu\u00f4n c\u1ea7n ph\u1ea3i ngh\u0129 ra chi\u1ebfn l\u01b0\u1ee3c kinh doanh, sinh vi\u00ean c\u1ea7n c\u1ea3i thi\u1ec7n s\u1ef1 t\u1eadp trung v\u00e0 tr\u00ed nh\u1edb, nh\u1eefng ng\u01b0\u1eddi m\u1eb9 v\u1eeba l\u00e0m vi\u1ec7c v\u1eeba ch\u0103m s\u00f3c gia \u0111\u00ecnh.<\/p>\r\n<p><span style=\"font-size: 120%; font-family: 'times new roman', times, serif;\"><strong>See more<\/strong> <span style=\"color: #bd820b;\"><strong><a style=\"color: #bd820b;\" href=\"https:\/\/silverlife.com.vn\/en\/\">SilverLife Canadian Ginseng<\/a><\/strong><\/span><\/span><\/p>\r\n<p><span style=\"font-size: 120%;\"><\/span><\/p>","protected":false},"excerpt":{"rendered":"<p>Nh\u00e2n s\u00e2m Canada hay c\u00f2n g\u1ecdi l\u00e0 T\u00e2y D\u01b0\u01a1ng S\u00e2m (Nh\u00e2n S\u00e2m M\u1ef9, Nh\u00e2n S\u00e2m Hoa K\u1ef3, Nh\u00e2n S\u00e2m B\u1eafc M\u1ef9) l\u00e0 lo\u1ea1i nh\u00e2n s\u00e2m sinh tr\u01b0\u1edfng v\u00e0 ph\u00e1t tri\u1ec3n \u1edf v\u00f9ng B\u1eafc M\u1ef9 nh\u01b0 \u1edf Canada, Hoa K\u1ef3 nh\u01b0ng t\u1ea1i Ontario &#8211; Canada ch\u1ea5t l\u01b0\u1ee3ng nh\u00e2n s\u00e2m \u0111\u01b0\u1ee3c tr\u1ed3ng ra c\u00f3 gi\u00e1 tr\u1ecb t\u1ed1t [&#8230;]","protected":false},"author":1,"featured_media":8455,"parent":0,"menu_order":0,"comment_status":"closed","ping_status":"closed","template":"","meta":{"footnotes":""},"class_list":["post-106","page","type-page","status-publish","has-post-thumbnail","hentry"],"yoast_head":"<!-- This site is optimized with the Yoast SEO plugin v23.6 - https:\/\/yoast.com\/wordpress\/plugins\/seo\/ -->\n<title>Nh\u1eefng \u0110i\u1ec1u B\u1ea1n Ch\u01b0a Bi\u1ebft V\u1ec1 Nh\u00e2n S\u00e2m Canada<\/title>\n<meta name=\"description\" content=\"Nh\u00e2n s\u00e2m Canada c\u00f3 t\u00e1c d\u1ee5ng t\u0103ng c\u01b0\u1eddng n\u0103ng l\u01b0\u1ee3ng, t\u0103ng c\u01b0\u1eddng h\u1ec7 mi\u1ec5n d\u1ecbch c\u1ee7a c\u01a1 th\u1ec3. Nhi\u1ec1u l\u1ee3i \u00edch trong h\u1ed7 tr\u1ee3 r\u1ea5t t\u1ed1t \u0111i\u1ec1u tr\u1ecb b\u1ec7nh ti\u1ec3u \u0111\u01b0\u1eddng, ung th\u01b0, b\u00e9o ph\u00ec.\" \/>\n<meta name=\"robots\" content=\"index, follow, max-snippet:-1, max-image-preview:large, max-video-preview:-1\" \/>\n<link rel=\"canonical\" href=\"https:\/\/silverlife.com.vn\/en\/nhung-dieu-khong-biet-ve-nhan-sam-canada\" \/>\n<meta property=\"og:locale\" content=\"en_US\" \/>\n<meta property=\"og:type\" content=\"article\" \/>\n<meta property=\"og:title\" content=\"Nh\u1eefng \u0110i\u1ec1u B\u1ea1n Ch\u01b0a Bi\u1ebft V\u1ec1 Nh\u00e2n S\u00e2m Canada\" \/>\n<meta property=\"og:description\" content=\"Nh\u00e2n s\u00e2m Canada c\u00f3 t\u00e1c d\u1ee5ng t\u0103ng c\u01b0\u1eddng n\u0103ng l\u01b0\u1ee3ng, t\u0103ng c\u01b0\u1eddng h\u1ec7 mi\u1ec5n d\u1ecbch c\u1ee7a c\u01a1 th\u1ec3. Nhi\u1ec1u l\u1ee3i \u00edch trong h\u1ed7 tr\u1ee3 r\u1ea5t t\u1ed1t \u0111i\u1ec1u tr\u1ecb b\u1ec7nh ti\u1ec3u \u0111\u01b0\u1eddng, ung th\u01b0, b\u00e9o ph\u00ec.\" \/>\n<meta property=\"og:url\" content=\"https:\/\/silverlife.com.vn\/en\/nhung-dieu-khong-biet-ve-nhan-sam-canada\" \/>\n<meta property=\"og:site_name\" content=\"SilverLife - Cung C\u1ea5p S\u1ec9 &amp; L\u1ebb Nh\u00e2n S\u00e2m Canada T\u1ea1i Vi\u1ec7t Nam\" \/>\n<meta property=\"article:modified_time\" content=\"2020-02-15T09:47:48+00:00\" \/>\n<meta property=\"og:image\" content=\"https:\/\/silverlife.com.vn\/wp-content\/uploads\/2020\/02\/hieu-qua-tuyet-voi-khi-dung-nhan-sam-canada.jpg\" \/>\n\t<meta property=\"og:image:width\" content=\"800\" \/>\n\t<meta property=\"og:image:height\" content=\"766\" \/>\n\t<meta property=\"og:image:type\" content=\"image\/jpeg\" \/>\n<meta name=\"twitter:card\" content=\"summary_large_image\" \/>\n<meta name=\"twitter:label1\" content=\"Est. reading time\" \/>\n\t<meta name=\"twitter:data1\" content=\"5 minutes\" \/>\n<script type=\"application\/ld+json\" class=\"yoast-schema-graph\">{\"@context\":\"https:\/\/schema.org\",\"@graph\":[{\"@type\":\"WebPage\",\"@id\":\"https:\/\/silverlife.com.vn\/en\/nhung-dieu-khong-biet-ve-nhan-sam-canada\",\"url\":\"https:\/\/silverlife.com.vn\/en\/nhung-dieu-khong-biet-ve-nhan-sam-canada\",\"name\":\"Nh\u1eefng \u0110i\u1ec1u B\u1ea1n Ch\u01b0a Bi\u1ebft V\u1ec1 Nh\u00e2n S\u00e2m Canada\",\"isPartOf\":{\"@id\":\"https:\/\/silverlife.com.vn\/#website\"},\"primaryImageOfPage\":{\"@id\":\"https:\/\/silverlife.com.vn\/en\/nhung-dieu-khong-biet-ve-nhan-sam-canada#primaryimage\"},\"image\":{\"@id\":\"https:\/\/silverlife.com.vn\/en\/nhung-dieu-khong-biet-ve-nhan-sam-canada#primaryimage\"},\"thumbnailUrl\":\"https:\/\/silverlife.com.vn\/wp-content\/uploads\/2020\/02\/hieu-qua-tuyet-voi-khi-dung-nhan-sam-canada.jpg\",\"datePublished\":\"2013-08-11T19:17:44+00:00\",\"dateModified\":\"2020-02-15T09:47:48+00:00\",\"description\":\"Nh\u00e2n s\u00e2m Canada c\u00f3 t\u00e1c d\u1ee5ng t\u0103ng c\u01b0\u1eddng n\u0103ng l\u01b0\u1ee3ng, t\u0103ng c\u01b0\u1eddng h\u1ec7 mi\u1ec5n d\u1ecbch c\u1ee7a c\u01a1 th\u1ec3. Nhi\u1ec1u l\u1ee3i \u00edch trong h\u1ed7 tr\u1ee3 r\u1ea5t t\u1ed1t \u0111i\u1ec1u tr\u1ecb b\u1ec7nh ti\u1ec3u \u0111\u01b0\u1eddng, ung th\u01b0, b\u00e9o ph\u00ec.\",\"breadcrumb\":{\"@id\":\"https:\/\/silverlife.com.vn\/en\/nhung-dieu-khong-biet-ve-nhan-sam-canada#breadcrumb\"},\"inLanguage\":\"en-US\",\"potentialAction\":[{\"@type\":\"ReadAction\",\"target\":[\"https:\/\/silverlife.com.vn\/en\/nhung-dieu-khong-biet-ve-nhan-sam-canada\"]}]},{\"@type\":\"ImageObject\",\"inLanguage\":\"en-US\",\"@id\":\"https:\/\/silverlife.com.vn\/en\/nhung-dieu-khong-biet-ve-nhan-sam-canada#primaryimage\",\"url\":\"https:\/\/silverlife.com.vn\/wp-content\/uploads\/2020\/02\/hieu-qua-tuyet-voi-khi-dung-nhan-sam-canada.jpg\",\"contentUrl\":\"https:\/\/silverlife.com.vn\/wp-content\/uploads\/2020\/02\/hieu-qua-tuyet-voi-khi-dung-nhan-sam-canada.jpg\",\"width\":800,\"height\":766},{\"@type\":\"BreadcrumbList\",\"@id\":\"https:\/\/silverlife.com.vn\/en\/nhung-dieu-khong-biet-ve-nhan-sam-canada#breadcrumb\",\"itemListElement\":[{\"@type\":\"ListItem\",\"position\":1,\"name\":\"Trang ch\u1ee7\",\"item\":\"https:\/\/silverlife.com.vn\/\"},{\"@type\":\"ListItem\",\"position\":2,\"name\":\"Nh\u1eefng \u0110i\u1ec1u B\u1ea1n Kh\u00f4ng Bi\u1ebft V\u1ec1 Nh\u00e2n S\u00e2m Canada\"}]},{\"@type\":\"WebSite\",\"@id\":\"https:\/\/silverlife.com.vn\/#website\",\"url\":\"https:\/\/silverlife.com.vn\/\",\"name\":\"SilverLife - Cung C\u1ea5p S\u1ec9 &amp; L\u1ebb Nh\u00e2n S\u00e2m Canada T\u1ea1i Vi\u1ec7t Nam\",\"description\":\"\",\"potentialAction\":[{\"@type\":\"SearchAction\",\"target\":{\"@type\":\"EntryPoint\",\"urlTemplate\":\"https:\/\/silverlife.com.vn\/?s={search_term_string}\"},\"query-input\":{\"@type\":\"PropertyValueSpecification\",\"valueRequired\":true,\"valueName\":\"search_term_string\"}}],\"inLanguage\":\"en-US\"}]}<\/script>\n<!-- \/ Yoast SEO plugin. -->","yoast_head_json":{"title":"Nh\u1eefng \u0110i\u1ec1u B\u1ea1n Ch\u01b0a Bi\u1ebft V\u1ec1 Nh\u00e2n S\u00e2m Canada","description":"Nh\u00e2n s\u00e2m Canada c\u00f3 t\u00e1c d\u1ee5ng t\u0103ng c\u01b0\u1eddng n\u0103ng l\u01b0\u1ee3ng, t\u0103ng c\u01b0\u1eddng h\u1ec7 mi\u1ec5n d\u1ecbch c\u1ee7a c\u01a1 th\u1ec3. Nhi\u1ec1u l\u1ee3i \u00edch trong h\u1ed7 tr\u1ee3 r\u1ea5t t\u1ed1t \u0111i\u1ec1u tr\u1ecb b\u1ec7nh ti\u1ec3u \u0111\u01b0\u1eddng, ung th\u01b0, b\u00e9o ph\u00ec.","robots":{"index":"index","follow":"follow","max-snippet":"max-snippet:-1","max-image-preview":"max-image-preview:large","max-video-preview":"max-video-preview:-1"},"canonical":"https:\/\/silverlife.com.vn\/en\/nhung-dieu-khong-biet-ve-nhan-sam-canada","og_locale":"en_US","og_type":"article","og_title":"Nh\u1eefng \u0110i\u1ec1u B\u1ea1n Ch\u01b0a Bi\u1ebft V\u1ec1 Nh\u00e2n S\u00e2m Canada","og_description":"Nh\u00e2n s\u00e2m Canada c\u00f3 t\u00e1c d\u1ee5ng t\u0103ng c\u01b0\u1eddng n\u0103ng l\u01b0\u1ee3ng, t\u0103ng c\u01b0\u1eddng h\u1ec7 mi\u1ec5n d\u1ecbch c\u1ee7a c\u01a1 th\u1ec3. Nhi\u1ec1u l\u1ee3i \u00edch trong h\u1ed7 tr\u1ee3 r\u1ea5t t\u1ed1t \u0111i\u1ec1u tr\u1ecb b\u1ec7nh ti\u1ec3u \u0111\u01b0\u1eddng, ung th\u01b0, b\u00e9o ph\u00ec.","og_url":"https:\/\/silverlife.com.vn\/en\/nhung-dieu-khong-biet-ve-nhan-sam-canada","og_site_name":"SilverLife - Cung C\u1ea5p S\u1ec9 &amp; L\u1ebb Nh\u00e2n S\u00e2m Canada T\u1ea1i Vi\u1ec7t Nam","article_modified_time":"2020-02-15T09:47:48+00:00","og_image":[{"width":800,"height":766,"url":"https:\/\/silverlife.com.vn\/wp-content\/uploads\/2020\/02\/hieu-qua-tuyet-voi-khi-dung-nhan-sam-canada.jpg","type":"image\/jpeg"}],"twitter_card":"summary_large_image","twitter_misc":{"Est. reading time":"5 minutes"},"schema":{"@context":"https:\/\/schema.org","@graph":[{"@type":"WebPage","@id":"https:\/\/silverlife.com.vn\/en\/nhung-dieu-khong-biet-ve-nhan-sam-canada","url":"https:\/\/silverlife.com.vn\/en\/nhung-dieu-khong-biet-ve-nhan-sam-canada","name":"Nh\u1eefng \u0110i\u1ec1u B\u1ea1n Ch\u01b0a Bi\u1ebft V\u1ec1 Nh\u00e2n S\u00e2m Canada","isPartOf":{"@id":"https:\/\/silverlife.com.vn\/#website"},"primaryImageOfPage":{"@id":"https:\/\/silverlife.com.vn\/en\/nhung-dieu-khong-biet-ve-nhan-sam-canada#primaryimage"},"image":{"@id":"https:\/\/silverlife.com.vn\/en\/nhung-dieu-khong-biet-ve-nhan-sam-canada#primaryimage"},"thumbnailUrl":"https:\/\/silverlife.com.vn\/wp-content\/uploads\/2020\/02\/hieu-qua-tuyet-voi-khi-dung-nhan-sam-canada.jpg","datePublished":"2013-08-11T19:17:44+00:00","dateModified":"2020-02-15T09:47:48+00:00","description":"Nh\u00e2n s\u00e2m Canada c\u00f3 t\u00e1c d\u1ee5ng t\u0103ng c\u01b0\u1eddng n\u0103ng l\u01b0\u1ee3ng, t\u0103ng c\u01b0\u1eddng h\u1ec7 mi\u1ec5n d\u1ecbch c\u1ee7a c\u01a1 th\u1ec3. Nhi\u1ec1u l\u1ee3i \u00edch trong h\u1ed7 tr\u1ee3 r\u1ea5t t\u1ed1t \u0111i\u1ec1u tr\u1ecb b\u1ec7nh ti\u1ec3u \u0111\u01b0\u1eddng, ung th\u01b0, b\u00e9o ph\u00ec.","breadcrumb":{"@id":"https:\/\/silverlife.com.vn\/en\/nhung-dieu-khong-biet-ve-nhan-sam-canada#breadcrumb"},"inLanguage":"en-US","potentialAction":[{"@type":"ReadAction","target":["https:\/\/silverlife.com.vn\/en\/nhung-dieu-khong-biet-ve-nhan-sam-canada"]}]},{"@type":"ImageObject","inLanguage":"en-US","@id":"https:\/\/silverlife.com.vn\/en\/nhung-dieu-khong-biet-ve-nhan-sam-canada#primaryimage","url":"https:\/\/silverlife.com.vn\/wp-content\/uploads\/2020\/02\/hieu-qua-tuyet-voi-khi-dung-nhan-sam-canada.jpg","contentUrl":"https:\/\/silverlife.com.vn\/wp-content\/uploads\/2020\/02\/hieu-qua-tuyet-voi-khi-dung-nhan-sam-canada.jpg","width":800,"height":766},{"@type":"BreadcrumbList","@id":"https:\/\/silverlife.com.vn\/en\/nhung-dieu-khong-biet-ve-nhan-sam-canada#breadcrumb","itemListElement":[{"@type":"ListItem","position":1,"name":"Trang ch\u1ee7","item":"https:\/\/silverlife.com.vn\/"},{"@type":"ListItem","position":2,"name":"Nh\u1eefng \u0110i\u1ec1u B\u1ea1n Kh\u00f4ng Bi\u1ebft V\u1ec1 Nh\u00e2n S\u00e2m Canada"}]},{"@type":"WebSite","@id":"https:\/\/silverlife.com.vn\/#website","url":"https:\/\/silverlife.com.vn\/","name":"SilverLife - Cung C\u1ea5p S\u1ec9 &amp; L\u1ebb Nh\u00e2n S\u00e2m Canada T\u1ea1i Vi\u1ec7t Nam","description":"","potentialAction":[{"@type":"SearchAction","target":{"@type":"EntryPoint","urlTemplate":"https:\/\/silverlife.com.vn\/?s={search_term_string}"},"query-input":{"@type":"PropertyValueSpecification","valueRequired":true,"valueName":"search_term_string"}}],"inLanguage":"en-US"}]}},"_links":{"self":[{"href":"https:\/\/silverlife.com.vn\/en\/wp-json\/wp\/v2\/pages\/106"}],"collection":[{"href":"https:\/\/silverlife.com.vn\/en\/wp-json\/wp\/v2\/pages"}],"about":[{"href":"https:\/\/silverlife.com.vn\/en\/wp-json\/wp\/v2\/types\/page"}],"author":[{"embeddable":true,"href":"https:\/\/silverlife.com.vn\/en\/wp-json\/wp\/v2\/users\/1"}],"replies":[{"embeddable":true,"href":"https:\/\/silverlife.com.vn\/en\/wp-json\/wp\/v2\/comments?post=106"}],"version-history":[{"count":0,"href":"https:\/\/silverlife.com.vn\/en\/wp-json\/wp\/v2\/pages\/106\/revisions"}],"wp:featuredmedia":[{"embeddable":true,"href":"https:\/\/silverlife.com.vn\/en\/wp-json\/wp\/v2\/media\/8455"}],"wp:attachment":[{"href":"https:\/\/silverlife.com.vn\/en\/wp-json\/wp\/v2\/media?parent=106"}],"curies":[{"name":"wp","href":"https:\/\/api.w.org\/{rel}","templated":true}]}}