{"id":16999,"date":"2020-12-03T12:43:20","date_gmt":"2020-12-03T05:43:20","guid":{"rendered":"https:\/\/silverlife.com.vn\/?page_id=16999"},"modified":"2020-12-03T12:43:20","modified_gmt":"2020-12-03T05:43:20","slug":"panax-quinquefolius-ginseng","status":"publish","type":"page","link":"https:\/\/silverlife.com.vn\/en\/panax-quinquefolius-ginseng","title":{"rendered":"Panax Quinquefolius Ginseng"},"content":{"rendered":"<span style=\"font-family: 'times new roman', times, serif;\"><\/span>\r\n<h2><span style=\"color: #c48e06; font-family: 'times new roman', times, serif; font-size: 120%;\"><strong>V\u1ec1 Nh\u00e2n S\u00e2m Canada &#8211; Panax Quinquefolius Ginseng<\/strong><\/span><\/h2>\r\n<span style=\"font-family: 'times new roman', times, serif; font-size: 120%;\"><span style=\"color: #c48e06;\"><em><strong>Canadian Ginseng<\/strong><\/em><\/span> hay c\u00f2n \u0111\u01b0\u1ee3c g\u1ecdi l\u00e0<em><span style=\"color: #c48e06;\"> T\u00e2y D\u01b0\u01a1ng s\u00e2m<\/span><\/em>, ho\u1eb7c <em><span style=\"color: #c48e06;\">nh\u00e2n s\u00e2m B\u1eafc M\u1ef9<\/span><\/em> c\u00f3 t\u00ean khoa h\u1ecdc<em><span style=\"color: #c48e06;\"> Panax Quonthefolius<\/span> <\/em>&#8211; l\u00e0 m\u1ed9t lo\u1ea1i c\u00e2y th\u00e2n th\u1ea3o s\u1ed1ng l\u00e2u n\u0103m trong h\u1ecd c\u00e2y th\u01b0\u1eddng xu\u00e2n. N\u00f3 c\u00f3 ngu\u1ed3n g\u1ed1c t\u1eeb mi\u1ec1n \u0111\u00f4ng B\u1eafc M\u1ef9, m\u1eb7c d\u00f9 n\u00f3 c\u0169ng \u0111\u01b0\u1ee3c tr\u1ed3ng \u1edf nhi\u1ec1u n\u01a1i nh\u01b0 Trung Qu\u1ed1c, H\u00e0n Qu\u1ed1c, &#8230; .<\/span>\r\n\r\n<span style=\"font-family: 'times new roman', times, serif; font-size: 120%;\">T\u1ed5ng c\u1ee5c S\u1ea3n ph\u1ea9m S\u1ee9c kh\u1ecfe T\u1ef1 nhi\u00ean c\u1ee7a B\u1ed9 Y t\u1ebf Canada tuy\u00ean b\u1ed1 r\u1eb1ng nh\u00e2n s\u00e2m Canada c\u00f3 t\u00e1c d\u1ee5ng &#8220;gi\u00fap gi\u1ea3m t\u1ea7n su\u1ea5t, m\u1ee9c \u0111\u1ed9 nghi\u00eam tr\u1ecdng v\u00e0 th\u1eddi gian c\u1ee7a c\u00e1c tri\u1ec7u ch\u1ee9ng c\u1ea3m l\u1ea1nh v\u00e0 c\u00fam b\u1eb1ng c\u00e1ch t\u0103ng c\u01b0\u1eddng h\u1ec7 th\u1ed1ng mi\u1ec5n d\u1ecbch&#8221;.<\/span>\r\n\r\n<figure id=\"attachment_3993\" aria-describedby=\"caption-attachment-3993\" style=\"width: 389px\" class=\"wp-caption aligncenter\"><img loading=\"lazy\" decoding=\"async\" class=\"wp-image-3993\" src=\"https:\/\/silverlife.com.vn\/wp-content\/uploads\/2019\/11\/Cay-nhan-sam-300x400.jpg\" alt=\"C\u00e2y Nh\u00e2n S\u00e2m Canada\" width=\"389\" height=\"519\" srcset=\"https:\/\/silverlife.com.vn\/wp-content\/uploads\/2019\/11\/Cay-nhan-sam-300x400.jpg 300w, https:\/\/silverlife.com.vn\/wp-content\/uploads\/2019\/11\/Cay-nhan-sam.jpg 600w\" sizes=\"(max-width: 389px) 100vw, 389px\" \/><figcaption id=\"caption-attachment-3993\" class=\"wp-caption-text\">C\u00e2y Nh\u00e2n S\u00e2m B\u1eafc M\u1ef9 &#8211; Nh\u00e2n S\u00e2m Canada<\/figcaption><\/figure>\r\n\r\n<span style=\"font-family: 'times new roman', times, serif; font-size: 120%;\"><\/span><span style=\"font-family: 'times new roman', times, serif; font-size: 120%;\">Panax quonthefolius l\u00e0 m\u1ed9t trong hai lo\u1ea1i nh\u00e2n S\u00e2m \u0111\u01b0\u1ee3c d\u00f9ng ph\u1ed5 bi\u1ebfn nh\u1ea5t tr\u00ean th\u1ebf gi\u1edbi. Kh\u00e1c v\u1edbi S\u00e2m H\u00e0n Qu\u1ed1c ( Panax ginseng), S\u00e2m Canada c\u00f3 t\u00ednh h\u00e0n. C\u00f3 t\u00e1c d\u1ee5ng \u2018l\u00e0m m\u00e1t\u2019 v\u00e0 \u0111\u01b0\u1ee3c s\u1eed d\u1ee5ng ch\u1ee7 y\u1ebfu \u0111\u1ec3 h\u1ea1 nhi\u1ec7t, th\u01b0 gi\u00e3n v\u00e0 t\u0103ng c\u01b0\u1eddng h\u1ec7 mi\u1ec5n d\u1ecbch. Trong khi S\u00e2m H\u00e0n Qu\u1ed1c c\u00f3 \u0111\u1eb7c t\u00ednh \u2018\u1ea5m\u2019 v\u00e0 \u0111\u01b0\u1ee3c bi\u1ebft l\u00e0 l\u00e0m \u0111\u1ea7y \u2018n\u0103ng l\u01b0\u1ee3ng s\u1ed1ng\u2019, \u0111i\u1ec1u ch\u1ec9nh nhi\u1ec7t \u0111\u1ed9 t\u1ef1 nhi\u00ean c\u1ee7a c\u01a1 th\u1ec3 v\u00e0 c\u0169ng c\u00f3 th\u1ec3 t\u0103ng l\u01b0u l\u01b0\u1ee3ng m\u00e1u xung quanh c\u01a1 th\u1ec3 &#8211; Gi\u00fap c\u01a1 th\u1ec3 n\u00f3ng l\u00ean.<\/span>\r\n\r\n<span style=\"font-family: 'times new roman', times, serif; font-size: 120%;\"><\/span><h3 class=\"wp-block-heading\"><span style=\"color: #c48e06; font-family: 'times new roman', times, serif; font-size: 120%;\"><strong>Ngu\u1ed3n G\u1ed1c C\u1ee7a Nh\u00e2n S\u00e2m<\/strong><\/span><\/h3>\r\n<span style=\"font-family: 'times new roman', times, serif; font-size: 120%;\"><\/span><span style=\"font-family: 'times new roman', times, serif; font-size: 120%;\"><span style=\"color: #c48e06;\"><strong>Nh\u00e2n s\u00e2m B\u1eafc M\u1ef9<\/strong><\/span>\u00a0c\u00f3 ngu\u1ed3n g\u1ed1c t\u1eeb c\u00e1c khu r\u1eebng r\u1ee5ng l\u00e1 (r\u1eebng m\u1ea5t l\u00e1 h\u00e0ng n\u0103m) c\u1ee7a v\u00f9ng B\u1eafc M\u1ef9. Ch\u1ee7 y\u1ebfu \u1edf v\u00f9ng Appalachian v\u00e0 Ozark v\u00e0 c\u1ea3 mi\u1ec1n \u0111\u00f4ng Canada.\u00a0<\/span>\r\n\r\n<span style=\"font-family: 'times new roman', times, serif; font-size: 120%;\"><\/span><span style=\"font-family: 'times new roman', times, serif; font-size: 120%;\">M\u1eb7c d\u00f9 nh\u00e2n s\u00e2m \u0111\u00e3 ph\u1ed5 bi\u1ebfn \u1edf ch\u00e2u \u00c1 trong h\u01a1n 5.000 n\u0103m, nh\u01b0ng ng\u01b0\u1eddi ph\u01b0\u01a1ng T\u00e2y \u0111\u00e3 kh\u00f4ng t\u00ecm hi\u1ec3u v\u1ec1 n\u00f3 cho \u0111\u1ebfn kho\u1ea3ng n\u0103m 1670.<\/span>\r\n\r\n<span style=\"font-family: 'times new roman', times, serif; font-size: 120%;\"><\/span><span style=\"font-family: 'times new roman', times, serif; font-size: 120%;\">N\u00f3 c\u0169ng \u0111\u01b0\u1ee3c tr\u1ed3ng trong c\u00e1c trang tr\u1ea1i nh\u00e2n s\u00e2m. Nh\u00e2n s\u00e2m t\u1eeb l\u00e2u \u0111\u00e3 \u0111\u01b0\u1ee3c s\u1eed d\u1ee5ng l\u00e0m thu\u1ed1c. Ban \u0111\u1ea7u \u0111\u01b0\u1ee3c thu ho\u1ea1ch b\u1edfi nhi\u1ec1u b\u1ed9 l\u1ea1c ng\u01b0\u1eddi M\u1ef9 b\u1ea3n \u0111\u1ecba kh\u00e1c nhau v\u00e0 \u0111\u01b0\u1ee3c s\u1eed d\u1ee5ng trong c\u00e1c s\u1ea3n ph\u1ea9m d\u01b0\u1ee3c li\u1ec7u ch\u00e2u \u00c1.<\/span>\r\n\r\n<figure id=\"attachment_538\" aria-describedby=\"caption-attachment-538\" style=\"width: 725px\" class=\"wp-caption aligncenter\"><img loading=\"lazy\" decoding=\"async\" class=\"wp-image-538\" title=\"N\u00f4ng Tr\u1ea1i Tr\u1ed3ng Nh\u00e2n S\u00e2m\" src=\"https:\/\/silverlife.com.vn\/wp-content\/uploads\/2019\/06\/Panax-quinquefolius-nong-trai-sam-1200x800.jpg\" alt=\"N\u00f4ng Tr\u1ea1i Tr\u1ed3ng Nh\u00e2n S\u00e2m\" width=\"725\" height=\"483\" srcset=\"https:\/\/silverlife.com.vn\/wp-content\/uploads\/2019\/06\/Panax-quinquefolius-nong-trai-sam-1200x800.jpg 1200w, https:\/\/silverlife.com.vn\/wp-content\/uploads\/2019\/06\/Panax-quinquefolius-nong-trai-sam-900x600.jpg 900w, https:\/\/silverlife.com.vn\/wp-content\/uploads\/2019\/06\/Panax-quinquefolius-nong-trai-sam-600x400.jpg 600w, https:\/\/silverlife.com.vn\/wp-content\/uploads\/2019\/06\/Panax-quinquefolius-nong-trai-sam-768x512.jpg 768w\" sizes=\"(max-width: 725px) 100vw, 725px\" \/><figcaption id=\"caption-attachment-538\" class=\"wp-caption-text\"><em><span style=\"font-family: 'times new roman', times, serif; font-size: 120%;\">N\u00f4ng Tr\u1ea1i Tr\u1ed3ng Nh\u00e2n S\u00e2m<\/span><\/em><\/figcaption><\/figure>\r\n\r\n<span style=\"font-family: 'times new roman', times, serif; font-size: 120%;\"><\/span><span style=\"font-family: 'times new roman', times, serif; font-size: 120%;\"><strong>T\u1ea1i Canada: <span style=\"color: #c48e06;\">Nh\u00e2n S\u00e2m\u00a0<\/span><\/strong><span style=\"color: #c48e06;\">\u00a0<\/span>\u0111\u01b0\u1ee3c ng\u01b0\u1eddi da \u0111\u1ecf ph\u00e1t hi\u1ec7n t\u1ea1i c\u00e1c khu r\u1eebng r\u1eadm \u1edf Canada v\u00e0o n\u0103m 1714. T\u00ean th\u01b0\u1eddng g\u1ecdi l\u00e0 <em><strong><span style=\"color: #c48e06;\">Nh\u00e2n s\u00e2m<\/span> <\/strong><span style=\"color: #c48e06;\"><strong>Canada<\/strong><\/span><\/em>\u00a0v\u00e0 \u0111\u01b0\u1ee3c ng\u01b0\u1eddi b\u1ea3n \u0111\u1ecba d\u00f9ng nh\u01b0 m\u1ed9t lo\u1ea1i th\u1ea3o d\u01b0\u1ee3c b\u1ed3i b\u1ed5 s\u1ee9c kh\u1ecfe.<\/span>\r\n<h4><span style=\"font-size: 120%; color: #c48e06;\"><strong><span style=\"font-family: 'times new roman', times, serif;\">Th\u01b0\u01a1ng m\u1ea1i h\u00f3a Nh\u00e2n s\u00e2m Canada:<\/span><\/strong><\/span><\/h4>\r\n<span style=\"font-family: 'times new roman', times, serif; font-size: 120%;\">V\u1ec1 gi\u00e1 tr\u1ecb th\u01b0\u01a1ng m\u1ea1i, nh\u00e2n s\u00e2m b\u1eaft \u0111\u1ea7u \u0111\u01b0\u1ee3c bu\u00f4n b\u00e1n trao \u0111\u1ed5i \u1edf Canada v\u00e0o n\u0103m 1716 sau khi m\u1ed9t linh m\u1ee5c ng\u01b0\u1eddi Ph\u00e1p Petrus Jartoux \u1edf Trung Qu\u1ed1c \u0111\u00e3 \u0111\u1ecdc v\u1ec1 vi\u1ec7c bu\u00f4n b\u00e1n nh\u00e2n s\u00e2m c\u00f3 l\u1ee3i nhu\u1eadn cao v\u00e0 nghe n\u00f3i c\u1ee7 nh\u00e2n s\u00e2m r\u1ea5t \u0111\u01b0\u1ee3c ng\u01b0\u1eddi Trung Qu\u1ed1c coi tr\u1ecdng. Cho r\u1eb1ng m\u00f4i tr\u01b0\u1eddng c\u1ee7a Canada g\u1ea7n gi\u1ed1ng v\u1edbi M\u00e3n Ch\u00e2u &#8211; Trung Qu\u1ed1c, \u00f4ng b\u1eaft \u0111\u1ea7u t\u00ecm ki\u1ebfm c\u00e1c d\u1ea5u v\u1ebft v\u1ec1 lo\u1ea1i th\u1ea3o d\u01b0\u1ee3c k\u1ef3 di\u1ec7u n\u00e0y m\u1ecdc trong c\u00e1c khu r\u1eebng \u1edf Canada. Sau ba th\u00e1ng t\u00ecm ki\u1ebfm, \u00d4ng ph\u00e1t hi\u1ec7n ra c\u00e2y nh\u00e2n s\u00e2m m\u1ecdc g\u1ea7n Montreal &#8211; Canada.<\/span>\r\n\r\n<img loading=\"lazy\" decoding=\"async\" class=\"wp-image-499  aligncenter\" title=\"Nh\u00e2n S\u00e2m T\u01b0\u01a1i Canada\" src=\"https:\/\/silverlife.com.vn\/wp-content\/uploads\/2019\/06\/nhan-sam-tuoi-canada.jpg\" alt=\"Nh\u00e2n S\u00e2m T\u01b0\u01a1i Canada\" width=\"758\" height=\"341\" srcset=\"https:\/\/silverlife.com.vn\/wp-content\/uploads\/2019\/06\/nhan-sam-tuoi-canada.jpg 555w, https:\/\/silverlife.com.vn\/wp-content\/uploads\/2019\/06\/nhan-sam-tuoi-canada-510x230.jpg 510w\" sizes=\"(max-width: 758px) 100vw, 758px\" \/>\r\n\r\n<span style=\"font-family: 'times new roman', times, serif; font-size: 120%;\"><\/span><span style=\"font-family: 'times new roman', times, serif; font-size: 120%;\">Nh\u00e2n s\u00e2m B\u1eafc M\u1ef9 (Panax quonthefolius L.) l\u00e0 m\u1ed9t trong ba c\u00e2y nh\u00e2n s\u00e2m th\u1ef1c s\u1ef1 thu\u1ed9c h\u1ecd Araliaceae. Ontario, Quebec v\u00e0 Wisconsin l\u00e0 m\u00f4i tr\u01b0\u1eddng s\u1ed1ng t\u1ef1 nhi\u00ean c\u1ee7a lo\u00e0i c\u00e2y n\u00e0y. Ph\u00e1t hi\u1ec7n c\u1ee7a Petrus Jartoux \u0111\u00e3 b\u1eaft \u0111\u1ea7u m\u1ed9t s\u1ef1 b\u00f9ng n\u1ed5 trong th\u01b0\u01a1ng m\u1ea1i nh\u00e2n s\u00e2m \u1edf Montreal &#8211; Canada.<\/span>\r\n\r\n<span style=\"font-family: 'times new roman', times, serif; font-size: 120%;\"><\/span><span style=\"font-family: 'times new roman', times, serif; font-size: 120%;\">Do \u0111\u00f3, b\u1eaft \u0111\u1ea7u xu\u1ea5t kh\u1ea9u nh\u00e2n s\u00e2m m\u1ea1nh m\u1ebd t\u1eeb Canada sang Trung Qu\u1ed1c, nh\u00e2n s\u00e2m Canasa nhanh ch\u00f3ng \u0111\u01b0\u1ee3c bi\u1ebft \u0111\u1ebfn nhi\u1ec1u h\u01a1n v\u00e0 nhu c\u1ea7u ng\u00e0y c\u00e0ng l\u1edbn.<\/span>\r\n\r\n<span style=\"font-family: 'times new roman', times, serif; font-size: 120%;\"><\/span><span style=\"font-family: 'times new roman', times, serif; font-size: 120%;\">Tuy nhi\u00ean, v\u00e0o cu\u1ed1i th\u1ebf k\u1ef7 XIX nh\u00e2n s\u00e2m m\u1ecdc t\u1ef1 nhi\u00ean \u0111\u00e3 g\u1ea7n tuy\u1ec7t ch\u1ee7ng \u1edf B\u1eafc M\u1ef9 do thu ho\u1ea1ch qu\u00e1 m\u1ee9c v\u00e0 ph\u00e1 h\u1ee7y m\u00f4i tr\u01b0\u1eddng s\u1ed1ng t\u1ef1 nhi\u00ean c\u1ee7a n\u00f3. T\u1ea1i th\u1eddi \u0111i\u1ec3m n\u00e0y, n\u00f4ng d\u00e2n b\u1eaft \u0111\u1ea7u tr\u1ed3ng nh\u00e2n s\u00e2m v\u00e0 sau nhi\u1ec1u l\u1ea7n th\u1ea5t b\u1ea1i, nh\u1eefng c\u1ee7 nh\u00e2n s\u00e2m \u0111\u1ea7u ti\u00ean \u0111\u01b0\u1ee3c tr\u1ed3ng \u0111\u00e3 \u0111\u01b0\u1ee3c \u0111\u01b0a ra th\u1ecb tr\u01b0\u1eddng. T\u1eeb n\u0103m 1880 \u0111\u1ebfn 1960, vi\u1ec7c bu\u00f4n b\u00e1n nh\u00e2n s\u00e2m \u0111\u00e3 tr\u1ea3i qua nhi\u1ec1u th\u0103ng tr\u1ea7m v\u00ec nh\u1eefng l\u00fd do \u0111a d\u1ea1ng nh\u01b0 t\u00e0n ph\u00e1 v\u00e0 chi\u1ebfn tranh th\u1ebf gi\u1edbi nh\u01b0ng k\u1ec3 t\u1eeb sau nh\u1eefng n\u0103m 1960, vi\u1ec7c bu\u00f4n b\u00e1n nh\u00e2n s\u00e2m B\u1eafc M\u1ef9 \u0111\u00e3 ph\u00e1t tri\u1ec3n kh\u00f4ng ng\u1eebng.<\/span>\r\n\r\n<span style=\"font-family: 'times new roman', times, serif; font-size: 120%;\"><\/span><span style=\"font-family: 'times new roman', times, serif; font-size: 120%;\">Trong nh\u1eefng n\u0103m 1990, nhi\u1ec1u ng\u01b0\u1eddi B\u1eafc M\u1ef9 \u0111\u00e3 bi\u1ebft t\u1edbi c\u00e1c \u0111\u1eb7c t\u00ednh ch\u1eefa b\u1ec7nh tuy\u1ec7t v\u1eddi v\u00e0 \u0111a d\u1ea1ng c\u1ee7a nh\u00e2n s\u00e2m.<\/span>\r\n\r\n<span style=\"font-family: 'times new roman', times, serif; font-size: 120%;\"><\/span><h4 class=\"wp-block-heading\"><span style=\"color: #c48e06;\"><strong><span style=\"font-family: 'times new roman', times, serif; font-size: 120%;\">M\u00f4 T\u1ea3 Nh\u00e2n S\u00e2m Canada<\/span><\/strong><\/span><\/h4>\r\n<span style=\"font-family: 'times new roman', times, serif; font-size: 120%;\"><\/span><span style=\"font-family: 'times new roman', times, serif; font-size: 120%;\">Nh\u00e2n s\u00e2m Canada (Panax quonthefolius) gi\u1ed1ng nh\u01b0 m\u1ed9t c\u00e2y m\u00f9i t\u00e2y nh\u1ecf v\u00e0 n\u00f3 ph\u00e1t tri\u1ec3n to d\u1ea7n, ph\u00e2n nh\u00e1nh khi n\u00f3 tr\u01b0\u1edfng th\u00e0nh. C\u00e2y m\u1ecdc cao 15 cm \u0111\u1ebfn 45 cm, th\u01b0\u1eddng mang ba l\u00e1, m\u1ed7i l\u00e1 c\u00f3 ba \u0111\u1ebfn n\u0103m l\u00e1 ch\u00e9t, d\u00e0i 5 cm \u0111\u1ebfn 12 cm .<\/span>\r\n\r\n<figure id=\"attachment_3916\" aria-describedby=\"caption-attachment-3916\" style=\"width: 555px\" class=\"wp-caption aligncenter\"><img loading=\"lazy\" decoding=\"async\" class=\"wp-image-3916 size-full\" title=\"Nh\u00e2n S\u00e2m Canada Ch\u00ednh G\u1ed1c\" src=\"https:\/\/silverlife.com.vn\/wp-content\/uploads\/2019\/11\/nhan-sam-nguyen-cu.jpg\" alt=\"Nh\u00e2n S\u00e2m Canada Ch\u00ednh G\u1ed1c\" width=\"555\" height=\"400\" \/><figcaption id=\"caption-attachment-3916\" class=\"wp-caption-text\"><em><span style=\"font-family: 'times new roman', times, serif; font-size: 120%;\">Nh\u00e2n S\u00e2m kh\u00f4 Canada Ch\u00ednh G\u1ed1c<\/span><\/em><\/figcaption><\/figure>\r\n\r\n<span style=\"font-family: 'times new roman', times, serif; font-size: 120%;\"><\/span><ul>\r\n \t<li><span style=\"font-family: 'times new roman', times, serif; font-size: 120%;\">Th\u00e2n s\u00e2m kh\u00f4 m\u00e0u v\u00e0ng n\u00e2u, h\u00ecnh tr\u1ee5, v\u1ecf c\u00f3 c\u00e1c v\u00e2n v\u00f2ng ngang l\u1ed3i l\u00ean, nhi\u1ec1u v\u1ebft s\u1ea7n, tr\u00ean \u0111\u1ea7u c\u00f3 v\u00e0nh c\u1ee7 r\u00f5 r\u1ec7t<\/span><\/li>\r\n \t<li><span style=\"font-family: 'times new roman', times, serif; font-size: 120%;\">Typical aroma, sweet taste, slightly bitter.<\/span><\/li>\r\n \t<li><span style=\"font-family: 'times new roman', times, serif; font-size: 120%;\">K\u00edch th\u01b0\u1edbc l\u1edbn, m\u1ed7i c\u1ee7 n\u1eb7ng 10g-40g <\/span><\/li>\r\n \t<li><span style=\"font-family: 'times new roman', times, serif; font-size: 120%;\">Tu\u1ed5i S\u00e2m: 4 &#8211; 5 n\u0103m tu\u1ed5i l\u00e0 c\u00f3 th\u1ec3 thu ho\u1ea1ch<\/span><\/li>\r\n<\/ul>\r\n<h3><span style=\"font-size: 100%; font-family: 'times new roman', times, serif;\"><span style=\"color: #d4a20d;\"><strong>Contact Information Buy Canadian Ginseng SilverLife<\/strong><\/span><\/span><\/h3>\r\n<span style=\"font-family: 'times new roman', times, serif; font-size: 120%;\"><span style=\"color: #c48e06;\"><span style=\"color: #000000;\">T\u1ea1i Vi\u1ec7t Nam<\/span><strong> Canadian Ginseng<\/strong><\/span> \u0111\u01b0\u1ee3c nh\u1eadp kh\u1ea9u v\u00e0 ph\u00e2n ph\u1ed1i tr\u00ean th\u1ecb tr\u01b0\u1eddng v\u1edbi Th\u01b0\u01a1ng Hi\u1ec7u <span style=\"color: #c48e06;\"><strong>SilverLife's <\/strong><\/span>b\u1edfi <strong>C\u00f4ng Ty TNHH H\u00e0ng Ti\u00eau D\u00f9ng B\u1eafc M\u1ef9<\/strong><\/span>\r\n<ul>\r\n \t<li><span style=\"font-family: 'times new roman', times, serif; font-size: 120%;\"><strong>Hotline\/Zalo:<\/strong> <span style=\"color: #c48e06;\"><strong>0909.609.374<\/strong><\/span><\/span><\/li>\r\n \t<li><span style=\"font-family: 'times new roman', times, serif; font-size: 120%;\"><strong>Address:<\/strong> <span style=\"color: #c48e06;\"><strong>No. 21 - No Trang Long Street - Ward 7 - Binh Thanh District - HCMC<\/strong><\/span><\/span><\/li>\r\n \t<li><span style=\"font-family: 'times new roman', times, serif; font-size: 120%;\"><strong>See more <span style=\"color: #c48e06;\"><a style=\"color: #c48e06;\" href=\"https:\/\/silverlife.com.vn\/en\/\">SilverLife Canadian Ginseng<\/a><\/span><\/strong><\/span><\/li>\r\n<\/ul>\r\n<span style=\"font-family: 'times new roman', times, serif;\"><\/span><div class=\"wp-block-image\" style=\"text-align: center;\"><img loading=\"lazy\" decoding=\"async\" class=\"alignnone  wp-image-8634\" src=\"https:\/\/silverlife.com.vn\/wp-content\/uploads\/2020\/02\/silverlife-canadian-ginsseng-526x400.jpg\" alt=\"\" width=\"601\" height=\"457\" \/><\/div>\r\n<div>Xem th\u00eam :<\/div>\r\n<div><em><strong><a href=\"https:\/\/silverlife.com.vn\/en\/cong-dung-nhan-sam\/\">C\u00f4ng d\u1ee5ng tuy\u1ec7t V\u1eddi c\u1ee7a nh\u00e2n s\u00e2m Canada\u00a0<\/a><\/strong><\/em><\/div>\r\n<div><a href=\"https:\/\/silverlife.com.vn\/en\/cach-su-dung-nhan-sam-canada\/\"><em><strong>C\u00e1ch s\u1eed d\u1ee5ng nh\u00e2n s\u00e2m Canada<\/strong><\/em><\/a><\/div>\r\n<div><a href=\"https:\/\/silverlife.com.vn\/en\/tin-tuc\/ai-nen-dung-nhan-sam-canada.html\/\"><strong><em>Nh\u1eefng Ai N\u00ean D\u00f9ng Nh\u00e2n S\u00e2m Canada<\/em>?<\/strong><\/a><\/div>\r\n<span style=\"font-family: 'times new roman', times, serif;\"><\/span>","protected":false},"excerpt":{"rendered":"<p>V\u1ec1 Nh\u00e2n S\u00e2m Canada &#8211; Panax Quinquefolius Ginseng Nh\u00e2n s\u00e2m Canada hay c\u00f2n \u0111\u01b0\u1ee3c g\u1ecdi l\u00e0 T\u00e2y D\u01b0\u01a1ng s\u00e2m, ho\u1eb7c nh\u00e2n s\u00e2m B\u1eafc M\u1ef9 c\u00f3 t\u00ean khoa h\u1ecdc Panax Quonthefolius &#8211; l\u00e0 m\u1ed9t lo\u1ea1i c\u00e2y th\u00e2n th\u1ea3o s\u1ed1ng l\u00e2u n\u0103m trong h\u1ecd c\u00e2y th\u01b0\u1eddng xu\u00e2n. N\u00f3 c\u00f3 ngu\u1ed3n g\u1ed1c t\u1eeb mi\u1ec1n \u0111\u00f4ng B\u1eafc M\u1ef9, m\u1eb7c [&#8230;]","protected":false},"author":2,"featured_media":16698,"parent":0,"menu_order":0,"comment_status":"closed","ping_status":"closed","template":"","meta":{"footnotes":""},"class_list":["post-16999","page","type-page","status-publish","has-post-thumbnail","hentry"],"yoast_head":"<!-- This site is optimized with the Yoast SEO plugin v23.6 - https:\/\/yoast.com\/wordpress\/plugins\/seo\/ -->\n<title>Panax Quinquefolius Ginseng<\/title>\n<meta name=\"robots\" content=\"index, follow, max-snippet:-1, max-image-preview:large, max-video-preview:-1\" \/>\n<link rel=\"canonical\" href=\"https:\/\/silverlife.com.vn\/en\/panax-quinquefolius-ginseng\/\" \/>\n<meta property=\"og:locale\" content=\"en_US\" \/>\n<meta property=\"og:type\" content=\"article\" \/>\n<meta property=\"og:title\" content=\"Panax Quinquefolius Ginseng\" \/>\n<meta property=\"og:description\" content=\"V\u1ec1 Nh\u00e2n S\u00e2m Canada &#8211; Panax Quinquefolius Ginseng Nh\u00e2n s\u00e2m Canada hay c\u00f2n \u0111\u01b0\u1ee3c g\u1ecdi l\u00e0 T\u00e2y D\u01b0\u01a1ng s\u00e2m, ho\u1eb7c nh\u00e2n s\u00e2m B\u1eafc M\u1ef9 c\u00f3 t\u00ean khoa h\u1ecdc Panax Quonthefolius &#8211; l\u00e0 m\u1ed9t lo\u1ea1i c\u00e2y th\u00e2n th\u1ea3o s\u1ed1ng l\u00e2u n\u0103m trong h\u1ecd c\u00e2y th\u01b0\u1eddng xu\u00e2n. N\u00f3 c\u00f3 ngu\u1ed3n g\u1ed1c t\u1eeb mi\u1ec1n \u0111\u00f4ng B\u1eafc M\u1ef9, m\u1eb7c [...]\" \/>\n<meta property=\"og:url\" content=\"https:\/\/silverlife.com.vn\/en\/panax-quinquefolius-ginseng\/\" \/>\n<meta property=\"og:site_name\" content=\"SilverLife - Cung C\u1ea5p S\u1ec9 &amp; L\u1ebb Nh\u00e2n S\u00e2m Canada T\u1ea1i Vi\u1ec7t Nam\" \/>\n<meta property=\"og:image\" content=\"https:\/\/silverlife.com.vn\/wp-content\/uploads\/2019\/11\/Cay-nhan-sam.jpg\" \/>\n\t<meta property=\"og:image:width\" content=\"600\" \/>\n\t<meta property=\"og:image:height\" content=\"800\" \/>\n\t<meta property=\"og:image:type\" content=\"image\/jpeg\" \/>\n<meta name=\"twitter:card\" content=\"summary_large_image\" \/>\n<meta name=\"twitter:label1\" content=\"Est. reading time\" \/>\n\t<meta name=\"twitter:data1\" content=\"7 minutes\" \/>\n<script type=\"application\/ld+json\" class=\"yoast-schema-graph\">{\"@context\":\"https:\/\/schema.org\",\"@graph\":[{\"@type\":\"WebPage\",\"@id\":\"https:\/\/silverlife.com.vn\/panax-quinquefolius-ginseng\",\"url\":\"https:\/\/silverlife.com.vn\/panax-quinquefolius-ginseng\",\"name\":\"Panax Quinquefolius Ginseng\",\"isPartOf\":{\"@id\":\"https:\/\/silverlife.com.vn\/#website\"},\"primaryImageOfPage\":{\"@id\":\"https:\/\/silverlife.com.vn\/panax-quinquefolius-ginseng#primaryimage\"},\"image\":{\"@id\":\"https:\/\/silverlife.com.vn\/panax-quinquefolius-ginseng#primaryimage\"},\"thumbnailUrl\":\"https:\/\/silverlife.com.vn\/wp-content\/uploads\/2019\/11\/Cay-nhan-sam.jpg\",\"datePublished\":\"2020-12-03T05:43:20+00:00\",\"dateModified\":\"2020-12-03T05:43:20+00:00\",\"breadcrumb\":{\"@id\":\"https:\/\/silverlife.com.vn\/panax-quinquefolius-ginseng#breadcrumb\"},\"inLanguage\":\"en-US\",\"potentialAction\":[{\"@type\":\"ReadAction\",\"target\":[\"https:\/\/silverlife.com.vn\/panax-quinquefolius-ginseng\"]}]},{\"@type\":\"ImageObject\",\"inLanguage\":\"en-US\",\"@id\":\"https:\/\/silverlife.com.vn\/panax-quinquefolius-ginseng#primaryimage\",\"url\":\"https:\/\/silverlife.com.vn\/wp-content\/uploads\/2019\/11\/Cay-nhan-sam.jpg\",\"contentUrl\":\"https:\/\/silverlife.com.vn\/wp-content\/uploads\/2019\/11\/Cay-nhan-sam.jpg\",\"width\":600,\"height\":800,\"caption\":\"C\u00e2y Nh\u00e2n S\u00e2m B\u1eafc M\u1ef9 - Nh\u00e2n S\u00e2m Canada\"},{\"@type\":\"BreadcrumbList\",\"@id\":\"https:\/\/silverlife.com.vn\/panax-quinquefolius-ginseng#breadcrumb\",\"itemListElement\":[{\"@type\":\"ListItem\",\"position\":1,\"name\":\"Trang ch\u1ee7\",\"item\":\"https:\/\/silverlife.com.vn\/\"},{\"@type\":\"ListItem\",\"position\":2,\"name\":\"Panax Quinquefolius Ginseng\"}]},{\"@type\":\"WebSite\",\"@id\":\"https:\/\/silverlife.com.vn\/#website\",\"url\":\"https:\/\/silverlife.com.vn\/\",\"name\":\"SilverLife - Cung C\u1ea5p S\u1ec9 &amp; L\u1ebb Nh\u00e2n S\u00e2m Canada T\u1ea1i Vi\u1ec7t Nam\",\"description\":\"\",\"potentialAction\":[{\"@type\":\"SearchAction\",\"target\":{\"@type\":\"EntryPoint\",\"urlTemplate\":\"https:\/\/silverlife.com.vn\/?s={search_term_string}\"},\"query-input\":{\"@type\":\"PropertyValueSpecification\",\"valueRequired\":true,\"valueName\":\"search_term_string\"}}],\"inLanguage\":\"en-US\"}]}<\/script>\n<!-- \/ Yoast SEO plugin. -->","yoast_head_json":{"title":"Panax Quinquefolius Ginseng","robots":{"index":"index","follow":"follow","max-snippet":"max-snippet:-1","max-image-preview":"max-image-preview:large","max-video-preview":"max-video-preview:-1"},"canonical":"https:\/\/silverlife.com.vn\/en\/panax-quinquefolius-ginseng\/","og_locale":"en_US","og_type":"article","og_title":"Panax Quinquefolius Ginseng","og_description":"V\u1ec1 Nh\u00e2n S\u00e2m Canada &#8211; Panax Quinquefolius Ginseng Nh\u00e2n s\u00e2m Canada hay c\u00f2n \u0111\u01b0\u1ee3c g\u1ecdi l\u00e0 T\u00e2y D\u01b0\u01a1ng s\u00e2m, ho\u1eb7c nh\u00e2n s\u00e2m B\u1eafc M\u1ef9 c\u00f3 t\u00ean khoa h\u1ecdc Panax Quonthefolius &#8211; l\u00e0 m\u1ed9t lo\u1ea1i c\u00e2y th\u00e2n th\u1ea3o s\u1ed1ng l\u00e2u n\u0103m trong h\u1ecd c\u00e2y th\u01b0\u1eddng xu\u00e2n. N\u00f3 c\u00f3 ngu\u1ed3n g\u1ed1c t\u1eeb mi\u1ec1n \u0111\u00f4ng B\u1eafc M\u1ef9, m\u1eb7c [...]","og_url":"https:\/\/silverlife.com.vn\/en\/panax-quinquefolius-ginseng\/","og_site_name":"SilverLife - Cung C\u1ea5p S\u1ec9 &amp; L\u1ebb Nh\u00e2n S\u00e2m Canada T\u1ea1i Vi\u1ec7t Nam","og_image":[{"width":600,"height":800,"url":"https:\/\/silverlife.com.vn\/wp-content\/uploads\/2019\/11\/Cay-nhan-sam.jpg","type":"image\/jpeg"}],"twitter_card":"summary_large_image","twitter_misc":{"Est. reading time":"7 minutes"},"schema":{"@context":"https:\/\/schema.org","@graph":[{"@type":"WebPage","@id":"https:\/\/silverlife.com.vn\/panax-quinquefolius-ginseng","url":"https:\/\/silverlife.com.vn\/panax-quinquefolius-ginseng","name":"Panax Quinquefolius Ginseng","isPartOf":{"@id":"https:\/\/silverlife.com.vn\/#website"},"primaryImageOfPage":{"@id":"https:\/\/silverlife.com.vn\/panax-quinquefolius-ginseng#primaryimage"},"image":{"@id":"https:\/\/silverlife.com.vn\/panax-quinquefolius-ginseng#primaryimage"},"thumbnailUrl":"https:\/\/silverlife.com.vn\/wp-content\/uploads\/2019\/11\/Cay-nhan-sam.jpg","datePublished":"2020-12-03T05:43:20+00:00","dateModified":"2020-12-03T05:43:20+00:00","breadcrumb":{"@id":"https:\/\/silverlife.com.vn\/panax-quinquefolius-ginseng#breadcrumb"},"inLanguage":"en-US","potentialAction":[{"@type":"ReadAction","target":["https:\/\/silverlife.com.vn\/panax-quinquefolius-ginseng"]}]},{"@type":"ImageObject","inLanguage":"en-US","@id":"https:\/\/silverlife.com.vn\/panax-quinquefolius-ginseng#primaryimage","url":"https:\/\/silverlife.com.vn\/wp-content\/uploads\/2019\/11\/Cay-nhan-sam.jpg","contentUrl":"https:\/\/silverlife.com.vn\/wp-content\/uploads\/2019\/11\/Cay-nhan-sam.jpg","width":600,"height":800,"caption":"C\u00e2y Nh\u00e2n S\u00e2m B\u1eafc M\u1ef9 - Nh\u00e2n S\u00e2m Canada"},{"@type":"BreadcrumbList","@id":"https:\/\/silverlife.com.vn\/panax-quinquefolius-ginseng#breadcrumb","itemListElement":[{"@type":"ListItem","position":1,"name":"Trang ch\u1ee7","item":"https:\/\/silverlife.com.vn\/"},{"@type":"ListItem","position":2,"name":"Panax Quinquefolius Ginseng"}]},{"@type":"WebSite","@id":"https:\/\/silverlife.com.vn\/#website","url":"https:\/\/silverlife.com.vn\/","name":"SilverLife - Cung C\u1ea5p S\u1ec9 &amp; L\u1ebb Nh\u00e2n S\u00e2m Canada T\u1ea1i Vi\u1ec7t Nam","description":"","potentialAction":[{"@type":"SearchAction","target":{"@type":"EntryPoint","urlTemplate":"https:\/\/silverlife.com.vn\/?s={search_term_string}"},"query-input":{"@type":"PropertyValueSpecification","valueRequired":true,"valueName":"search_term_string"}}],"inLanguage":"en-US"}]}},"_links":{"self":[{"href":"https:\/\/silverlife.com.vn\/en\/wp-json\/wp\/v2\/pages\/16999"}],"collection":[{"href":"https:\/\/silverlife.com.vn\/en\/wp-json\/wp\/v2\/pages"}],"about":[{"href":"https:\/\/silverlife.com.vn\/en\/wp-json\/wp\/v2\/types\/page"}],"author":[{"embeddable":true,"href":"https:\/\/silverlife.com.vn\/en\/wp-json\/wp\/v2\/users\/2"}],"replies":[{"embeddable":true,"href":"https:\/\/silverlife.com.vn\/en\/wp-json\/wp\/v2\/comments?post=16999"}],"version-history":[{"count":0,"href":"https:\/\/silverlife.com.vn\/en\/wp-json\/wp\/v2\/pages\/16999\/revisions"}],"wp:featuredmedia":[{"embeddable":true,"href":"https:\/\/silverlife.com.vn\/en\/wp-json\/wp\/v2\/media\/16698"}],"wp:attachment":[{"href":"https:\/\/silverlife.com.vn\/en\/wp-json\/wp\/v2\/media?parent=16999"}],"curies":[{"name":"wp","href":"https:\/\/api.w.org\/{rel}","templated":true}]}}