{"id":17074,"date":"2020-12-03T15:22:10","date_gmt":"2020-12-03T08:22:10","guid":{"rendered":"https:\/\/silverlife.com.vn\/?page_id=17074"},"modified":"2020-12-03T15:22:10","modified_gmt":"2020-12-03T08:22:10","slug":"contact","status":"publish","type":"page","link":"https:\/\/silverlife.com.vn\/en\/contact","title":{"rendered":"Contact"},"content":{"rendered":"<p>&nbsp;<\/p>\n<p>&nbsp;<\/p>\n\n\t<section class=\"section\" id=\"section_584378126\">\n\t\t<div class=\"section-bg fill\" >\n\t\t\t\t\t\t\t\t\t\n\t\t\t\n\n\t\t<\/div>\n\n\t\t\n\n\t\t<div class=\"section-content relative\">\n\t\t\t\n<div class=\"row\"  id=\"row-30064123\">\n\n\t<div id=\"col-1677687589\" class=\"col medium-6 large-6\"  >\n\t\t\t\t<div class=\"col-inner\"  >\n\t\t\t\n\t\t\t\n<p>&nbsp;<\/p>\n<h2><span style=\"color: #b36c02; font-family: 'times new roman', times, serif; font-size: 120%;\"><strong>SilverLife Canadian Ginseng<\/strong><\/span><\/h2>\n<p><span style=\"color: #282828; font-size: 120%; font-family: 'times new roman', times, serif;\">Th\u1eddi gian ho\u1ea1t \u0111\u1ed9ng: 09:00 &#8211; 21:00 m\u1ed7i ng\u00e0y, t\u1eeb th\u1ee9 hai &#8211; ch\u1ee7 nh\u1eadt<\/span><br \/>\n<span style=\"color: #282828; font-size: 120%; font-family: 'times new roman', times, serif;\">\u0110\u1ecba ch\u1ec9: 21 N\u01a1 Trang Long, P.7, Q.B\u00ecnh Th\u1ea1nh, Tp.HCM<\/span><\/p>\n<p><span style=\"font-family: 'times new roman', times, serif; font-size: 120%;\">H\u00e3y \u0111\u1ec3 l\u1ea1i c\u00e2u h\u1ecfi li\u00ean quan \u0111\u1ebfn s\u1ee9c kho\u1ebb khi d\u00f9ng nh\u00e2n s\u00e2m Canada c\u1ee7a Qu\u00ed v\u1ecb t\u1ea1i khung li\u00ean h\u1ec7 b\u00ean c\u1ea1nh nh\u00e9, B\u00e1c S\u0129 \u0110o\u00e0n \u0110\u1ee9c Th\u00f4ng s\u1ebd s\u1edbm ph\u1ea3n h\u1ed3i \u1ea1!<\/span><\/p>\n<p class=\"lead\"><em><strong><span style=\"color: #035b91; font-size: 100%; font-family: 'times new roman', times, serif;\">Vui l\u00f2ng xem tr\u01b0\u1edbc c\u00e1c c\u00e2u h\u1ecfi th\u01b0\u1eddng g\u1eb7p c\u1ee7a ch\u00fang t\u00f4i d\u01b0\u1edbi \u0111\u00e2y:<\/span><\/strong><\/em><\/p>\n<p>&nbsp;<\/p>\n<div class=\"container section-title-container\" ><h3 class=\"section-title section-title-normal\"><b><\/b><span class=\"section-title-main\" >H\u1ecfi \u0111\u00e1p<\/span><b><\/b><\/h3><\/div>\n<div class=\"accordion\">\n\t<div id=\"accordion-122376771\" class=\"accordion-item\">\n\t\t<a id=\"accordion-122376771-label\" class=\"accordion-title plain\" href=\"#accordion-item-ph\u00ed-giao-h\u00e0ng?\" aria-expanded=\"false\" aria-controls=\"accordion-122376771-content\" >\n\t\t\t<button class=\"toggle\" aria-label=\"Toggle\"><i class=\"icon-angle-down\"><\/i><\/button>\n\t\t\t<span>Ph\u00ed giao h\u00e0ng?<\/span>\n\t\t<\/a>\n\t\t<div id=\"accordion-122376771-content\" class=\"accordion-inner\" aria-labelledby=\"accordion-122376771-label\" >\n\t\t\t\n<p>&nbsp;<\/p>\n<p><span style=\"font-family: 'times new roman', times, serif; font-size: 120%;\">GIAO H\u00c0NG MI\u1ec4N PH\u00cd! Ch\u00fang t\u00f4i s\u1ebd thanh to\u00e1n chi ph\u00ed v\u1eadn chuy\u1ec3n cho b\u1ea1n.<\/span><\/p>\n<p>&nbsp;<\/p>\n\t\t<\/div>\n\t<\/div>\n\t\n\t<div id=\"accordion-982473393\" class=\"accordion-item\">\n\t\t<a id=\"accordion-982473393-label\" class=\"accordion-title plain\" href=\"#accordion-item-thanh-to\u00e1n-nh\u01b0-th\u1ebf-n\u00e0o?\" aria-expanded=\"false\" aria-controls=\"accordion-982473393-content\" >\n\t\t\t<button class=\"toggle\" aria-label=\"Toggle\"><i class=\"icon-angle-down\"><\/i><\/button>\n\t\t\t<span>Thanh to\u00e1n nh\u01b0 th\u1ebf n\u00e0o?<\/span>\n\t\t<\/a>\n\t\t<div id=\"accordion-982473393-content\" class=\"accordion-inner\" aria-labelledby=\"accordion-982473393-label\" >\n\t\t\t\n<p>&nbsp;<\/p>\n<h3><span style=\"font-size: 120%; font-family: 'times new roman', times, serif;\"><strong><span style=\"color: #015782;\">1\/ GIAO H\u00c0NG V\u00c0 THU TI\u1ec0N T\u1eacN N\u01a0I (SHIP COD)<\/span><\/strong><\/span><\/h3>\n<p><span style=\"font-family: 'times new roman', times, serif; font-size: 120%;\">Sau khi Qu\u00fd Kh\u00e1ch h\u00e0ng \u0111\u1eb7t mua h\u00e0ng t\u1ea1i website: silverlife.com.vn, d\u1ef1a v\u00e0o c\u00e1c th\u00f4ng tin Qu\u00fd kh\u00e1ch cung c\u1ea5p, nh\u00e2n vi\u00ean c\u1ee7a s\u1ebd \u0111\u1ebfn t\u1eadn n\u01a1i giao h\u00e0ng. Sau khi ki\u1ec3m tra h\u00e0ng \u0111\u1ea7y \u0111\u1ee7, Qu\u00fd kh\u00e1ch\u00a0 x\u00e1c nh\u1eadn v\u00e0 thanh to\u00e1n ti\u1ec1n ngay cho nh\u00e2n vi\u00ean giao h\u00e0ng.<\/span><\/p>\n<h3><span style=\"font-family: 'times new roman', times, serif; font-size: 120%;\"><strong><span style=\"color: #015782;\">2\/ CHUY\u1ec2N KHO\u1ea2N QUA NG\u00c2N H\u00c0NG<\/span><\/strong><\/span><\/h3>\n<p><span style=\"font-family: 'times new roman', times, serif; font-size: 120%;\">Qu\u00fd kh\u00e1ch c\u00f3 th\u1ec3 s\u1eed d\u1ee5ng\u00a0 th\u1ebb ATM\/ th\u1ebb qu\u1ed1c t\u1ebf \u0111\u00e3 \u0111\u01b0\u1ee3c k\u00edch ho\u1ea1t ch\u1ee9c n\u0103ng thanh to\u00e1n tr\u1ef1c ti\u1ebfp th\u00f4ng qua d\u1ecbch v\u1ee5 Internet Banking ho\u1eb7c \u0111\u1ebfn b\u1ea5t k\u1ef3 \u0111i\u1ec3m giao d\u1ecbch\/ATM c\u1ee7a c\u00e1c ng\u00e2n h\u00e0ng \u0111\u1ec3 th\u1ef1c hi\u1ec7n giao d\u1ecbch chuy\u1ec3n ti\u1ec1n.<\/span><\/p>\n<p><span style=\"color: #015782; font-family: 'times new roman', times, serif; font-size: 120%;\"><strong>Th\u00f4ng Tin Chuy\u1ec3n Kho\u1ea3n:<\/strong><\/span><\/p>\n<p><span style=\"font-family: 'times new roman', times, serif; font-size: 120%;\">\u2013 Ch\u1ee7 TK: <strong>Nguy\u1ec5n Th\u1ecb Tr\u01b0\u1eddng Duy<\/strong><\/span><\/p>\n<p><span style=\"font-family: 'times new roman', times, serif; font-size: 120%;\">\u2013 S\u1ed1 TK: 0371000417702<\/span><\/p>\n<p><span style=\"font-family: 'times new roman', times, serif; font-size: 120%;\">\u2013 Ng\u00e2n h\u00e0ng <strong>Vietcombank<\/strong>, CN T\u00e2n \u0110\u1ecbnh.<\/span><\/p>\n<blockquote><p><span style=\"font-family: 'times new roman', times, serif; font-size: 120%;\">N\u1ed9i dung: <strong>T\u00ean ng\u01b0\u1eddi \u0111\u1eb7t h\u00e0ng<\/strong> \u2013 <strong>S\u1ed1 \u0111i\u1ec7n tho\u1ea1i ng\u01b0\u1eddi \u0111\u1eb7t h\u00e0ng<\/strong> \u2013 <strong>L\u00fd do chuy\u1ec3n ti\u1ec1n<\/strong>\u201d<\/span><\/p><\/blockquote>\n<p>&nbsp;<\/p>\n\t\t<\/div>\n\t<\/div>\n\t\n\t<div id=\"accordion-832694163\" class=\"accordion-item\">\n\t\t<a id=\"accordion-832694163-label\" class=\"accordion-title plain\" href=\"#accordion-item-th\u1eddi-gian-giao-h\u00e0ng?\" aria-expanded=\"false\" aria-controls=\"accordion-832694163-content\" >\n\t\t\t<button class=\"toggle\" aria-label=\"Toggle\"><i class=\"icon-angle-down\"><\/i><\/button>\n\t\t\t<span>Th\u1eddi gian giao h\u00e0ng?<\/span>\n\t\t<\/a>\n\t\t<div id=\"accordion-832694163-content\" class=\"accordion-inner\" aria-labelledby=\"accordion-832694163-label\" >\n\t\t\t\n<p>&nbsp;<\/p>\n<ul>\n<li><span style=\"font-family: 'times new roman', times, serif; font-size: 120%;\"><strong><span style=\"color: #015782;\">T\u1ea1i TP H\u1ed3 Ch\u00ed Minh<\/span><\/strong>: t\u1eeb 1 \u2013 24 gi\u1edd t\u00f9y thu\u1ed9c v\u00e0o khu v\u1ef1c nh\u1eadn h\u00e0ng. Nh\u00e2n vi\u00ean SilverLife s\u1ebd li\u00ean h\u1ec7 v\u00e0 th\u00f4ng b\u00e1o c\u1ee5 th\u1ec3 v\u1ec1 th\u1eddi gian nh\u1eadn h\u00e0ng sau khi Qu\u00fd kh\u00e1ch x\u00e1c nh\u1eadn \u0111\u01a1n h\u00e0ng.\u00a0<\/span><\/li>\n<li><span style=\"font-family: 'times new roman', times, serif; font-size: 120%;\"><strong><span style=\"color: #015782;\">T\u1ea1i c\u00e1c t\u1ec9nh th\u00e0nh kh\u00e1c<\/span><\/strong>: T\u1eeb 2 \u2013 4 ng\u00e0y t\u00f9y thu\u1ed9c v\u00e0o khu v\u1ef1c nh\u1eadn h\u00e0ng. Nh\u00e2n vi\u00ean SilverLife s\u1ebd li\u00ean h\u1ec7 v\u00e0 th\u00f4ng b\u00e1o c\u1ee5 th\u1ec3 v\u1ec1 th\u1eddi gian nh\u1eadn h\u00e0ng sau khi Qu\u00fd kh\u00e1ch x\u00e1c nh\u1eadn \u0111\u01a1n h\u00e0ng.<\/span><\/li>\n<\/ul>\n<p>&nbsp;<\/p>\n\t\t<\/div>\n\t<\/div>\n\t\n<\/div>\n\t\t<\/div>\n\t\t\t\t\t<\/div>\n\n\t\n\n\t<div id=\"col-84428603\" class=\"col medium-6 large-6\"  >\n\t\t\t\t<div class=\"col-inner\"  >\n\t\t\t\n\t\t\t\n<div class=\"container section-title-container\" ><h3 class=\"section-title section-title-normal\"><b><\/b><span class=\"section-title-main\" >Li\u00ean h\u1ec7 ngay<\/span><b><\/b><\/h3><\/div>\n\n<div class=\"wpcf7 no-js\" id=\"wpcf7-f10-o1\" lang=\"en-US\" dir=\"ltr\">\n<div class=\"screen-reader-response\"><p role=\"status\" aria-live=\"polite\" aria-atomic=\"true\"><\/p> <ul><\/ul><\/div>\n<form action=\"\/wp-json\/wp\/v2\/pages\/17074\" method=\"post\" class=\"wpcf7-form init\" aria-label=\"Contact form\" novalidate=\"novalidate\" data-status=\"init\" data-trp-original-action=\"\/en\/wp-json\/wp\/v2\/pages\/17074#wpcf7-f10-o1\">\n<div style=\"display: none;\">\n<input type=\"hidden\" name=\"_wpcf7\" value=\"10\" \/>\n<input type=\"hidden\" name=\"_wpcf7_version\" value=\"5.9.8\" \/>\n<input type=\"hidden\" name=\"_wpcf7_locale\" value=\"en_US\" \/>\n<input type=\"hidden\" name=\"_wpcf7_unit_tag\" value=\"wpcf7-f10-o1\" \/>\n<input type=\"hidden\" name=\"_wpcf7_container_post\" value=\"0\" \/>\n<input type=\"hidden\" name=\"_wpcf7_posted_data_hash\" value=\"\" \/>\n<\/div>\n<p><label>H\u1ecd t\u00ean (*)<\/label><br \/>\n<span class=\"wpcf7-form-control-wrap\" data-name=\"fullname\"><input size=\"40\" maxlength=\"400\" class=\"wpcf7-form-control wpcf7-text wpcf7-validates-as-required\" aria-required=\"true\" aria-invalid=\"false\" value=\"\" type=\"text\" name=\"fullname\" \/><\/span>\n<\/p>\n<p><label>\u0110\u1ecba ch\u1ec9 Email (*)<\/label><br \/>\n<span class=\"wpcf7-form-control-wrap\" data-name=\"email\"><input size=\"40\" maxlength=\"400\" class=\"wpcf7-form-control wpcf7-email wpcf7-validates-as-required wpcf7-text wpcf7-validates-as-email\" aria-required=\"true\" aria-invalid=\"false\" value=\"\" type=\"email\" name=\"email\" \/><\/span>\n<\/p>\n<p><label>\u0110i\u1ec7n tho\u1ea1i (*)<\/label><br \/>\n<span class=\"wpcf7-form-control-wrap\" data-name=\"phone\"><input size=\"40\" maxlength=\"400\" class=\"wpcf7-form-control wpcf7-tel wpcf7-validates-as-required wpcf7-text wpcf7-validates-as-tel\" aria-required=\"true\" aria-invalid=\"false\" value=\"\" type=\"tel\" name=\"phone\" \/><\/span>\n<\/p>\n<p><label>N\u1ed9i dung (*)<\/label><br \/>\n<span class=\"wpcf7-form-control-wrap\" data-name=\"message\"><textarea cols=\"40\" rows=\"10\" maxlength=\"2000\" class=\"wpcf7-form-control wpcf7-textarea\" aria-invalid=\"false\" name=\"message\"><\/textarea><\/span>\n<\/p>\n<p><input class=\"wpcf7-form-control wpcf7-submit has-spinner button\" type=\"submit\" value=\"G\u1eedi ngay\" \/>\n<\/p><p style=\"display: none !important;\" class=\"akismet-fields-container\" data-prefix=\"_wpcf7_ak_\"><label>&#916;<textarea name=\"_wpcf7_ak_hp_textarea\" cols=\"45\" rows=\"8\" maxlength=\"100\"><\/textarea><\/label><input type=\"hidden\" id=\"ak_js_1\" name=\"_wpcf7_ak_js\" value=\"162\"\/><script>document.getElementById( \"ak_js_1\" ).setAttribute( \"value\", ( new Date() ).getTime() );<\/script><\/p><input type='hidden' class='wpcf7-pum' value='{\"closepopup\":false,\"closedelay\":0,\"openpopup\":false,\"openpopup_id\":0}' \/><div class=\"wpcf7-response-output\" aria-hidden=\"true\"><\/div>\n<input type=\"hidden\" name=\"trp-form-language\" value=\"en\"\/><\/form>\n<\/div>\n\n\t\t<\/div>\n\t\t\t\t\t<\/div>\n\n\t\n<\/div>\n\t\t<\/div>\n\n\t\t\n<style>\n#section_584378126 {\n  padding-top: 100px;\n  padding-bottom: 100px;\n}\n<\/style>\n\t<\/section>\n\t\n<p>&nbsp;<\/p>\n<p>&nbsp;<\/p>","protected":false},"excerpt":{"rendered":"<p>&nbsp; &nbsp; &nbsp; &nbsp;<\/p>","protected":false},"author":2,"featured_media":0,"parent":0,"menu_order":0,"comment_status":"closed","ping_status":"closed","template":"","meta":{"footnotes":""},"class_list":["post-17074","page","type-page","status-publish","hentry"],"yoast_head":"<!-- This site is optimized with the Yoast SEO plugin v23.6 - https:\/\/yoast.com\/wordpress\/plugins\/seo\/ -->\n<title>Contact<\/title>\n<meta name=\"robots\" content=\"index, follow, max-snippet:-1, max-image-preview:large, max-video-preview:-1\" \/>\n<link rel=\"canonical\" href=\"https:\/\/silverlife.com.vn\/en\/contact\/\" \/>\n<meta property=\"og:locale\" content=\"en_US\" \/>\n<meta property=\"og:type\" content=\"article\" \/>\n<meta property=\"og:title\" content=\"Contact\" \/>\n<meta property=\"og:description\" content=\"&nbsp; &nbsp; &nbsp; &nbsp;\" \/>\n<meta property=\"og:url\" content=\"https:\/\/silverlife.com.vn\/en\/contact\/\" \/>\n<meta property=\"og:site_name\" content=\"SilverLife - Cung C\u1ea5p S\u1ec9 &amp; L\u1ebb Nh\u00e2n S\u00e2m Canada T\u1ea1i Vi\u1ec7t Nam\" \/>\n<meta name=\"twitter:card\" content=\"summary_large_image\" \/>\n<meta name=\"twitter:label1\" content=\"Est. reading time\" \/>\n\t<meta name=\"twitter:data1\" content=\"3 minutes\" \/>\n<script type=\"application\/ld+json\" class=\"yoast-schema-graph\">{\"@context\":\"https:\/\/schema.org\",\"@graph\":[{\"@type\":\"WebPage\",\"@id\":\"https:\/\/silverlife.com.vn\/contact\",\"url\":\"https:\/\/silverlife.com.vn\/contact\",\"name\":\"Contact\",\"isPartOf\":{\"@id\":\"https:\/\/silverlife.com.vn\/#website\"},\"datePublished\":\"2020-12-03T08:22:10+00:00\",\"dateModified\":\"2020-12-03T08:22:10+00:00\",\"breadcrumb\":{\"@id\":\"https:\/\/silverlife.com.vn\/contact#breadcrumb\"},\"inLanguage\":\"en-US\",\"potentialAction\":[{\"@type\":\"ReadAction\",\"target\":[\"https:\/\/silverlife.com.vn\/contact\"]}]},{\"@type\":\"BreadcrumbList\",\"@id\":\"https:\/\/silverlife.com.vn\/contact#breadcrumb\",\"itemListElement\":[{\"@type\":\"ListItem\",\"position\":1,\"name\":\"Trang ch\u1ee7\",\"item\":\"https:\/\/silverlife.com.vn\/\"},{\"@type\":\"ListItem\",\"position\":2,\"name\":\"Contact\"}]},{\"@type\":\"WebSite\",\"@id\":\"https:\/\/silverlife.com.vn\/#website\",\"url\":\"https:\/\/silverlife.com.vn\/\",\"name\":\"SilverLife - Cung C\u1ea5p S\u1ec9 &amp; L\u1ebb Nh\u00e2n S\u00e2m Canada T\u1ea1i Vi\u1ec7t Nam\",\"description\":\"\",\"potentialAction\":[{\"@type\":\"SearchAction\",\"target\":{\"@type\":\"EntryPoint\",\"urlTemplate\":\"https:\/\/silverlife.com.vn\/?s={search_term_string}\"},\"query-input\":{\"@type\":\"PropertyValueSpecification\",\"valueRequired\":true,\"valueName\":\"search_term_string\"}}],\"inLanguage\":\"en-US\"}]}<\/script>\n<!-- \/ Yoast SEO plugin. -->","yoast_head_json":{"title":"Contact","robots":{"index":"index","follow":"follow","max-snippet":"max-snippet:-1","max-image-preview":"max-image-preview:large","max-video-preview":"max-video-preview:-1"},"canonical":"https:\/\/silverlife.com.vn\/en\/contact\/","og_locale":"en_US","og_type":"article","og_title":"Contact","og_description":"&nbsp; &nbsp; &nbsp; &nbsp;","og_url":"https:\/\/silverlife.com.vn\/en\/contact\/","og_site_name":"SilverLife - Cung C\u1ea5p S\u1ec9 &amp; L\u1ebb Nh\u00e2n S\u00e2m Canada T\u1ea1i Vi\u1ec7t Nam","twitter_card":"summary_large_image","twitter_misc":{"Est. reading time":"3 minutes"},"schema":{"@context":"https:\/\/schema.org","@graph":[{"@type":"WebPage","@id":"https:\/\/silverlife.com.vn\/contact","url":"https:\/\/silverlife.com.vn\/contact","name":"Contact","isPartOf":{"@id":"https:\/\/silverlife.com.vn\/#website"},"datePublished":"2020-12-03T08:22:10+00:00","dateModified":"2020-12-03T08:22:10+00:00","breadcrumb":{"@id":"https:\/\/silverlife.com.vn\/contact#breadcrumb"},"inLanguage":"en-US","potentialAction":[{"@type":"ReadAction","target":["https:\/\/silverlife.com.vn\/contact"]}]},{"@type":"BreadcrumbList","@id":"https:\/\/silverlife.com.vn\/contact#breadcrumb","itemListElement":[{"@type":"ListItem","position":1,"name":"Trang ch\u1ee7","item":"https:\/\/silverlife.com.vn\/"},{"@type":"ListItem","position":2,"name":"Contact"}]},{"@type":"WebSite","@id":"https:\/\/silverlife.com.vn\/#website","url":"https:\/\/silverlife.com.vn\/","name":"SilverLife - Cung C\u1ea5p S\u1ec9 &amp; L\u1ebb Nh\u00e2n S\u00e2m Canada T\u1ea1i Vi\u1ec7t Nam","description":"","potentialAction":[{"@type":"SearchAction","target":{"@type":"EntryPoint","urlTemplate":"https:\/\/silverlife.com.vn\/?s={search_term_string}"},"query-input":{"@type":"PropertyValueSpecification","valueRequired":true,"valueName":"search_term_string"}}],"inLanguage":"en-US"}]}},"_links":{"self":[{"href":"https:\/\/silverlife.com.vn\/en\/wp-json\/wp\/v2\/pages\/17074"}],"collection":[{"href":"https:\/\/silverlife.com.vn\/en\/wp-json\/wp\/v2\/pages"}],"about":[{"href":"https:\/\/silverlife.com.vn\/en\/wp-json\/wp\/v2\/types\/page"}],"author":[{"embeddable":true,"href":"https:\/\/silverlife.com.vn\/en\/wp-json\/wp\/v2\/users\/2"}],"replies":[{"embeddable":true,"href":"https:\/\/silverlife.com.vn\/en\/wp-json\/wp\/v2\/comments?post=17074"}],"version-history":[{"count":0,"href":"https:\/\/silverlife.com.vn\/en\/wp-json\/wp\/v2\/pages\/17074\/revisions"}],"wp:attachment":[{"href":"https:\/\/silverlife.com.vn\/en\/wp-json\/wp\/v2\/media?parent=17074"}],"curies":[{"name":"wp","href":"https:\/\/api.w.org\/{rel}","templated":true}]}}