{"id":17077,"date":"2020-12-03T15:34:00","date_gmt":"2020-12-03T08:34:00","guid":{"rendered":"https:\/\/silverlife.com.vn\/?page_id=17077"},"modified":"2020-12-03T15:34:00","modified_gmt":"2020-12-03T08:34:00","slug":"privacy-policy","status":"publish","type":"page","link":"https:\/\/silverlife.com.vn\/en\/privacy-policy","title":{"rendered":"Privacy Policy"},"content":{"rendered":"<div class=\"container section-title-container\" ><h3 class=\"section-title section-title-normal\"><b><\/b><span class=\"section-title-main\" style=\"color:rgb(5, 103, 172);\"><i class=\"icon-play\" ><\/i>ch\u00ednh s\u00e1ch b\u1ea3o m\u1eadt th\u00f4ng tin kh\u00e1ch h\u00e0ng<\/span><b><\/b><\/h3><\/div>\r\n\r\n<span style=\"font-size: 95%;\">T\u1ea1i SilverLife, kh\u00e1ch h\u00e0ng c\u1ee7a ch\u00fang t\u00f4i l\u00e0 s\u1ed1 m\u1ed9t &#8211; lu\u00f4n lu\u00f4n. \u0110\u00f3 l\u00e0 l\u00fd do t\u1ea1i sao m\u1ecdi th\u1ee9 ch\u00fang t\u00f4i l\u00e0m \u0111\u1ec1u t\u1eadp trung v\u00e0o vi\u1ec7c cung c\u1ea5p d\u1ecbch v\u1ee5 kh\u00e1ch h\u00e0ng tuy\u1ec7t v\u1eddi v\u00e0 cung c\u1ea5p gi\u00e1 c\u1ea1nh tranh.<\/span>\r\n\r\n<span style=\"font-size: 95%;\">Ch\u00fang t\u00f4i t\u00f4n tr\u1ecdng s\u1ef1 tin t\u01b0\u1edfng c\u1ee7a b\u1ea1n \u0111\u1ed1i v\u1edbi ch\u00fang t\u00f4i v\u00e0 s\u1ef1 ri\u00eang t\u01b0 c\u1ee7a th\u00f4ng tin m\u00e0 b\u1ea1n chia s\u1ebb. Th\u00f4ng tin b\u1ea1n chia s\u1ebb v\u1edbi SilverLife cho ph\u00e9p ch\u00fang t\u00f4i cung c\u1ea5p c\u00e1c s\u1ea3n ph\u1ea9m v\u1edbi tr\u1ea3i nghi\u1ec7m mua s\u1eafm t\u1ed1t nh\u1ea5t<\/span>\r\n\r\n<span style=\"font-size: 95%;\">N\u1ebfu b\u1ea1n \u0111\u0103ng k\u00fd t\u00e0i kho\u1ea3n ho\u1eb7c mua h\u00e0ng t\u1eeb Silverlife.com.vn b\u1ea1n s\u1ebd cung c\u1ea5p th\u00f4ng tin c\u00e1 nh\u00e2n nh\u01b0: h\u1ecd t\u00ean, \u0111\u1ecba ch\u1ec9 th\u1ef1c t\u1ebf, s\u1ed1 \u0111i\u1ec7n tho\u1ea1i v\u00e0 email. Ch\u00fang t\u00f4i thu th\u1eadp th\u00f4ng tin \u0111\u1ec3 cung c\u1ea5p cho b\u1ea1n c\u00e1c s\u1ea3n ph\u1ea9m v\u00e0 d\u1ecbch v\u1ee5 b\u1ea1n y\u00eau c\u1ea7u v\u00e0 \u0111\u1ec3 c\u1ea3i thi\u1ec7n tr\u1ea3i nghi\u1ec7m mua s\u1eafm c\u1ee7a b\u1ea1n. Bao g\u1ed3m:<\/span>\r\n<ul>\r\n \t<li><span style=\"font-size: 95%;\">\u0110\u00e1p \u1ee9ng y\u00eau c\u1ea7u c\u1ee7a b\u1ea1n cho c\u00e1c s\u1ea3n ph\u1ea9m v\u00e0 d\u1ecbch v\u1ee5 v\u00e0 li\u00ean l\u1ea1c v\u1edbi b\u1ea1n v\u1ec1 c\u00e1c y\u00eau c\u1ea7u \u0111\u00f3;<\/span><\/li>\r\n \t<li><span style=\"font-size: 95%;\">\u0110\u0103ng k\u00fd v\u00e0 duy tr\u00ec t\u00e0i kho\u1ea3n c\u1ee7a b\u1ea1n;<\/span><\/li>\r\n \t<li><span style=\"font-size: 95%;\">Cung c\u1ea5p d\u1ecbch v\u1ee5 kh\u00e1ch h\u00e0ng v\u00e0 th\u00f4ng b\u00e1o cho b\u1ea1n th\u00f4ng tin s\u1ea3n ph\u1ea9m<\/span><\/li>\r\n \t<li><span style=\"font-size: 95%;\">G\u1eedi cho b\u1ea1n th\u00f4ng tin v\u1ec1 c\u00e1c s\u1ea3n ph\u1ea9m, d\u1ecbch v\u1ee5 v\u00e0 ch\u01b0\u01a1ng tr\u00ecnh khuy\u1ebfn m\u00e3i c\u1ee7a ch\u00fang t\u00f4i<\/span><\/li>\r\n \t<li><span style=\"font-size: 95%;\">Tr\u1ea3 l\u1eddi c\u00e1c \u0111\u00e1nh gi\u00e1, nh\u1eadn x\u00e9t v\u00e0 ph\u1ea3n h\u1ed3i kh\u00e1c m\u00e0 b\u1ea1n cung c\u1ea5p cho ch\u00fang t\u00f4i<\/span><\/li>\r\n<\/ul>\r\n<div class=\"container section-title-container\" ><h4 class=\"section-title section-title-normal\"><b><\/b><span class=\"section-title-main\" style=\"color:rgb(6, 98, 138);\"><i class=\"icon-plus\" ><\/i>l\u00e0m th\u1ebf n\u00e0o \u0111\u1ec3 b\u1ea3o v\u1ec7 th\u00f4ng tin c\u00e1 nh\u00e2n c\u1ee7a b\u1ea1n?<\/span><b><\/b><\/h4><\/div>\r\n\r\n<span style=\"font-size: 95%;\">Ch\u00fang t\u00f4i nh\u1eadn th\u1ea5y t\u1ea7m quan tr\u1ecdng c\u1ee7a vi\u1ec7c duy tr\u00ec b\u1ea3o m\u1eadt th\u00f4ng tin c\u00e1 nh\u00e2n c\u1ee7a kh\u00e1ch h\u00e0ng. V\u00ec v\u1eady:<\/span>\r\n<ul>\r\n \t<li><span style=\"font-size: 95%;\">M\u1eadt kh\u1ea9u \u0111\u01b0\u1ee3c y\u00eau c\u1ea7u \u0111\u1ec3 truy c\u1eadp t\u00e0i kho\u1ea3n tr\u1ef1c tuy\u1ebfn c\u1ee7a b\u1ea1n v\u00e0 gi\u00fap b\u1ea3o v\u1ec7 th\u00f4ng tin t\u00e0i kho\u1ea3n c\u1ee7a b\u1ea1n. H\u00e3y gi\u1eef b\u00ed m\u1eadt m\u1eadt kh\u1ea9u n\u00e0y.<\/span><\/li>\r\n \t<li><span style=\"font-size: 95%;\">B\u1ea1n c\u00f3 tr\u00e1ch nhi\u1ec7m \u0111\u1ea3m b\u1ea3o nh\u1eefng th\u00f4ng tin cung c\u1ea5p l\u00e0 \u0111\u1ea7y \u0111\u1ee7 v\u00e0 ch\u00ednh x\u00e1c v\u00e0 lu\u00f4n c\u1eadp nh\u1eadt th\u00f4ng tin \u0111\u1ec3 \u0111\u1ea3m b\u1ea3o t\u00ednh \u0111\u1ea7y \u0111\u1ee7 v\u00e0 ch\u00ednh x\u00e1c.<\/span><\/li>\r\n \t<li><span style=\"font-size: 95%;\">B\u1ea1n \u0111\u01b0\u1ee3c \u0111\u1ea3m b\u1ea3o r\u1eb1ng nh\u1eefng th\u00f4ng tin cung c\u1ea5p cho ch\u00fang t\u00f4i s\u1ebd ch\u1ec9 \u0111\u01b0\u1ee3c d\u00f9ng \u0111\u1ec3 n\u00e2ng cao ch\u1ea5t l\u01b0\u1ee3ng d\u1ecbch v\u1ee5 d\u00e0nh cho kh\u00e1ch h\u00e0ng v\u00e0 s\u1ebd kh\u00f4ng \u0111\u01b0\u1ee3c chuy\u1ec3n giao cho b\u00ean th\u1ee9 ba n\u00e0o kh\u00e1c v\u00ec m\u1ee5c \u0111\u00edch th\u01b0\u01a1ng m\u1ea1i.<\/span><\/li>\r\n \t<li><span style=\"font-size: 95%;\">Ch\u00fang t\u00f4i c\u00f3 c\u00e1c bi\u1ec7n ph\u00e1p th\u00edch h\u1ee3p v\u1ec1 k\u1ef9 thu\u1eadt \u0111\u1ec3 ng\u0103n ch\u1eb7n vi\u1ec7c truy c\u1eadp, s\u1eed d\u1ee5ng tr\u00e1i ph\u00e9p Th\u00f4ng Tin Kh\u00e1ch H\u00e0ng.<\/span><\/li>\r\n<\/ul>\r\n<span style=\"color: #064c96;\"><strong><span style=\"font-size: 95%;\">C\u1ea3m \u01a1n b\u1ea1n \u0111\u00e3 gh\u00e9 th\u0103m trang silverlife.com.vn<\/span><\/strong><\/span>","protected":false},"excerpt":{"rendered":"<p>T\u1ea1i SilverLife, kh\u00e1ch h\u00e0ng c\u1ee7a ch\u00fang t\u00f4i l\u00e0 s\u1ed1 m\u1ed9t &#8211; lu\u00f4n lu\u00f4n. \u0110\u00f3 l\u00e0 l\u00fd do t\u1ea1i sao m\u1ecdi th\u1ee9 ch\u00fang t\u00f4i l\u00e0m \u0111\u1ec1u t\u1eadp trung v\u00e0o vi\u1ec7c cung c\u1ea5p d\u1ecbch v\u1ee5 kh\u00e1ch h\u00e0ng tuy\u1ec7t v\u1eddi v\u00e0 cung c\u1ea5p gi\u00e1 c\u1ea1nh tranh. Ch\u00fang t\u00f4i t\u00f4n tr\u1ecdng s\u1ef1 tin t\u01b0\u1edfng c\u1ee7a b\u1ea1n \u0111\u1ed1i v\u1edbi ch\u00fang [&#8230;]","protected":false},"author":2,"featured_media":0,"parent":0,"menu_order":0,"comment_status":"closed","ping_status":"open","template":"","meta":{"footnotes":""},"class_list":["post-17077","page","type-page","status-publish","hentry"],"yoast_head":"<!-- This site is optimized with the Yoast SEO plugin v23.6 - https:\/\/yoast.com\/wordpress\/plugins\/seo\/ -->\n<title>Privacy Policy<\/title>\n<meta name=\"robots\" content=\"index, follow, max-snippet:-1, max-image-preview:large, max-video-preview:-1\" \/>\n<link rel=\"canonical\" href=\"https:\/\/silverlife.com.vn\/en\/privacy-policy\/\" \/>\n<meta property=\"og:locale\" content=\"en_US\" \/>\n<meta property=\"og:type\" content=\"article\" \/>\n<meta property=\"og:title\" content=\"Privacy Policy\" \/>\n<meta property=\"og:description\" content=\"T\u1ea1i SilverLife, kh\u00e1ch h\u00e0ng c\u1ee7a ch\u00fang t\u00f4i l\u00e0 s\u1ed1 m\u1ed9t &#8211; lu\u00f4n lu\u00f4n. \u0110\u00f3 l\u00e0 l\u00fd do t\u1ea1i sao m\u1ecdi th\u1ee9 ch\u00fang t\u00f4i l\u00e0m \u0111\u1ec1u t\u1eadp trung v\u00e0o vi\u1ec7c cung c\u1ea5p d\u1ecbch v\u1ee5 kh\u00e1ch h\u00e0ng tuy\u1ec7t v\u1eddi v\u00e0 cung c\u1ea5p gi\u00e1 c\u1ea1nh tranh. Ch\u00fang t\u00f4i t\u00f4n tr\u1ecdng s\u1ef1 tin t\u01b0\u1edfng c\u1ee7a b\u1ea1n \u0111\u1ed1i v\u1edbi ch\u00fang [...]\" \/>\n<meta property=\"og:url\" content=\"https:\/\/silverlife.com.vn\/en\/privacy-policy\/\" \/>\n<meta property=\"og:site_name\" content=\"SilverLife - Cung C\u1ea5p S\u1ec9 &amp; L\u1ebb Nh\u00e2n S\u00e2m Canada T\u1ea1i Vi\u1ec7t Nam\" \/>\n<meta name=\"twitter:card\" content=\"summary_large_image\" \/>\n<meta name=\"twitter:label1\" content=\"Est. reading time\" \/>\n\t<meta name=\"twitter:data1\" content=\"3 minutes\" \/>\n<script type=\"application\/ld+json\" class=\"yoast-schema-graph\">{\"@context\":\"https:\/\/schema.org\",\"@graph\":[{\"@type\":\"WebPage\",\"@id\":\"https:\/\/silverlife.com.vn\/privacy-policy\",\"url\":\"https:\/\/silverlife.com.vn\/privacy-policy\",\"name\":\"Privacy Policy\",\"isPartOf\":{\"@id\":\"https:\/\/silverlife.com.vn\/#website\"},\"datePublished\":\"2020-12-03T08:34:00+00:00\",\"dateModified\":\"2020-12-03T08:34:00+00:00\",\"breadcrumb\":{\"@id\":\"https:\/\/silverlife.com.vn\/privacy-policy#breadcrumb\"},\"inLanguage\":\"en-US\",\"potentialAction\":[{\"@type\":\"ReadAction\",\"target\":[\"https:\/\/silverlife.com.vn\/privacy-policy\"]}]},{\"@type\":\"BreadcrumbList\",\"@id\":\"https:\/\/silverlife.com.vn\/privacy-policy#breadcrumb\",\"itemListElement\":[{\"@type\":\"ListItem\",\"position\":1,\"name\":\"Trang ch\u1ee7\",\"item\":\"https:\/\/silverlife.com.vn\/\"},{\"@type\":\"ListItem\",\"position\":2,\"name\":\"Privacy Policy\"}]},{\"@type\":\"WebSite\",\"@id\":\"https:\/\/silverlife.com.vn\/#website\",\"url\":\"https:\/\/silverlife.com.vn\/\",\"name\":\"SilverLife - Cung C\u1ea5p S\u1ec9 &amp; L\u1ebb Nh\u00e2n S\u00e2m Canada T\u1ea1i Vi\u1ec7t Nam\",\"description\":\"\",\"potentialAction\":[{\"@type\":\"SearchAction\",\"target\":{\"@type\":\"EntryPoint\",\"urlTemplate\":\"https:\/\/silverlife.com.vn\/?s={search_term_string}\"},\"query-input\":{\"@type\":\"PropertyValueSpecification\",\"valueRequired\":true,\"valueName\":\"search_term_string\"}}],\"inLanguage\":\"en-US\"}]}<\/script>\n<!-- \/ Yoast SEO plugin. -->","yoast_head_json":{"title":"Privacy Policy","robots":{"index":"index","follow":"follow","max-snippet":"max-snippet:-1","max-image-preview":"max-image-preview:large","max-video-preview":"max-video-preview:-1"},"canonical":"https:\/\/silverlife.com.vn\/en\/privacy-policy\/","og_locale":"en_US","og_type":"article","og_title":"Privacy Policy","og_description":"T\u1ea1i SilverLife, kh\u00e1ch h\u00e0ng c\u1ee7a ch\u00fang t\u00f4i l\u00e0 s\u1ed1 m\u1ed9t &#8211; lu\u00f4n lu\u00f4n. \u0110\u00f3 l\u00e0 l\u00fd do t\u1ea1i sao m\u1ecdi th\u1ee9 ch\u00fang t\u00f4i l\u00e0m \u0111\u1ec1u t\u1eadp trung v\u00e0o vi\u1ec7c cung c\u1ea5p d\u1ecbch v\u1ee5 kh\u00e1ch h\u00e0ng tuy\u1ec7t v\u1eddi v\u00e0 cung c\u1ea5p gi\u00e1 c\u1ea1nh tranh. Ch\u00fang t\u00f4i t\u00f4n tr\u1ecdng s\u1ef1 tin t\u01b0\u1edfng c\u1ee7a b\u1ea1n \u0111\u1ed1i v\u1edbi ch\u00fang [...]","og_url":"https:\/\/silverlife.com.vn\/en\/privacy-policy\/","og_site_name":"SilverLife - Cung C\u1ea5p S\u1ec9 &amp; L\u1ebb Nh\u00e2n S\u00e2m Canada T\u1ea1i Vi\u1ec7t Nam","twitter_card":"summary_large_image","twitter_misc":{"Est. reading time":"3 minutes"},"schema":{"@context":"https:\/\/schema.org","@graph":[{"@type":"WebPage","@id":"https:\/\/silverlife.com.vn\/privacy-policy","url":"https:\/\/silverlife.com.vn\/privacy-policy","name":"Privacy Policy","isPartOf":{"@id":"https:\/\/silverlife.com.vn\/#website"},"datePublished":"2020-12-03T08:34:00+00:00","dateModified":"2020-12-03T08:34:00+00:00","breadcrumb":{"@id":"https:\/\/silverlife.com.vn\/privacy-policy#breadcrumb"},"inLanguage":"en-US","potentialAction":[{"@type":"ReadAction","target":["https:\/\/silverlife.com.vn\/privacy-policy"]}]},{"@type":"BreadcrumbList","@id":"https:\/\/silverlife.com.vn\/privacy-policy#breadcrumb","itemListElement":[{"@type":"ListItem","position":1,"name":"Trang ch\u1ee7","item":"https:\/\/silverlife.com.vn\/"},{"@type":"ListItem","position":2,"name":"Privacy Policy"}]},{"@type":"WebSite","@id":"https:\/\/silverlife.com.vn\/#website","url":"https:\/\/silverlife.com.vn\/","name":"SilverLife - Cung C\u1ea5p S\u1ec9 &amp; L\u1ebb Nh\u00e2n S\u00e2m Canada T\u1ea1i Vi\u1ec7t Nam","description":"","potentialAction":[{"@type":"SearchAction","target":{"@type":"EntryPoint","urlTemplate":"https:\/\/silverlife.com.vn\/?s={search_term_string}"},"query-input":{"@type":"PropertyValueSpecification","valueRequired":true,"valueName":"search_term_string"}}],"inLanguage":"en-US"}]}},"_links":{"self":[{"href":"https:\/\/silverlife.com.vn\/en\/wp-json\/wp\/v2\/pages\/17077"}],"collection":[{"href":"https:\/\/silverlife.com.vn\/en\/wp-json\/wp\/v2\/pages"}],"about":[{"href":"https:\/\/silverlife.com.vn\/en\/wp-json\/wp\/v2\/types\/page"}],"author":[{"embeddable":true,"href":"https:\/\/silverlife.com.vn\/en\/wp-json\/wp\/v2\/users\/2"}],"replies":[{"embeddable":true,"href":"https:\/\/silverlife.com.vn\/en\/wp-json\/wp\/v2\/comments?post=17077"}],"version-history":[{"count":0,"href":"https:\/\/silverlife.com.vn\/en\/wp-json\/wp\/v2\/pages\/17077\/revisions"}],"wp:attachment":[{"href":"https:\/\/silverlife.com.vn\/en\/wp-json\/wp\/v2\/media?parent=17077"}],"curies":[{"name":"wp","href":"https:\/\/api.w.org\/{rel}","templated":true}]}}