{"id":17078,"date":"2020-12-03T15:34:14","date_gmt":"2020-12-03T08:34:14","guid":{"rendered":"https:\/\/silverlife.com.vn\/?page_id=17078"},"modified":"2020-12-03T15:34:14","modified_gmt":"2020-12-03T08:34:14","slug":"payment-policy","status":"publish","type":"page","link":"https:\/\/silverlife.com.vn\/en\/payment-policy","title":{"rendered":"Payment Policy"},"content":{"rendered":"<div class=\"container section-title-container\" ><h3 class=\"section-title section-title-normal\"><b><\/b><span class=\"section-title-main\" style=\"color:rgb(4, 72, 145);\"><i class=\"icon-checkmark\" ><\/i>Th\u00f4ng tin v\u1ec1 ph\u01b0\u01a1ng th\u1ee9c thanh to\u00e1n<\/span><b><\/b><\/h3><\/div>\r\n\r\n\u0110\u1ec3 thu\u1eadn ti\u1ec7n cho vi\u1ec7c mua s\u1eafm c\u1ee7a Qu\u00fd kh\u00e1ch h\u00e0ng t\u1ea1i www.silverlife.com.vn, ch\u00fang t\u00f4i cung c\u1ea5p c\u00e1c ph\u01b0\u01a1ng th\u1ee9c thanh to\u00e1n sau:\r\n\r\n<div class=\"container section-title-container\" ><h4 class=\"section-title section-title-normal\"><b><\/b><span class=\"section-title-main\" style=\"font-size:85%;color:rgb(4, 80, 145);\"><i class=\"icon-play\" ><\/i>1\/ Giao h\u00e0ng v\u00e0 thu ti\u1ec1n t\u1eadn n\u01a1i (Ship COD)<\/span><b><\/b><\/h4><\/div>\r\n\r\nSau khi Qu\u00fd Kh\u00e1ch h\u00e0ng \u0111\u1eb7t mua h\u00e0ng t\u1ea1i website: silverlife.com.vn, d\u1ef1a v\u00e0o c\u00e1c th\u00f4ng tin Qu\u00fd kh\u00e1ch cung c\u1ea5p, nh\u00e2n vi\u00ean c\u1ee7a s\u1ebd \u0111\u1ebfn t\u1eadn n\u01a1i giao h\u00e0ng. Sau khi ki\u1ec3m tra h\u00e0ng \u0111\u1ea7y \u0111\u1ee7, Qu\u00fd kh\u00e1ch\u00a0 x\u00e1c nh\u1eadn v\u00e0 thanh to\u00e1n ti\u1ec1n ngay cho nh\u00e2n vi\u00ean giao h\u00e0ng.\r\n\r\nTr\u01b0\u1eddng h\u1ee3p, Qu\u00fd kh\u00e1ch c\u00f3 y\u00eau c\u1ea7u giao h\u00e0ng \u0111\u1ebfn 1 \u0111\u1ecba ch\u1ec9 kh\u00e1c, Qu\u00fd kh\u00e1ch s\u1ebd thanh to\u00e1n tr\u01b0\u1edbc ti\u1ec1n h\u00e0ng v\u1edbi ch\u00fang t\u00f4i, \u0111\u1ed3ng th\u1eddi cung c\u1ea5p l\u1ea1i cho nh\u00e2n vi\u00ean giao h\u00e0ng \u0111\u1ecba ch\u1ec9 giao h\u00e0ng m\u1edbi. Th\u1eddi gian giao l\u1ea1i \u0111\u01a1n h\u00e0ng ch\u1eadm nh\u1ea5t trong v\u00f2ng 1 ng\u00e0y.\r\n\r\n<div class=\"container section-title-container\" ><h3 class=\"section-title section-title-normal\"><b><\/b><span class=\"section-title-main\" style=\"font-size:75%;color:rgb(3, 71, 143);\"><i class=\"icon-play\" ><\/i>2\/ Chuy\u1ec3n kho\u1ea3n qua Ng\u00e2n h\u00e0ng<\/span><b><\/b><\/h3><\/div>\r\n\r\nQu\u00fd kh\u00e1ch c\u00f3 th\u1ec3 s\u1eed d\u1ee5ng\u00a0 th\u1ebb ATM\/ th\u1ebb qu\u1ed1c t\u1ebf \u0111\u00e3 \u0111\u01b0\u1ee3c k\u00edch ho\u1ea1t ch\u1ee9c n\u0103ng thanh to\u00e1n tr\u1ef1c ti\u1ebfp th\u00f4ng qua d\u1ecbch v\u1ee5 Internet Banking ho\u1eb7c \u0111\u1ebfn b\u1ea5t k\u1ef3 \u0111i\u1ec3m giao d\u1ecbch\/ATM c\u1ee7a c\u00e1c ng\u00e2n h\u00e0ng \u0111\u1ec3 th\u1ef1c hi\u1ec7n giao d\u1ecbch chuy\u1ec3n ti\u1ec1n.\r\n\r\n<span style=\"color: #0b4699;\"><strong>Th\u00f4ng tin chuy\u1ec3n kho\u1ea3n:<\/strong><\/span>\r\n\r\n&#8211; Ch\u1ee7 TK: Nguy\u1ec5n Th\u1ecb Tr\u01b0\u1eddng Duy\r\n\r\n&#8211; S\u1ed1 TK: 0371000417702\r\n\r\n&#8211; Ng\u00e2n h\u00e0ng Vietcombank, CN T\u00e2n \u0110\u1ecbnh.\r\n<blockquote><span style=\"color: #0b4699;\">N\u1ed9i dung: T\u00ean ng\u01b0\u1eddi \u0111\u1eb7t h\u00e0ng \u2013 S\u1ed1 \u0111i\u1ec7n tho\u1ea1i ng\u01b0\u1eddi \u0111\u1eb7t h\u00e0ng \u2013 L\u00fd do chuy\u1ec3n ti\u1ec1n\u201d<\/span><\/blockquote>\r\n<strong><span style=\"color: #0b4699;\">L\u01b0u \u00fd:<\/span><\/strong>\r\n\r\nSau khi chuy\u1ec3n kho\u1ea3n, Qu\u00fd kh\u00e1ch vui l\u00f2ng th\u00f4ng b\u00e1o cho ch\u00fang t\u00f4i vi\u1ec7c chuy\u1ec3n ti\u1ec1n v\u00e0 s\u1ed1 t\u00e0i kho\u1ea3n c\u1ee7a Qu\u00fd kh\u00e1ch b\u1eb1ng \u0111i\u1ec7n tho\u1ea1i ho\u1eb7c email \u0111\u1ec3 thu\u1eadn ti\u1ec7n trong vi\u1ec7c ki\u1ec3m tra.","protected":false},"excerpt":{"rendered":"<p>\u0110\u1ec3 thu\u1eadn ti\u1ec7n cho vi\u1ec7c mua s\u1eafm c\u1ee7a Qu\u00fd kh\u00e1ch h\u00e0ng t\u1ea1i www.silverlife.com.vn, ch\u00fang t\u00f4i cung c\u1ea5p c\u00e1c ph\u01b0\u01a1ng th\u1ee9c thanh to\u00e1n sau: Sau khi Qu\u00fd Kh\u00e1ch h\u00e0ng \u0111\u1eb7t mua h\u00e0ng t\u1ea1i website: silverlife.com.vn, d\u1ef1a v\u00e0o c\u00e1c th\u00f4ng tin Qu\u00fd kh\u00e1ch cung c\u1ea5p, nh\u00e2n vi\u00ean c\u1ee7a s\u1ebd \u0111\u1ebfn t\u1eadn n\u01a1i giao h\u00e0ng. Sau khi ki\u1ec3m [&#8230;]","protected":false},"author":2,"featured_media":0,"parent":0,"menu_order":0,"comment_status":"closed","ping_status":"closed","template":"","meta":{"footnotes":""},"class_list":["post-17078","page","type-page","status-publish","hentry"],"yoast_head":"<!-- This site is optimized with the Yoast SEO plugin v23.6 - https:\/\/yoast.com\/wordpress\/plugins\/seo\/ -->\n<title>Payment Policy<\/title>\n<meta name=\"robots\" content=\"index, follow, max-snippet:-1, max-image-preview:large, max-video-preview:-1\" \/>\n<link rel=\"canonical\" href=\"https:\/\/silverlife.com.vn\/en\/payment-policy\/\" \/>\n<meta property=\"og:locale\" content=\"en_US\" \/>\n<meta property=\"og:type\" content=\"article\" \/>\n<meta property=\"og:title\" content=\"Payment Policy\" \/>\n<meta property=\"og:description\" content=\"\u0110\u1ec3 thu\u1eadn ti\u1ec7n cho vi\u1ec7c mua s\u1eafm c\u1ee7a Qu\u00fd kh\u00e1ch h\u00e0ng t\u1ea1i www.silverlife.com.vn, ch\u00fang t\u00f4i cung c\u1ea5p c\u00e1c ph\u01b0\u01a1ng th\u1ee9c thanh to\u00e1n sau: Sau khi Qu\u00fd Kh\u00e1ch h\u00e0ng \u0111\u1eb7t mua h\u00e0ng t\u1ea1i website: silverlife.com.vn, d\u1ef1a v\u00e0o c\u00e1c th\u00f4ng tin Qu\u00fd kh\u00e1ch cung c\u1ea5p, nh\u00e2n vi\u00ean c\u1ee7a s\u1ebd \u0111\u1ebfn t\u1eadn n\u01a1i giao h\u00e0ng. Sau khi ki\u1ec3m [...]\" \/>\n<meta property=\"og:url\" content=\"https:\/\/silverlife.com.vn\/en\/payment-policy\/\" \/>\n<meta property=\"og:site_name\" content=\"SilverLife - Cung C\u1ea5p S\u1ec9 &amp; L\u1ebb Nh\u00e2n S\u00e2m Canada T\u1ea1i Vi\u1ec7t Nam\" \/>\n<meta name=\"twitter:card\" content=\"summary_large_image\" \/>\n<meta name=\"twitter:label1\" content=\"Est. reading time\" \/>\n\t<meta name=\"twitter:data1\" content=\"2 minutes\" \/>\n<script type=\"application\/ld+json\" class=\"yoast-schema-graph\">{\"@context\":\"https:\/\/schema.org\",\"@graph\":[{\"@type\":\"WebPage\",\"@id\":\"https:\/\/silverlife.com.vn\/payment-policy\",\"url\":\"https:\/\/silverlife.com.vn\/payment-policy\",\"name\":\"Payment Policy\",\"isPartOf\":{\"@id\":\"https:\/\/silverlife.com.vn\/#website\"},\"datePublished\":\"2020-12-03T08:34:14+00:00\",\"dateModified\":\"2020-12-03T08:34:14+00:00\",\"breadcrumb\":{\"@id\":\"https:\/\/silverlife.com.vn\/payment-policy#breadcrumb\"},\"inLanguage\":\"en-US\",\"potentialAction\":[{\"@type\":\"ReadAction\",\"target\":[\"https:\/\/silverlife.com.vn\/payment-policy\"]}]},{\"@type\":\"BreadcrumbList\",\"@id\":\"https:\/\/silverlife.com.vn\/payment-policy#breadcrumb\",\"itemListElement\":[{\"@type\":\"ListItem\",\"position\":1,\"name\":\"Trang ch\u1ee7\",\"item\":\"https:\/\/silverlife.com.vn\/\"},{\"@type\":\"ListItem\",\"position\":2,\"name\":\"Payment Policy\"}]},{\"@type\":\"WebSite\",\"@id\":\"https:\/\/silverlife.com.vn\/#website\",\"url\":\"https:\/\/silverlife.com.vn\/\",\"name\":\"SilverLife - Cung C\u1ea5p S\u1ec9 &amp; L\u1ebb Nh\u00e2n S\u00e2m Canada T\u1ea1i Vi\u1ec7t Nam\",\"description\":\"\",\"potentialAction\":[{\"@type\":\"SearchAction\",\"target\":{\"@type\":\"EntryPoint\",\"urlTemplate\":\"https:\/\/silverlife.com.vn\/?s={search_term_string}\"},\"query-input\":{\"@type\":\"PropertyValueSpecification\",\"valueRequired\":true,\"valueName\":\"search_term_string\"}}],\"inLanguage\":\"en-US\"}]}<\/script>\n<!-- \/ Yoast SEO plugin. -->","yoast_head_json":{"title":"Payment Policy","robots":{"index":"index","follow":"follow","max-snippet":"max-snippet:-1","max-image-preview":"max-image-preview:large","max-video-preview":"max-video-preview:-1"},"canonical":"https:\/\/silverlife.com.vn\/en\/payment-policy\/","og_locale":"en_US","og_type":"article","og_title":"Payment Policy","og_description":"\u0110\u1ec3 thu\u1eadn ti\u1ec7n cho vi\u1ec7c mua s\u1eafm c\u1ee7a Qu\u00fd kh\u00e1ch h\u00e0ng t\u1ea1i www.silverlife.com.vn, ch\u00fang t\u00f4i cung c\u1ea5p c\u00e1c ph\u01b0\u01a1ng th\u1ee9c thanh to\u00e1n sau: Sau khi Qu\u00fd Kh\u00e1ch h\u00e0ng \u0111\u1eb7t mua h\u00e0ng t\u1ea1i website: silverlife.com.vn, d\u1ef1a v\u00e0o c\u00e1c th\u00f4ng tin Qu\u00fd kh\u00e1ch cung c\u1ea5p, nh\u00e2n vi\u00ean c\u1ee7a s\u1ebd \u0111\u1ebfn t\u1eadn n\u01a1i giao h\u00e0ng. Sau khi ki\u1ec3m [...]","og_url":"https:\/\/silverlife.com.vn\/en\/payment-policy\/","og_site_name":"SilverLife - Cung C\u1ea5p S\u1ec9 &amp; L\u1ebb Nh\u00e2n S\u00e2m Canada T\u1ea1i Vi\u1ec7t Nam","twitter_card":"summary_large_image","twitter_misc":{"Est. reading time":"2 minutes"},"schema":{"@context":"https:\/\/schema.org","@graph":[{"@type":"WebPage","@id":"https:\/\/silverlife.com.vn\/payment-policy","url":"https:\/\/silverlife.com.vn\/payment-policy","name":"Payment Policy","isPartOf":{"@id":"https:\/\/silverlife.com.vn\/#website"},"datePublished":"2020-12-03T08:34:14+00:00","dateModified":"2020-12-03T08:34:14+00:00","breadcrumb":{"@id":"https:\/\/silverlife.com.vn\/payment-policy#breadcrumb"},"inLanguage":"en-US","potentialAction":[{"@type":"ReadAction","target":["https:\/\/silverlife.com.vn\/payment-policy"]}]},{"@type":"BreadcrumbList","@id":"https:\/\/silverlife.com.vn\/payment-policy#breadcrumb","itemListElement":[{"@type":"ListItem","position":1,"name":"Trang ch\u1ee7","item":"https:\/\/silverlife.com.vn\/"},{"@type":"ListItem","position":2,"name":"Payment Policy"}]},{"@type":"WebSite","@id":"https:\/\/silverlife.com.vn\/#website","url":"https:\/\/silverlife.com.vn\/","name":"SilverLife - Cung C\u1ea5p S\u1ec9 &amp; L\u1ebb Nh\u00e2n S\u00e2m Canada T\u1ea1i Vi\u1ec7t Nam","description":"","potentialAction":[{"@type":"SearchAction","target":{"@type":"EntryPoint","urlTemplate":"https:\/\/silverlife.com.vn\/?s={search_term_string}"},"query-input":{"@type":"PropertyValueSpecification","valueRequired":true,"valueName":"search_term_string"}}],"inLanguage":"en-US"}]}},"_links":{"self":[{"href":"https:\/\/silverlife.com.vn\/en\/wp-json\/wp\/v2\/pages\/17078"}],"collection":[{"href":"https:\/\/silverlife.com.vn\/en\/wp-json\/wp\/v2\/pages"}],"about":[{"href":"https:\/\/silverlife.com.vn\/en\/wp-json\/wp\/v2\/types\/page"}],"author":[{"embeddable":true,"href":"https:\/\/silverlife.com.vn\/en\/wp-json\/wp\/v2\/users\/2"}],"replies":[{"embeddable":true,"href":"https:\/\/silverlife.com.vn\/en\/wp-json\/wp\/v2\/comments?post=17078"}],"version-history":[{"count":0,"href":"https:\/\/silverlife.com.vn\/en\/wp-json\/wp\/v2\/pages\/17078\/revisions"}],"wp:attachment":[{"href":"https:\/\/silverlife.com.vn\/en\/wp-json\/wp\/v2\/media?parent=17078"}],"curies":[{"name":"wp","href":"https:\/\/api.w.org\/{rel}","templated":true}]}}