{"id":400,"date":"2019-04-09T01:30:04","date_gmt":"2019-04-09T01:30:04","guid":{"rendered":"http:\/\/lequandai.tk\/silverlife\/?page_id=400"},"modified":"2019-12-16T11:01:21","modified_gmt":"2019-12-16T04:01:21","slug":"cach-chon-mua-nhan-sam-canada-chat-luong","status":"publish","type":"page","link":"https:\/\/silverlife.com.vn\/en\/cach-chon-mua-nhan-sam-canada-chat-luong","title":{"rendered":"C\u00e1ch Ch\u1ecdn Mua Nh\u00e2n S\u00e2m Canada Ch\u1ea5t L\u01b0\u1ee3ng"},"content":{"rendered":"<p><\/p>\r\n<p><span style=\"font-family: 'times new roman', times, serif; font-size: 120%;\"><span style=\"color: #ff9900;\"><strong>Nh\u00e2n s\u00e2m<\/strong><\/span> l\u00e0 m\u1ed9t lo\u1ea1i c\u00e2y th\u1ea3o d\u01b0\u1ee3c qu\u00fd \u0111\u01b0\u1ee3c s\u1eed d\u1ee5ng \u0111\u1ec3 b\u1ed3i b\u1ed5 s\u1ee9c kh\u1ecfe v\u00e0 h\u1ed7 tr\u1ee3 \u0111i\u1ec1u tr\u1ecb m\u1ed9t s\u1ed1 b\u1ec7nh m\u1ed9t c\u00e1ch t\u1ef1 nhi\u00ean. Trong c\u1ee7 nh\u00e2n s\u00e2m r\u1ea5t gi\u00e0u ginsenosides, m\u1ed9t h\u1ee3p ch\u1ea5t mang l\u1ea1i nhi\u1ec1u l\u1ee3i \u00edch r\u1ea5t t\u1ed1t cho s\u1ee9c kh\u1ecfe c\u1ee7a con ng\u01b0\u1eddi.<\/span><\/p>\r\n<p><span style=\"font-family: 'times new roman', times, serif; font-size: 120%;\"><\/span><\/p>\r\n<p><span style=\"font-family: 'times new roman', times, serif; font-size: 120%;\">Nh\u1eefng l\u1ee3i \u00edch v\u00e0 c\u00f4ng d\u1ee5ng tuy\u1ec7t v\u1eddi c\u1ee7a nh\u00e2n s\u00e2m \u0111\u01b0\u1ee3c bi\u1ebft \u0111\u1ebfn t\u1eeb r\u1ea5t l\u00e2u v\u00e0 vi\u1ec7c s\u1eed d\u1ee5ng nh\u00e2n s\u00e2m b\u1eaft ngu\u1ed3n t\u1eeb y h\u1ecdc c\u1ed5 truy\u1ec1n Trung Qu\u1ed1c.<\/span><\/p>\r\n<p><span style=\"font-family: 'times new roman', times, serif; font-size: 120%;\">C\u00f3 r\u1ea5t nhi\u1ec1u lo\u1ea1i nh\u00e2n s\u00e2m kh\u00e1c nhau tr\u00ean th\u1ecb tr\u01b0\u1eddng \u0111\u00f3 l\u00e0 <span style=\"color: #ff9900;\"><strong>nh\u00e2n s\u00e2m Ch\u00e2u \u00c1<\/strong><\/span> and <strong><span style=\"color: #ff9900;\">nh\u00e2n s\u00e2m B\u1eafc M\u1ef9<\/span><\/strong>. Ri\u00eang nh\u00e2n s\u00e2m B\u1eafc M\u1ef9 ng\u00e0y nay \u0111ang \u0111\u01b0\u1ee3c s\u1eed d\u1ee5ng ng\u00e0y c\u00e0ng ph\u1ed5 bi\u1ebfn do nh\u1eefng c\u00f4ng d\u1ee5ng th\u1ea7n k\u1ef3 c\u1ee7a n\u00f3 mang l\u1ea1i.<\/span><\/p>\r\n<figure id=\"attachment_3915\" aria-describedby=\"caption-attachment-3915\" style=\"width: 400px\" class=\"wp-caption aligncenter\"><img loading=\"lazy\" decoding=\"async\" class=\"wp-image-3915 size-medium\" title=\"C\u1ee7 Nh\u00e2n S\u00e2m Canada\" src=\"https:\/\/silverlife.com.vn\/wp-content\/uploads\/2019\/11\/nhan-sam-canada-nguyen-cu-400x400.jpg\" alt=\"C\u1ee7 Nh\u00e2n S\u00e2m Canada\" width=\"400\" height=\"400\" srcset=\"https:\/\/silverlife.com.vn\/wp-content\/uploads\/2019\/11\/nhan-sam-canada-nguyen-cu-400x400.jpg 400w, https:\/\/silverlife.com.vn\/wp-content\/uploads\/2019\/11\/nhan-sam-canada-nguyen-cu-280x280.jpg 280w, https:\/\/silverlife.com.vn\/wp-content\/uploads\/2019\/11\/nhan-sam-canada-nguyen-cu-100x100.jpg 100w, https:\/\/silverlife.com.vn\/wp-content\/uploads\/2019\/11\/nhan-sam-canada-nguyen-cu.jpg 600w\" sizes=\"(max-width: 400px) 100vw, 400px\" \/><figcaption id=\"caption-attachment-3915\" class=\"wp-caption-text\"><\/span> <span style=\"font-family: 'times new roman', times, serif; font-size: 120%;\"><strong>Nh\u00e2n S\u00e2m Canada Nguy\u00ean C\u1ee7<\/strong><\/span><\/figcaption><\/figure>\r\n<p><span style=\"font-family: 'times new roman', times, serif; font-size: 120%;\">Nh\u00e2n s\u00e2m B\u1eafc M\u1ef9 t\u00ean khoa h\u1ecdc Panax Quinquefolius l\u00e0 lo\u1ea1i nh\u00e2n s\u00e2m c\u00f3 m\u00f4i tr\u01b0\u1eddng sinh tr\u01b0\u1edfng v\u00e0 ph\u00e1t tri\u1ec3n t\u1eadp trung \u1edf khu v\u1ef1c B\u1eafc M\u1ef9. Nh\u00e2n s\u00e2m B\u1eafc M\u1ef9 c\u00f2n \u0111\u01b0\u1ee3c g\u1ecdi b\u1eb1ng m\u1ed9t s\u1ed1 c\u00e1i t\u00ean kh\u00e1c nh\u01b0 l\u00e0 <span style=\"color: #ff9900;\"><strong>s\u00e2m M\u1ef9<\/strong><\/span>, <span style=\"color: #ff9900;\"><strong>nh\u00e2n s\u00e2m Hoa K\u1ef3<\/strong><\/span>, <span style=\"color: #ff9900;\"><strong>nh\u00e2n s\u00e2m Canada<\/strong><\/span>.<\/span><\/p>\r\n<p><span style=\"font-family: 'times new roman', times, serif; font-size: 120%;\">Sau \u0111\u00e2y l\u00e0 chia s\u1ebb v\u1ec1 <span style=\"color: #ff9900;\"><strong><a style=\"color: #ff9900;\" href=\"https:\/\/silverlife.com.vn\/en\/cach-chon-mua-nhan-sam-canada-chat-luong\/\">nh\u1eefng \u0111i\u1ec1u l\u01b0u \u00fd khi ch\u1ecdn mua nh\u00e2n s\u00e2m Canada<\/a><\/strong><\/span> (nh\u00e2n s\u00e2m B\u1eafc M\u1ef9)<\/span><\/p>\r\n<p><span style=\"font-family: 'times new roman', times, serif; font-size: 120%;\"><\/span><\/p>\r\n<h2 class=\"wp-block-heading\"><span style=\"color: #ff9900; font-family: 'times new roman', times, serif; font-size: 120%;\"><strong>Nh\u1eefng \u0110i\u1ec1u Quan Tr\u1ecdng C\u1ea7n Ch\u00fa \u00dd Khi Ch\u1ecdn Mua Nh\u00e2n S\u00e2m Canada<\/strong><\/span><\/h2>\r\n<p><span style=\"font-family: 'times new roman', times, serif; font-size: 120%;\"><\/span><\/p>\r\n<h3 class=\"wp-block-heading\"><span style=\"color: #ff9900; font-family: 'times new roman', times, serif; font-size: 120%;\"><strong>K\u00edch Th\u01b0\u1edbc &#8211; H\u00ecnh D\u1ea1ng V\u00e0 Tu\u1ed5i S\u00e2m<\/strong><\/span><\/h3>\r\n<p><span style=\"font-family: 'times new roman', times, serif; font-size: 120%;\"><\/span><\/p>\r\n<h4><span style=\"color: #ff9900; font-family: 'times new roman', times, serif; font-size: 120%;\"><strong>V\u1ec1 K\u00edch Th\u01b0\u1edbc<\/strong><\/span><\/h4>\r\n<p><span style=\"font-family: 'times new roman', times, serif; font-size: 120%;\"><span style=\"color: #ff9900;\"><strong>C\u1ee7 nh\u00e2n s\u00e2m Canada<\/strong><\/span> th\u01b0\u1eddng c\u00f3 s\u1eb5n \u1edf d\u1ea1ng kh\u00f4 c\u00f3 \u0111\u1ed9 d\u00e0i t\u1eeb 4 \u0111\u1ebfn 12cm. Nh\u00ecn chung, c\u1ee7 s\u00e2m c\u00f3 th\u00e2n d\u00e0y t\u1eeb 0,5 \u0111\u1ebfn 2cm.<\/span><\/p>\r\n<figure id=\"attachment_3914\" aria-describedby=\"caption-attachment-3914\" style=\"width: 400px\" class=\"wp-caption aligncenter\"><img loading=\"lazy\" decoding=\"async\" class=\"wp-image-3914 size-medium\" title=\"* Classification of SilverLife Whole Dried Canadian Ginseng:\" src=\"https:\/\/silverlife.com.vn\/wp-content\/uploads\/2019\/11\/nhan-sam-canada-nguyen-cu-1-400x400.jpg\" alt=\"C\u00e1c Lo\u1ea1i Nh\u00e2n S\u00e2m Canada SilverLife Nguy\u00ean C\u1ee7\" width=\"400\" height=\"400\" srcset=\"https:\/\/silverlife.com.vn\/wp-content\/uploads\/2019\/11\/nhan-sam-canada-nguyen-cu-1-400x400.jpg 400w, https:\/\/silverlife.com.vn\/wp-content\/uploads\/2019\/11\/nhan-sam-canada-nguyen-cu-1-280x280.jpg 280w, https:\/\/silverlife.com.vn\/wp-content\/uploads\/2019\/11\/nhan-sam-canada-nguyen-cu-1-100x100.jpg 100w, https:\/\/silverlife.com.vn\/wp-content\/uploads\/2019\/11\/nhan-sam-canada-nguyen-cu-1.jpg 600w\" sizes=\"(max-width: 400px) 100vw, 400px\" \/><figcaption id=\"caption-attachment-3914\" class=\"wp-caption-text\"><\/span> <span style=\"font-family: 'times new roman', times, serif; font-size: 120%;\"><strong>* Classification of SilverLife Whole Dried Canadian Ginseng:<\/strong><\/span><\/figcaption><\/figure>\r\n<p><span style=\"font-family: 'times new roman', times, serif; font-size: 120%;\"><\/span><\/p>\r\n<h4><span style=\"font-family: 'times new roman', times, serif; font-size: 120%; color: #ff9900;\"><strong>V\u1ec1 H\u00ecnh D\u1ea1ng<\/strong><\/span><\/h4>\r\n<p><span style=\"font-family: 'times new roman', times, serif; font-size: 120%;\">C\u1ee7 nh\u00e2n s\u00e2m Canada th\u01b0\u1eddng c\u00f3 h\u00ecnh d\u1ea1ng l\u00e0 h\u00ecnh tr\u1ee5. B\u1ec1 m\u1eb7t c\u1ee7 c\u00f3 c\u00e1c s\u1ecdc m\u1ecbn v\u00e0 c\u00e1c n\u1ebfp nh\u0103n d\u1ecdc kh\u00f4ng \u0111\u1ec1u, c\u00f9ng v\u1edbi c\u00e1c \u0111\u01b0\u1eddng h\u00ecnh v\u00f2ng tr\u00f2n d\u00e0y v\u00e0 m\u1ecbn tr\u00ean \u0111\u1ec9nh.<\/span><\/p>\r\n<p><span style=\"font-family: 'times new roman', times, serif; font-size: 120%;\"><\/span><\/p>\r\n<h4><span style=\"font-family: 'times new roman', times, serif; font-size: 120%; color: #ff9900;\"><strong>Tu\u1ed5i S\u00e2m<\/strong><\/span><\/h4>\r\n<p><span style=\"font-family: 'times new roman', times, serif; font-size: 120%;\">H\u1ea7u h\u1ebft nh\u00e2n s\u00e2m Canada hi\u1ec7n nay \u0111\u01b0\u1ee3c tr\u1ed3ng v\u00e0 thu hoach \u00edt nh\u1ea5t sau 3 \u0111\u1ebfn 4 n\u0103m th\u1eadm ch\u00ed 5 n\u0103m tr\u01b0\u1edbc. Tu\u1ed5i c\u1ee7a nh\u00e2n s\u00e2m c\u00f3 th\u1ec3 \u0111\u01b0\u1ee3c x\u00e1c \u0111\u1ecbnh b\u1eb1ng c\u00e1ch \u0111\u1ebfm c\u00e1c v\u1ebft s\u1eb9o tr\u00ean l\u00e1 c\u1ee7a n\u00f3. S\u1ed1 l\u01b0\u1ee3ng s\u1eb9o l\u00e1 c\u00e0ng nhi\u1ec1u, c\u1ee7 s\u00e2m c\u00e0ng l\u00e2u n\u0103m v\u00e0 c\u00e0ng nhi\u1ec1u d\u01b0\u1ee1ng ch\u1ea5t.<\/span><\/p>\r\n<p><span style=\"font-family: 'times new roman', times, serif; font-size: 120%;\"><\/span><\/p>\r\n<h3 class=\"wp-block-heading\"><span style=\"color: #ff9900; font-family: 'times new roman', times, serif; font-size: 120%;\"><strong>C\u00e1c Lo\u1ea1i T\u0103ng Tr\u01b0\u1edfng C\u1ee7a Nh\u00e2n S\u00e2m Canada<\/strong><\/span><\/h3>\r\n<p><span style=\"font-family: 'times new roman', times, serif; font-size: 120%;\"><\/span><\/p>\r\n<p><span style=\"font-family: 'times new roman', times, serif; font-size: 120%;\">Nh\u00e2n s\u00e2m Canada hi\u1ec7n \u0111ang c\u00f3 tr\u00ean th\u1ecb tr\u01b0\u1eddng \u0111a s\u1ed1 l\u00e0 \u0111\u01b0\u1ee3c tr\u1ed3ng trong c\u00e1c n\u00f4ng tr\u1ea1i nh\u00e2n s\u00e2m \u1edf Hoa K\u1ef3, Canada. Nh\u00e2n s\u00e2m sinh tr\u01b0\u1edfng v\u00e0 ph\u00e1t tri\u1ec3n t\u1ef1 nhi\u00ean hi\u1ec7n nay r\u1ea5t \u00edt.<\/span><\/p>\r\n<p><span style=\"font-family: 'times new roman', times, serif; font-size: 120%;\">Ng\u00e0y nay do nhu c\u1ea7u s\u1eed d\u1ee5ng s\u00e2m Canada ng\u00e0y c\u00e0ng cao n\u00ean ngh\u1ec1 tr\u1ed3ng s\u00e2m \u0111ang ph\u00e1t tri\u1ec3n m\u1ea1nh t\u1ea1i Hoa K\u1ef3, Canada.<\/span><\/p>\r\n<p><span style=\"font-family: 'times new roman', times, serif; font-size: 120%;\"><\/span><\/p>\r\n<p><span style=\"font-family: 'times new roman', times, serif; font-size: 120%;\"><\/span><\/p>\r\n<h3 class=\"wp-block-heading\"><span style=\"font-size: 120%; color: #ff9900; font-family: 'times new roman', times, serif;\"><strong>M\u00f9i V\u1ecb &#8211; M\u00e0u S\u1eafc S\u00e2m Canada<\/strong><\/span><\/h3>\r\n<p><span style=\"font-family: 'times new roman', times, serif; font-size: 120%;\">Nh\u00e2n s\u00e2m Canada c\u00f3 th\u1ec3 l\u00e0 nh\u00e2n s\u00e2m sinh tr\u01b0\u1edfng v\u00e0 ph\u00e1t tri\u1ec3n t\u1ef1 nhi\u00ean ho\u1eb7c \u0111\u01b0\u1ee3c tr\u1ed3ng trong c\u00e1c n\u00f4ng tr\u1ea1i nh\u00e2n s\u00e2m.<\/span><\/p>\r\n<p><span style=\"font-family: 'times new roman', times, serif; font-size: 120%;\">Nh\u00e2n s\u00e2m Canada t\u1ef1 nhi\u00ean c\u00f3 m\u00e0u tr\u1eafng, m\u00f9i n\u1eb7ng c\u00f3 v\u1ecb ng\u1ecdt h\u01a1i \u0111\u1eafng nh\u1eb9.<\/span><\/p>\r\n<p><span style=\"font-family: 'times new roman', times, serif; font-size: 120%;\">Nh\u00e2n s\u00e2m Canada \u0111\u01b0\u1ee3c tr\u1ed3ng v\u00e0 thu ho\u1ea1ch c\u00f3 m\u00e0u v\u00e0ng nh\u1ea1t, m\u00f9i n\u1eb7ng c\u00f3 v\u1ecb ng\u1ecdt h\u01a1i \u0111\u1eafng nh\u1eb9.<\/span><\/p>\r\n<h3><span style=\"color: #ff9900; font-family: 'times new roman', times, serif; font-size: 120%;\"><strong>Gi\u00e1 Nh\u00e2n S\u00e2m Canada Hi\u1ec7n Nay<\/strong><\/span><\/h3>\r\n<p><span style=\"font-family: 'times new roman', times, serif; font-size: 120%;\"><\/span><\/p>\r\n<p><span style=\"font-family: 'times new roman', times, serif; font-size: 120%;\">Gi\u00e1 s\u00e2m th\u01b0\u1eddng ph\u1ee5 thu\u1ed9c v\u00e0o k\u00edch th\u01b0\u1edbc c\u1ee7 s\u00e2m, tu\u1ed5i s\u00e2m.<\/span><\/p>\r\n<p><span style=\"font-family: 'times new roman', times, serif; font-size: 120%;\">C\u1ee7 nh\u00e2n s\u00e2m c\u00e0ng l\u1edbn, tu\u1ed5i s\u00e2m c\u00e0ng cao gi\u00e1 b\u00e1n ra th\u1ecb tr\u01b0\u1eddng c\u00e0ng cao.<\/span><\/p>\r\n<p><span style=\"font-family: 'times new roman', times, serif; font-size: 120%;\">Ngo\u00e0i ra, gi\u00e1 b\u00e1n nh\u00e2n s\u00e2m sinh tr\u01b0\u1edfng v\u00e0 ph\u00e1t tri\u1ec3n t\u1ef1 nhi\u00ean c\u00f3 gi\u00e1 b\u00e1n cao h\u01a1n so v\u1edbi s\u00e2m Canada tr\u1ed3ng v\u00e0 thu ho\u1ea1ch c\u00f9ng lo\u1ea1i.<\/span><\/p>\r\n<h2><span style=\"color: #ff9900; font-family: 'times new roman', times, serif; font-size: 120%;\"><strong>Mua Nh\u00e2n S\u00e2m Canada Ch\u00ednh G\u1ed1c V\u00e0 Ch\u1ea5t L\u01b0\u1ee3ng \u1ede \u0110\u00e2u?<\/strong><\/span><\/h2>\r\n<p><span style=\"font-family: 'times new roman', times, serif; font-size: 120%;\">Hi\u1ec7n nay nh\u00e2n s\u00e2m Canada \u0111ang c\u00f3 nhu c\u1ea7u t\u00ecm mua r\u1ea5t nhi\u1ec1u do nh\u1eefng c\u00f4ng d\u1ee5ng tuy\u1ec7t v\u1eddi c\u1ee7a n\u00f3 \u0111\u1ed1i v\u1edbi s\u1ee9c kh\u1ecfe con ng\u01b0\u1eddi.<\/span><\/p>\r\n<p><span style=\"font-family: 'times new roman', times, serif; font-size: 120%;\">Nh\u00e2n s\u00e2m Canada \u0111\u00e3 <span style=\"color: #ff9900;\"><strong>\u0111\u01b0\u1ee3c C\u00f4ng Ty TNHH H\u00e0ng Ti\u00eau D\u00f9ng B\u1eafc M\u1ef9<\/strong><\/span> nh\u1eadp kh\u1ea9u v\u00e0 ph\u00e2n ph\u1ed1i tai Vi\u1ec7t Nam v\u1edbi th\u01b0\u01a1ng hi\u1ec7u <span style=\"color: #ff9900;\"><strong>SilverLife's<\/strong><\/span>. <span style=\"color: #ff9900;\"><strong>SilverLife Canadian Ginseng<\/strong><\/span> c\u00f3 xu\u1ea5t x\u1ee9 Ontario, Canada. Ontario l\u00e0 v\u00f9ng \u0111\u1ea5t n\u1ed5i ti\u1ebfng chuy\u00ean tr\u1ed3ng nh\u00e2n s\u00e2m v\u00e0 \u0111\u00e2y c\u0169ng l\u00e0 n\u01a1i cung c\u1ea5p h\u01a1n 85% s\u1ea3n l\u01b0\u1ee3ng nh\u00e2n s\u00e2m Canada cho th\u1ecb tr\u01b0\u1eddng th\u1ebf gi\u1edbi hi\u1ec7n nay.<\/span><\/p>\r\n<figure id=\"attachment_3961\" aria-describedby=\"caption-attachment-3961\" style=\"width: 600px\" class=\"wp-caption aligncenter\"><img loading=\"lazy\" decoding=\"async\" class=\"wp-image-3961 size-full\" title=\"Supplying Canadian Ginseng in Vietnam\" src=\"https:\/\/silverlife.com.vn\/wp-content\/uploads\/2019\/11\/nhan-sam-canada-cat-lat-1.jpg\" alt=\"Cung C\u1ea5p Nh\u00e2n S\u00e2m Canada T\u1ea1i Vi\u1ec7t Nam\" width=\"600\" height=\"600\" srcset=\"https:\/\/silverlife.com.vn\/wp-content\/uploads\/2019\/11\/nhan-sam-canada-cat-lat-1.jpg 600w, https:\/\/silverlife.com.vn\/wp-content\/uploads\/2019\/11\/nhan-sam-canada-cat-lat-1-280x280.jpg 280w, https:\/\/silverlife.com.vn\/wp-content\/uploads\/2019\/11\/nhan-sam-canada-cat-lat-1-400x400.jpg 400w, https:\/\/silverlife.com.vn\/wp-content\/uploads\/2019\/11\/nhan-sam-canada-cat-lat-1-100x100.jpg 100w\" sizes=\"(max-width: 600px) 100vw, 600px\" \/><figcaption id=\"caption-attachment-3961\" class=\"wp-caption-text\"><\/span> <span style=\"font-family: 'times new roman', times, serif; font-size: 120%;\"><strong>Supplying Canadian Ginseng in Vietnam<\/strong><\/span><\/figcaption><\/figure>\r\n<p><span style=\"color: #ff9900; font-family: 'times new roman', times, serif; font-size: 120%;\"><strong>Contact Information Buy Canadian Ginseng SilverLife<\/strong><\/span><\/p>\r\n<p><span style=\"font-family: 'times new roman', times, serif; font-size: 120%;\"><strong>Hotline\/Zalo:<\/strong> <span style=\"color: #ff9900;\"><strong>0909 609 374<\/strong><\/span><\/span><\/p>\r\n<p><span style=\"font-family: 'times new roman', times, serif; font-size: 120%;\"><strong>Address:<\/strong> <span style=\"color: #ff9900;\"><strong>S\u1ed1 21 &#8211; \u0110\u01b0\u1eddng N\u01a1 Trang Long \u2013 Ph\u01b0\u1eddng 7 \u2013 Qu\u1eadn B\u00ecnh Th\u1ea1nh \u2013 Th\u00e0nh Ph\u1ed1 H\u1ed3 Ch\u00ed Minh<\/strong><\/span><\/span><\/p>\r\n<p><span style=\"font-family: 'times new roman', times, serif; font-size: 120%;\"><strong>Free ship all over the country<\/strong><\/span><\/p>\r\n<p><span style=\"font-family: 'times new roman', times, serif; font-size: 120%;\"><strong>Xem Th\u00eam Nh\u00e2n S\u00e2m Canada SilverLife:<\/strong> <span style=\"color: #ff9900;\"><strong><a style=\"color: #ff9900;\" href=\"https:\/\/silverlife.com.vn\/en\/\">https:\/\/silverlife.com.vn<\/a><\/strong><\/span><\/span><\/p>\r\n<p>&nbsp;<\/p>\r\n<p><span style=\"font-family: 'times new roman', times, serif; font-size: 120%;\"><\/span><\/p>\r\n<p><\/p>","protected":false},"excerpt":{"rendered":"<p>Nh\u00e2n s\u00e2m l\u00e0 m\u1ed9t lo\u1ea1i c\u00e2y th\u1ea3o d\u01b0\u1ee3c qu\u00fd \u0111\u01b0\u1ee3c s\u1eed d\u1ee5ng \u0111\u1ec3 b\u1ed3i b\u1ed5 s\u1ee9c kh\u1ecfe v\u00e0 h\u1ed7 tr\u1ee3 \u0111i\u1ec1u tr\u1ecb m\u1ed9t s\u1ed1 b\u1ec7nh m\u1ed9t c\u00e1ch t\u1ef1 nhi\u00ean. Trong c\u1ee7 nh\u00e2n s\u00e2m r\u1ea5t gi\u00e0u ginsenosides, m\u1ed9t h\u1ee3p ch\u1ea5t mang l\u1ea1i nhi\u1ec1u l\u1ee3i \u00edch r\u1ea5t t\u1ed1t cho s\u1ee9c kh\u1ecfe c\u1ee7a con ng\u01b0\u1eddi. Nh\u1eefng l\u1ee3i \u00edch [&#8230;]","protected":false},"author":1,"featured_media":3961,"parent":0,"menu_order":0,"comment_status":"closed","ping_status":"closed","template":"","meta":{"footnotes":""},"class_list":["post-400","page","type-page","status-publish","has-post-thumbnail","hentry"],"yoast_head":"<!-- This site is optimized with the Yoast SEO plugin v23.6 - https:\/\/yoast.com\/wordpress\/plugins\/seo\/ -->\n<title>C\u00e1ch Ch\u1ecdn Mua Nh\u00e2n S\u00e2m Canada \u0110\u1ea3m B\u1ea3o Ch\u1ea5t L\u01b0\u1ee3ng<\/title>\n<meta name=\"description\" content=\"Nh\u1eefng l\u01b0u \u00fd khi mua nh\u00e2n s\u00e2m Canada: c\u1ee7 nh\u00e2n s\u00e2m c\u00e0ng to, tu\u1ed5i s\u00e2m c\u00e0ng cao, d\u01b0\u1ee1ng ch\u1ea5t trong c\u1ee7 s\u00e2m c\u00e0ng nhi\u1ec1u, c\u00e0ng t\u1ed1t cho s\u1ee9c kh\u1ecfe ng\u01b0\u1eddi s\u1eed d\u1ee5ng, gi\u00e1 b\u00e1n c\u00e0ng cao\" \/>\n<meta name=\"robots\" content=\"index, follow, max-snippet:-1, max-image-preview:large, max-video-preview:-1\" \/>\n<link rel=\"canonical\" href=\"https:\/\/silverlife.com.vn\/en\/cach-chon-mua-nhan-sam-canada-chat-luong\/\" \/>\n<meta property=\"og:locale\" content=\"en_US\" \/>\n<meta property=\"og:type\" content=\"article\" \/>\n<meta property=\"og:title\" content=\"C\u00e1ch Ch\u1ecdn Mua Nh\u00e2n S\u00e2m Canada \u0110\u1ea3m B\u1ea3o Ch\u1ea5t L\u01b0\u1ee3ng\" \/>\n<meta property=\"og:description\" content=\"Nh\u1eefng l\u01b0u \u00fd khi mua nh\u00e2n s\u00e2m Canada: c\u1ee7 nh\u00e2n s\u00e2m c\u00e0ng to, tu\u1ed5i s\u00e2m c\u00e0ng cao, d\u01b0\u1ee1ng ch\u1ea5t trong c\u1ee7 s\u00e2m c\u00e0ng nhi\u1ec1u, c\u00e0ng t\u1ed1t cho s\u1ee9c kh\u1ecfe ng\u01b0\u1eddi s\u1eed d\u1ee5ng, gi\u00e1 b\u00e1n c\u00e0ng cao\" \/>\n<meta property=\"og:url\" content=\"https:\/\/silverlife.com.vn\/en\/cach-chon-mua-nhan-sam-canada-chat-luong\/\" \/>\n<meta property=\"og:site_name\" content=\"SilverLife - Cung C\u1ea5p S\u1ec9 &amp; L\u1ebb Nh\u00e2n S\u00e2m Canada T\u1ea1i Vi\u1ec7t Nam\" \/>\n<meta property=\"article:modified_time\" content=\"2019-12-16T04:01:21+00:00\" \/>\n<meta property=\"og:image\" content=\"https:\/\/silverlife.com.vn\/wp-content\/uploads\/2019\/11\/nhan-sam-canada-cat-lat-1.jpg\" \/>\n\t<meta property=\"og:image:width\" content=\"600\" \/>\n\t<meta property=\"og:image:height\" content=\"600\" \/>\n\t<meta property=\"og:image:type\" content=\"image\/jpeg\" \/>\n<meta name=\"twitter:card\" content=\"summary_large_image\" \/>\n<meta name=\"twitter:label1\" content=\"Est. reading time\" \/>\n\t<meta name=\"twitter:data1\" content=\"6 minutes\" \/>\n<script type=\"application\/ld+json\" class=\"yoast-schema-graph\">{\"@context\":\"https:\/\/schema.org\",\"@graph\":[{\"@type\":\"WebPage\",\"@id\":\"https:\/\/silverlife.com.vn\/cach-chon-mua-nhan-sam-canada-chat-luong\",\"url\":\"https:\/\/silverlife.com.vn\/cach-chon-mua-nhan-sam-canada-chat-luong\",\"name\":\"C\u00e1ch Ch\u1ecdn Mua Nh\u00e2n S\u00e2m Canada \u0110\u1ea3m B\u1ea3o Ch\u1ea5t L\u01b0\u1ee3ng\",\"isPartOf\":{\"@id\":\"https:\/\/silverlife.com.vn\/#website\"},\"primaryImageOfPage\":{\"@id\":\"https:\/\/silverlife.com.vn\/cach-chon-mua-nhan-sam-canada-chat-luong#primaryimage\"},\"image\":{\"@id\":\"https:\/\/silverlife.com.vn\/cach-chon-mua-nhan-sam-canada-chat-luong#primaryimage\"},\"thumbnailUrl\":\"https:\/\/silverlife.com.vn\/wp-content\/uploads\/2019\/11\/nhan-sam-canada-cat-lat-1.jpg\",\"datePublished\":\"2019-04-09T01:30:04+00:00\",\"dateModified\":\"2019-12-16T04:01:21+00:00\",\"description\":\"Nh\u1eefng l\u01b0u \u00fd khi mua nh\u00e2n s\u00e2m Canada: c\u1ee7 nh\u00e2n s\u00e2m c\u00e0ng to, tu\u1ed5i s\u00e2m c\u00e0ng cao, d\u01b0\u1ee1ng ch\u1ea5t trong c\u1ee7 s\u00e2m c\u00e0ng nhi\u1ec1u, c\u00e0ng t\u1ed1t cho s\u1ee9c kh\u1ecfe ng\u01b0\u1eddi s\u1eed d\u1ee5ng, gi\u00e1 b\u00e1n c\u00e0ng cao\",\"breadcrumb\":{\"@id\":\"https:\/\/silverlife.com.vn\/cach-chon-mua-nhan-sam-canada-chat-luong#breadcrumb\"},\"inLanguage\":\"en-US\",\"potentialAction\":[{\"@type\":\"ReadAction\",\"target\":[\"https:\/\/silverlife.com.vn\/cach-chon-mua-nhan-sam-canada-chat-luong\"]}]},{\"@type\":\"ImageObject\",\"inLanguage\":\"en-US\",\"@id\":\"https:\/\/silverlife.com.vn\/cach-chon-mua-nhan-sam-canada-chat-luong#primaryimage\",\"url\":\"https:\/\/silverlife.com.vn\/wp-content\/uploads\/2019\/11\/nhan-sam-canada-cat-lat-1.jpg\",\"contentUrl\":\"https:\/\/silverlife.com.vn\/wp-content\/uploads\/2019\/11\/nhan-sam-canada-cat-lat-1.jpg\",\"width\":600,\"height\":600,\"caption\":\"Cung C\u1ea5p Nh\u00e2n S\u00e2m Canada T\u1ea1i Vi\u1ec7t Nam\"},{\"@type\":\"BreadcrumbList\",\"@id\":\"https:\/\/silverlife.com.vn\/cach-chon-mua-nhan-sam-canada-chat-luong#breadcrumb\",\"itemListElement\":[{\"@type\":\"ListItem\",\"position\":1,\"name\":\"Trang ch\u1ee7\",\"item\":\"https:\/\/silverlife.com.vn\/\"},{\"@type\":\"ListItem\",\"position\":2,\"name\":\"C\u00e1ch Ch\u1ecdn Mua Nh\u00e2n S\u00e2m Canada Ch\u1ea5t L\u01b0\u1ee3ng\"}]},{\"@type\":\"WebSite\",\"@id\":\"https:\/\/silverlife.com.vn\/#website\",\"url\":\"https:\/\/silverlife.com.vn\/\",\"name\":\"SilverLife - Cung C\u1ea5p S\u1ec9 &amp; L\u1ebb Nh\u00e2n S\u00e2m Canada T\u1ea1i Vi\u1ec7t Nam\",\"description\":\"\",\"potentialAction\":[{\"@type\":\"SearchAction\",\"target\":{\"@type\":\"EntryPoint\",\"urlTemplate\":\"https:\/\/silverlife.com.vn\/?s={search_term_string}\"},\"query-input\":{\"@type\":\"PropertyValueSpecification\",\"valueRequired\":true,\"valueName\":\"search_term_string\"}}],\"inLanguage\":\"en-US\"}]}<\/script>\n<!-- \/ Yoast SEO plugin. -->","yoast_head_json":{"title":"C\u00e1ch Ch\u1ecdn Mua Nh\u00e2n S\u00e2m Canada \u0110\u1ea3m B\u1ea3o Ch\u1ea5t L\u01b0\u1ee3ng","description":"Nh\u1eefng l\u01b0u \u00fd khi mua nh\u00e2n s\u00e2m Canada: c\u1ee7 nh\u00e2n s\u00e2m c\u00e0ng to, tu\u1ed5i s\u00e2m c\u00e0ng cao, d\u01b0\u1ee1ng ch\u1ea5t trong c\u1ee7 s\u00e2m c\u00e0ng nhi\u1ec1u, c\u00e0ng t\u1ed1t cho s\u1ee9c kh\u1ecfe ng\u01b0\u1eddi s\u1eed d\u1ee5ng, gi\u00e1 b\u00e1n c\u00e0ng cao","robots":{"index":"index","follow":"follow","max-snippet":"max-snippet:-1","max-image-preview":"max-image-preview:large","max-video-preview":"max-video-preview:-1"},"canonical":"https:\/\/silverlife.com.vn\/en\/cach-chon-mua-nhan-sam-canada-chat-luong\/","og_locale":"en_US","og_type":"article","og_title":"C\u00e1ch Ch\u1ecdn Mua Nh\u00e2n S\u00e2m Canada \u0110\u1ea3m B\u1ea3o Ch\u1ea5t L\u01b0\u1ee3ng","og_description":"Nh\u1eefng l\u01b0u \u00fd khi mua nh\u00e2n s\u00e2m Canada: c\u1ee7 nh\u00e2n s\u00e2m c\u00e0ng to, tu\u1ed5i s\u00e2m c\u00e0ng cao, d\u01b0\u1ee1ng ch\u1ea5t trong c\u1ee7 s\u00e2m c\u00e0ng nhi\u1ec1u, c\u00e0ng t\u1ed1t cho s\u1ee9c kh\u1ecfe ng\u01b0\u1eddi s\u1eed d\u1ee5ng, gi\u00e1 b\u00e1n c\u00e0ng cao","og_url":"https:\/\/silverlife.com.vn\/en\/cach-chon-mua-nhan-sam-canada-chat-luong\/","og_site_name":"SilverLife - Cung C\u1ea5p S\u1ec9 &amp; L\u1ebb Nh\u00e2n S\u00e2m Canada T\u1ea1i Vi\u1ec7t Nam","article_modified_time":"2019-12-16T04:01:21+00:00","og_image":[{"width":600,"height":600,"url":"https:\/\/silverlife.com.vn\/wp-content\/uploads\/2019\/11\/nhan-sam-canada-cat-lat-1.jpg","type":"image\/jpeg"}],"twitter_card":"summary_large_image","twitter_misc":{"Est. reading time":"6 minutes"},"schema":{"@context":"https:\/\/schema.org","@graph":[{"@type":"WebPage","@id":"https:\/\/silverlife.com.vn\/cach-chon-mua-nhan-sam-canada-chat-luong","url":"https:\/\/silverlife.com.vn\/cach-chon-mua-nhan-sam-canada-chat-luong","name":"C\u00e1ch Ch\u1ecdn Mua Nh\u00e2n S\u00e2m Canada \u0110\u1ea3m B\u1ea3o Ch\u1ea5t L\u01b0\u1ee3ng","isPartOf":{"@id":"https:\/\/silverlife.com.vn\/#website"},"primaryImageOfPage":{"@id":"https:\/\/silverlife.com.vn\/cach-chon-mua-nhan-sam-canada-chat-luong#primaryimage"},"image":{"@id":"https:\/\/silverlife.com.vn\/cach-chon-mua-nhan-sam-canada-chat-luong#primaryimage"},"thumbnailUrl":"https:\/\/silverlife.com.vn\/wp-content\/uploads\/2019\/11\/nhan-sam-canada-cat-lat-1.jpg","datePublished":"2019-04-09T01:30:04+00:00","dateModified":"2019-12-16T04:01:21+00:00","description":"Nh\u1eefng l\u01b0u \u00fd khi mua nh\u00e2n s\u00e2m Canada: c\u1ee7 nh\u00e2n s\u00e2m c\u00e0ng to, tu\u1ed5i s\u00e2m c\u00e0ng cao, d\u01b0\u1ee1ng ch\u1ea5t trong c\u1ee7 s\u00e2m c\u00e0ng nhi\u1ec1u, c\u00e0ng t\u1ed1t cho s\u1ee9c kh\u1ecfe ng\u01b0\u1eddi s\u1eed d\u1ee5ng, gi\u00e1 b\u00e1n c\u00e0ng cao","breadcrumb":{"@id":"https:\/\/silverlife.com.vn\/cach-chon-mua-nhan-sam-canada-chat-luong#breadcrumb"},"inLanguage":"en-US","potentialAction":[{"@type":"ReadAction","target":["https:\/\/silverlife.com.vn\/cach-chon-mua-nhan-sam-canada-chat-luong"]}]},{"@type":"ImageObject","inLanguage":"en-US","@id":"https:\/\/silverlife.com.vn\/cach-chon-mua-nhan-sam-canada-chat-luong#primaryimage","url":"https:\/\/silverlife.com.vn\/wp-content\/uploads\/2019\/11\/nhan-sam-canada-cat-lat-1.jpg","contentUrl":"https:\/\/silverlife.com.vn\/wp-content\/uploads\/2019\/11\/nhan-sam-canada-cat-lat-1.jpg","width":600,"height":600,"caption":"Cung C\u1ea5p Nh\u00e2n S\u00e2m Canada T\u1ea1i Vi\u1ec7t Nam"},{"@type":"BreadcrumbList","@id":"https:\/\/silverlife.com.vn\/cach-chon-mua-nhan-sam-canada-chat-luong#breadcrumb","itemListElement":[{"@type":"ListItem","position":1,"name":"Trang ch\u1ee7","item":"https:\/\/silverlife.com.vn\/"},{"@type":"ListItem","position":2,"name":"C\u00e1ch Ch\u1ecdn Mua Nh\u00e2n S\u00e2m Canada Ch\u1ea5t L\u01b0\u1ee3ng"}]},{"@type":"WebSite","@id":"https:\/\/silverlife.com.vn\/#website","url":"https:\/\/silverlife.com.vn\/","name":"SilverLife - Cung C\u1ea5p S\u1ec9 &amp; L\u1ebb Nh\u00e2n S\u00e2m Canada T\u1ea1i Vi\u1ec7t Nam","description":"","potentialAction":[{"@type":"SearchAction","target":{"@type":"EntryPoint","urlTemplate":"https:\/\/silverlife.com.vn\/?s={search_term_string}"},"query-input":{"@type":"PropertyValueSpecification","valueRequired":true,"valueName":"search_term_string"}}],"inLanguage":"en-US"}]}},"_links":{"self":[{"href":"https:\/\/silverlife.com.vn\/en\/wp-json\/wp\/v2\/pages\/400"}],"collection":[{"href":"https:\/\/silverlife.com.vn\/en\/wp-json\/wp\/v2\/pages"}],"about":[{"href":"https:\/\/silverlife.com.vn\/en\/wp-json\/wp\/v2\/types\/page"}],"author":[{"embeddable":true,"href":"https:\/\/silverlife.com.vn\/en\/wp-json\/wp\/v2\/users\/1"}],"replies":[{"embeddable":true,"href":"https:\/\/silverlife.com.vn\/en\/wp-json\/wp\/v2\/comments?post=400"}],"version-history":[{"count":0,"href":"https:\/\/silverlife.com.vn\/en\/wp-json\/wp\/v2\/pages\/400\/revisions"}],"wp:featuredmedia":[{"embeddable":true,"href":"https:\/\/silverlife.com.vn\/en\/wp-json\/wp\/v2\/media\/3961"}],"wp:attachment":[{"href":"https:\/\/silverlife.com.vn\/en\/wp-json\/wp\/v2\/media?parent=400"}],"curies":[{"name":"wp","href":"https:\/\/api.w.org\/{rel}","templated":true}]}}