{"id":812,"date":"2019-08-14T10:21:26","date_gmt":"2019-08-14T10:21:26","guid":{"rendered":"http:\/\/lequandai.tk\/silverlife\/?page_id=812"},"modified":"2019-08-14T12:07:02","modified_gmt":"2019-08-14T12:07:02","slug":"chinh-sach-van-chuyen","status":"publish","type":"page","link":"https:\/\/silverlife.com.vn\/en\/chinh-sach-van-chuyen","title":{"rendered":"Ch\u00ednh s\u00e1ch v\u1eadn chuy\u1ec3n"},"content":{"rendered":"<div class=\"container section-title-container\" ><h3 class=\"section-title section-title-normal\"><b><\/b><span class=\"section-title-main\" style=\"color:rgb(4, 86, 131);\"><i class=\"icon-checkmark\" ><\/i>Th\u00f4ng tin v\u1eadn chuy\u1ec3n v\u00e0 giao nh\u1eadn<\/span><b><\/b><\/h3><\/div>\n\n<p><span style=\"color: #282828;\">Khi nh\u1eadn \u0111\u01b0\u1ee3c \u0111\u01a1n \u0111\u1eb7t h\u00e0ng c\u1ee7a Qu\u00fd kh\u00e1ch, ch\u00fang t\u00f4i s\u1ebd kh\u1ea9n tr\u01b0\u01a1ng x\u1eed l\u00fd \u0111\u1ec3 giao h\u00e0ng cho Qu\u00fd kh\u00e1ch trong th\u1eddi gian s\u1edbm nh\u1ea5t c\u00f3 th\u1ec3 (ch\u1eadm nh\u1ea5t trong v\u00f2ng 12 ti\u1ebfng). \u0110\u1ed1i v\u1edbi nh\u1eefng Kh\u00e1ch h\u00e0ng m\u1edbi mua h\u00e0ng l\u1ea7n \u0111\u1ea7u t\u1ea1i SilverLife, ch\u00fang t\u00f4i xin ph\u00e9p li\u00ean l\u1ea1c tr\u01b0\u1edbc \u0111\u1ec3 x\u00e1c nh\u1eadn t\u00ednh x\u00e1c th\u1ef1c c\u1ee7a \u0111\u01a1n h\u00e0ng.<\/span><\/p>\n<p><span style=\"color: #282828;\">Trong qu\u00e1 tr\u00ecnh \u0111\u1eb7t h\u00e0ng, Qu\u00fd kh\u00e1ch vui l\u00f2ng cung c\u1ea5p \u0111\u1ea7y \u0111\u1ee7 v\u00e0 ch\u00ednh x\u00e1c c\u00e1c th\u00f4ng tin \u0111\u1eb7t h\u00e0ng theo y\u00eau c\u1ea7u c\u1ee7a c\u00f4ng ty \u0111\u1ec3 t\u1ea1o \u0111i\u1ec1u ki\u1ec7n thu\u1eadn l\u1ee3i cho ch\u00fang t\u00f4i trong vi\u1ec7c th\u1ef1c hi\u1ec7n \u0111\u01a1n h\u00e0ng. Th\u00f4ng tin \u0111\u1eb7t h\u00e0ng bao g\u1ed3m:<\/span><\/p>\n<p><span style=\"color: #282828;\">\u00a0 \u00a0&#8211; H\u1ecd t\u00ean ng\u01b0\u1eddi \u0111\u1eb7t h\u00e0ng \u00a0 \u00a0 \u00a0 \u00a0 \u00a0 \u00a0 \u00a0 : [Vui l\u00f2ng cung c\u1ea5p \u0111\u1ea7y \u0111\u1ee7 h\u1ecd v\u00e0 t\u00ean]<\/span><\/p>\n<p><span style=\"color: #282828;\">\u00a0 \u00a0&#8211; M\u00e3 s\u1ed1 kh\u00e1ch h\u00e0ng (n\u1ebfu c\u00f3) \u00a0 \u00a0 \u00a0 \u00a0:<\/span><\/p>\n<p><span style=\"color: #282828;\">\u00a0 \u00a0&#8211; S\u1ed1 \u0111i\u1ec7n tho\u1ea1i \u00a0 \u00a0 \u00a0 \u00a0 \u00a0 \u00a0 \u00a0 \u00a0 \u00a0 \u00a0 \u00a0 \u00a0 \u00a0 \u00a0 \u00a0 :<\/span><\/p>\n<p><span style=\"color: #282828;\">\u00a0 \u00a0&#8211; \u0110\u1ecba ch\u1ec9 nh\u1eadn h\u00e0ng \u00a0 \u00a0 \u00a0 \u00a0 \u00a0 \u00a0 \u00a0 \u00a0 \u00a0 \u00a0 \u00a0 : [Vui l\u00f2ng cung c\u1ea5p \u0111\u1ea7y \u0111\u1ee7 s\u1ed1 nh\u00e0, t\u00ean \u0111\u01b0\u1eddng, ph\u01b0\u1eddng\/x\u00e3, qu\u1eadn\/huy\u1ec7n]<\/span><\/p>\n<p><span style=\"color: #282828;\">\u00a0 \u00a0&#8211; H\u1ecd t\u00ean ng\u01b0\u1eddi nh\u1eadn h\u00e0ng \u00a0 \u00a0 \u00a0 \u00a0 \u00a0 \u00a0 : [\u00c1p d\u1ee5ng trong tr\u01b0\u1eddng h\u1ee3p ng\u01b0\u1eddi nh\u1eadn h\u00e0ng kh\u00f4ng ph\u1ea3i l\u00e0 ng\u01b0\u1eddi \u0111\u1eb7t h\u00e0ng]<\/span><\/p>\n<p><span style=\"color: #282828;\">\u00a0 \u00a0&#8211; S\u1ed1 \u0111i\u1ec7n tho\u1ea1i ng\u01b0\u1eddi nh\u1eadn h\u00e0ng \u00a0 :<\/span><\/p>\n<p><span style=\"color: #282828;\">\u00a0 \u00a0&#8211; Th\u1eddi gian nh\u1eadn h\u00e0ng \u00a0 \u00a0 \u00a0 \u00a0 \u00a0 \u00a0 \u00a0 \u00a0 \u00a0 \u00a0:<\/span><\/p>\n<p><span style=\"color: #282828;\">SilverLife cam k\u1ebft t\u1ea5t c\u1ea3 c\u00e1c h\u00e0ng h\u00f3a g\u1edfi \u0111\u1ebfn Qu\u00fd kh\u00e1ch h\u00e0ng \u0111\u1ec1u l\u00e0 h\u00e0ng ch\u1ea5t l\u01b0\u1ee3ng 100% theo \u0111\u00fang th\u00f4ng tin m\u00e0 c\u00f4ng ty \u0111\u00e3 c\u00f4ng b\u1ed1. Nh\u1eefng r\u1ee7i ro ph\u00e1t sinh trong qu\u00e1 tr\u00ecnh v\u1eadn chuy\u1ec3n (va \u0111\u1eadp, \u1ea9m \u01b0\u1edbt, tai n\u1ea1n,\u2026) c\u00f3 th\u1ec3 \u1ea3nh h\u01b0\u1edfng \u0111\u1ebfn h\u00e0ng h\u00f3a, v\u00ec th\u1ebf xin Qu\u00fd kh\u00e1ch vui l\u00f2ng ki\u1ec3m tra h\u00e0ng h\u00f3a th\u1eadt k\u1ef9 tr\u01b0\u1edbc khi k\u00fd nh\u1eadn. C\u00f4ng ty s\u1ebd kh\u00f4ng ch\u1ecbu tr\u00e1ch nhi\u1ec7m v\u1edbi nh\u1eefng sai l\u1ec7ch v\u1ec1 h\u00ecnh th\u1ee9c c\u1ee7a h\u00e0ng h\u00f3a sau khi Qu\u00fd kh\u00e1ch \u0111\u00e3 k\u00fd nh\u1eadn h\u00e0ng.<\/span><\/p>\n<p><span style=\"color: #282828;\">Trong tr\u01b0\u1eddng h\u1ee3p giao h\u00e0ng ch\u1eadm tr\u1ec5 m\u00e0 kh\u00f4ng b\u00e1o tr\u01b0\u1edbc, Qu\u00fd kh\u00e1ch c\u00f3 th\u1ec3 t\u1eeb ch\u1ed1i nh\u1eadn h\u00e0ng v\u00e0 ch\u00fang t\u00f4i s\u1ebd ho\u00e0n tr\u1ea3 l\u1ea1i to\u00e0n b\u1ed9 s\u1ed1 ti\u1ec1n m\u00e0 Qu\u00fd kh\u00e1ch \u0111\u00e3 thanh to\u00e1n tr\u01b0\u1edbc (n\u1ebfu c\u00f3) trong v\u00f2ng 7 ng\u00e0y.<\/span><\/p>\n<div class=\"container section-title-container\" ><h4 class=\"section-title section-title-normal\"><b><\/b><span class=\"section-title-main\" style=\"font-size:85%;color:rgb(1, 82, 127);\"><i class=\"icon-map-pin-fill\" ><\/i>Ch\u00ednh s\u00e1ch v\u1eadn chuy\u1ec3n nh\u01b0 sau:<\/span><b><\/b><\/h4><\/div>\n\n<p><span style=\"color: #044985;\"><strong>1\/ H\u00ecnh th\u1ee9c v\u1eadn chuy\u1ec3n:<\/strong><\/span><\/p>\n<p>SilverLife s\u1ebd giao tr\u1ef1c ti\u1ebfp cho kh\u00e1ch h\u00e0ng \/Ho\u1eb7c chuy\u1ec3n ph\u00e1t qua 1 \u0111\u01a1n v\u1ecb v\u1eadn chuy\u1ec3n h\u00e0ng h\u00f3a.<\/p>\n<p><strong><span style=\"color: #044985;\">2\/ Th\u1eddi gian giao h\u00e0ng:<\/span><\/strong><\/p>\n<ul>\n<li>T\u1ea1i TP H\u1ed3 Ch\u00ed Minh: t\u1eeb 1 \u2013 24 gi\u1edd t\u00f9y thu\u1ed9c v\u00e0o khu v\u1ef1c nh\u1eadn h\u00e0ng. Nh\u00e2n vi\u00ean SilverLife s\u1ebd li\u00ean h\u1ec7 v\u00e0 th\u00f4ng b\u00e1o c\u1ee5 th\u1ec3 v\u1ec1 th\u1eddi gian nh\u1eadn h\u00e0ng sau khi Qu\u00fd kh\u00e1ch x\u00e1c nh\u1eadn \u0111\u01a1n h\u00e0ng. L\u01b0u \u00fd: khi giao h\u00e0ng t\u1ea1i Chung c\u01b0, Ch\u00fang t\u00f4i ch\u1ec9 giao t\u1ea1i t\u1ea7ng tr\u1ec7t c\u1ee7a chung c\u01b0.<\/li>\n<li>T\u1ea1i c\u00e1c t\u1ec9nh th\u00e0nh kh\u00e1c: T\u1eeb 2 \u2013 4 ng\u00e0y t\u00f9y thu\u1ed9c v\u00e0o khu v\u1ef1c nh\u1eadn h\u00e0ng. Nh\u00e2n vi\u00ean SilverLife s\u1ebd li\u00ean h\u1ec7 v\u00e0 th\u00f4ng b\u00e1o c\u1ee5 th\u1ec3 v\u1ec1 th\u1eddi gian nh\u1eadn h\u00e0ng sau khi Qu\u00fd kh\u00e1ch x\u00e1c nh\u1eadn \u0111\u01a1n h\u00e0ng.<\/li>\n<\/ul>\n<p><span style=\"color: #044985;\"><strong>3\/ Ph\u00ed v\u1eadn chuy\u1ec3n: <\/strong><\/span><\/p>\n<p>Giao h\u00e0ng to\u00e0n qu\u1ed1c v\u1edbi ph\u00ed 0\u0111 (mi\u1ec5n ph\u00ed ship).<\/p>","protected":false},"excerpt":{"rendered":"<p>Khi nh\u1eadn \u0111\u01b0\u1ee3c \u0111\u01a1n \u0111\u1eb7t h\u00e0ng c\u1ee7a Qu\u00fd kh\u00e1ch, ch\u00fang t\u00f4i s\u1ebd kh\u1ea9n tr\u01b0\u01a1ng x\u1eed l\u00fd \u0111\u1ec3 giao h\u00e0ng cho Qu\u00fd kh\u00e1ch trong th\u1eddi gian s\u1edbm nh\u1ea5t c\u00f3 th\u1ec3 (ch\u1eadm nh\u1ea5t trong v\u00f2ng 12 ti\u1ebfng). \u0110\u1ed1i v\u1edbi nh\u1eefng Kh\u00e1ch h\u00e0ng m\u1edbi mua h\u00e0ng l\u1ea7n \u0111\u1ea7u t\u1ea1i SilverLife, ch\u00fang t\u00f4i xin ph\u00e9p li\u00ean l\u1ea1c tr\u01b0\u1edbc \u0111\u1ec3 [&#8230;]","protected":false},"author":1,"featured_media":0,"parent":0,"menu_order":0,"comment_status":"closed","ping_status":"closed","template":"","meta":{"footnotes":""},"class_list":["post-812","page","type-page","status-publish","hentry"],"yoast_head":"<!-- This site is optimized with the Yoast SEO plugin v23.6 - https:\/\/yoast.com\/wordpress\/plugins\/seo\/ -->\n<title>Ch\u00ednh s\u00e1ch v\u1eadn chuy\u1ec3n<\/title>\n<meta name=\"robots\" content=\"index, follow, max-snippet:-1, max-image-preview:large, max-video-preview:-1\" \/>\n<link rel=\"canonical\" href=\"https:\/\/silverlife.com.vn\/en\/chinh-sach-van-chuyen\/\" \/>\n<meta property=\"og:locale\" content=\"en_US\" \/>\n<meta property=\"og:type\" content=\"article\" \/>\n<meta property=\"og:title\" content=\"Ch\u00ednh s\u00e1ch v\u1eadn chuy\u1ec3n\" \/>\n<meta property=\"og:description\" content=\"Khi nh\u1eadn \u0111\u01b0\u1ee3c \u0111\u01a1n \u0111\u1eb7t h\u00e0ng c\u1ee7a Qu\u00fd kh\u00e1ch, ch\u00fang t\u00f4i s\u1ebd kh\u1ea9n tr\u01b0\u01a1ng x\u1eed l\u00fd \u0111\u1ec3 giao h\u00e0ng cho Qu\u00fd kh\u00e1ch trong th\u1eddi gian s\u1edbm nh\u1ea5t c\u00f3 th\u1ec3 (ch\u1eadm nh\u1ea5t trong v\u00f2ng 12 ti\u1ebfng). \u0110\u1ed1i v\u1edbi nh\u1eefng Kh\u00e1ch h\u00e0ng m\u1edbi mua h\u00e0ng l\u1ea7n \u0111\u1ea7u t\u1ea1i SilverLife, ch\u00fang t\u00f4i xin ph\u00e9p li\u00ean l\u1ea1c tr\u01b0\u1edbc \u0111\u1ec3 [...]\" \/>\n<meta property=\"og:url\" content=\"https:\/\/silverlife.com.vn\/en\/chinh-sach-van-chuyen\/\" \/>\n<meta property=\"og:site_name\" content=\"SilverLife - Cung C\u1ea5p S\u1ec9 &amp; L\u1ebb Nh\u00e2n S\u00e2m Canada T\u1ea1i Vi\u1ec7t Nam\" \/>\n<meta property=\"article:modified_time\" content=\"2019-08-14T12:07:02+00:00\" \/>\n<meta name=\"twitter:card\" content=\"summary_large_image\" \/>\n<meta name=\"twitter:label1\" content=\"Est. reading time\" \/>\n\t<meta name=\"twitter:data1\" content=\"4 minutes\" \/>\n<script type=\"application\/ld+json\" class=\"yoast-schema-graph\">{\"@context\":\"https:\/\/schema.org\",\"@graph\":[{\"@type\":\"WebPage\",\"@id\":\"https:\/\/silverlife.com.vn\/chinh-sach-van-chuyen\",\"url\":\"https:\/\/silverlife.com.vn\/chinh-sach-van-chuyen\",\"name\":\"Ch\u00ednh s\u00e1ch v\u1eadn chuy\u1ec3n\",\"isPartOf\":{\"@id\":\"https:\/\/silverlife.com.vn\/#website\"},\"datePublished\":\"2019-08-14T10:21:26+00:00\",\"dateModified\":\"2019-08-14T12:07:02+00:00\",\"breadcrumb\":{\"@id\":\"https:\/\/silverlife.com.vn\/chinh-sach-van-chuyen#breadcrumb\"},\"inLanguage\":\"en-US\",\"potentialAction\":[{\"@type\":\"ReadAction\",\"target\":[\"https:\/\/silverlife.com.vn\/chinh-sach-van-chuyen\"]}]},{\"@type\":\"BreadcrumbList\",\"@id\":\"https:\/\/silverlife.com.vn\/chinh-sach-van-chuyen#breadcrumb\",\"itemListElement\":[{\"@type\":\"ListItem\",\"position\":1,\"name\":\"Trang ch\u1ee7\",\"item\":\"https:\/\/silverlife.com.vn\/\"},{\"@type\":\"ListItem\",\"position\":2,\"name\":\"Ch\u00ednh s\u00e1ch v\u1eadn chuy\u1ec3n\"}]},{\"@type\":\"WebSite\",\"@id\":\"https:\/\/silverlife.com.vn\/#website\",\"url\":\"https:\/\/silverlife.com.vn\/\",\"name\":\"SilverLife - Cung C\u1ea5p S\u1ec9 &amp; L\u1ebb Nh\u00e2n S\u00e2m Canada T\u1ea1i Vi\u1ec7t Nam\",\"description\":\"\",\"potentialAction\":[{\"@type\":\"SearchAction\",\"target\":{\"@type\":\"EntryPoint\",\"urlTemplate\":\"https:\/\/silverlife.com.vn\/?s={search_term_string}\"},\"query-input\":{\"@type\":\"PropertyValueSpecification\",\"valueRequired\":true,\"valueName\":\"search_term_string\"}}],\"inLanguage\":\"en-US\"}]}<\/script>\n<!-- \/ Yoast SEO plugin. -->","yoast_head_json":{"title":"Ch\u00ednh s\u00e1ch v\u1eadn chuy\u1ec3n","robots":{"index":"index","follow":"follow","max-snippet":"max-snippet:-1","max-image-preview":"max-image-preview:large","max-video-preview":"max-video-preview:-1"},"canonical":"https:\/\/silverlife.com.vn\/en\/chinh-sach-van-chuyen\/","og_locale":"en_US","og_type":"article","og_title":"Ch\u00ednh s\u00e1ch v\u1eadn chuy\u1ec3n","og_description":"Khi nh\u1eadn \u0111\u01b0\u1ee3c \u0111\u01a1n \u0111\u1eb7t h\u00e0ng c\u1ee7a Qu\u00fd kh\u00e1ch, ch\u00fang t\u00f4i s\u1ebd kh\u1ea9n tr\u01b0\u01a1ng x\u1eed l\u00fd \u0111\u1ec3 giao h\u00e0ng cho Qu\u00fd kh\u00e1ch trong th\u1eddi gian s\u1edbm nh\u1ea5t c\u00f3 th\u1ec3 (ch\u1eadm nh\u1ea5t trong v\u00f2ng 12 ti\u1ebfng). \u0110\u1ed1i v\u1edbi nh\u1eefng Kh\u00e1ch h\u00e0ng m\u1edbi mua h\u00e0ng l\u1ea7n \u0111\u1ea7u t\u1ea1i SilverLife, ch\u00fang t\u00f4i xin ph\u00e9p li\u00ean l\u1ea1c tr\u01b0\u1edbc \u0111\u1ec3 [...]","og_url":"https:\/\/silverlife.com.vn\/en\/chinh-sach-van-chuyen\/","og_site_name":"SilverLife - Cung C\u1ea5p S\u1ec9 &amp; L\u1ebb Nh\u00e2n S\u00e2m Canada T\u1ea1i Vi\u1ec7t Nam","article_modified_time":"2019-08-14T12:07:02+00:00","twitter_card":"summary_large_image","twitter_misc":{"Est. reading time":"4 minutes"},"schema":{"@context":"https:\/\/schema.org","@graph":[{"@type":"WebPage","@id":"https:\/\/silverlife.com.vn\/chinh-sach-van-chuyen","url":"https:\/\/silverlife.com.vn\/chinh-sach-van-chuyen","name":"Ch\u00ednh s\u00e1ch v\u1eadn chuy\u1ec3n","isPartOf":{"@id":"https:\/\/silverlife.com.vn\/#website"},"datePublished":"2019-08-14T10:21:26+00:00","dateModified":"2019-08-14T12:07:02+00:00","breadcrumb":{"@id":"https:\/\/silverlife.com.vn\/chinh-sach-van-chuyen#breadcrumb"},"inLanguage":"en-US","potentialAction":[{"@type":"ReadAction","target":["https:\/\/silverlife.com.vn\/chinh-sach-van-chuyen"]}]},{"@type":"BreadcrumbList","@id":"https:\/\/silverlife.com.vn\/chinh-sach-van-chuyen#breadcrumb","itemListElement":[{"@type":"ListItem","position":1,"name":"Trang ch\u1ee7","item":"https:\/\/silverlife.com.vn\/"},{"@type":"ListItem","position":2,"name":"Ch\u00ednh s\u00e1ch v\u1eadn chuy\u1ec3n"}]},{"@type":"WebSite","@id":"https:\/\/silverlife.com.vn\/#website","url":"https:\/\/silverlife.com.vn\/","name":"SilverLife - Cung C\u1ea5p S\u1ec9 &amp; L\u1ebb Nh\u00e2n S\u00e2m Canada T\u1ea1i Vi\u1ec7t Nam","description":"","potentialAction":[{"@type":"SearchAction","target":{"@type":"EntryPoint","urlTemplate":"https:\/\/silverlife.com.vn\/?s={search_term_string}"},"query-input":{"@type":"PropertyValueSpecification","valueRequired":true,"valueName":"search_term_string"}}],"inLanguage":"en-US"}]}},"_links":{"self":[{"href":"https:\/\/silverlife.com.vn\/en\/wp-json\/wp\/v2\/pages\/812"}],"collection":[{"href":"https:\/\/silverlife.com.vn\/en\/wp-json\/wp\/v2\/pages"}],"about":[{"href":"https:\/\/silverlife.com.vn\/en\/wp-json\/wp\/v2\/types\/page"}],"author":[{"embeddable":true,"href":"https:\/\/silverlife.com.vn\/en\/wp-json\/wp\/v2\/users\/1"}],"replies":[{"embeddable":true,"href":"https:\/\/silverlife.com.vn\/en\/wp-json\/wp\/v2\/comments?post=812"}],"version-history":[{"count":0,"href":"https:\/\/silverlife.com.vn\/en\/wp-json\/wp\/v2\/pages\/812\/revisions"}],"wp:attachment":[{"href":"https:\/\/silverlife.com.vn\/en\/wp-json\/wp\/v2\/media?parent=812"}],"curies":[{"name":"wp","href":"https:\/\/api.w.org\/{rel}","templated":true}]}}