{"id":1040,"date":"2019-08-29T12:58:30","date_gmt":"2019-08-29T05:58:30","guid":{"rendered":"http:\/\/silverlife.com.vn\/?post_type=product&#038;p=1040"},"modified":"2026-01-20T10:41:06","modified_gmt":"2026-01-20T03:41:06","slug":"nhan-sam-canada-silverlife-gold-250g","status":"publish","type":"product","link":"https:\/\/silverlife.com.vn\/en\/product\/nhan-sam-canada-silverlife-gold-250g","title":{"rendered":"Nh\u00e2n S\u00e2m Canada SilverLife Nguy\u00ean C\u1ee7 Gold H\u1ed9p 250g"},"content":{"rendered":"<p>Nh\u00e2n S\u00e2m Canada SilverLife Gold 250g l\u00e0 d\u00f2ng s\u00e2m cao c\u1ea5p, <strong data-start=\"466\" data-end=\"494\">nguy\u00ean c\u1ee7 kh\u00f4 5 n\u0103m tu\u1ed5i<\/strong>, nh\u1eadp kh\u1ea9u t\u1eeb <strong data-start=\"509\" data-end=\"529\">Ontario \u2013 Canada<\/strong> \u2013 n\u01a1i n\u1ed5i ti\u1ebfng nh\u1ea5t th\u1ebf gi\u1edbi v\u1ec1 nh\u00e2n s\u00e2m ch\u1ea5t l\u01b0\u1ee3ng cao. S\u1ea3n ph\u1ea9m ph\u00f9 h\u1ee3p cho ng\u01b0\u1eddi mu\u1ed1n <strong data-start=\"620\" data-end=\"649\">b\u1ed3i b\u1ed5 s\u1ee9c kh\u1ecfe to\u00e0n di\u1ec7n<\/strong>, t\u0103ng c\u01b0\u1eddng \u0111\u1ec1 kh\u00e1ng v\u00e0 c\u1ea3i thi\u1ec7n ch\u1ea5t l\u01b0\u1ee3ng cu\u1ed9c s\u1ed1ng<\/p>\n<h1><span style=\"color: #c48c2b; font-size: 100%; font-family: 'times new roman', times, serif;\"><strong>Nh\u00e2n S\u00e2m Canada Nguy\u00ean C\u1ee7 Gold H\u1ed9p 250g<\/strong><\/span><\/h1>\n<p><strong>\u0110i\u1ec3m n\u1ed5i b\u1eadt c\u1ee7a s\u1ea3n ph\u1ea9m:<\/strong><\/p>\n<ul>\n<li>\u00a0<strong data-start=\"785\" data-end=\"821\">100% pure Canadian Ginseng<\/strong> \u2013 kh\u00f4ng pha t\u1ea1p, gi\u1eef \u0111\u01b0\u1ee3c gi\u00e1 tr\u1ecb t\u1ef1 nhi\u00ean qu\u00fd gi\u00e1.<\/li>\n<li>Tu\u1ed5i s\u00e2m 5 n\u0103m \u2013 \u0111\u1ea3m b\u1ea3o h\u00e0m l\u01b0\u1ee3ng ho\u1ea1t ch\u1ea5t t\u1ed1i \u01b0u.<\/li>\n<li><strong data-start=\"1011\" data-end=\"1043\">C\u1ee7 l\u1edbn tr\u1ecdng l\u01b0\u1ee3ng 16\u201324g\/c\u1ee7<\/strong>, d\u00f9ng l\u00e2u d\u00e0i ho\u1eb7c chia d\u00f9ng ti\u1ebft ki\u1ec7m.<\/li>\n<li>Quy c\u00e1ch h\u1ed9p <strong data-start=\"1151\" data-end=\"1167\">250g cao c\u1ea5p<\/strong> \u2013 th\u00edch h\u1ee3p d\u00f9ng trong gia \u0111\u00ecnh ho\u1eb7c l\u00e0m qu\u00e0 t\u1eb7ng s\u1ee9c kh\u1ecfe.<\/li>\n<li><strong data-start=\"1270\" data-end=\"1292\">Mi\u1ec5n ph\u00ed giao h\u00e0ng<\/strong> to\u00e0n qu\u1ed1c v\u00e0 ki\u1ec3m tra s\u1ea3n ph\u1ea9m tr\u01b0\u1edbc khi thanh to\u00e1n.<\/li>\n<\/ul>\n<p style=\"text-align: center;\"><img loading=\"lazy\" decoding=\"async\" class=\"aligncenter wp-image-18451\" src=\"https:\/\/silverlife.com.vn\/wp-content\/uploads\/2019\/08\/nhan-sam-Canada-SilverLife-Gold-100g-250g-500g-1-400x400.png\" alt=\"\" width=\"586\" height=\"586\" srcset=\"https:\/\/silverlife.com.vn\/wp-content\/uploads\/2019\/08\/nhan-sam-Canada-SilverLife-Gold-100g-250g-500g-1-400x400.png 400w, https:\/\/silverlife.com.vn\/wp-content\/uploads\/2019\/08\/nhan-sam-Canada-SilverLife-Gold-100g-250g-500g-1-800x800.png 800w, https:\/\/silverlife.com.vn\/wp-content\/uploads\/2019\/08\/nhan-sam-Canada-SilverLife-Gold-100g-250g-500g-1-280x280.png 280w, https:\/\/silverlife.com.vn\/wp-content\/uploads\/2019\/08\/nhan-sam-Canada-SilverLife-Gold-100g-250g-500g-1-768x768.png 768w, https:\/\/silverlife.com.vn\/wp-content\/uploads\/2019\/08\/nhan-sam-Canada-SilverLife-Gold-100g-250g-500g-1-12x12.png 12w, https:\/\/silverlife.com.vn\/wp-content\/uploads\/2019\/08\/nhan-sam-Canada-SilverLife-Gold-100g-250g-500g-1-900x900.png 900w, https:\/\/silverlife.com.vn\/wp-content\/uploads\/2019\/08\/nhan-sam-Canada-SilverLife-Gold-100g-250g-500g-1-100x100.png 100w, https:\/\/silverlife.com.vn\/wp-content\/uploads\/2019\/08\/nhan-sam-Canada-SilverLife-Gold-100g-250g-500g-1.png 1000w\" sizes=\"(max-width: 586px) 100vw, 586px\" \/><\/p>\n<p><span style=\"font-size: 120%; font-family: 'times new roman', times, serif; color: #282828;\">Nh\u00e2n s\u00e2m SilverLife \u0111\u01b0\u1ee3c nh\u1eadp kh\u1ea9u t\u1eeb Ontario, Canada \u2013 N\u01a1i cung c\u1ea5p 85% nh\u00e2n s\u00e2m cao c\u1ea5p tr\u00ean th\u1ecb tr\u01b0\u1eddng to\u00e0n c\u1ea7u.<\/span><\/p>\n<p><span style=\"font-size: 120%; font-family: 'times new roman', times, serif; color: #282828;\">Nh\u00e2n s\u00e2m P.Quinquefolius hi\u1ec7n nay \u0111\u00e3 \u0111\u01b0\u1ee3c nh\u00e2n gi\u1ed1ng v\u00e0 tr\u1ed3ng \u1edf nhi\u1ec1u n\u01a1i. Tuy nhi\u00ean do \u0111i\u1ec1u ki\u1ec7n kh\u00ed h\u1eadu, th\u1ed5 nh\u01b0\u1ee1ng kh\u00e1c bi\u1ec7t m\u00e0 nh\u00e2n s\u00e2m \u0111\u01b0\u1ee3c tr\u1ed3ng \u1edf Ontario, Canada c\u00f3 m\u00f9i v\u1ecb v\u00e0 ch\u1ea5t l\u01b0\u1ee3ng t\u1ed1t nh\u1ea5t th\u1ebf gi\u1edbi. M\u1ed7i m\u1ea3nh \u0111\u1ea5t n\u01a1i \u0111\u00e2y ch\u1ec9 tr\u1ed3ng \u0111\u01b0\u1ee3c 1 v\u1ee5 m\u00f9a s\u00e2m duy nh\u1ea5t. N\u00f3 c\u00f3 c\u00f4ng d\u1ee5ng \u0111\u1eb7c bi\u1ec7t trong vi\u1ec7c c\u1ea3i thi\u1ec7n th\u1ec3 ch\u1ea5t v\u00e0 tinh th\u1ea7n.<\/span><\/p>\n<p><span style=\"font-size: 120%; font-family: 'times new roman', times, serif;\">See More Products Of The Same Type: <a href=\"https:\/\/silverlife.com.vn\/en\/product\/nhan-sam-canada-silverlife-gold-100g\/\"><strong>Nh\u00e2n S\u00e2m Canada SilverLife Nguy\u00ean C\u1ee7 Gold H\u1ed9p 100g<\/strong><\/a><\/span><\/p>\n<h2><span style=\"font-size: 100%; font-family: 'times new roman', times, serif; color: #c48c2b;\"><strong>C\u00f4ng d\u1ee5ng n\u1ed5i b\u1eadt C\u1ee7a Nh\u00e2n S\u00e2m Canada Silverlife<\/strong><\/span><\/h2>\n<h3 data-start=\"1996\" data-end=\"2018\"><span style=\"color: #282828;\">H\u1ed7 tr\u1ee3 th\u1ec3 ch\u1ea5t<\/span><\/h3>\n<ul data-start=\"2019\" data-end=\"2177\">\n<li data-start=\"2019\" data-end=\"2089\">\n<p data-start=\"2021\" data-end=\"2089\"><span style=\"color: #282828;\"><strong data-start=\"2021\" data-end=\"2048\">T\u0103ng c\u01b0\u1eddng s\u1ee9c \u0111\u1ec1 kh\u00e1ng<\/strong>, n\u00e2ng cao kh\u1ea3 n\u0103ng ch\u1ed1ng l\u1ea1i b\u1ec7nh t\u1eadt.<\/span><\/p>\n<\/li>\n<li data-start=\"2090\" data-end=\"2137\">\n<p data-start=\"2092\" data-end=\"2137\"><span style=\"color: #282828;\">Ph\u1ee5c h\u1ed3i th\u1ec3 tr\u1ea1ng sau \u1ed1m, m\u1ec7t m\u1ecfi k\u00e9o d\u00e0i.<\/span><\/p>\n<\/li>\n<li data-start=\"2138\" data-end=\"2177\">\n<p data-start=\"2140\" data-end=\"2177\"><span style=\"color: #282828;\">Gi\u1eef n\u0103ng l\u01b0\u1ee3ng \u1ed5n \u0111\u1ecbnh su\u1ed1t ng\u00e0y d\u00e0i.<\/span><\/p>\n<\/li>\n<\/ul>\n<h3 data-start=\"2179\" data-end=\"2221\"><span style=\"color: #282828;\">\u00a0H\u1ed7 tr\u1ee3 tinh th\u1ea7n &amp; ch\u1ee9c n\u0103ng c\u01a1 th\u1ec3<\/span><\/h3>\n<ul data-start=\"2222\" data-end=\"2404\">\n<li data-start=\"2222\" data-end=\"2282\">\n<p data-start=\"2224\" data-end=\"2282\"><span style=\"color: #282828;\">Gi\u1ea3m stress, c\u1ea3i thi\u1ec7n tr\u1ea1ng th\u00e1i tinh th\u1ea7n v\u00e0 gi\u1ea5c ng\u1ee7.<\/span><\/p>\n<\/li>\n<li data-start=\"2283\" data-end=\"2315\">\n<p data-start=\"2285\" data-end=\"2315\"><span style=\"color: #282828;\">H\u1ed7 tr\u1ee3 tr\u00ed nh\u1edb v\u00e0 t\u1eadp trung.<\/span><\/p>\n<\/li>\n<li data-start=\"2316\" data-end=\"2359\">\n<p data-start=\"2318\" data-end=\"2359\"><span style=\"color: #282828;\">H\u1ed7 tr\u1ee3 c\u00e2n b\u1eb1ng \u0111\u01b0\u1eddng huy\u1ebft &amp; tim m\u1ea1ch.<\/span><\/p>\n<\/li>\n<li data-start=\"2360\" data-end=\"2404\">\n<p data-start=\"2362\" data-end=\"2404\"><span style=\"color: #282828;\">Ch\u1ed1ng oxy h\u00f3a, gi\u1ea3m t\u00e1c h\u1ea1i c\u1ee7a g\u1ed1c t\u1ef1 do.<\/span><\/p>\n<\/li>\n<\/ul>\n<p data-start=\"2406\" data-end=\"2561\"><span style=\"color: #282828;\">\ud83d\udc49 \u0110\u00e2y l\u00e0 l\u1ef1a ch\u1ecdn ph\u00f9 h\u1ee3p cho ng\u01b0\u1eddi l\u1edbn tu\u1ed5i, ng\u01b0\u1eddi m\u1edbi h\u1ed3i ph\u1ee5c s\u1ee9c kh\u1ecfe, nh\u00e2n vi\u00ean v\u0103n ph\u00f2ng c\u0103ng th\u1eb3ng hay ng\u01b0\u1eddi mong mu\u1ed1n s\u1ed1ng n\u0103ng \u0111\u1ed9ng h\u01a1n m\u1ed7i ng\u00e0y.<\/span><\/p>\n<p style=\"text-align: center;\"><a href=\"https:\/\/silverlife.com.vn\/en\/5\/\"><img loading=\"lazy\" decoding=\"async\" class=\"alignnone wp-image-15148\" src=\"https:\/\/silverlife.com.vn\/wp-content\/uploads\/2020\/07\/5-477x400.jpg\" alt=\"\" width=\"589\" height=\"494\" srcset=\"https:\/\/silverlife.com.vn\/wp-content\/uploads\/2020\/07\/5-477x400.jpg 477w, https:\/\/silverlife.com.vn\/wp-content\/uploads\/2020\/07\/5-768x644.jpg 768w, https:\/\/silverlife.com.vn\/wp-content\/uploads\/2020\/07\/5-900x754.jpg 900w, https:\/\/silverlife.com.vn\/wp-content\/uploads\/2020\/07\/5.jpg 940w\" sizes=\"(max-width: 589px) 100vw, 589px\" \/><\/a><\/p>\n<h3><span style=\"color: #c48c2b; font-size: 120%; font-family: 'times new roman', times, serif;\"><strong>Who Should Use Canadian Ginseng<\/strong><\/span><\/h3>\n<p data-start=\"2591\" data-end=\"2819\"><span style=\"color: #282828;\">&#8211; Ng\u01b0\u1eddi th\u01b0\u1eddng xuy\u00ean m\u1ec7t m\u1ecfi, thi\u1ebfu s\u1ee9c s\u1ed1ng<\/span><\/p>\n<p data-start=\"2591\" data-end=\"2819\"><span style=\"color: #282828;\">&#8211; Ng\u01b0\u1eddi l\u1edbn tu\u1ed5i mu\u1ed1n duy tr\u00ec s\u1ee9c kh\u1ecfe b\u1ec1n v\u1eefng<\/span><\/p>\n<p data-start=\"2591\" data-end=\"2819\"><span style=\"color: #282828;\">&#8211; Ng\u01b0\u1eddi l\u00e0m vi\u1ec7c tr\u00ed \u00f3c c\u0103ng th\u1eb3ng l\u00e2u d\u00e0i<\/span><\/p>\n<p data-start=\"2591\" data-end=\"2819\"><span style=\"color: #282828;\">&#8211; Ng\u01b0\u1eddi c\u1ea7n ph\u1ee5c h\u1ed3i sau b\u1ec7nh, ph\u1eabu thu\u1eadt<\/span><\/p>\n<p data-start=\"2591\" data-end=\"2819\"><span style=\"color: #282828;\">&#8211; Ng\u01b0\u1eddi mu\u1ed1n t\u0103ng c\u01b0\u1eddng mi\u1ec5n d\u1ecbch t\u1ef1 nhi\u00ean<\/span><\/p>\n<p data-start=\"2821\" data-end=\"2960\"><span style=\"color: #282828;\">M\u1ee9c \u0111\u1ed9 hi\u1ec7u qu\u1ea3 t\u00f9y thu\u1ed9c c\u01a1 \u0111\u1ecba. Lu\u00f4n tham kh\u1ea3o \u00fd ki\u1ebfn b\u00e1c s\u0129 n\u1ebfu b\u1ea1n \u0111ang mang thai, cho con b\u00fa ho\u1eb7c \u0111ang d\u00f9ng thu\u1ed1c \u0111i\u1ec1u tr\u1ecb k\u00e9o d\u00e0i.<\/span><\/p>\n<p style=\"text-align: center;\" data-start=\"2821\" data-end=\"2960\"><img loading=\"lazy\" decoding=\"async\" class=\"aligncenter wp-image-18449\" src=\"https:\/\/silverlife.com.vn\/wp-content\/uploads\/2019\/08\/phan-loai-cac-dong-nguyen-lieu-nhan-sam-kho-Canada-nguyen-cu-SilverLife-4-597x400.png\" alt=\"\" width=\"707\" height=\"474\" srcset=\"https:\/\/silverlife.com.vn\/wp-content\/uploads\/2019\/08\/phan-loai-cac-dong-nguyen-lieu-nhan-sam-kho-Canada-nguyen-cu-SilverLife-4-597x400.png 597w, https:\/\/silverlife.com.vn\/wp-content\/uploads\/2019\/08\/phan-loai-cac-dong-nguyen-lieu-nhan-sam-kho-Canada-nguyen-cu-SilverLife-4-1193x800.png 1193w, https:\/\/silverlife.com.vn\/wp-content\/uploads\/2019\/08\/phan-loai-cac-dong-nguyen-lieu-nhan-sam-kho-Canada-nguyen-cu-SilverLife-4-768x515.png 768w, https:\/\/silverlife.com.vn\/wp-content\/uploads\/2019\/08\/phan-loai-cac-dong-nguyen-lieu-nhan-sam-kho-Canada-nguyen-cu-SilverLife-4-18x12.png 18w, https:\/\/silverlife.com.vn\/wp-content\/uploads\/2019\/08\/phan-loai-cac-dong-nguyen-lieu-nhan-sam-kho-Canada-nguyen-cu-SilverLife-4-900x603.png 900w, https:\/\/silverlife.com.vn\/wp-content\/uploads\/2019\/08\/phan-loai-cac-dong-nguyen-lieu-nhan-sam-kho-Canada-nguyen-cu-SilverLife-4.png 1350w\" sizes=\"(max-width: 707px) 100vw, 707px\" \/><\/p>\n<h2><span style=\"color: #c48c2b; font-size: 100%; font-family: 'times new roman', times, serif;\"><strong>Information SilverLife - Unit Supply Ginseng Canada<\/strong><\/span><\/h2>\n<p style=\"font-weight: 400;\"><span style=\"font-size: 120%; font-family: 'times new roman', times, serif;\">SilverLife proudly states that all products contain 100% Canadian ginseng.<\/span><\/p>\n<p style=\"font-weight: 400;\"><span style=\"font-size: 120%; font-family: 'times new roman', times, serif;\">We are committed to selling ginseng with the best quality, officially imported from Ontario, Canada - a land famous for growing ginseng around the world.<\/span><\/p>\n<p style=\"font-weight: 400;\"><span style=\"font-size: 120%; font-family: 'times new roman', times, serif;\">Quality Assurance of Canadian Ginseng SilverLife<\/span><\/p>\n<ul>\n<li style=\"font-weight: 400;\"><span style=\"font-size: 120%; font-family: 'times new roman', times, serif;\">100% NH\u00c2N S\u00c2M CANADA NGUY\u00caN C\u1ee6<\/span><\/li>\n<li style=\"font-weight: 400;\"><span style=\"font-size: 120%; font-family: 'times new roman', times, serif;\">100% KH\u00c1CH H\u00c0NG H\u00c0I L\u00d2NG KHI S\u1eec D\u1ee4NG S\u1ea2N PH\u1ea8M<\/span><\/li>\n<li style=\"font-weight: 400;\"><span style=\"font-size: 120%; font-family: 'times new roman', times, serif;\">GINSENG HAS THE BES QUALITY BUT AFFORDABLE PRICE SUITABLE FOR EVERY HOME.<\/span><\/li>\n<\/ul>\n<p><span style=\"font-family: 'times new roman', times, serif; font-size: 120%;\"><strong>Xem Th\u00eam V\u1ec1 C\u00e1c S\u1ea3n Ph\u1ea9m Nh\u00e2n S\u00e2m Canada Nguy\u00ean C\u1ee7<\/strong>: <a href=\"https:\/\/silverlife.com.vn\/en\/danh-muc\/sam-cu\/\"><strong>T\u1ea1i \u0110\u00e2y<\/strong><\/a><\/span><\/p>\n<p>&nbsp;<\/p>\n<figure id=\"attachment_16228\" aria-describedby=\"caption-attachment-16228\" style=\"width: 839px\" class=\"wp-caption aligncenter\"><a href=\"https:\/\/silverlife.com.vn\/en\/danh-muc\/sam-cu\/\" rel=\"attachment wp-att-16228\"><img loading=\"lazy\" decoding=\"async\" class=\"wp-image-16228\" src=\"https:\/\/silverlife.com.vn\/wp-content\/uploads\/2019\/08\/full-bo-sp-800x346.jpg\" alt=\"\" width=\"839\" height=\"363\" srcset=\"https:\/\/silverlife.com.vn\/wp-content\/uploads\/2019\/08\/full-bo-sp-800x346.jpg 800w, https:\/\/silverlife.com.vn\/wp-content\/uploads\/2019\/08\/full-bo-sp-1400x606.jpg 1400w, https:\/\/silverlife.com.vn\/wp-content\/uploads\/2019\/08\/full-bo-sp-768x333.jpg 768w, https:\/\/silverlife.com.vn\/wp-content\/uploads\/2019\/08\/full-bo-sp-1536x665.jpg 1536w, https:\/\/silverlife.com.vn\/wp-content\/uploads\/2019\/08\/full-bo-sp-2048x887.jpg 2048w, https:\/\/silverlife.com.vn\/wp-content\/uploads\/2019\/08\/full-bo-sp-900x390.jpg 900w\" sizes=\"(max-width: 839px) 100vw, 839px\" \/><\/a><figcaption id=\"caption-attachment-16228\" class=\"wp-caption-text\">SilverLife Canadian Ginseng<\/figcaption><\/figure>\n<p><strong data-start=\"4128\" data-end=\"4198\">\u0110\u1eb7t h\u00e0ng ngay h\u00f4m nay \u2013 tr\u1ea3i nghi\u1ec7m n\u0103ng l\u01b0\u1ee3ng kh\u1ecfe m\u1ea1nh t\u1ef1 nhi\u00ean!<\/strong><br data-start=\"4198\" data-end=\"4201\" \/>\u27a1 Nh\u1ea5n \u201cTh\u00eam v\u00e0o gi\u1ecf\u201d \u0111\u1ec3 s\u1edf h\u1eefu <strong data-start=\"4233\" data-end=\"4273\">Nh\u00e2n S\u00e2m Canada SilverLife Gold 250g<\/strong>, t\u1eb7ng m\u00f3n qu\u00e0 s\u1ee9c kh\u1ecfe \u00fd ngh\u0129a cho b\u1ea3n th\u00e2n v\u00e0 ng\u01b0\u1eddi th\u00e2n.<\/p>","protected":false},"excerpt":{"rendered":"<ul>\n<li>Nh\u00e2n s\u00e2m nh\u1eadp kh\u1ea9u t\u1eeb\u00a0<strong>Ontario, Canada<\/strong>\u00a0\u2013 \u0110\u00f3ng g\u00f3i t\u1ea1i\u00a0<strong>Vi\u1ec7t Nam<\/strong><\/li>\n<li>Tinh hoa s\u00e2m Canada \u2013 n\u0103ng l\u01b0\u1ee3ng kh\u1ecfe m\u1ea1nh tr\u1ecdn v\u1eb9n m\u1ed7i ng\u00e0y<\/li>\n<li><strong data-start=\"785\" data-end=\"821\">100% pure Canadian Ginseng<\/strong>\u00a0\u2013 kh\u00f4ng pha t\u1ea1p, gi\u1eef \u0111\u01b0\u1ee3c gi\u00e1 tr\u1ecb t\u1ef1 nhi\u00ean qu\u00fd gi\u00e1.<\/li>\n<li>Quy c\u00e1ch h\u1ed9p <strong data-start=\"1151\" data-end=\"1167\">250g cao c\u1ea5p<\/strong>\u00a0\u2013 th\u00edch h\u1ee3p d\u00f9ng trong gia \u0111\u00ecnh ho\u1eb7c l\u00e0m qu\u00e0 t\u1eb7ng s\u1ee9c kh\u1ecfe.<\/li>\n<li><strong data-start=\"1270\" data-end=\"1292\">Mi\u1ec5n ph\u00ed giao h\u00e0ng<\/strong>\u00a0to\u00e0n qu\u1ed1c v\u00e0 ki\u1ec3m tra s\u1ea3n ph\u1ea9m tr\u01b0\u1edbc khi thanh to\u00e1n.<\/li>\n<li><span style=\"color: #282828;\"><strong data-start=\"1011\" data-end=\"1043\">C\u1ee7 l\u1edbn tr\u1ecdng l\u01b0\u1ee3ng 16\u201324g\/c\u1ee7<\/strong>, h\u1ed9p 250g kho\u1ea3ng 12 &#8211; 16 c\u1ee7<\/span><\/li>\n<li><span style=\"color: #282828;\">M\u00e3 SP: 8938529507095<\/span><\/li>\n<\/ul>","protected":false},"featured_media":18053,"comment_status":"open","ping_status":"closed","template":"","meta":[],"product_cat":[69],"product_tag":[],"class_list":{"0":"post-1040","1":"product","2":"type-product","3":"status-publish","4":"has-post-thumbnail","6":"product_cat-sam-cu","7":"product_shipping_class-giao-hang-tan-noi","9":"first","10":"instock","11":"shipping-taxable","12":"purchasable","13":"product-type-simple"},"yoast_head":"<!-- This site is optimized with the Yoast SEO plugin v23.6 - https:\/\/yoast.com\/wordpress\/plugins\/seo\/ -->\n<title>Nh\u00e2n S\u00e2m Canada SilverLife Nguy\u00ean C\u1ee7 Gold H\u1ed9p 250g<\/title>\n<meta name=\"description\" content=\"Nh\u00e2n S\u00e2m Canada c\u00f3 nhi\u1ec1u c\u00f4ng d\u1ee5ng v\u00e0 l\u1ee3i \u00edch r\u1ea5t t\u1ed1t cho s\u1ee9c kh\u1ecfe ng\u01b0\u1eddi s\u1eed d\u1ee5ng. Mua s\u00e2m Canada ch\u00ednh g\u1ed1c t\u1ea1i SilverLife\" \/>\n<meta name=\"robots\" content=\"index, follow, max-snippet:-1, max-image-preview:large, max-video-preview:-1\" \/>\n<link rel=\"canonical\" href=\"https:\/\/silverlife.com.vn\/en\/product\/nhan-sam-canada-silverlife-gold-250g\/\" \/>\n<meta property=\"og:locale\" content=\"en_US\" \/>\n<meta property=\"og:type\" content=\"article\" \/>\n<meta property=\"og:title\" content=\"Nh\u00e2n S\u00e2m Canada SilverLife Nguy\u00ean C\u1ee7 Gold H\u1ed9p 250g\" \/>\n<meta property=\"og:description\" content=\"Nh\u00e2n S\u00e2m Canada c\u00f3 nhi\u1ec1u c\u00f4ng d\u1ee5ng v\u00e0 l\u1ee3i \u00edch r\u1ea5t t\u1ed1t cho s\u1ee9c kh\u1ecfe ng\u01b0\u1eddi s\u1eed d\u1ee5ng. Mua s\u00e2m Canada ch\u00ednh g\u1ed1c t\u1ea1i SilverLife\" \/>\n<meta property=\"og:url\" content=\"https:\/\/silverlife.com.vn\/en\/product\/nhan-sam-canada-silverlife-gold-250g\/\" \/>\n<meta property=\"og:site_name\" content=\"SilverLife - Cung C\u1ea5p S\u1ec9 &amp; L\u1ebb Nh\u00e2n S\u00e2m Canada T\u1ea1i Vi\u1ec7t Nam\" \/>\n<meta property=\"article:modified_time\" content=\"2026-01-20T03:41:06+00:00\" \/>\n<meta property=\"og:image\" content=\"https:\/\/silverlife.com.vn\/wp-content\/uploads\/2019\/08\/nhan-sam-kho-Canada-SilverLife-Gold-1.png\" \/>\n\t<meta property=\"og:image:width\" content=\"1000\" \/>\n\t<meta property=\"og:image:height\" content=\"1000\" \/>\n\t<meta property=\"og:image:type\" content=\"image\/png\" \/>\n<meta name=\"twitter:card\" content=\"summary_large_image\" \/>\n<meta name=\"twitter:label1\" content=\"Est. reading time\" \/>\n\t<meta name=\"twitter:data1\" content=\"5 minutes\" \/>\n<script type=\"application\/ld+json\" class=\"yoast-schema-graph\">{\"@context\":\"https:\/\/schema.org\",\"@graph\":[{\"@type\":\"WebPage\",\"@id\":\"https:\/\/silverlife.com.vn\/san-pham\/nhan-sam-canada-silverlife-gold-250g\",\"url\":\"https:\/\/silverlife.com.vn\/san-pham\/nhan-sam-canada-silverlife-gold-250g\",\"name\":\"Nh\u00e2n S\u00e2m Canada SilverLife Nguy\u00ean C\u1ee7 Gold H\u1ed9p 250g\",\"isPartOf\":{\"@id\":\"https:\/\/silverlife.com.vn\/#website\"},\"primaryImageOfPage\":{\"@id\":\"https:\/\/silverlife.com.vn\/san-pham\/nhan-sam-canada-silverlife-gold-250g#primaryimage\"},\"image\":{\"@id\":\"https:\/\/silverlife.com.vn\/san-pham\/nhan-sam-canada-silverlife-gold-250g#primaryimage\"},\"thumbnailUrl\":\"https:\/\/silverlife.com.vn\/wp-content\/uploads\/2019\/08\/nhan-sam-kho-Canada-SilverLife-Gold-1.png\",\"datePublished\":\"2019-08-29T05:58:30+00:00\",\"dateModified\":\"2026-01-20T03:41:06+00:00\",\"description\":\"Nh\u00e2n S\u00e2m Canada c\u00f3 nhi\u1ec1u c\u00f4ng d\u1ee5ng v\u00e0 l\u1ee3i \u00edch r\u1ea5t t\u1ed1t cho s\u1ee9c kh\u1ecfe ng\u01b0\u1eddi s\u1eed d\u1ee5ng. Mua s\u00e2m Canada ch\u00ednh g\u1ed1c t\u1ea1i SilverLife\",\"breadcrumb\":{\"@id\":\"https:\/\/silverlife.com.vn\/san-pham\/nhan-sam-canada-silverlife-gold-250g#breadcrumb\"},\"inLanguage\":\"en-US\",\"potentialAction\":[{\"@type\":\"ReadAction\",\"target\":[\"https:\/\/silverlife.com.vn\/san-pham\/nhan-sam-canada-silverlife-gold-250g\"]}]},{\"@type\":\"ImageObject\",\"inLanguage\":\"en-US\",\"@id\":\"https:\/\/silverlife.com.vn\/san-pham\/nhan-sam-canada-silverlife-gold-250g#primaryimage\",\"url\":\"https:\/\/silverlife.com.vn\/wp-content\/uploads\/2019\/08\/nhan-sam-kho-Canada-SilverLife-Gold-1.png\",\"contentUrl\":\"https:\/\/silverlife.com.vn\/wp-content\/uploads\/2019\/08\/nhan-sam-kho-Canada-SilverLife-Gold-1.png\",\"width\":1000,\"height\":1000},{\"@type\":\"BreadcrumbList\",\"@id\":\"https:\/\/silverlife.com.vn\/san-pham\/nhan-sam-canada-silverlife-gold-250g#breadcrumb\",\"itemListElement\":[{\"@type\":\"ListItem\",\"position\":1,\"name\":\"Trang ch\u1ee7\",\"item\":\"https:\/\/silverlife.com.vn\/\"},{\"@type\":\"ListItem\",\"position\":2,\"name\":\"Shop\",\"item\":\"https:\/\/silverlife.com.vn\/shop\"},{\"@type\":\"ListItem\",\"position\":3,\"name\":\"Nh\u00e2n S\u00e2m Canada SilverLife Nguy\u00ean C\u1ee7 Gold H\u1ed9p 250g\"}]},{\"@type\":\"WebSite\",\"@id\":\"https:\/\/silverlife.com.vn\/#website\",\"url\":\"https:\/\/silverlife.com.vn\/\",\"name\":\"SilverLife - Cung C\u1ea5p S\u1ec9 &amp; L\u1ebb Nh\u00e2n S\u00e2m Canada T\u1ea1i Vi\u1ec7t Nam\",\"description\":\"\",\"potentialAction\":[{\"@type\":\"SearchAction\",\"target\":{\"@type\":\"EntryPoint\",\"urlTemplate\":\"https:\/\/silverlife.com.vn\/?s={search_term_string}\"},\"query-input\":{\"@type\":\"PropertyValueSpecification\",\"valueRequired\":true,\"valueName\":\"search_term_string\"}}],\"inLanguage\":\"en-US\"}]}<\/script>\n<!-- \/ Yoast SEO plugin. -->","yoast_head_json":{"title":"Nh\u00e2n S\u00e2m Canada SilverLife Nguy\u00ean C\u1ee7 Gold H\u1ed9p 250g","description":"Nh\u00e2n S\u00e2m Canada c\u00f3 nhi\u1ec1u c\u00f4ng d\u1ee5ng v\u00e0 l\u1ee3i \u00edch r\u1ea5t t\u1ed1t cho s\u1ee9c kh\u1ecfe ng\u01b0\u1eddi s\u1eed d\u1ee5ng. Mua s\u00e2m Canada ch\u00ednh g\u1ed1c t\u1ea1i SilverLife","robots":{"index":"index","follow":"follow","max-snippet":"max-snippet:-1","max-image-preview":"max-image-preview:large","max-video-preview":"max-video-preview:-1"},"canonical":"https:\/\/silverlife.com.vn\/en\/product\/nhan-sam-canada-silverlife-gold-250g\/","og_locale":"en_US","og_type":"article","og_title":"Nh\u00e2n S\u00e2m Canada SilverLife Nguy\u00ean C\u1ee7 Gold H\u1ed9p 250g","og_description":"Nh\u00e2n S\u00e2m Canada c\u00f3 nhi\u1ec1u c\u00f4ng d\u1ee5ng v\u00e0 l\u1ee3i \u00edch r\u1ea5t t\u1ed1t cho s\u1ee9c kh\u1ecfe ng\u01b0\u1eddi s\u1eed d\u1ee5ng. Mua s\u00e2m Canada ch\u00ednh g\u1ed1c t\u1ea1i SilverLife","og_url":"https:\/\/silverlife.com.vn\/en\/product\/nhan-sam-canada-silverlife-gold-250g\/","og_site_name":"SilverLife - Cung C\u1ea5p S\u1ec9 &amp; L\u1ebb Nh\u00e2n S\u00e2m Canada T\u1ea1i Vi\u1ec7t Nam","article_modified_time":"2026-01-20T03:41:06+00:00","og_image":[{"width":1000,"height":1000,"url":"https:\/\/silverlife.com.vn\/wp-content\/uploads\/2019\/08\/nhan-sam-kho-Canada-SilverLife-Gold-1.png","type":"image\/png"}],"twitter_card":"summary_large_image","twitter_misc":{"Est. reading time":"5 minutes"},"schema":{"@context":"https:\/\/schema.org","@graph":[{"@type":"WebPage","@id":"https:\/\/silverlife.com.vn\/san-pham\/nhan-sam-canada-silverlife-gold-250g","url":"https:\/\/silverlife.com.vn\/san-pham\/nhan-sam-canada-silverlife-gold-250g","name":"Nh\u00e2n S\u00e2m Canada SilverLife Nguy\u00ean C\u1ee7 Gold H\u1ed9p 250g","isPartOf":{"@id":"https:\/\/silverlife.com.vn\/#website"},"primaryImageOfPage":{"@id":"https:\/\/silverlife.com.vn\/san-pham\/nhan-sam-canada-silverlife-gold-250g#primaryimage"},"image":{"@id":"https:\/\/silverlife.com.vn\/san-pham\/nhan-sam-canada-silverlife-gold-250g#primaryimage"},"thumbnailUrl":"https:\/\/silverlife.com.vn\/wp-content\/uploads\/2019\/08\/nhan-sam-kho-Canada-SilverLife-Gold-1.png","datePublished":"2019-08-29T05:58:30+00:00","dateModified":"2026-01-20T03:41:06+00:00","description":"Nh\u00e2n S\u00e2m Canada c\u00f3 nhi\u1ec1u c\u00f4ng d\u1ee5ng v\u00e0 l\u1ee3i \u00edch r\u1ea5t t\u1ed1t cho s\u1ee9c kh\u1ecfe ng\u01b0\u1eddi s\u1eed d\u1ee5ng. Mua s\u00e2m Canada ch\u00ednh g\u1ed1c t\u1ea1i SilverLife","breadcrumb":{"@id":"https:\/\/silverlife.com.vn\/san-pham\/nhan-sam-canada-silverlife-gold-250g#breadcrumb"},"inLanguage":"en-US","potentialAction":[{"@type":"ReadAction","target":["https:\/\/silverlife.com.vn\/san-pham\/nhan-sam-canada-silverlife-gold-250g"]}]},{"@type":"ImageObject","inLanguage":"en-US","@id":"https:\/\/silverlife.com.vn\/san-pham\/nhan-sam-canada-silverlife-gold-250g#primaryimage","url":"https:\/\/silverlife.com.vn\/wp-content\/uploads\/2019\/08\/nhan-sam-kho-Canada-SilverLife-Gold-1.png","contentUrl":"https:\/\/silverlife.com.vn\/wp-content\/uploads\/2019\/08\/nhan-sam-kho-Canada-SilverLife-Gold-1.png","width":1000,"height":1000},{"@type":"BreadcrumbList","@id":"https:\/\/silverlife.com.vn\/san-pham\/nhan-sam-canada-silverlife-gold-250g#breadcrumb","itemListElement":[{"@type":"ListItem","position":1,"name":"Trang ch\u1ee7","item":"https:\/\/silverlife.com.vn\/"},{"@type":"ListItem","position":2,"name":"Shop","item":"https:\/\/silverlife.com.vn\/shop"},{"@type":"ListItem","position":3,"name":"Nh\u00e2n S\u00e2m Canada SilverLife Nguy\u00ean C\u1ee7 Gold H\u1ed9p 250g"}]},{"@type":"WebSite","@id":"https:\/\/silverlife.com.vn\/#website","url":"https:\/\/silverlife.com.vn\/","name":"SilverLife - Cung C\u1ea5p S\u1ec9 &amp; L\u1ebb Nh\u00e2n S\u00e2m Canada T\u1ea1i Vi\u1ec7t Nam","description":"","potentialAction":[{"@type":"SearchAction","target":{"@type":"EntryPoint","urlTemplate":"https:\/\/silverlife.com.vn\/?s={search_term_string}"},"query-input":{"@type":"PropertyValueSpecification","valueRequired":true,"valueName":"search_term_string"}}],"inLanguage":"en-US"}]}},"_links":{"self":[{"href":"https:\/\/silverlife.com.vn\/en\/wp-json\/wp\/v2\/product\/1040"}],"collection":[{"href":"https:\/\/silverlife.com.vn\/en\/wp-json\/wp\/v2\/product"}],"about":[{"href":"https:\/\/silverlife.com.vn\/en\/wp-json\/wp\/v2\/types\/product"}],"replies":[{"embeddable":true,"href":"https:\/\/silverlife.com.vn\/en\/wp-json\/wp\/v2\/comments?post=1040"}],"wp:featuredmedia":[{"embeddable":true,"href":"https:\/\/silverlife.com.vn\/en\/wp-json\/wp\/v2\/media\/18053"}],"wp:attachment":[{"href":"https:\/\/silverlife.com.vn\/en\/wp-json\/wp\/v2\/media?parent=1040"}],"wp:term":[{"taxonomy":"product_cat","embeddable":true,"href":"https:\/\/silverlife.com.vn\/en\/wp-json\/wp\/v2\/product_cat?post=1040"},{"taxonomy":"product_tag","embeddable":true,"href":"https:\/\/silverlife.com.vn\/en\/wp-json\/wp\/v2\/product_tag?post=1040"}],"curies":[{"name":"wp","href":"https:\/\/api.w.org\/{rel}","templated":true}]}}