{"id":10431,"date":"2020-08-07T14:37:23","date_gmt":"2020-08-07T07:37:23","guid":{"rendered":"https:\/\/silverlife.com.vn\/?post_type=product&#038;p=10431"},"modified":"2025-11-24T10:03:00","modified_gmt":"2025-11-24T03:03:00","slug":"tra-nhan-sam-canada-silverlife-hop-12-tui","status":"publish","type":"product","link":"https:\/\/silverlife.com.vn\/en\/product\/tra-nhan-sam-canada-silverlife-hop-12-tui","title":{"rendered":"SilverLife Canadian Ginseng Tea, box of 12 sachets 24g"},"content":{"rendered":"<h2><span style=\"color: #c99d0c;\"><strong><span style=\"font-size: 75%;\">SilverLife Ginseng Tea 100% pure Canadian ginseng<\/span><\/strong><\/span><\/h2>\n<p><span style=\"color: #282828;\">Canadian ginseng tea is used to improve energy levels, enhance immunity and enhance overall health by increasing resistance to stress, fighting aging and inhibiting the expression of type of illness.<\/span><\/p>\n<p><span style=\"color: #282828;\">The use of ginseng for medicinal purposes dates back to 5000 years and is considered an anti-aging agent. In modern times, ginseng has been widely recognized as an adaptation, helps increase resistance to stress and restore homeostasis. It is increasingly popular and are available as teas, powders, capsules. The main bioactive ingredients of Canadian ginseng, ginsenosides, have been successfully isolated in experimental studies and proven to demonstrate various medical properties.<\/span><\/p>\n<p style=\"text-align: center;\"><a href=\"https:\/\/silverlife.com.vn\/en\/?attachment_id=17857#main\" rel=\"attachment wp-att-17857\"><img loading=\"lazy\" decoding=\"async\" class=\"alignnone wp-image-17857\" src=\"https:\/\/silverlife.com.vn\/wp-content\/uploads\/2020\/08\/tra-nhan-sam-Canada-nguyen-chat-100-SilverLife-hop-24gr-3.jpg\" alt=\"\" width=\"653\" height=\"653\" srcset=\"https:\/\/silverlife.com.vn\/wp-content\/uploads\/2020\/08\/tra-nhan-sam-Canada-nguyen-chat-100-SilverLife-hop-24gr-3.jpg 2160w, https:\/\/silverlife.com.vn\/wp-content\/uploads\/2020\/08\/tra-nhan-sam-Canada-nguyen-chat-100-SilverLife-hop-24gr-3-400x400.jpg 400w, https:\/\/silverlife.com.vn\/wp-content\/uploads\/2020\/08\/tra-nhan-sam-Canada-nguyen-chat-100-SilverLife-hop-24gr-3-800x800.jpg 800w, https:\/\/silverlife.com.vn\/wp-content\/uploads\/2020\/08\/tra-nhan-sam-Canada-nguyen-chat-100-SilverLife-hop-24gr-3-280x280.jpg 280w, https:\/\/silverlife.com.vn\/wp-content\/uploads\/2020\/08\/tra-nhan-sam-Canada-nguyen-chat-100-SilverLife-hop-24gr-3-768x768.jpg 768w, https:\/\/silverlife.com.vn\/wp-content\/uploads\/2020\/08\/tra-nhan-sam-Canada-nguyen-chat-100-SilverLife-hop-24gr-3-1536x1536.jpg 1536w, https:\/\/silverlife.com.vn\/wp-content\/uploads\/2020\/08\/tra-nhan-sam-Canada-nguyen-chat-100-SilverLife-hop-24gr-3-2048x2048.jpg 2048w, https:\/\/silverlife.com.vn\/wp-content\/uploads\/2020\/08\/tra-nhan-sam-Canada-nguyen-chat-100-SilverLife-hop-24gr-3-12x12.jpg 12w, https:\/\/silverlife.com.vn\/wp-content\/uploads\/2020\/08\/tra-nhan-sam-Canada-nguyen-chat-100-SilverLife-hop-24gr-3-900x900.jpg 900w, https:\/\/silverlife.com.vn\/wp-content\/uploads\/2020\/08\/tra-nhan-sam-Canada-nguyen-chat-100-SilverLife-hop-24gr-3-100x100.jpg 100w\" sizes=\"(max-width: 653px) 100vw, 653px\" \/><\/a><\/p>\n<h2><span style=\"color: #c99d0c;\"><strong><span style=\"font-size: 75%;\">C\u00f4ng d\u1ee5ng Tr\u00e0 nh\u00e2n s\u00e2m SilverLife 100% nh\u00e2n s\u00e2m Canada nguy\u00ean ch\u1ea5t. <\/span><\/strong><\/span><\/h2>\n<ul>\n<li>Reduce stress,<span style=\"color: #282828;\">help sedation, sleep well<\/span><\/li>\n<li>Enhance memory, increase concentration<\/li>\n<li><span style=\"color: #282828;\">Strengthen resistance, prevent general disease.<\/span><\/li>\n<li>Increase physical endurance, fight fatigue, and body weakness.<\/li>\n<li><span style=\"color: #282828;\">Reducing excess heat in the body<\/span><\/li>\n<\/ul>\n<p><em><strong>\u2234 You know ginseng reduces anxiety and improves mood!!<\/strong><\/em><\/p>\n<p><span style=\"color: #282828;\">30 volunteers participated in a study at the Center for Research on Nutrition and Brain Performance in the UK to find out if ginseng tea has effects on mood and mental function. The results showed that ginseng not only improved mood and brain logic function, increased math ability, but also significantly reduced anxiety symptoms.<\/span><\/p>\n<p><span style=\"color: #282828;\">\u21d2 When you need a little snack or if you're feeling stressed, try a cup of ginseng tea - it could be your best solution!<\/span><\/p>\n<p><a href=\"https:\/\/silverlife.com.vn\/en\/tin-tuc\/8-tac-dung-cua-tra-sam-khi-dung-lau-nam.html\/attachment\/tra-nhan-sam-canada-silverlife-hat-chia-mat-ong_moment2\/#main\" rel=\"attachment wp-att-17341\"><img loading=\"lazy\" decoding=\"async\" class=\"wp-image-17341\" src=\"https:\/\/silverlife.com.vn\/wp-content\/uploads\/2021\/05\/tra-nhan-sam-Canada-SilverLife-hat-chia-mat-ong_Moment2.jpg\" alt=\"T\u00e1c d\u1ee5ng c\u1ee7a tr\u00e0 s\u00e2m\" width=\"906\" height=\"510\" srcset=\"https:\/\/silverlife.com.vn\/wp-content\/uploads\/2021\/05\/tra-nhan-sam-Canada-SilverLife-hat-chia-mat-ong_Moment2.jpg 1920w, https:\/\/silverlife.com.vn\/wp-content\/uploads\/2021\/05\/tra-nhan-sam-Canada-SilverLife-hat-chia-mat-ong_Moment2-711x400.jpg 711w, https:\/\/silverlife.com.vn\/wp-content\/uploads\/2021\/05\/tra-nhan-sam-Canada-SilverLife-hat-chia-mat-ong_Moment2-1400x788.jpg 1400w, https:\/\/silverlife.com.vn\/wp-content\/uploads\/2021\/05\/tra-nhan-sam-Canada-SilverLife-hat-chia-mat-ong_Moment2-768x432.jpg 768w, https:\/\/silverlife.com.vn\/wp-content\/uploads\/2021\/05\/tra-nhan-sam-Canada-SilverLife-hat-chia-mat-ong_Moment2-1536x864.jpg 1536w, https:\/\/silverlife.com.vn\/wp-content\/uploads\/2021\/05\/tra-nhan-sam-Canada-SilverLife-hat-chia-mat-ong_Moment2-16x9.jpg 16w, https:\/\/silverlife.com.vn\/wp-content\/uploads\/2021\/05\/tra-nhan-sam-Canada-SilverLife-hat-chia-mat-ong_Moment2-900x506.jpg 900w\" sizes=\"(max-width: 906px) 100vw, 906px\" \/><\/a><\/p>\n<h2><span style=\"font-size: 75%;\"><strong><span style=\"color: #c99d0c;\">Instructions for use of SilverLife Ginseng Tea Bag:<\/span><\/strong><\/span><\/h2>\n<p><span style=\"color: #282828;\">1. Put 1 packet of ginseng tea in a ceramic \/ glass cup<\/span><\/p>\n<p><span style=\"color: #282828;\">2. Pour 100ml of boiling water into a glass<\/span><\/p>\n<p><span style=\"color: #282828;\">3. Wait 10 - 15 minutes and enjoy<\/span><\/p>\n<p><span style=\"color: #282828;\">\u2192 You can repeat the steps above to use another 1-2 again<\/span><\/p>\n<p><span style=\"color: #282828;\">Increase flavor with lemon, honey as desired.<\/span><\/p>\n<p><span style=\"color: #282828;\">Freshly brewed Canadian ginseng tea SilverLife can be served hot or cold. It can be stored in the refrigerator, but should be used within a day.<\/span>.<\/p>\n<h2><span style=\"color: #c48b0e;\"><strong><span style=\"font-size: 75%;\">Are there any side effects of long-term use of ginseng tea?<\/span><\/strong><\/span><\/h2>\n<p><span style=\"color: #282828;\">For most healthy adults, there is little concern about the side effects caused by ginseng tea. It is well tolerated and is not associated with the risk of serious side effects.<\/span><\/p>\n<p><span style=\"color: #282828;\">Panax quinquefolius is considered safe for its appropriate use in the short term. Doses of 1 gram to 3 grams per day did not produce side effects for a period of 12 weeks in the studies.<\/span><\/p>\n<p><strong><em>You can use ginseng tea bag filter continuously for 3 weeks, 1 week off or 3 months off for 1 month.<\/em><\/strong><\/p>\n<p style=\"text-align: center;\"><img loading=\"lazy\" decoding=\"async\" class=\"alignnone wp-image-16174\" src=\"https:\/\/silverlife.com.vn\/wp-content\/uploads\/2020\/08\/tra-nhan-sam-tui-loc-silverlife-canadian-ginseng-12-goi-1-711x400.jpg\" alt=\"\" width=\"810\" height=\"456\" srcset=\"https:\/\/silverlife.com.vn\/wp-content\/uploads\/2020\/08\/tra-nhan-sam-tui-loc-silverlife-canadian-ginseng-12-goi-1-711x400.jpg 711w, https:\/\/silverlife.com.vn\/wp-content\/uploads\/2020\/08\/tra-nhan-sam-tui-loc-silverlife-canadian-ginseng-12-goi-1-1400x788.jpg 1400w, https:\/\/silverlife.com.vn\/wp-content\/uploads\/2020\/08\/tra-nhan-sam-tui-loc-silverlife-canadian-ginseng-12-goi-1-768x432.jpg 768w, https:\/\/silverlife.com.vn\/wp-content\/uploads\/2020\/08\/tra-nhan-sam-tui-loc-silverlife-canadian-ginseng-12-goi-1-1536x864.jpg 1536w, https:\/\/silverlife.com.vn\/wp-content\/uploads\/2020\/08\/tra-nhan-sam-tui-loc-silverlife-canadian-ginseng-12-goi-1-2048x1152.jpg 2048w, https:\/\/silverlife.com.vn\/wp-content\/uploads\/2020\/08\/tra-nhan-sam-tui-loc-silverlife-canadian-ginseng-12-goi-1-900x506.jpg 900w\" sizes=\"(max-width: 810px) 100vw, 810px\" \/><\/p>\n<h2><span style=\"font-size: 75%;\"><strong><span style=\"color: #c48b0e;\">Notes before consuming Canadian ginseng tea:<\/span><\/strong><\/span><\/h2>\n<ul>\n<li>Pregnant and \/ or lactating women should not consume ginseng tea.<\/li>\n<li>Usage Not Recommended: Do not use ginseng tea or other supplements before surgery. Stop using at least 2 weeks before surgery. Exercise caution when combining with caffeinated beverages.<\/li>\n<li>Canadian ginseng tea works to prevent diabetes, balance blood pressure and other therapeutic effects. It may interact with certain diseases taking prescription medications therefore <em><strong>, so do not use Canadian ginseng tea at the same time as therapeutic medications<\/strong> <\/em>prediabetes, diabetes, hormone-sensitive cancer, high blood pressure, schizophrenia, bleeding disorders and insomnia. <em><strong>Ginseng should be used before or after taking the medicine 2-3 hours.<\/strong><\/em><\/li>\n<\/ul>\n<figure id=\"attachment_16372\" aria-describedby=\"caption-attachment-16372\" style=\"width: 566px\" class=\"wp-caption aligncenter\"><a href=\"https:\/\/silverlife.com.vn\/en\/?attachment_id=16372#main\" rel=\"attachment wp-att-16372\"><img loading=\"lazy\" decoding=\"async\" class=\"wp-image-16372\" src=\"https:\/\/silverlife.com.vn\/wp-content\/uploads\/2020\/08\/Khoe-manh-moi-ngay-cung-nhan-sam-Canada-SilverLife-477x400.jpg\" alt=\"\" width=\"566\" height=\"475\" srcset=\"https:\/\/silverlife.com.vn\/wp-content\/uploads\/2020\/08\/Khoe-manh-moi-ngay-cung-nhan-sam-Canada-SilverLife-477x400.jpg 477w, https:\/\/silverlife.com.vn\/wp-content\/uploads\/2020\/08\/Khoe-manh-moi-ngay-cung-nhan-sam-Canada-SilverLife-768x644.jpg 768w, https:\/\/silverlife.com.vn\/wp-content\/uploads\/2020\/08\/Khoe-manh-moi-ngay-cung-nhan-sam-Canada-SilverLife-900x754.jpg 900w, https:\/\/silverlife.com.vn\/wp-content\/uploads\/2020\/08\/Khoe-manh-moi-ngay-cung-nhan-sam-Canada-SilverLife.jpg 940w\" sizes=\"(max-width: 566px) 100vw, 566px\" \/><\/a><figcaption id=\"caption-attachment-16372\" class=\"wp-caption-text\">Healthy every day with SilverLife Canadian Ginseng Tea<\/figcaption><\/figure>\n<p><a href=\"https:\/\/silverlife.com.vn\/en\/product\/tra-nhan-sam-canada-silverlife-hop-24-tui\/\">Xem th\u00eam tr\u00e0 nh\u00e2n s\u00e2m SilverLife h\u1ed9p to 24 g\u00f3i\u00a0<\/a><\/p>","protected":false},"excerpt":{"rendered":"<ul>\n<li><span style=\"color: #282828; font-size: 100%;\">100% pure Canadian Ginseng<\/span><\/li>\n<li><span style=\"color: #282828;\">Tu\u1ed5i s\u00e2m: 5 n\u0103m tu\u1ed5i<\/span><\/li>\n<li><span style=\"color: #282828; font-size: 100%;\">Kh\u1ed1i l\u01b0\u1ee3ng t\u1ecbnh 24gr (12 g\u00f3i x 2gr)<\/span><\/li>\n<li><span style=\"color: #282828; font-size: 100%;\">Ginseng tea SilverLife flying stress - Unleash your creativity<\/span><\/li>\n<li><span style=\"color: #282828;\">M\u00e3 s\u1ea3n ph\u1ea9m: TNSTL12<\/span><\/li>\n<\/ul>\n<p><span style=\"color: #282828;\">Mi\u1ec5n ph\u00ed giao h\u00e0ng to\u00e0n qu\u1ed1c. Qu\u00fd kh\u00e1ch c\u00f3 th\u1ec3 ki\u1ec3m tra s\u1ea3n ph\u1ea9m tr\u01b0\u1edbc khi thanh to\u00e1n v\u00e0 t\u1eeb ch\u1ed1i nh\u1eadn h\u00e0ng n\u1ebfu kh\u00f4ng h\u00e0i l\u00f2ng.<\/span><\/p>","protected":false},"featured_media":18037,"comment_status":"open","ping_status":"closed","template":"","meta":[],"product_cat":[73],"product_tag":[],"class_list":{"0":"post-10431","1":"product","2":"type-product","3":"status-publish","4":"has-post-thumbnail","6":"product_cat-tra-sam","7":"product_shipping_class-giao-hang-tan-noi","9":"first","10":"instock","11":"shipping-taxable","12":"purchasable","13":"product-type-simple"},"yoast_head":"<!-- This site is optimized with the Yoast SEO plugin v23.6 - https:\/\/yoast.com\/wordpress\/plugins\/seo\/ -->\n<title>Tr\u00e0 nh\u00e2n s\u00e2m SilverLife g\u00f3i 24gr - 100% nh\u00e2n s\u00e2m Canada nguy\u00ean ch\u1ea5t<\/title>\n<meta name=\"description\" content=\"Tr\u00e0 nh\u00e2n s\u00e2m SilverLife m\u1ed7i g\u00f3i 2gr s\u00e2m kh\u00f4 nguy\u00ean ch\u1ea5t h\u01b0\u01a1ng v\u1ecb thu\u1ea7n khi\u1ebft s\u1ebd gi\u00fap b\u1ea1n kh\u1ecfe h\u01a1n m\u1ed7i ng\u00e0y. Mi\u1ec5n ph\u00ed giao h\u00e0ng t\u1eadn n\u01a1i.\" \/>\n<meta name=\"robots\" content=\"index, follow, max-snippet:-1, max-image-preview:large, max-video-preview:-1\" \/>\n<link rel=\"canonical\" href=\"https:\/\/silverlife.com.vn\/en\/product\/tra-nhan-sam-canada-silverlife-hop-12-tui\/\" \/>\n<meta property=\"og:locale\" content=\"en_US\" \/>\n<meta property=\"og:type\" content=\"article\" \/>\n<meta property=\"og:title\" content=\"Tr\u00e0 nh\u00e2n s\u00e2m SilverLife g\u00f3i 24gr - 100% nh\u00e2n s\u00e2m Canada nguy\u00ean ch\u1ea5t\" \/>\n<meta property=\"og:description\" content=\"Tr\u00e0 nh\u00e2n s\u00e2m SilverLife m\u1ed7i g\u00f3i 2gr s\u00e2m kh\u00f4 nguy\u00ean ch\u1ea5t h\u01b0\u01a1ng v\u1ecb thu\u1ea7n khi\u1ebft s\u1ebd gi\u00fap b\u1ea1n kh\u1ecfe h\u01a1n m\u1ed7i ng\u00e0y. Mi\u1ec5n ph\u00ed giao h\u00e0ng t\u1eadn n\u01a1i.\" \/>\n<meta property=\"og:url\" content=\"https:\/\/silverlife.com.vn\/en\/product\/tra-nhan-sam-canada-silverlife-hop-12-tui\/\" \/>\n<meta property=\"og:site_name\" content=\"SilverLife - Cung C\u1ea5p S\u1ec9 &amp; L\u1ebb Nh\u00e2n S\u00e2m Canada T\u1ea1i Vi\u1ec7t Nam\" \/>\n<meta property=\"article:modified_time\" content=\"2025-11-24T03:03:00+00:00\" \/>\n<meta property=\"og:image\" content=\"https:\/\/silverlife.com.vn\/wp-content\/uploads\/2022\/02\/nhan-sam-kho-Canada-SilverLife-nguyen-cu-cat-lat-bot-tra-sam-5.png\" \/>\n\t<meta property=\"og:image:width\" content=\"1000\" \/>\n\t<meta property=\"og:image:height\" content=\"1000\" \/>\n\t<meta property=\"og:image:type\" content=\"image\/png\" \/>\n<meta name=\"twitter:card\" content=\"summary_large_image\" \/>\n<meta name=\"twitter:label1\" content=\"Est. reading time\" \/>\n\t<meta name=\"twitter:data1\" content=\"6 minutes\" \/>\n<script type=\"application\/ld+json\" class=\"yoast-schema-graph\">{\"@context\":\"https:\/\/schema.org\",\"@graph\":[{\"@type\":\"WebPage\",\"@id\":\"https:\/\/silverlife.com.vn\/san-pham\/tra-nhan-sam-canada-silverlife-hop-12-tui\",\"url\":\"https:\/\/silverlife.com.vn\/san-pham\/tra-nhan-sam-canada-silverlife-hop-12-tui\",\"name\":\"Tr\u00e0 nh\u00e2n s\u00e2m SilverLife g\u00f3i 24gr - 100% nh\u00e2n s\u00e2m Canada nguy\u00ean ch\u1ea5t\",\"isPartOf\":{\"@id\":\"https:\/\/silverlife.com.vn\/#website\"},\"primaryImageOfPage\":{\"@id\":\"https:\/\/silverlife.com.vn\/san-pham\/tra-nhan-sam-canada-silverlife-hop-12-tui#primaryimage\"},\"image\":{\"@id\":\"https:\/\/silverlife.com.vn\/san-pham\/tra-nhan-sam-canada-silverlife-hop-12-tui#primaryimage\"},\"thumbnailUrl\":\"https:\/\/silverlife.com.vn\/wp-content\/uploads\/2022\/02\/nhan-sam-kho-Canada-SilverLife-nguyen-cu-cat-lat-bot-tra-sam-5.png\",\"datePublished\":\"2020-08-07T07:37:23+00:00\",\"dateModified\":\"2025-11-24T03:03:00+00:00\",\"description\":\"Tr\u00e0 nh\u00e2n s\u00e2m SilverLife m\u1ed7i g\u00f3i 2gr s\u00e2m kh\u00f4 nguy\u00ean ch\u1ea5t h\u01b0\u01a1ng v\u1ecb thu\u1ea7n khi\u1ebft s\u1ebd gi\u00fap b\u1ea1n kh\u1ecfe h\u01a1n m\u1ed7i ng\u00e0y. Mi\u1ec5n ph\u00ed giao h\u00e0ng t\u1eadn n\u01a1i.\",\"breadcrumb\":{\"@id\":\"https:\/\/silverlife.com.vn\/san-pham\/tra-nhan-sam-canada-silverlife-hop-12-tui#breadcrumb\"},\"inLanguage\":\"en-US\",\"potentialAction\":[{\"@type\":\"ReadAction\",\"target\":[\"https:\/\/silverlife.com.vn\/san-pham\/tra-nhan-sam-canada-silverlife-hop-12-tui\"]}]},{\"@type\":\"ImageObject\",\"inLanguage\":\"en-US\",\"@id\":\"https:\/\/silverlife.com.vn\/san-pham\/tra-nhan-sam-canada-silverlife-hop-12-tui#primaryimage\",\"url\":\"https:\/\/silverlife.com.vn\/wp-content\/uploads\/2022\/02\/nhan-sam-kho-Canada-SilverLife-nguyen-cu-cat-lat-bot-tra-sam-5.png\",\"contentUrl\":\"https:\/\/silverlife.com.vn\/wp-content\/uploads\/2022\/02\/nhan-sam-kho-Canada-SilverLife-nguyen-cu-cat-lat-bot-tra-sam-5.png\",\"width\":1000,\"height\":1000},{\"@type\":\"BreadcrumbList\",\"@id\":\"https:\/\/silverlife.com.vn\/san-pham\/tra-nhan-sam-canada-silverlife-hop-12-tui#breadcrumb\",\"itemListElement\":[{\"@type\":\"ListItem\",\"position\":1,\"name\":\"Trang ch\u1ee7\",\"item\":\"https:\/\/silverlife.com.vn\/\"},{\"@type\":\"ListItem\",\"position\":2,\"name\":\"Shop\",\"item\":\"https:\/\/silverlife.com.vn\/shop\"},{\"@type\":\"ListItem\",\"position\":3,\"name\":\"Tr\u00e0 nh\u00e2n s\u00e2m Canada SilverLife h\u1ed9p 12 g\u00f3i 24g\"}]},{\"@type\":\"WebSite\",\"@id\":\"https:\/\/silverlife.com.vn\/#website\",\"url\":\"https:\/\/silverlife.com.vn\/\",\"name\":\"SilverLife - Cung C\u1ea5p S\u1ec9 &amp; L\u1ebb Nh\u00e2n S\u00e2m Canada T\u1ea1i Vi\u1ec7t Nam\",\"description\":\"\",\"potentialAction\":[{\"@type\":\"SearchAction\",\"target\":{\"@type\":\"EntryPoint\",\"urlTemplate\":\"https:\/\/silverlife.com.vn\/?s={search_term_string}\"},\"query-input\":{\"@type\":\"PropertyValueSpecification\",\"valueRequired\":true,\"valueName\":\"search_term_string\"}}],\"inLanguage\":\"en-US\"}]}<\/script>\n<!-- \/ Yoast SEO plugin. -->","yoast_head_json":{"title":"Tr\u00e0 nh\u00e2n s\u00e2m SilverLife g\u00f3i 24gr - 100% nh\u00e2n s\u00e2m Canada nguy\u00ean ch\u1ea5t","description":"Tr\u00e0 nh\u00e2n s\u00e2m SilverLife m\u1ed7i g\u00f3i 2gr s\u00e2m kh\u00f4 nguy\u00ean ch\u1ea5t h\u01b0\u01a1ng v\u1ecb thu\u1ea7n khi\u1ebft s\u1ebd gi\u00fap b\u1ea1n kh\u1ecfe h\u01a1n m\u1ed7i ng\u00e0y. Mi\u1ec5n ph\u00ed giao h\u00e0ng t\u1eadn n\u01a1i.","robots":{"index":"index","follow":"follow","max-snippet":"max-snippet:-1","max-image-preview":"max-image-preview:large","max-video-preview":"max-video-preview:-1"},"canonical":"https:\/\/silverlife.com.vn\/en\/product\/tra-nhan-sam-canada-silverlife-hop-12-tui\/","og_locale":"en_US","og_type":"article","og_title":"Tr\u00e0 nh\u00e2n s\u00e2m SilverLife g\u00f3i 24gr - 100% nh\u00e2n s\u00e2m Canada nguy\u00ean ch\u1ea5t","og_description":"Tr\u00e0 nh\u00e2n s\u00e2m SilverLife m\u1ed7i g\u00f3i 2gr s\u00e2m kh\u00f4 nguy\u00ean ch\u1ea5t h\u01b0\u01a1ng v\u1ecb thu\u1ea7n khi\u1ebft s\u1ebd gi\u00fap b\u1ea1n kh\u1ecfe h\u01a1n m\u1ed7i ng\u00e0y. Mi\u1ec5n ph\u00ed giao h\u00e0ng t\u1eadn n\u01a1i.","og_url":"https:\/\/silverlife.com.vn\/en\/product\/tra-nhan-sam-canada-silverlife-hop-12-tui\/","og_site_name":"SilverLife - Cung C\u1ea5p S\u1ec9 &amp; L\u1ebb Nh\u00e2n S\u00e2m Canada T\u1ea1i Vi\u1ec7t Nam","article_modified_time":"2025-11-24T03:03:00+00:00","og_image":[{"width":1000,"height":1000,"url":"https:\/\/silverlife.com.vn\/wp-content\/uploads\/2022\/02\/nhan-sam-kho-Canada-SilverLife-nguyen-cu-cat-lat-bot-tra-sam-5.png","type":"image\/png"}],"twitter_card":"summary_large_image","twitter_misc":{"Est. reading time":"6 minutes"},"schema":{"@context":"https:\/\/schema.org","@graph":[{"@type":"WebPage","@id":"https:\/\/silverlife.com.vn\/san-pham\/tra-nhan-sam-canada-silverlife-hop-12-tui","url":"https:\/\/silverlife.com.vn\/san-pham\/tra-nhan-sam-canada-silverlife-hop-12-tui","name":"Tr\u00e0 nh\u00e2n s\u00e2m SilverLife g\u00f3i 24gr - 100% nh\u00e2n s\u00e2m Canada nguy\u00ean ch\u1ea5t","isPartOf":{"@id":"https:\/\/silverlife.com.vn\/#website"},"primaryImageOfPage":{"@id":"https:\/\/silverlife.com.vn\/san-pham\/tra-nhan-sam-canada-silverlife-hop-12-tui#primaryimage"},"image":{"@id":"https:\/\/silverlife.com.vn\/san-pham\/tra-nhan-sam-canada-silverlife-hop-12-tui#primaryimage"},"thumbnailUrl":"https:\/\/silverlife.com.vn\/wp-content\/uploads\/2022\/02\/nhan-sam-kho-Canada-SilverLife-nguyen-cu-cat-lat-bot-tra-sam-5.png","datePublished":"2020-08-07T07:37:23+00:00","dateModified":"2025-11-24T03:03:00+00:00","description":"Tr\u00e0 nh\u00e2n s\u00e2m SilverLife m\u1ed7i g\u00f3i 2gr s\u00e2m kh\u00f4 nguy\u00ean ch\u1ea5t h\u01b0\u01a1ng v\u1ecb thu\u1ea7n khi\u1ebft s\u1ebd gi\u00fap b\u1ea1n kh\u1ecfe h\u01a1n m\u1ed7i ng\u00e0y. Mi\u1ec5n ph\u00ed giao h\u00e0ng t\u1eadn n\u01a1i.","breadcrumb":{"@id":"https:\/\/silverlife.com.vn\/san-pham\/tra-nhan-sam-canada-silverlife-hop-12-tui#breadcrumb"},"inLanguage":"en-US","potentialAction":[{"@type":"ReadAction","target":["https:\/\/silverlife.com.vn\/san-pham\/tra-nhan-sam-canada-silverlife-hop-12-tui"]}]},{"@type":"ImageObject","inLanguage":"en-US","@id":"https:\/\/silverlife.com.vn\/san-pham\/tra-nhan-sam-canada-silverlife-hop-12-tui#primaryimage","url":"https:\/\/silverlife.com.vn\/wp-content\/uploads\/2022\/02\/nhan-sam-kho-Canada-SilverLife-nguyen-cu-cat-lat-bot-tra-sam-5.png","contentUrl":"https:\/\/silverlife.com.vn\/wp-content\/uploads\/2022\/02\/nhan-sam-kho-Canada-SilverLife-nguyen-cu-cat-lat-bot-tra-sam-5.png","width":1000,"height":1000},{"@type":"BreadcrumbList","@id":"https:\/\/silverlife.com.vn\/san-pham\/tra-nhan-sam-canada-silverlife-hop-12-tui#breadcrumb","itemListElement":[{"@type":"ListItem","position":1,"name":"Trang ch\u1ee7","item":"https:\/\/silverlife.com.vn\/"},{"@type":"ListItem","position":2,"name":"Shop","item":"https:\/\/silverlife.com.vn\/shop"},{"@type":"ListItem","position":3,"name":"Tr\u00e0 nh\u00e2n s\u00e2m Canada SilverLife h\u1ed9p 12 g\u00f3i 24g"}]},{"@type":"WebSite","@id":"https:\/\/silverlife.com.vn\/#website","url":"https:\/\/silverlife.com.vn\/","name":"SilverLife - Cung C\u1ea5p S\u1ec9 &amp; L\u1ebb Nh\u00e2n S\u00e2m Canada T\u1ea1i Vi\u1ec7t Nam","description":"","potentialAction":[{"@type":"SearchAction","target":{"@type":"EntryPoint","urlTemplate":"https:\/\/silverlife.com.vn\/?s={search_term_string}"},"query-input":{"@type":"PropertyValueSpecification","valueRequired":true,"valueName":"search_term_string"}}],"inLanguage":"en-US"}]}},"_links":{"self":[{"href":"https:\/\/silverlife.com.vn\/en\/wp-json\/wp\/v2\/product\/10431"}],"collection":[{"href":"https:\/\/silverlife.com.vn\/en\/wp-json\/wp\/v2\/product"}],"about":[{"href":"https:\/\/silverlife.com.vn\/en\/wp-json\/wp\/v2\/types\/product"}],"replies":[{"embeddable":true,"href":"https:\/\/silverlife.com.vn\/en\/wp-json\/wp\/v2\/comments?post=10431"}],"wp:featuredmedia":[{"embeddable":true,"href":"https:\/\/silverlife.com.vn\/en\/wp-json\/wp\/v2\/media\/18037"}],"wp:attachment":[{"href":"https:\/\/silverlife.com.vn\/en\/wp-json\/wp\/v2\/media?parent=10431"}],"wp:term":[{"taxonomy":"product_cat","embeddable":true,"href":"https:\/\/silverlife.com.vn\/en\/wp-json\/wp\/v2\/product_cat?post=10431"},{"taxonomy":"product_tag","embeddable":true,"href":"https:\/\/silverlife.com.vn\/en\/wp-json\/wp\/v2\/product_tag?post=10431"}],"curies":[{"name":"wp","href":"https:\/\/api.w.org\/{rel}","templated":true}]}}