{"id":1072,"date":"2019-08-31T05:29:05","date_gmt":"2019-08-30T22:29:05","guid":{"rendered":"http:\/\/silverlife.com.vn\/?post_type=product&#038;p=1072"},"modified":"2026-01-20T10:40:47","modified_gmt":"2026-01-20T03:40:47","slug":"nhan-sam-canada-silverlife-diamond-500g","status":"publish","type":"product","link":"https:\/\/silverlife.com.vn\/en\/product\/nhan-sam-canada-silverlife-diamond-500g","title":{"rendered":"Nh\u00e2n S\u00e2m Canada SilverLife Nguy\u00ean C\u1ee7 Diamond H\u1ed9p 500g"},"content":{"rendered":"<p><span style=\"font-family: 'times new roman', times, serif; font-size: 120%;\"><span style=\"color: #996305;\"><strong>Canadian Ginseng<\/strong><\/span>\u00a0also known as<span style=\"color: #996305;\">\u00a0<strong>North American Ginseng\u00a0<\/strong>(<strong>Nh\u00e2n S\u00e2m M\u1ef9,\u00a0Nh\u00e2n S\u00e2m Hoa K\u1ef3,\u00a0Nh\u00e2n S\u00e2m B\u1eafc M\u1ef9<\/strong>)<\/span> l\u00e0 lo\u1ea1i nh\u00e2n s\u00e2m sinh tr\u01b0\u1edfng v\u00e0 ph\u00e1t tri\u1ec3n \u1edf v\u00f9ng B\u1eafc M\u1ef9 nh\u01b0 \u1edf Canada, Hoa K\u1ef3 nh\u01b0ng t\u1ea1i Ontario \u2013 Canada ch\u1ea5t l\u01b0\u1ee3ng nh\u00e2n s\u00e2m \u0111\u01b0\u1ee3c tr\u1ed3ng ra c\u00f3 gi\u00e1 tr\u1ecb t\u1ed1t nh\u1ea5t.<\/span><\/p>\n<h1><span style=\"color: #b5791f; font-family: 'times new roman', times, serif; font-size: 90%;\"><strong>Nh\u00e2n S\u00e2m Canada Nguy\u00ean C\u1ee7 Diamond H\u1ed9p 500g<\/strong><\/span><\/h1>\n<ul>\n<li><span style=\"font-family: 'times new roman', times, serif; font-size: 120%;\">Thu\u1ed9c d\u00f2ng nh\u00e2n s\u00e2m Canada cao c\u1ea5p \u0111\u1ee7 5 n\u0103m tu\u1ed5i.<\/span><\/li>\n<li><span style=\"font-family: 'times new roman', times, serif; font-size: 120%;\"><span style=\"font-family: 'times new roman', times, serif;\">Xu\u1ea5t x\u1ee9: Vi\u1ec7t Nam<\/span><\/span><\/li>\n<li><span style=\"font-size: 120%;\"><span style=\"font-family: 'times new roman', times, serif;\"><span style=\"font-family: 'times new roman', times, serif;\">Th\u00e0nh ph\u1ea7n: 100% nguy\u00ean li\u1ec7u nh\u00e2n s\u00e2m kh\u00f4 nh\u1eadp kh\u1ea9u t\u1eeb <\/span><\/span><span style=\"font-family: 'times new roman', times, serif;\">Ontario, Canada<\/span><\/span><\/li>\n<li><span style=\"font-family: 'times new roman', times, serif; font-size: 120%;\">K\u00edch th\u01b0\u1edbc l\u1edbn, m\u1ed7i c\u1ee7 n\u1eb7ng t\u1eeb 25g &#8211; 30g.<\/span><\/li>\n<\/ul>\n<figure id=\"attachment_1097\" class=\"wp-caption aligncenter\" aria-describedby=\"caption-attachment-1097\"><figcaption id=\"caption-attachment-1097\" class=\"wp-caption-text\"><\/figcaption><\/figure>\n<p><span style=\"font-family: 'times new roman', times, serif; font-size: 120%;\">Nh\u00e2n s\u00e2m P.Quinquefolius hi\u1ec7n nay \u0111\u00e3 \u0111\u01b0\u1ee3c nh\u00e2n gi\u1ed1ng v\u00e0 tr\u1ed3ng \u1edf nhi\u1ec1u n\u01a1i, tuy nhi\u00ean do \u0111i\u1ec1u ki\u1ec7n kh\u00ed h\u1eadu, th\u1ed5 nh\u01b0\u1ee1ng kh\u00e1c bi\u1ec7t m\u00e0 nh\u00e2n s\u00e2m \u0111\u01b0\u1ee3c tr\u1ed3ng \u1edf Ontario, Canada c\u00f3 m\u00f9i v\u1ecb v\u00e0 ch\u1ea5t l\u01b0\u1ee3ng t\u1ed1t nh\u1ea5t th\u1ebf gi\u1edbi. M\u1ed7i m\u1ea3nh \u0111\u1ea5t n\u01a1i \u0111\u00e2y ch\u1ec9 tr\u1ed3ng \u0111\u01b0\u1ee3c 1 v\u1ee5 m\u00f9a s\u00e2m duy nh\u1ea5t. N\u00f3 c\u00f3 c\u00f4ng d\u1ee5ng \u0111\u1eb7c bi\u1ec7t trong vi\u1ec7c c\u1ea3i thi\u1ec7n th\u1ec3 ch\u1ea5t v\u00e0 tinh th\u1ea7n.<\/span><\/p>\n<figure id=\"attachment_16249\" aria-describedby=\"caption-attachment-16249\" style=\"width: 788px\" class=\"wp-caption aligncenter\"><a href=\"https:\/\/silverlife.com.vn\/en\/?attachment_id=16249#main\" rel=\"attachment wp-att-16249\"><img loading=\"lazy\" decoding=\"async\" class=\"wp-image-16249\" src=\"https:\/\/silverlife.com.vn\/wp-content\/uploads\/2019\/04\/Nhan-Sam-Canada-SilverLife-Premium-6-700x400.jpg\" alt=\"\" width=\"788\" height=\"450\" srcset=\"https:\/\/silverlife.com.vn\/wp-content\/uploads\/2019\/04\/Nhan-Sam-Canada-SilverLife-Premium-6-700x400.jpg 700w, https:\/\/silverlife.com.vn\/wp-content\/uploads\/2019\/04\/Nhan-Sam-Canada-SilverLife-Premium-6-1400x800.jpg 1400w, https:\/\/silverlife.com.vn\/wp-content\/uploads\/2019\/04\/Nhan-Sam-Canada-SilverLife-Premium-6-768x439.jpg 768w, https:\/\/silverlife.com.vn\/wp-content\/uploads\/2019\/04\/Nhan-Sam-Canada-SilverLife-Premium-6-1536x877.jpg 1536w, https:\/\/silverlife.com.vn\/wp-content\/uploads\/2019\/04\/Nhan-Sam-Canada-SilverLife-Premium-6-900x514.jpg 900w, https:\/\/silverlife.com.vn\/wp-content\/uploads\/2019\/04\/Nhan-Sam-Canada-SilverLife-Premium-6.jpg 1576w\" sizes=\"(max-width: 788px) 100vw, 788px\" \/><\/a><figcaption id=\"caption-attachment-16249\" class=\"wp-caption-text\">Nh\u00e2n S\u00e2m Canada SilverLife Cao C\u1ea5p<\/figcaption><\/figure>\n<p><span style=\"font-family: 'times new roman', times, serif; font-size: 120%;\">Xem Th\u00eam S\u1ea3n Ph\u1ea9m C\u00f9ng Lo\u1ea1i<\/span><\/p>\n<ul>\n<li>\n<p class=\"product-title product_title entry-title\"><span style=\"font-family: 'times new roman', times, serif; font-size: 120%; color: #b5791f;\"><strong><a style=\"color: #b5791f;\" href=\"https:\/\/silverlife.com.vn\/en\/product\/nhan-sam-canada-silverlife-diamond-100g\/\">Nh\u00e2n S\u00e2m Canada SilverLife Nguy\u00ean C\u1ee7 Diamond H\u1ed9p 100g<\/a><\/strong><\/span><\/p>\n<\/li>\n<li>\n<p class=\"product-title product_title entry-title\"><span style=\"font-family: 'times new roman', times, serif; font-size: 120%; color: #b5791f;\"><strong><a style=\"color: #b5791f;\" href=\"https:\/\/silverlife.com.vn\/en\/product\/nhan-sam-canada-silverlife-diamond-250g\/\">Nh\u00e2n S\u00e2m Canada SilverLife Nguy\u00ean C\u1ee7 Diamond H\u1ed9p 250g<\/a><\/strong><\/span><\/p>\n<\/li>\n<\/ul>\n<h2><span style=\"font-size: 90%; font-family: 'times new roman', times, serif; color: #b5791f;\"><strong>Nh\u1eefng C\u00f4ng D\u1ee5ng Ch\u00ednh C\u1ee7a Nh\u00e2n S\u00e2m Canada Silverlife<\/strong><\/span><\/h2>\n<ul>\n<li><span style=\"font-size: 120%; font-family: 'times new roman', times, serif;\">Stress management, help sedation, sleep well.<\/span><\/li>\n<li><span style=\"font-size: 120%; font-family: 'times new roman', times, serif;\">H\u1ed7 tr\u1ee3 c\u1ea3i thi\u1ec7n v\u00e0 t\u0103ng c\u01b0\u1eddng tr\u00ed nh\u1edb, t\u00e1c d\u1ee5ng b\u1ea3o v\u1ec7 h\u1ec7 th\u1ea7n kinh.<\/span><\/li>\n<li><span style=\"font-size: 120%; font-family: 'times new roman', times, serif;\">Gi\u1ea3m c\u00e1c tri\u1ec7u ch\u1ee9ng \u0111i\u1ec3n h\u00ecnh cho b\u1ec7nh Alzheimer v\u00e0 t\u0103ng c\u01b0\u1eddng hi\u1ec7u su\u1ea5t nh\u1eadn th\u1ee9c.<\/span><\/li>\n<li><span style=\"font-size: 120%; font-family: 'times new roman', times, serif;\">Th\u01b0 gi\u00e3n c\u01a1 tr\u01a1n c\u1ee7a m\u1ea1ch m\u00e1u,\u00a0 c\u00f3 t\u00e1c d\u1ee5ng l\u00e0m h\u1ea1 huy\u1ebft \u00e1p.<\/span><\/li>\n<li><span style=\"font-size: 120%; font-family: 'times new roman', times, serif;\">Reduce cholesterol and support cardiovascular conditioning<\/span><\/li>\n<li><span style=\"font-size: 120%; font-family: 'times new roman', times, serif;\">Ng\u0103n ng\u1eeba nguy c\u01a1 m\u1eafc b\u1ec7nh ti\u1ec3u \u0111\u01b0\u1eddng v\u00e0 h\u1ed7 tr\u1ee3 \u0111i\u1ec1u tr\u1ecb. Gi\u1ea3m l\u01b0\u1ee3ng \u0111\u01b0\u1eddng trong m\u00e1u.<\/span><\/li>\n<li><span style=\"font-size: 120%; font-family: 'times new roman', times, serif;\">Anti-aging, reducing menopause-related symptoms in women.<\/span><\/li>\n<li><span style=\"font-size: 120%; font-family: 'times new roman', times, serif;\">Strengthen the immune system, prevent general diseases.<\/span><\/li>\n<li><span style=\"font-size: 120%; font-family: 'times new roman', times, serif;\">Fight obesity by decreasing absorption of fat in the diet.<\/span><\/li>\n<li><span style=\"font-size: 120%; font-family: 'times new roman', times, serif;\">Reduces esophageal damage caused by reflux esophagitis and prevents the stomach lining from forming ulcers.<\/span><\/li>\n<li><span style=\"font-size: 120%; font-family: 'times new roman', times, serif;\">\u1ee8c ch\u1ebf s\u1ef1 t\u0103ng sinh c\u1ee7a c\u00e1c t\u1ebf b\u00e0o ung th\u01b0,<span style=\"color: #333333;\">l\u00e0m gi\u1ea3m s\u1ef1 kh\u00e1ng thu\u1ed1c v\u00e0 s\u1ef1 ti\u1ebfn tri\u1ec3n c\u1ee7a kh\u1ed1i u. B\u1ea3o v\u1ec7 c\u00e1c t\u1ebf b\u00e0o b\u00ecnh th\u01b0\u1eddng kh\u1ecfi t\u00e1c d\u1ee5ng ph\u1ee5 kh\u00f4ng mong mu\u1ed1n c\u1ee7a thu\u1ed1c ch\u1ed1ng ung th\u01b0 v\u00e0 l\u00e0m gi\u1ea3m m\u1ec7t m\u1ecfi li\u00ean quan \u0111\u1ebfn ung th\u01b0.<\/span><\/span><\/li>\n<\/ul>\n<h2><span style=\"color: #b5791f; font-size: 90%; font-family: 'times new roman', times, serif;\"><strong>Who Should Use Canadian Ginseng<\/strong><\/span><\/h2>\n<p><span style=\"font-size: 120%; font-family: 'times new roman', times, serif;\">S\u1ebd kh\u00f4ng sai khi g\u1ecdi nh\u00e2n s\u00e2m l\u00e0 m\u1ed9t c\u00e2y ma thu\u1eadt huy\u1ec1n b\u00ed b\u1edfi v\u00ec r\u1ec5 c\u1ee7a n\u00f3 c\u00f3 th\u1ec3 l\u00e0m n\u00ean \u0111i\u1ec1u k\u1ef3 di\u1ec7u cho s\u1ee9c kh\u1ecfe c\u1ee7a b\u1ea1n.<\/span><\/p>\n<p><span style=\"font-size: 120%; font-family: 'times new roman', times, serif;\">Nh\u00e2n s\u00e2m Canada \u0111\u00e3 \u0111\u01b0\u1ee3c ch\u1ee9ng minh l\u00e0 c\u00f3 t\u00e1c d\u1ee5ng ch\u1ed1ng tr\u1ea7m c\u1ea3m, c\u00e2n b\u1eb1ng l\u01b0\u1ee3ng \u0111\u01b0\u1eddng trong m\u00e1u, h\u1ed7 tr\u1ee3 ch\u1ee9ng r\u1ed1i lo\u1ea1n ti\u00eau h\u00f3a do lo l\u1eafng, c\u1ea3i thi\u1ec7n s\u1ef1 t\u1eadp trung v\u00e0 t\u0103ng c\u01b0\u1eddng h\u1ec7 mi\u1ec5n d\u1ecbch. V\u00ec v\u1eady <strong><em>nh\u00e2n s\u00e2m Silverlife<\/em><\/strong> ph\u00f9 h\u1ee3p cho:<\/span><\/p>\n<ul>\n<li><span style=\"font-size: 120%; font-family: 'times new roman', times, serif;\">Those who work or stress.<\/span><\/li>\n<li><span style=\"font-size: 120%; font-family: 'times new roman', times, serif;\">Intellectual worker, high intellectual concentration.<\/span><\/li>\n<li><span style=\"font-size: 120%; font-family: 'times new roman', times, serif;\">The patient recovers from surgery.<\/span><\/li>\n<li><span style=\"font-size: 120%; font-family: 'times new roman', times, serif;\">People who are going through a difficult period in psychology.<\/span><\/li>\n<li><span style=\"font-size: 120%; font-family: 'times new roman', times, serif;\">Those who want to prevent common illnesses related to stress.<\/span><\/li>\n<li><span style=\"font-size: 120%; font-family: 'times new roman', times, serif;\">Those who want to prevent diabetes, cancer, cardiovascular disease.<\/span><\/li>\n<li><span style=\"font-size: 120%; font-family: 'times new roman', times, serif;\">Elderly people.<\/span><\/li>\n<li><span style=\"font-size: 120%; font-family: 'times new roman', times, serif;\">Premenopausal women.<\/span><\/li>\n<li><span style=\"font-size: 120%; font-family: 'times new roman', times, serif;\">People with weakened health and resistance.<\/span><\/li>\n<\/ul>\n<p><span style=\"font-size: 120%; font-family: 'times new roman', times, serif;\">Nh\u00e2n s\u00e2m cho \u0111\u1ebfn nay l\u00e0 th\u1ee9 t\u1ed1t nh\u1ea5t b\u1ea1n s\u1ebd ti\u00eau th\u1ee5, h\u00e3y nghi\u00eam t\u00fac v\u1edbi lo\u1ea1i c\u00e2y n\u00e0y v\u00e0 b\u1eaft \u0111\u1ea7u ti\u00eau th\u1ee5 ngay v\u00ec ch\u00fang t\u00f4i \u0111\u1ea3m b\u1ea3o v\u1edbi b\u1ea1n r\u1eb1ng <strong><em>nh\u00e2n s\u00e2m Silverlife<\/em><\/strong> s\u1ebd l\u00e0m n\u00ean \u0111i\u1ec1u k\u1ef3 di\u1ec7u cho s\u1ee9c kh\u1ecfe c\u1ee7a b\u1ea1n.<\/span><\/p>\n<figure id=\"attachment_16340\" aria-describedby=\"caption-attachment-16340\" style=\"width: 610px\" class=\"wp-caption aligncenter\"><a href=\"https:\/\/silverlife.com.vn\/en\/?attachment_id=16340#main\" rel=\"attachment wp-att-16340\"><img loading=\"lazy\" decoding=\"async\" class=\"wp-image-16340\" src=\"https:\/\/silverlife.com.vn\/wp-content\/uploads\/2019\/08\/Nhan-sam-Canada-SilverLife-Diamond-500g-460x400.jpg\" alt=\"Nhan sam Canada SilverLife Diamond 500g\" width=\"610\" height=\"530\" srcset=\"https:\/\/silverlife.com.vn\/wp-content\/uploads\/2019\/08\/Nhan-sam-Canada-SilverLife-Diamond-500g-460x400.jpg 460w, https:\/\/silverlife.com.vn\/wp-content\/uploads\/2019\/08\/Nhan-sam-Canada-SilverLife-Diamond-500g-768x669.jpg 768w, https:\/\/silverlife.com.vn\/wp-content\/uploads\/2019\/08\/Nhan-sam-Canada-SilverLife-Diamond-500g-900x783.jpg 900w, https:\/\/silverlife.com.vn\/wp-content\/uploads\/2019\/08\/Nhan-sam-Canada-SilverLife-Diamond-500g.jpg 919w\" sizes=\"(max-width: 610px) 100vw, 610px\" \/><\/a><figcaption id=\"caption-attachment-16340\" class=\"wp-caption-text\">Nhan sam Canada SilverLife Diamond 500g<\/figcaption><\/figure>\n<p><span style=\"font-size: 120%; font-family: 'times new roman', times, serif;\"><strong>Mua nh\u00e2n s\u00e2m Canada ch\u00ednh g\u1ed1c<\/strong> t\u1ea1i TP.HCM \u0111\u1ebfn ngay SilverLife. SilverLife l\u00e0 \u0111\u01a1n v\u1ecb nh\u1eadp kh\u1ea9u v\u00e0 cung c\u1ea5p nh\u00e2n s\u00e2m Canada ch\u00ednh g\u1ed1c t\u1ea1i Vi\u1ec7t Nam.<\/span><\/p>\n<p><span style=\"font-size: 120%; font-family: 'times new roman', times, serif;\"><strong>Hotline\/Zalo T\u01b0 V\u1ea5n:<\/strong><span style=\"color: #b5791f;\"> <strong>0909.609.374<\/strong><\/span><\/span><\/p>\n<p><span style=\"font-family: 'times new roman', times, serif; font-size: 120%;\"><strong>or come directly<\/strong><\/span><\/p>\n<p><span style=\"font-size: 120%; font-family: 'times new roman', times, serif;\"><strong>\u0110\u1ecba Ch\u1ec9<span style=\"color: #b5791f;\">:<\/span><\/strong><span style=\"color: #b5791f;\"> <strong>S\u1ed1 21 &#8211; \u0110\u01b0\u1eddng N\u01a1 Trang Long &#8211; Ph\u01b0\u1eddng Gia \u0110\u1ecbnh &#8211; Th\u00e0nh Ph\u1ed1 H\u1ed3 Ch\u00ed Minh<\/strong><\/span><\/span><\/p>","protected":false},"excerpt":{"rendered":"<ul>\n<li><span style=\"font-family: 'times new roman', times, serif; font-size: 120%;\"><span style=\"font-family: 'times new roman', times, serif;\">Xu\u1ea5t x\u1ee9: Vi\u1ec7t Nam<\/span><\/span><\/li>\n<li><span style=\"font-size: 120%;\"><span style=\"font-family: 'times new roman', times, serif;\"><span style=\"font-family: 'times new roman', times, serif;\">Th\u00e0nh ph\u1ea7n: 100% nguy\u00ean li\u1ec7u nh\u00e2n s\u00e2m kh\u00f4 nh\u1eadp kh\u1ea9u t\u1eeb <\/span><\/span><span style=\"font-family: 'times new roman', times, serif;\">Ontario, Canada<\/span><\/span><\/li>\n<li><span style=\"font-family: 'times new roman', times, serif; font-size: 120%; color: #282828;\">Tu\u1ed5i S\u00e2m: 5 n\u0103m tu\u1ed5i.<\/span><\/li>\n<li><span style=\"font-family: 'times new roman', times, serif; font-size: 120%; color: #282828;\">M\u1ed7i c\u1ee7 s\u00e2m kh\u00f4 n\u1eb7ng 25gr-30gr, 500gr kho\u1ea3ng 18 \u2013 22 c\u1ee7<\/span><\/li>\n<li><span style=\"font-family: 'times new roman', times, serif; font-size: 120%; color: #282828;\">M\u00e3 SP: 8938529507132<\/span><\/li>\n<\/ul>\n<p><span style=\"font-family: 'times new roman', times, serif; font-size: 120%; color: #282828;\">Mi\u1ec5n ph\u00ed giao h\u00e0ng to\u00e0n qu\u1ed1c. Qu\u00fd kh\u00e1ch c\u00f3 th\u1ec3 ki\u1ec3m tra s\u1ea3n ph\u1ea9m tr\u01b0\u1edbc khi thanh to\u00e1n v\u00e0 t\u1eeb ch\u1ed1i nh\u1eadn h\u00e0ng n\u1ebfu kh\u00f4ng h\u00e0i l\u00f2ng.<\/span><\/p>","protected":false},"featured_media":18056,"comment_status":"open","ping_status":"closed","template":"","meta":[],"product_cat":[69],"product_tag":[117,84,107,118,106,105,103,104],"class_list":{"0":"post-1072","1":"product","2":"type-product","3":"status-publish","4":"has-post-thumbnail","6":"product_cat-sam-cu","7":"product_tag-chong-tram-cam","8":"product_tag-cong-dung-nhan-sam","9":"product_tag-cua-hang-sam","10":"product_tag-giam-stress","11":"product_tag-mua-sam-o-tphcm","12":"product_tag-nhan-sam-ngam-ruou","13":"product_tag-ruou-nhan-sam","14":"product_tag-tac-dung-nhan-sam","15":"product_shipping_class-giao-hang-tan-noi","17":"first","18":"instock","19":"shipping-taxable","20":"purchasable","21":"product-type-simple"},"yoast_head":"<!-- This site is optimized with the Yoast SEO plugin v23.6 - https:\/\/yoast.com\/wordpress\/plugins\/seo\/ -->\n<title>Nh\u00e2n S\u00e2m Canada SilverLife Nguy\u00ean C\u1ee7 Diamond H\u1ed9p 500g<\/title>\n<meta name=\"description\" content=\"S\u00e2m Canada c\u00f3 t\u00ednh m\u00e1t c\u00f3 th\u1ec3 d\u00f9ng th\u01b0\u1eddng xuy\u00ean, t\u00e1c d\u1ee5ng an th\u1ea7n, ng\u1ee7 ngon, ch\u1ed1ng tr\u1ea7m c\u1ea3m. S\u00e2m SilverLife 100% s\u00e2m Canada nguy\u00ean ch\u1ea5t.\" \/>\n<meta name=\"robots\" content=\"index, follow, max-snippet:-1, max-image-preview:large, max-video-preview:-1\" \/>\n<link rel=\"canonical\" href=\"https:\/\/silverlife.com.vn\/en\/product\/nhan-sam-canada-silverlife-diamond-500g\/\" \/>\n<meta property=\"og:locale\" content=\"en_US\" \/>\n<meta property=\"og:type\" content=\"article\" \/>\n<meta property=\"og:title\" content=\"Nh\u00e2n S\u00e2m Canada SilverLife Nguy\u00ean C\u1ee7 Diamond H\u1ed9p 500g\" \/>\n<meta property=\"og:description\" content=\"S\u00e2m Canada c\u00f3 t\u00ednh m\u00e1t c\u00f3 th\u1ec3 d\u00f9ng th\u01b0\u1eddng xuy\u00ean, t\u00e1c d\u1ee5ng an th\u1ea7n, ng\u1ee7 ngon, ch\u1ed1ng tr\u1ea7m c\u1ea3m. S\u00e2m SilverLife 100% s\u00e2m Canada nguy\u00ean ch\u1ea5t.\" \/>\n<meta property=\"og:url\" content=\"https:\/\/silverlife.com.vn\/en\/product\/nhan-sam-canada-silverlife-diamond-500g\/\" \/>\n<meta property=\"og:site_name\" content=\"SilverLife - Cung C\u1ea5p S\u1ec9 &amp; L\u1ebb Nh\u00e2n S\u00e2m Canada T\u1ea1i Vi\u1ec7t Nam\" \/>\n<meta property=\"article:modified_time\" content=\"2026-01-20T03:40:47+00:00\" \/>\n<meta property=\"og:image\" content=\"https:\/\/silverlife.com.vn\/wp-content\/uploads\/2019\/08\/nhan-sam-kho-Canada-Diamond-1.png\" \/>\n\t<meta property=\"og:image:width\" content=\"1000\" \/>\n\t<meta property=\"og:image:height\" content=\"1000\" \/>\n\t<meta property=\"og:image:type\" content=\"image\/png\" \/>\n<meta name=\"twitter:card\" content=\"summary_large_image\" \/>\n<meta name=\"twitter:label1\" content=\"Est. reading time\" \/>\n\t<meta name=\"twitter:data1\" content=\"5 minutes\" \/>\n<script type=\"application\/ld+json\" class=\"yoast-schema-graph\">{\"@context\":\"https:\/\/schema.org\",\"@graph\":[{\"@type\":\"WebPage\",\"@id\":\"https:\/\/silverlife.com.vn\/san-pham\/nhan-sam-canada-silverlife-diamond-500g\",\"url\":\"https:\/\/silverlife.com.vn\/san-pham\/nhan-sam-canada-silverlife-diamond-500g\",\"name\":\"Nh\u00e2n S\u00e2m Canada SilverLife Nguy\u00ean C\u1ee7 Diamond H\u1ed9p 500g\",\"isPartOf\":{\"@id\":\"https:\/\/silverlife.com.vn\/#website\"},\"primaryImageOfPage\":{\"@id\":\"https:\/\/silverlife.com.vn\/san-pham\/nhan-sam-canada-silverlife-diamond-500g#primaryimage\"},\"image\":{\"@id\":\"https:\/\/silverlife.com.vn\/san-pham\/nhan-sam-canada-silverlife-diamond-500g#primaryimage\"},\"thumbnailUrl\":\"https:\/\/silverlife.com.vn\/wp-content\/uploads\/2019\/08\/nhan-sam-kho-Canada-Diamond-1.png\",\"datePublished\":\"2019-08-30T22:29:05+00:00\",\"dateModified\":\"2026-01-20T03:40:47+00:00\",\"description\":\"S\u00e2m Canada c\u00f3 t\u00ednh m\u00e1t c\u00f3 th\u1ec3 d\u00f9ng th\u01b0\u1eddng xuy\u00ean, t\u00e1c d\u1ee5ng an th\u1ea7n, ng\u1ee7 ngon, ch\u1ed1ng tr\u1ea7m c\u1ea3m. S\u00e2m SilverLife 100% s\u00e2m Canada nguy\u00ean ch\u1ea5t.\",\"breadcrumb\":{\"@id\":\"https:\/\/silverlife.com.vn\/san-pham\/nhan-sam-canada-silverlife-diamond-500g#breadcrumb\"},\"inLanguage\":\"en-US\",\"potentialAction\":[{\"@type\":\"ReadAction\",\"target\":[\"https:\/\/silverlife.com.vn\/san-pham\/nhan-sam-canada-silverlife-diamond-500g\"]}]},{\"@type\":\"ImageObject\",\"inLanguage\":\"en-US\",\"@id\":\"https:\/\/silverlife.com.vn\/san-pham\/nhan-sam-canada-silverlife-diamond-500g#primaryimage\",\"url\":\"https:\/\/silverlife.com.vn\/wp-content\/uploads\/2019\/08\/nhan-sam-kho-Canada-Diamond-1.png\",\"contentUrl\":\"https:\/\/silverlife.com.vn\/wp-content\/uploads\/2019\/08\/nhan-sam-kho-Canada-Diamond-1.png\",\"width\":1000,\"height\":1000},{\"@type\":\"BreadcrumbList\",\"@id\":\"https:\/\/silverlife.com.vn\/san-pham\/nhan-sam-canada-silverlife-diamond-500g#breadcrumb\",\"itemListElement\":[{\"@type\":\"ListItem\",\"position\":1,\"name\":\"Trang ch\u1ee7\",\"item\":\"https:\/\/silverlife.com.vn\/\"},{\"@type\":\"ListItem\",\"position\":2,\"name\":\"Shop\",\"item\":\"https:\/\/silverlife.com.vn\/shop\"},{\"@type\":\"ListItem\",\"position\":3,\"name\":\"Nh\u00e2n S\u00e2m Canada SilverLife Nguy\u00ean C\u1ee7 Diamond H\u1ed9p 500g\"}]},{\"@type\":\"WebSite\",\"@id\":\"https:\/\/silverlife.com.vn\/#website\",\"url\":\"https:\/\/silverlife.com.vn\/\",\"name\":\"SilverLife - Cung C\u1ea5p S\u1ec9 &amp; L\u1ebb Nh\u00e2n S\u00e2m Canada T\u1ea1i Vi\u1ec7t Nam\",\"description\":\"\",\"potentialAction\":[{\"@type\":\"SearchAction\",\"target\":{\"@type\":\"EntryPoint\",\"urlTemplate\":\"https:\/\/silverlife.com.vn\/?s={search_term_string}\"},\"query-input\":{\"@type\":\"PropertyValueSpecification\",\"valueRequired\":true,\"valueName\":\"search_term_string\"}}],\"inLanguage\":\"en-US\"}]}<\/script>\n<!-- \/ Yoast SEO plugin. -->","yoast_head_json":{"title":"Nh\u00e2n S\u00e2m Canada SilverLife Nguy\u00ean C\u1ee7 Diamond H\u1ed9p 500g","description":"S\u00e2m Canada c\u00f3 t\u00ednh m\u00e1t c\u00f3 th\u1ec3 d\u00f9ng th\u01b0\u1eddng xuy\u00ean, t\u00e1c d\u1ee5ng an th\u1ea7n, ng\u1ee7 ngon, ch\u1ed1ng tr\u1ea7m c\u1ea3m. S\u00e2m SilverLife 100% s\u00e2m Canada nguy\u00ean ch\u1ea5t.","robots":{"index":"index","follow":"follow","max-snippet":"max-snippet:-1","max-image-preview":"max-image-preview:large","max-video-preview":"max-video-preview:-1"},"canonical":"https:\/\/silverlife.com.vn\/en\/product\/nhan-sam-canada-silverlife-diamond-500g\/","og_locale":"en_US","og_type":"article","og_title":"Nh\u00e2n S\u00e2m Canada SilverLife Nguy\u00ean C\u1ee7 Diamond H\u1ed9p 500g","og_description":"S\u00e2m Canada c\u00f3 t\u00ednh m\u00e1t c\u00f3 th\u1ec3 d\u00f9ng th\u01b0\u1eddng xuy\u00ean, t\u00e1c d\u1ee5ng an th\u1ea7n, ng\u1ee7 ngon, ch\u1ed1ng tr\u1ea7m c\u1ea3m. S\u00e2m SilverLife 100% s\u00e2m Canada nguy\u00ean ch\u1ea5t.","og_url":"https:\/\/silverlife.com.vn\/en\/product\/nhan-sam-canada-silverlife-diamond-500g\/","og_site_name":"SilverLife - Cung C\u1ea5p S\u1ec9 &amp; L\u1ebb Nh\u00e2n S\u00e2m Canada T\u1ea1i Vi\u1ec7t Nam","article_modified_time":"2026-01-20T03:40:47+00:00","og_image":[{"width":1000,"height":1000,"url":"https:\/\/silverlife.com.vn\/wp-content\/uploads\/2019\/08\/nhan-sam-kho-Canada-Diamond-1.png","type":"image\/png"}],"twitter_card":"summary_large_image","twitter_misc":{"Est. reading time":"5 minutes"},"schema":{"@context":"https:\/\/schema.org","@graph":[{"@type":"WebPage","@id":"https:\/\/silverlife.com.vn\/san-pham\/nhan-sam-canada-silverlife-diamond-500g","url":"https:\/\/silverlife.com.vn\/san-pham\/nhan-sam-canada-silverlife-diamond-500g","name":"Nh\u00e2n S\u00e2m Canada SilverLife Nguy\u00ean C\u1ee7 Diamond H\u1ed9p 500g","isPartOf":{"@id":"https:\/\/silverlife.com.vn\/#website"},"primaryImageOfPage":{"@id":"https:\/\/silverlife.com.vn\/san-pham\/nhan-sam-canada-silverlife-diamond-500g#primaryimage"},"image":{"@id":"https:\/\/silverlife.com.vn\/san-pham\/nhan-sam-canada-silverlife-diamond-500g#primaryimage"},"thumbnailUrl":"https:\/\/silverlife.com.vn\/wp-content\/uploads\/2019\/08\/nhan-sam-kho-Canada-Diamond-1.png","datePublished":"2019-08-30T22:29:05+00:00","dateModified":"2026-01-20T03:40:47+00:00","description":"S\u00e2m Canada c\u00f3 t\u00ednh m\u00e1t c\u00f3 th\u1ec3 d\u00f9ng th\u01b0\u1eddng xuy\u00ean, t\u00e1c d\u1ee5ng an th\u1ea7n, ng\u1ee7 ngon, ch\u1ed1ng tr\u1ea7m c\u1ea3m. S\u00e2m SilverLife 100% s\u00e2m Canada nguy\u00ean ch\u1ea5t.","breadcrumb":{"@id":"https:\/\/silverlife.com.vn\/san-pham\/nhan-sam-canada-silverlife-diamond-500g#breadcrumb"},"inLanguage":"en-US","potentialAction":[{"@type":"ReadAction","target":["https:\/\/silverlife.com.vn\/san-pham\/nhan-sam-canada-silverlife-diamond-500g"]}]},{"@type":"ImageObject","inLanguage":"en-US","@id":"https:\/\/silverlife.com.vn\/san-pham\/nhan-sam-canada-silverlife-diamond-500g#primaryimage","url":"https:\/\/silverlife.com.vn\/wp-content\/uploads\/2019\/08\/nhan-sam-kho-Canada-Diamond-1.png","contentUrl":"https:\/\/silverlife.com.vn\/wp-content\/uploads\/2019\/08\/nhan-sam-kho-Canada-Diamond-1.png","width":1000,"height":1000},{"@type":"BreadcrumbList","@id":"https:\/\/silverlife.com.vn\/san-pham\/nhan-sam-canada-silverlife-diamond-500g#breadcrumb","itemListElement":[{"@type":"ListItem","position":1,"name":"Trang ch\u1ee7","item":"https:\/\/silverlife.com.vn\/"},{"@type":"ListItem","position":2,"name":"Shop","item":"https:\/\/silverlife.com.vn\/shop"},{"@type":"ListItem","position":3,"name":"Nh\u00e2n S\u00e2m Canada SilverLife Nguy\u00ean C\u1ee7 Diamond H\u1ed9p 500g"}]},{"@type":"WebSite","@id":"https:\/\/silverlife.com.vn\/#website","url":"https:\/\/silverlife.com.vn\/","name":"SilverLife - Cung C\u1ea5p S\u1ec9 &amp; L\u1ebb Nh\u00e2n S\u00e2m Canada T\u1ea1i Vi\u1ec7t Nam","description":"","potentialAction":[{"@type":"SearchAction","target":{"@type":"EntryPoint","urlTemplate":"https:\/\/silverlife.com.vn\/?s={search_term_string}"},"query-input":{"@type":"PropertyValueSpecification","valueRequired":true,"valueName":"search_term_string"}}],"inLanguage":"en-US"}]}},"_links":{"self":[{"href":"https:\/\/silverlife.com.vn\/en\/wp-json\/wp\/v2\/product\/1072"}],"collection":[{"href":"https:\/\/silverlife.com.vn\/en\/wp-json\/wp\/v2\/product"}],"about":[{"href":"https:\/\/silverlife.com.vn\/en\/wp-json\/wp\/v2\/types\/product"}],"replies":[{"embeddable":true,"href":"https:\/\/silverlife.com.vn\/en\/wp-json\/wp\/v2\/comments?post=1072"}],"wp:featuredmedia":[{"embeddable":true,"href":"https:\/\/silverlife.com.vn\/en\/wp-json\/wp\/v2\/media\/18056"}],"wp:attachment":[{"href":"https:\/\/silverlife.com.vn\/en\/wp-json\/wp\/v2\/media?parent=1072"}],"wp:term":[{"taxonomy":"product_cat","embeddable":true,"href":"https:\/\/silverlife.com.vn\/en\/wp-json\/wp\/v2\/product_cat?post=1072"},{"taxonomy":"product_tag","embeddable":true,"href":"https:\/\/silverlife.com.vn\/en\/wp-json\/wp\/v2\/product_tag?post=1072"}],"curies":[{"name":"wp","href":"https:\/\/api.w.org\/{rel}","templated":true}]}}