{"id":1532,"date":"2019-09-12T09:38:53","date_gmt":"2019-09-12T02:38:53","guid":{"rendered":"http:\/\/silverlife.com.vn\/?post_type=product&#038;p=1532"},"modified":"2026-01-20T10:42:13","modified_gmt":"2026-01-20T03:42:13","slug":"nhan-sam-silverlife-powder-100g","status":"publish","type":"product","link":"https:\/\/silverlife.com.vn\/en\/product\/nhan-sam-silverlife-powder-100g","title":{"rendered":"B\u1ed9t Nh\u00e2n S\u00e2m Canada SilverLife Powder 100g"},"content":{"rendered":"<h2><span style=\"color: #cf9812; font-family: 'times new roman', times, serif; font-size: 110%;\"><strong>B\u1ed9t Nh\u00e2n S\u00e2m Canada SilverLife H\u0169 100g<\/strong><\/span><\/h2>\n<p><span style=\"font-family: 'times new roman', times, serif; font-size: 120%;\">100% original Canadian ginseng pureed into powder.<\/span><\/p>\n<p><span style=\"font-family: 'times new roman', times, serif; font-size: 120%;\"><span style=\"color: #cf9837;\"><strong>SilverLife Canadian Ginseng<\/strong><\/span> Imported from Ontario, Canada - Supplier of 85% premium Canadian ginseng to the worldwide market.<\/span><\/p>\n<p><span style=\"font-family: 'times new roman', times, serif; font-size: 120%;\"><span style=\"color: #cf9812;\"><strong>Canadian Ginseng<\/strong> <\/span>also known as <span style=\"color: #cf9812;\"><strong>North American Ginseng<\/strong> <\/span>(P. Quinquefolius ginseng) is now being propagated and cultivated in many places, however, due to the different climatic and soil conditions, ginseng grown in Ontario, Canada has the best taste and quality in the world. . Each piece of land here can only grow 1 single crop of ginseng. It has special uses in improving the body and mind.<\/span><\/p>\n<p style=\"text-align: center;\"><img loading=\"lazy\" decoding=\"async\" class=\"alignnone wp-image-16182\" src=\"https:\/\/silverlife.com.vn\/wp-content\/uploads\/2019\/09\/Bot-nhan-sam-canada-silverlife-5-e1598526397810-451x400.jpg\" alt=\"\" width=\"478\" height=\"424\" srcset=\"https:\/\/silverlife.com.vn\/wp-content\/uploads\/2019\/09\/Bot-nhan-sam-canada-silverlife-5-e1598526397810-451x400.jpg 451w, https:\/\/silverlife.com.vn\/wp-content\/uploads\/2019\/09\/Bot-nhan-sam-canada-silverlife-5-e1598526397810-902x800.jpg 902w, https:\/\/silverlife.com.vn\/wp-content\/uploads\/2019\/09\/Bot-nhan-sam-canada-silverlife-5-e1598526397810-768x681.jpg 768w, https:\/\/silverlife.com.vn\/wp-content\/uploads\/2019\/09\/Bot-nhan-sam-canada-silverlife-5-e1598526397810-1536x1362.jpg 1536w, https:\/\/silverlife.com.vn\/wp-content\/uploads\/2019\/09\/Bot-nhan-sam-canada-silverlife-5-e1598526397810-900x798.jpg 900w, https:\/\/silverlife.com.vn\/wp-content\/uploads\/2019\/09\/Bot-nhan-sam-canada-silverlife-5-e1598526397810.jpg 1904w\" sizes=\"(max-width: 478px) 100vw, 478px\" \/><\/p>\n<h3><span style=\"font-family: 'times new roman', times, serif; font-size: 110%; color: #cf9812;\"><strong>C\u00f4ng D\u1ee5ng Ch\u00ednh C\u1ee7a B\u1ed9t Nh\u00e2n S\u00e2m <\/strong><strong>Canada\u00a0<\/strong><strong>Silverlife:<\/strong><\/span><\/h3>\n<ul>\n<li><span style=\"font-family: 'times new roman', times, serif; font-size: 120%;\">Stress management, help sedation, sleep well.<\/span><\/li>\n<li><span style=\"font-family: 'times new roman', times, serif; font-size: 120%;\">Supports memory improvement; Neuroprotective effect. Reduces symptoms typical for Alzheimer's disease and enhances cognitive performance.<\/span><\/li>\n<li><span style=\"font-family: 'times new roman', times, serif; font-size: 120%;\">Relaxing the smooth muscle of blood vessels, have the effect of lowering blood pressure<\/span><\/li>\n<li><span style=\"font-family: 'times new roman', times, serif; font-size: 120%;\">Reduce cholesterol and support cardiovascular conditioning<\/span><\/li>\n<li><span style=\"font-family: 'times new roman', times, serif; font-size: 120%;\">Prevent diabetes. Reduced blood sugar.<\/span><\/li>\n<li><span style=\"font-family: 'times new roman', times, serif; font-size: 120%;\">Anti-aging, reducing menopause-related symptoms in women.<\/span><\/li>\n<li><span style=\"font-family: 'times new roman', times, serif; font-size: 120%;\">Strengthen the immune system, prevent general diseases.<\/span><\/li>\n<li><span style=\"font-family: 'times new roman', times, serif; font-size: 120%;\">Fight obesity by decreasing absorption of fat in the diet.<\/span><\/li>\n<li><span style=\"font-family: 'times new roman', times, serif; font-size: 120%;\">Reduces esophageal damage caused by reflux esophagitis and prevents the stomach lining from forming ulcers.<\/span><\/li>\n<li><span style=\"font-family: 'times new roman', times, serif; font-size: 120%;\">Inhibits the proliferation of cancer cells, reduces drug resistance and tumor progression. Protect normal cells from unwanted side effects of anti-cancer drugs and reduce fatigue related to cancer.<\/span><\/li>\n<\/ul>\n<p style=\"text-align: center;\"><img loading=\"lazy\" decoding=\"async\" class=\"alignnone wp-image-16184\" src=\"https:\/\/silverlife.com.vn\/wp-content\/uploads\/2019\/09\/Bot-nhan-sam-canada-nguyen-chat-Silverlife-gia-bao-nhieu-711x400.jpg\" alt=\"\" width=\"789\" height=\"444\" srcset=\"https:\/\/silverlife.com.vn\/wp-content\/uploads\/2019\/09\/Bot-nhan-sam-canada-nguyen-chat-Silverlife-gia-bao-nhieu-711x400.jpg 711w, https:\/\/silverlife.com.vn\/wp-content\/uploads\/2019\/09\/Bot-nhan-sam-canada-nguyen-chat-Silverlife-gia-bao-nhieu-1400x788.jpg 1400w, https:\/\/silverlife.com.vn\/wp-content\/uploads\/2019\/09\/Bot-nhan-sam-canada-nguyen-chat-Silverlife-gia-bao-nhieu-768x432.jpg 768w, https:\/\/silverlife.com.vn\/wp-content\/uploads\/2019\/09\/Bot-nhan-sam-canada-nguyen-chat-Silverlife-gia-bao-nhieu-1536x864.jpg 1536w, https:\/\/silverlife.com.vn\/wp-content\/uploads\/2019\/09\/Bot-nhan-sam-canada-nguyen-chat-Silverlife-gia-bao-nhieu-2048x1152.jpg 2048w, https:\/\/silverlife.com.vn\/wp-content\/uploads\/2019\/09\/Bot-nhan-sam-canada-nguyen-chat-Silverlife-gia-bao-nhieu-900x506.jpg 900w\" sizes=\"(max-width: 789px) 100vw, 789px\" \/><\/p>\n<h3><span style=\"color: #cf9812; font-size: 110%; font-family: 'times new roman', times, serif;\"><strong>Ai N\u00ean S\u1eed D\u1ee5ng B\u1ed9t Nh\u00e2n S\u00e2m Canada?<\/strong><\/span><\/h3>\n<ul>\n<li><span style=\"font-family: 'times new roman', times, serif; font-size: 120%;\">Those who work or stress.<\/span><\/li>\n<li><span style=\"font-family: 'times new roman', times, serif; font-size: 120%;\">Intellectual worker, high intellectual concentration.<\/span><\/li>\n<li><span style=\"font-family: 'times new roman', times, serif; font-size: 120%;\">The patient recovers from surgery.<\/span><\/li>\n<li><span style=\"font-family: 'times new roman', times, serif; font-size: 120%;\">People who are going through a difficult period in psychology.<\/span><\/li>\n<li><span style=\"font-family: 'times new roman', times, serif; font-size: 120%;\">Those who want to prevent common illnesses related to stress.<\/span><\/li>\n<li><span style=\"font-family: 'times new roman', times, serif; font-size: 120%;\">Those who want to prevent diabetes, cancer, cardiovascular disease.<\/span><\/li>\n<li><span style=\"font-family: 'times new roman', times, serif; font-size: 120%;\">Elderly people.<\/span><\/li>\n<li><span style=\"font-family: 'times new roman', times, serif; font-size: 120%;\">Premenopausal women.<\/span><\/li>\n<li><span style=\"font-family: 'times new roman', times, serif; font-size: 120%;\">People with weakened health and resistance.<\/span><\/li>\n<\/ul>\n<p style=\"text-align: center;\"><img loading=\"lazy\" decoding=\"async\" class=\"alignnone wp-image-16181\" src=\"https:\/\/silverlife.com.vn\/wp-content\/uploads\/2019\/09\/Bot-nhan-sam-canada-silverlife-3-711x400.jpg\" alt=\"\" width=\"795\" height=\"447\" \/><\/p>\n<h3><span style=\"font-family: 'times new roman', times, serif; font-size: 110%; color: #cf9812;\"><strong>Notes And Usage<\/strong><strong>Canadian Ginseng <\/strong><strong>powder<\/strong><\/span><\/h3>\n<h4><span style=\"font-family: 'times new roman', times, serif; font-size: 120%; color: #cf9812;\"><strong>Dosage<\/strong><\/span><\/h4>\n<p><span style=\"font-family: 'times new roman', times, serif; font-size: 120%;\">How much you should take depends on which conditions you want to improve. In general, the daily dosage ranges from 1-2 grams. It is best to start with a low dose and increase with time. To maximize benefits, you should take ginseng on a 3-week cycle with a one-week break in the middle or 3-month vacation 1 month<\/span><\/p>\n<h4><span style=\"font-family: 'times new roman', times, serif; font-size: 120%; color: #cf9812;\"><strong>Caution When Using Canadian Ginseng Powder:<\/strong><\/span><\/h4>\n<ul>\n<li><span style=\"font-family: 'times new roman', times, serif; font-size: 120%; color: #282828;\">Not suitable for people with welding with the expression: fear of cold, cold limbs, edema, loose bowel. Do not use with Le Lo (a medicine in Oriental medicine) or white radish.<\/span><\/li>\n<li><span style=\"font-family: 'times new roman', times, serif; font-size: 120%;\">Usage Not Recommended: Do not use ginseng tea or other supplements before surgery. Stop using at least 2 weeks before surgery. Exercise caution when combining with caffeinated beverages.<\/span><\/li>\n<li><span style=\"font-family: 'times new roman', times, serif; color: #282828; font-size: 120%;\">Canadian ginseng tea works to prevent diabetes, balance blood pressure and other therapeutic effects. It may interact with certain diseases taking prescription medications therefore<em><strong> , so do not use Canadian ginseng tea at the same time as therapeutic medications<\/strong><\/em> prediabetes, diabetes, hormone-sensitive cancer, high blood pressure, schizophrenia, bleeding disorders and insomnia. Ginseng should be used before or after taking the medicine 2-3 hours. <em><strong>Ginseng should be used before or after taking the medicine 2-3 hours.<\/strong><\/em><\/span><\/li>\n<\/ul>\n<h4><span style=\"font-family: 'times new roman', times, serif; font-size: 120%; color: #cf9812;\"><strong>C\u00e1ch D\u00f9ng B\u1ed9t Nh\u00e2n S\u00e2m Canada Hi\u1ec7u Qu\u1ea3<\/strong><\/span><\/h4>\n<p><span style=\"font-family: 'times new roman', times, serif; font-size: 120%;\">Canadian ginseng easily adds to your diet<\/span><\/p>\n<ul>\n<li><span style=\"font-family: 'times new roman', times, serif; font-size: 120%;\">Nh\u00e2n s\u00e2m Canada \u0111\u00e3 \u0111\u01b0\u1ee3c nghi\u1ec1n th\u00e0nh b\u1ed9t \u0111\u1ec3 ti\u1ec7n s\u1eed d\u1ee5ng.<\/span><\/li>\n<li><span style=\"font-family: 'times new roman', times, serif; font-size: 120%;\">You can process many delicious and nutritious drinks for your family, such as ginseng tea, honey-soaked ginseng tea, ginseng tea, ginseng smoothie, ginseng chicken soup, ...<\/span><\/li>\n<\/ul>\n<p><iframe loading=\"lazy\" title=\"People&#039;s Artist Kim Xuan trust use Canadian Ginseng SilverLife\" width=\"1020\" height=\"574\" src=\"https:\/\/www.youtube.com\/embed\/EHwCL9HRwqw?list=PLxrHnZUuGHIaUdefm5i9WwUjdA8FpAPtb\" frameborder=\"0\" allow=\"accelerometer; autoplay; clipboard-write; encrypted-media; gyroscope; picture-in-picture; web-share\" referrerpolicy=\"strict-origin-when-cross-origin\" allowfullscreen><\/iframe><\/p>\n<h2><span style=\"color: #cf9812; font-family: 'times new roman', times, serif; font-size: 110%;\"><strong>Information About SilverLife<\/strong><\/span><\/h2>\n<p><span style=\"font-family: 'times new roman', times, serif; font-size: 120%;\"><strong>SilverLife's<\/strong> Proud to say that all our products are 100% original Canadian ginseng. We are committed to selling ginseng with the best quality, officially imported from Ontario, Canada - a land famous for growing ginseng around the world.<\/span><\/p>\n<h3><span style=\"font-family: 'times new roman', times, serif; font-size: 110%; color: #cf9812;\"><strong>\u0110\u1ea3m B\u1ea3o C\u1ee7a Ch\u00fang T\u00f4i V\u1ec1 B\u1ed9t Nh\u00e2n S\u00e2m Canada SilverLife<\/strong><\/span><\/h3>\n<ul>\n<li><span style=\"font-family: 'times new roman', times, serif; font-size: 120%;\">100% Canadian Ginseng pureed or powdered<\/span><\/li>\n<li><span style=\"font-family: 'times new roman', times, serif; font-size: 120%;\">100% Satisfied Customers Using SilverLife Canadian Ginseng Products<\/span><\/li>\n<li><span style=\"font-family: 'times new roman', times, serif; font-size: 120%;\">Good Price Suitable For Every Home<\/span><\/li>\n<\/ul>\n<p><span style=\"font-family: 'times new roman', times, serif; font-size: 120%;\">We sell the highest quality ginseng. But we also keep prices competitive. Take a look at our products and confidence to try to feel the most accurate results.<\/span><\/p>\n<h3><span style=\"font-family: 'times new roman', times, serif; font-size: 120%; color: #cf9812;\"><strong>Th\u00f4ng Tin Li\u00ean H\u1ec7 Mua B\u1ed9t Nh\u00e2n S\u00e2m Canada SilverLife<\/strong><\/span><\/h3>\n<ul>\n<li><span style=\"font-family: 'times new roman', times, serif; font-size: 120%;\">Hotline: <span style=\"color: #cc9037;\"><strong>0909.609.374<\/strong><\/span> (Zalo)<\/span><\/li>\n<li><span style=\"font-family: 'times new roman', times, serif; font-size: 120%;\">Address: <span style=\"color: #cc9037;\"><strong>S\u1ed1 21 &#8211; \u0110\u01b0\u1eddng N\u01a1 Trang Long &#8211; Ph\u01b0\u1eddng Gia \u0110\u1ecbnh &#8211; TP.HCM<\/strong><\/span><\/span><\/li>\n<\/ul>\n<p><span style=\"font-family: 'times new roman', times, serif; font-size: 120%; color: #cf9812;\"><strong>Free ship all over the country<\/strong><\/span><\/p>\n<p><span style=\"font-family: 'times new roman', times, serif; font-size: 120%;\"><strong>Find out more at:<\/strong><span style=\"color: #cf9812;\"> <strong><a style=\"color: #cf9812;\" href=\"https:\/\/silverlife.com.vn\/en\/danh-muc\/sam-bot\/\">Canadian Ginseng SilverLife Powder<\/a><\/strong><\/span><\/span><\/p>","protected":false},"excerpt":{"rendered":"<p><span style=\"font-size: 120%; font-family: 'times new roman', times, serif; color: #282828;\"><strong>Product information<\/strong><\/span><\/p>\n<ul>\n<li><span style=\"font-size: 120%; font-family: 'times new roman', times, serif; color: #282828;\">100% Canadian Ginseng pureed or powdered<\/span><\/li>\n<li><span style=\"font-family: 'times new roman', times, serif; font-size: 120%; color: #282828;\">Ginseng age: 5 years old<\/span><\/li>\n<li><span style=\"font-size: 120%; font-family: 'times new roman', times, serif; color: #282828;\">Typical aroma, sweet taste, slightly bitter.<\/span><\/li>\n<li><span style=\"font-family: 'times new roman', times, serif; font-size: 120%;\"><span style=\"font-family: 'times new roman', times, serif;\">Xu\u1ea5t x\u1ee9: Vi\u1ec7t Nam<\/span><\/span><\/li>\n<li><span style=\"font-size: 120%;\"><span style=\"font-family: 'times new roman', times, serif;\"><span style=\"font-family: 'times new roman', times, serif;\">Th\u00e0nh ph\u1ea7n: 100% nguy\u00ean li\u1ec7u nh\u00e2n s\u00e2m kh\u00f4 nh\u1eadp kh\u1ea9u t\u1eeb <\/span><\/span><span style=\"font-family: 'times new roman', times, serif;\">Ontario, Canada<\/span><\/span><\/li>\n<li><span style=\"font-size: 120%; font-family: 'times new roman', times, serif; color: #282828;\">Product code: 8938529507170<\/span><\/li>\n<\/ul>\n<p><span style=\"font-family: 'times new roman', times, serif; font-size: 120%; color: #282828;\">Mi\u1ec5n ph\u00ed giao h\u00e0ng to\u00e0n qu\u1ed1c. Qu\u00fd kh\u00e1ch c\u00f3 th\u1ec3 ki\u1ec3m tra s\u1ea3n ph\u1ea9m tr\u01b0\u1edbc khi thanh to\u00e1n v\u00e0 t\u1eeb ch\u1ed1i nh\u1eadn h\u00e0ng n\u1ebfu kh\u00f4ng h\u00e0i l\u00f2ng.<\/span><\/p>","protected":false},"featured_media":18041,"comment_status":"open","ping_status":"closed","template":"","meta":[],"product_cat":[72],"product_tag":[108,122,123],"class_list":{"0":"post-1532","1":"product","2":"type-product","3":"status-publish","4":"has-post-thumbnail","6":"product_cat-sam-bot","7":"product_tag-bot-nhan-sam","8":"product_tag-bot-nhan-sam-canada","9":"product_tag-nhan-sam-bot","10":"product_shipping_class-giao-hang-tan-noi","12":"first","13":"instock","14":"featured","15":"shipping-taxable","16":"purchasable","17":"product-type-simple"},"yoast_head":"<!-- This site is optimized with the Yoast SEO plugin v23.6 - https:\/\/yoast.com\/wordpress\/plugins\/seo\/ -->\n<title>B\u1ed9t Nh\u00e2n S\u00e2m Canada SilverLife 100g - T\u1eeb S\u00e2m 5 n\u0103m tu\u1ed5i<\/title>\n<meta name=\"description\" content=\"B\u1ed9t nh\u00e2n s\u00e2m Canada SilverLife nguy\u00ean ch\u1ea5t 100%.Hotline\/Zalo 0909.609.374. Giao h\u00e0ng free ship tr\u00ean to\u00e0n qu\u1ed1c.\" \/>\n<meta name=\"robots\" content=\"index, follow, max-snippet:-1, max-image-preview:large, max-video-preview:-1\" \/>\n<link rel=\"canonical\" href=\"https:\/\/silverlife.com.vn\/en\/product\/nhan-sam-silverlife-powder-100g\/\" \/>\n<meta property=\"og:locale\" content=\"en_US\" \/>\n<meta property=\"og:type\" content=\"article\" \/>\n<meta property=\"og:title\" content=\"B\u1ed9t Nh\u00e2n S\u00e2m Canada SilverLife 100g - T\u1eeb S\u00e2m 5 n\u0103m tu\u1ed5i\" \/>\n<meta property=\"og:description\" content=\"B\u1ed9t nh\u00e2n s\u00e2m Canada SilverLife nguy\u00ean ch\u1ea5t 100%.Hotline\/Zalo 0909.609.374. Giao h\u00e0ng free ship tr\u00ean to\u00e0n qu\u1ed1c.\" \/>\n<meta property=\"og:url\" content=\"https:\/\/silverlife.com.vn\/en\/product\/nhan-sam-silverlife-powder-100g\/\" \/>\n<meta property=\"og:site_name\" content=\"SilverLife - Cung C\u1ea5p S\u1ec9 &amp; L\u1ebb Nh\u00e2n S\u00e2m Canada T\u1ea1i Vi\u1ec7t Nam\" \/>\n<meta property=\"article:modified_time\" content=\"2026-01-20T03:42:13+00:00\" \/>\n<meta property=\"og:image\" content=\"https:\/\/silverlife.com.vn\/wp-content\/uploads\/2022\/02\/nhan-sam-kho-Canada-SilverLife-nguyen-cu-cat-lat-bot-tra-sam-9.png\" \/>\n\t<meta property=\"og:image:width\" content=\"1000\" \/>\n\t<meta property=\"og:image:height\" content=\"1000\" \/>\n\t<meta property=\"og:image:type\" content=\"image\/png\" \/>\n<meta name=\"twitter:card\" content=\"summary_large_image\" \/>\n<meta name=\"twitter:label1\" content=\"Est. reading time\" \/>\n\t<meta name=\"twitter:data1\" content=\"6 minutes\" \/>\n<script type=\"application\/ld+json\" class=\"yoast-schema-graph\">{\"@context\":\"https:\/\/schema.org\",\"@graph\":[{\"@type\":\"WebPage\",\"@id\":\"https:\/\/silverlife.com.vn\/san-pham\/nhan-sam-silverlife-powder-100g\",\"url\":\"https:\/\/silverlife.com.vn\/san-pham\/nhan-sam-silverlife-powder-100g\",\"name\":\"B\u1ed9t Nh\u00e2n S\u00e2m Canada SilverLife 100g - T\u1eeb S\u00e2m 5 n\u0103m tu\u1ed5i\",\"isPartOf\":{\"@id\":\"https:\/\/silverlife.com.vn\/#website\"},\"primaryImageOfPage\":{\"@id\":\"https:\/\/silverlife.com.vn\/san-pham\/nhan-sam-silverlife-powder-100g#primaryimage\"},\"image\":{\"@id\":\"https:\/\/silverlife.com.vn\/san-pham\/nhan-sam-silverlife-powder-100g#primaryimage\"},\"thumbnailUrl\":\"https:\/\/silverlife.com.vn\/wp-content\/uploads\/2022\/02\/nhan-sam-kho-Canada-SilverLife-nguyen-cu-cat-lat-bot-tra-sam-9.png\",\"datePublished\":\"2019-09-12T02:38:53+00:00\",\"dateModified\":\"2026-01-20T03:42:13+00:00\",\"description\":\"B\u1ed9t nh\u00e2n s\u00e2m Canada SilverLife nguy\u00ean ch\u1ea5t 100%.Hotline\/Zalo 0909.609.374. Giao h\u00e0ng free ship tr\u00ean to\u00e0n qu\u1ed1c.\",\"breadcrumb\":{\"@id\":\"https:\/\/silverlife.com.vn\/san-pham\/nhan-sam-silverlife-powder-100g#breadcrumb\"},\"inLanguage\":\"en-US\",\"potentialAction\":[{\"@type\":\"ReadAction\",\"target\":[\"https:\/\/silverlife.com.vn\/san-pham\/nhan-sam-silverlife-powder-100g\"]}]},{\"@type\":\"ImageObject\",\"inLanguage\":\"en-US\",\"@id\":\"https:\/\/silverlife.com.vn\/san-pham\/nhan-sam-silverlife-powder-100g#primaryimage\",\"url\":\"https:\/\/silverlife.com.vn\/wp-content\/uploads\/2022\/02\/nhan-sam-kho-Canada-SilverLife-nguyen-cu-cat-lat-bot-tra-sam-9.png\",\"contentUrl\":\"https:\/\/silverlife.com.vn\/wp-content\/uploads\/2022\/02\/nhan-sam-kho-Canada-SilverLife-nguyen-cu-cat-lat-bot-tra-sam-9.png\",\"width\":1000,\"height\":1000},{\"@type\":\"BreadcrumbList\",\"@id\":\"https:\/\/silverlife.com.vn\/san-pham\/nhan-sam-silverlife-powder-100g#breadcrumb\",\"itemListElement\":[{\"@type\":\"ListItem\",\"position\":1,\"name\":\"Trang ch\u1ee7\",\"item\":\"https:\/\/silverlife.com.vn\/\"},{\"@type\":\"ListItem\",\"position\":2,\"name\":\"Shop\",\"item\":\"https:\/\/silverlife.com.vn\/shop\"},{\"@type\":\"ListItem\",\"position\":3,\"name\":\"B\u1ed9t Nh\u00e2n S\u00e2m Canada SilverLife Powder 100g\"}]},{\"@type\":\"WebSite\",\"@id\":\"https:\/\/silverlife.com.vn\/#website\",\"url\":\"https:\/\/silverlife.com.vn\/\",\"name\":\"SilverLife - Cung C\u1ea5p S\u1ec9 &amp; L\u1ebb Nh\u00e2n S\u00e2m Canada T\u1ea1i Vi\u1ec7t Nam\",\"description\":\"\",\"potentialAction\":[{\"@type\":\"SearchAction\",\"target\":{\"@type\":\"EntryPoint\",\"urlTemplate\":\"https:\/\/silverlife.com.vn\/?s={search_term_string}\"},\"query-input\":{\"@type\":\"PropertyValueSpecification\",\"valueRequired\":true,\"valueName\":\"search_term_string\"}}],\"inLanguage\":\"en-US\"}]}<\/script>\n<!-- \/ Yoast SEO plugin. -->","yoast_head_json":{"title":"B\u1ed9t Nh\u00e2n S\u00e2m Canada SilverLife 100g - T\u1eeb S\u00e2m 5 n\u0103m tu\u1ed5i","description":"B\u1ed9t nh\u00e2n s\u00e2m Canada SilverLife nguy\u00ean ch\u1ea5t 100%.Hotline\/Zalo 0909.609.374. Giao h\u00e0ng free ship tr\u00ean to\u00e0n qu\u1ed1c.","robots":{"index":"index","follow":"follow","max-snippet":"max-snippet:-1","max-image-preview":"max-image-preview:large","max-video-preview":"max-video-preview:-1"},"canonical":"https:\/\/silverlife.com.vn\/en\/product\/nhan-sam-silverlife-powder-100g\/","og_locale":"en_US","og_type":"article","og_title":"B\u1ed9t Nh\u00e2n S\u00e2m Canada SilverLife 100g - T\u1eeb S\u00e2m 5 n\u0103m tu\u1ed5i","og_description":"B\u1ed9t nh\u00e2n s\u00e2m Canada SilverLife nguy\u00ean ch\u1ea5t 100%.Hotline\/Zalo 0909.609.374. Giao h\u00e0ng free ship tr\u00ean to\u00e0n qu\u1ed1c.","og_url":"https:\/\/silverlife.com.vn\/en\/product\/nhan-sam-silverlife-powder-100g\/","og_site_name":"SilverLife - Cung C\u1ea5p S\u1ec9 &amp; L\u1ebb Nh\u00e2n S\u00e2m Canada T\u1ea1i Vi\u1ec7t Nam","article_modified_time":"2026-01-20T03:42:13+00:00","og_image":[{"width":1000,"height":1000,"url":"https:\/\/silverlife.com.vn\/wp-content\/uploads\/2022\/02\/nhan-sam-kho-Canada-SilverLife-nguyen-cu-cat-lat-bot-tra-sam-9.png","type":"image\/png"}],"twitter_card":"summary_large_image","twitter_misc":{"Est. reading time":"6 minutes"},"schema":{"@context":"https:\/\/schema.org","@graph":[{"@type":"WebPage","@id":"https:\/\/silverlife.com.vn\/san-pham\/nhan-sam-silverlife-powder-100g","url":"https:\/\/silverlife.com.vn\/san-pham\/nhan-sam-silverlife-powder-100g","name":"B\u1ed9t Nh\u00e2n S\u00e2m Canada SilverLife 100g - T\u1eeb S\u00e2m 5 n\u0103m tu\u1ed5i","isPartOf":{"@id":"https:\/\/silverlife.com.vn\/#website"},"primaryImageOfPage":{"@id":"https:\/\/silverlife.com.vn\/san-pham\/nhan-sam-silverlife-powder-100g#primaryimage"},"image":{"@id":"https:\/\/silverlife.com.vn\/san-pham\/nhan-sam-silverlife-powder-100g#primaryimage"},"thumbnailUrl":"https:\/\/silverlife.com.vn\/wp-content\/uploads\/2022\/02\/nhan-sam-kho-Canada-SilverLife-nguyen-cu-cat-lat-bot-tra-sam-9.png","datePublished":"2019-09-12T02:38:53+00:00","dateModified":"2026-01-20T03:42:13+00:00","description":"B\u1ed9t nh\u00e2n s\u00e2m Canada SilverLife nguy\u00ean ch\u1ea5t 100%.Hotline\/Zalo 0909.609.374. Giao h\u00e0ng free ship tr\u00ean to\u00e0n qu\u1ed1c.","breadcrumb":{"@id":"https:\/\/silverlife.com.vn\/san-pham\/nhan-sam-silverlife-powder-100g#breadcrumb"},"inLanguage":"en-US","potentialAction":[{"@type":"ReadAction","target":["https:\/\/silverlife.com.vn\/san-pham\/nhan-sam-silverlife-powder-100g"]}]},{"@type":"ImageObject","inLanguage":"en-US","@id":"https:\/\/silverlife.com.vn\/san-pham\/nhan-sam-silverlife-powder-100g#primaryimage","url":"https:\/\/silverlife.com.vn\/wp-content\/uploads\/2022\/02\/nhan-sam-kho-Canada-SilverLife-nguyen-cu-cat-lat-bot-tra-sam-9.png","contentUrl":"https:\/\/silverlife.com.vn\/wp-content\/uploads\/2022\/02\/nhan-sam-kho-Canada-SilverLife-nguyen-cu-cat-lat-bot-tra-sam-9.png","width":1000,"height":1000},{"@type":"BreadcrumbList","@id":"https:\/\/silverlife.com.vn\/san-pham\/nhan-sam-silverlife-powder-100g#breadcrumb","itemListElement":[{"@type":"ListItem","position":1,"name":"Trang ch\u1ee7","item":"https:\/\/silverlife.com.vn\/"},{"@type":"ListItem","position":2,"name":"Shop","item":"https:\/\/silverlife.com.vn\/shop"},{"@type":"ListItem","position":3,"name":"B\u1ed9t Nh\u00e2n S\u00e2m Canada SilverLife Powder 100g"}]},{"@type":"WebSite","@id":"https:\/\/silverlife.com.vn\/#website","url":"https:\/\/silverlife.com.vn\/","name":"SilverLife - Cung C\u1ea5p S\u1ec9 &amp; L\u1ebb Nh\u00e2n S\u00e2m Canada T\u1ea1i Vi\u1ec7t Nam","description":"","potentialAction":[{"@type":"SearchAction","target":{"@type":"EntryPoint","urlTemplate":"https:\/\/silverlife.com.vn\/?s={search_term_string}"},"query-input":{"@type":"PropertyValueSpecification","valueRequired":true,"valueName":"search_term_string"}}],"inLanguage":"en-US"}]}},"_links":{"self":[{"href":"https:\/\/silverlife.com.vn\/en\/wp-json\/wp\/v2\/product\/1532"}],"collection":[{"href":"https:\/\/silverlife.com.vn\/en\/wp-json\/wp\/v2\/product"}],"about":[{"href":"https:\/\/silverlife.com.vn\/en\/wp-json\/wp\/v2\/types\/product"}],"replies":[{"embeddable":true,"href":"https:\/\/silverlife.com.vn\/en\/wp-json\/wp\/v2\/comments?post=1532"}],"wp:featuredmedia":[{"embeddable":true,"href":"https:\/\/silverlife.com.vn\/en\/wp-json\/wp\/v2\/media\/18041"}],"wp:attachment":[{"href":"https:\/\/silverlife.com.vn\/en\/wp-json\/wp\/v2\/media?parent=1532"}],"wp:term":[{"taxonomy":"product_cat","embeddable":true,"href":"https:\/\/silverlife.com.vn\/en\/wp-json\/wp\/v2\/product_cat?post=1532"},{"taxonomy":"product_tag","embeddable":true,"href":"https:\/\/silverlife.com.vn\/en\/wp-json\/wp\/v2\/product_tag?post=1532"}],"curies":[{"name":"wp","href":"https:\/\/api.w.org\/{rel}","templated":true}]}}