{"id":16425,"date":"2020-10-30T17:47:58","date_gmt":"2020-10-30T10:47:58","guid":{"rendered":"https:\/\/silverlife.com.vn\/?post_type=product&#038;p=16425"},"modified":"2025-08-01T17:23:40","modified_gmt":"2025-08-01T10:23:40","slug":"nhan-sam-tuoi-canada","status":"publish","type":"product","link":"https:\/\/silverlife.com.vn\/en\/product\/nhan-sam-tuoi-canada","title":{"rendered":"Nh\u00e2n s\u00e2m t\u01b0\u01a1i Canada 5 n\u0103m tu\u1ed5i 1kg"},"content":{"rendered":"<h2><span style=\"color: #cca60c;\"><strong>Nh\u00e2n s\u00e2m t\u01b0\u01a1i Canada 5 n\u0103m tu\u1ed5i<\/strong><\/span><\/h2>\n<p><span style=\"font-family: 'times new roman', times, serif; font-size: 120%; color: #282828;\">Nh\u00e2n s\u00e2m t\u01b0\u01a1i \u0111\u01b0\u1ee3c tr\u1ed3ng \u1edf T\u00e2y Nam Ontario c\u1ee7a Canada, m\u1ed9t v\u00f9ng n\u1ed5i ti\u1ebfng v\u1ec1 s\u1ea3n xu\u1ea5t nh\u00e2n s\u00e2m ch\u1ea5t l\u01b0\u1ee3ng cao. Nh\u1eefng c\u1ee7 nh\u00e2n s\u00e2m 5 n\u0103m tu\u1ed5i mang l\u1ea1i l\u01b0\u1ee3ng dinh d\u01b0\u1ee1ng d\u1ed3i d\u00e0o h\u01a1n nh\u1eefng c\u1ee7 non. Nh\u00e2n s\u00e2m \u0111\u01b0\u1ee3c Thu ho\u1ea1ch m\u1ed7i n\u0103m m\u1ed9t v\u1ee5 m\u00f9a v\u00e0o th\u00e1ng 10 &#8211; 11 l\u00e0 lo\u1ea1i t\u01b0\u01a1i nh\u1ea5t tr\u00ean th\u1ecb tr\u01b0\u1eddng. M\u1ed7i c\u1ee7 nh\u00e2n s\u00e2m c\u1ee7a c\u00f4ng ty ch\u00fang t\u00f4i \u0111\u1ec1u \u0111\u01b0\u1ee3c ch\u1ecdn l\u1ecdc b\u1eb1ng tay \u0111\u1ec3 \u0111\u1ea3m b\u1ea3o r\u1eb1ng kh\u00e1ch h\u00e0ng c\u1ee7a ch\u00fang t\u00f4i s\u1ebd \u0111\u01b0\u1ee3c th\u01b0\u1edfng th\u1ee9c s\u1ea3n ph\u1ea9m ch\u1ea5t l\u01b0\u1ee3ng cao nh\u1ea5t.<\/span><\/p>\n<p><span style=\"color: #282828; font-size: 105%;\">H\u00e3y t\u1eadn h\u01b0\u1edfng c\u01a1 h\u1ed9i \u0111\u1eb7c bi\u1ec7t n\u00e0y \u0111\u1ec3 tr\u1ea3i nghi\u1ec7m s\u1ef1 tinh t\u1ebf v\u00e0 gi\u00e1 tr\u1ecb c\u1ee7a Nh\u00e2n S\u00e2m T\u01b0\u01a1i Canada. \u0110\u00e2y kh\u00f4ng ch\u1ec9 l\u00e0 m\u1ed9t s\u1ea3n ph\u1ea9m, m\u00e0 c\u00f2n l\u00e0 m\u1ed9t m\u00f3n qu\u00e0 c\u1ee7a thi\u00ean nhi\u00ean.<\/span><\/p>\n<p style=\"text-align: center;\"><img loading=\"lazy\" decoding=\"async\" class=\"alignnone size-medium wp-image-17979\" src=\"https:\/\/silverlife.com.vn\/wp-content\/uploads\/2020\/10\/nhan-sam-tuoi-Canada-mua-o-thanh-pho-ho-chi-minh-5-1-400x400.png\" alt=\"\" width=\"400\" height=\"400\" srcset=\"https:\/\/silverlife.com.vn\/wp-content\/uploads\/2020\/10\/nhan-sam-tuoi-Canada-mua-o-thanh-pho-ho-chi-minh-5-1-400x400.png 400w, https:\/\/silverlife.com.vn\/wp-content\/uploads\/2020\/10\/nhan-sam-tuoi-Canada-mua-o-thanh-pho-ho-chi-minh-5-1-800x800.png 800w, https:\/\/silverlife.com.vn\/wp-content\/uploads\/2020\/10\/nhan-sam-tuoi-Canada-mua-o-thanh-pho-ho-chi-minh-5-1-280x280.png 280w, https:\/\/silverlife.com.vn\/wp-content\/uploads\/2020\/10\/nhan-sam-tuoi-Canada-mua-o-thanh-pho-ho-chi-minh-5-1-768x768.png 768w, https:\/\/silverlife.com.vn\/wp-content\/uploads\/2020\/10\/nhan-sam-tuoi-Canada-mua-o-thanh-pho-ho-chi-minh-5-1-1536x1536.png 1536w, https:\/\/silverlife.com.vn\/wp-content\/uploads\/2020\/10\/nhan-sam-tuoi-Canada-mua-o-thanh-pho-ho-chi-minh-5-1-2048x2048.png 2048w, https:\/\/silverlife.com.vn\/wp-content\/uploads\/2020\/10\/nhan-sam-tuoi-Canada-mua-o-thanh-pho-ho-chi-minh-5-1-12x12.png 12w, https:\/\/silverlife.com.vn\/wp-content\/uploads\/2020\/10\/nhan-sam-tuoi-Canada-mua-o-thanh-pho-ho-chi-minh-5-1-900x900.png 900w, https:\/\/silverlife.com.vn\/wp-content\/uploads\/2020\/10\/nhan-sam-tuoi-Canada-mua-o-thanh-pho-ho-chi-minh-5-1-100x100.png 100w\" sizes=\"(max-width: 400px) 100vw, 400px\" \/><\/p>\n<h3><span style=\"font-size: 100%; font-family: 'times new roman', times, serif;\"><strong><span style=\"color: #cf9803;\">Features of fresh ginseng harvested from Ontario, Canada:<\/span><\/strong><\/span><\/h3>\n<p><span style=\"color: #282828; font-size: 110%;\">Nh\u00e2n s\u00e2m Canada \u0111\u01b0\u1ee3c thu ho\u1ea1ch ch\u1ec9 v\u00e0o 1 m\u00f9a trong n\u0103m, ch\u00ednh v\u1ee5 thu ho\u1ea1ch n\u00e0y \u0111\u00e3 t\u1ea1o n\u00ean s\u1ef1 hi\u1ebfm c\u00f3 c\u1ee7a n\u00f3. S\u1ef1 kh\u1eaft khe trong vi\u1ec7c ch\u0103m s\u00f3c v\u00e0 thu ho\u1ea1ch \u0111\u01b0\u1ee3c th\u1ef1c hi\u1ec7n b\u1eb1ng tay, gi\u1eef g\u00ecn t\u00ednh t\u1ef1 nhi\u00ean v\u00e0 ch\u1ea5t l\u01b0\u1ee3ng cao c\u1ee7a s\u1ea3n ph\u1ea9m.<\/span><\/p>\n<ul>\n<li><span style=\"font-family: 'times new roman', times, serif; font-size: 120%;\">Fresh ginseng 5 years old<\/span><\/li>\n<li><span style=\"font-family: 'times new roman', times, serif; font-size: 120%;\">Weight: 80g - 150g \/ tubers<\/span><\/li>\n<li><span style=\"font-family: 'times new roman', times, serif; font-size: 120%;\">K\u00edch th\u01b0\u1edbc: c\u1ee7 s\u00e2m t\u01b0\u01a1i to \u0111\u1eb9p, th\u00e2n h\u01a1i x\u00f9 x\u00ec<\/span><\/li>\n<li><span style=\"font-family: 'times new roman', times, serif; font-size: 120%;\">Origin: Ontario, Canada<\/span><\/li>\n<li><span style=\"font-family: 'times new roman', times, serif; font-size: 120%;\">Th\u1eddi gian thu ho\u1ea1ch \uff1a Th\u00e1ng 10 n\u0103m 2024<\/span><\/li>\n<li><span style=\"font-family: 'times new roman', times, serif; font-size: 120%;\">Th\u1eddi k\u1ef3 tr\u1ed3ng tr\u1ecdt \uff1a Th\u00e1ng 9 n\u0103m 2019 \u0111\u1ebfn th\u00e1ng 10 n\u0103m 2024<\/span><\/li>\n<\/ul>\n<p><span style=\"font-size: 110%;\">B\u1ea3o qu\u1ea3n s\u1ea3n ph\u1ea9m: B\u1ea3o qu\u1ea3n trong ng\u0103n m\u00e1t t\u1ee7 l\u1ea1nh<\/span><br \/>\n<span style=\"font-size: 110%;\">Ng\u00e0y giao h\u00e0ng: \u0110\u1eb7t h\u00e0ng tr\u01b0\u1edbc ngay, B\u1eaft \u0111\u1ea7u giao h\u00e0ng v\u00e0o th\u00e1ng 11 n\u0103m 2024 ho\u1eb7c s\u1edbm h\u01a1n<\/span><br \/>\n<span style=\"font-size: 110%;\">Th\u1eddi gian giao h\u00e0ng: Giao h\u00e0ng nhanh \u0111\u1ec3 c\u00f3 \u0111\u1ed9 t\u01b0\u01a1i ngon nh\u1ea5t<\/span><\/p>\n<p style=\"text-align: center;\"><img loading=\"lazy\" decoding=\"async\" class=\"alignnone size-medium wp-image-17972\" src=\"https:\/\/silverlife.com.vn\/wp-content\/uploads\/2020\/10\/nhan-sam-tuoi-Canada-2-1-400x400.png\" alt=\"\" width=\"400\" height=\"400\" srcset=\"https:\/\/silverlife.com.vn\/wp-content\/uploads\/2020\/10\/nhan-sam-tuoi-Canada-2-1-400x400.png 400w, https:\/\/silverlife.com.vn\/wp-content\/uploads\/2020\/10\/nhan-sam-tuoi-Canada-2-1-800x800.png 800w, https:\/\/silverlife.com.vn\/wp-content\/uploads\/2020\/10\/nhan-sam-tuoi-Canada-2-1-280x280.png 280w, https:\/\/silverlife.com.vn\/wp-content\/uploads\/2020\/10\/nhan-sam-tuoi-Canada-2-1-768x768.png 768w, https:\/\/silverlife.com.vn\/wp-content\/uploads\/2020\/10\/nhan-sam-tuoi-Canada-2-1-1536x1536.png 1536w, https:\/\/silverlife.com.vn\/wp-content\/uploads\/2020\/10\/nhan-sam-tuoi-Canada-2-1-12x12.png 12w, https:\/\/silverlife.com.vn\/wp-content\/uploads\/2020\/10\/nhan-sam-tuoi-Canada-2-1-900x900.png 900w, https:\/\/silverlife.com.vn\/wp-content\/uploads\/2020\/10\/nhan-sam-tuoi-Canada-2-1-100x100.png 100w, https:\/\/silverlife.com.vn\/wp-content\/uploads\/2020\/10\/nhan-sam-tuoi-Canada-2-1.png 1680w\" sizes=\"(max-width: 400px) 100vw, 400px\" \/><\/p>\n<h3><span style=\"font-size: 100%; font-family: 'times new roman', times, serif;\"><strong><span style=\"color: #cf9803;\">Gi\u00e1 nh\u00e2n s\u00e2m t\u01b0\u01a1i Canada 2024:<\/span><\/strong><\/span><\/h3>\n<p><span style=\"font-size: 110%; color: #282828;\">1\/ Lo\u1ea1i \u0110\u1ea1i 5-7 c\u1ee7\/kg : 2,950,000<\/span><\/p>\n<p><span style=\"font-size: 110%; color: #282828;\">2\/ Lo\u1ea1i Trung 8-10 c\u1ee7\/kg: 2,450,000<\/span><\/p>\n<p><span style=\"font-size: 110%; color: #282828;\">3\/ Lo\u1ea1i V\u1eeba 11-15 c\u1ee7\/kg: 1,950,000 <\/span><\/p>\n<p><span style=\"font-size: 110%; color: #282828;\">4\/ Lo\u1ea1i Nh\u1ecf 16 &#8211; 22 c\u1ee7\/kg: 1,550,000<\/span><\/p>\n<div class=\"\" data-block=\"true\" data-editor=\"9fg73\" data-offset-key=\"5rv46-0-0\">\n<div class=\"_1mf _1mj\" data-offset-key=\"5rv46-0-0\"><span style=\"font-family: 'times new roman', times, serif; font-size: 120%;\" data-offset-key=\"5rv46-0-0\">&#8211; Mi\u1ec5n ph\u00ed giao h\u00e0ng t\u1ea1i TP.HCM <\/span><\/div>\n<div class=\"_1mf _1mj\" data-offset-key=\"5rv46-0-0\"><span style=\"font-family: 'times new roman', times, serif; font-size: 120%;\" data-offset-key=\"5rv46-0-0\">&#8211; Chi\u1ebft kh\u1ea5u 10% khi \u0111\u1eb7t t\u1eeb 5kg <\/span><\/div>\n<div class=\"_1mf _1mj\" data-offset-key=\"5rv46-0-0\"><span style=\"font-family: 'times new roman', times, serif; font-size: 120%;\" data-offset-key=\"5rv46-0-0\">&#8211; Chi\u1ebft kh\u1ea5u 15% khi \u0111\u1eb7t t\u1eeb 10kg<\/span><\/div>\n<\/div>\n<div class=\"\" data-block=\"true\" data-editor=\"9fg73\" data-offset-key=\"fkldt-0-0\">\n<div class=\"_1mf _1mj\" data-offset-key=\"fkldt-0-0\"><span style=\"font-family: 'times new roman', times, serif; font-size: 120%;\" data-offset-key=\"fkldt-0-0\">M\u1ed7i n\u0103m ch\u1ec9 c\u00f3 1 th\u00e1ng v\u1ec1 s\u00e2m t\u01b0\u01a1i, gi\u00e1 l\u1ea1i \u01b0u \u0111\u00e3i, s\u1ed1 l\u01b0\u1ee3ng c\u00f3 h\u1ea1n n\u00ean nhanh tay g\u1ecdi ngay SilverLife 0903663374 nh\u00e9.<\/span><\/div>\n<\/div>\n<p><span style=\"font-family: 'times new roman', times, serif; font-size: 120%; color: #282828;\">Fresh ginseng is the best ginseng, with a high nutritional value. Fresh ginseng has a sweet taste after cooking, supports immunity, enhances body functions.<\/span><\/p>\n<p style=\"text-align: center;\"><span style=\"font-family: 'times new roman', times, serif;\"><a href=\"https:\/\/silverlife.com.vn\/en\/?attachment_id=16427#main\" rel=\"attachment wp-att-16427\"><img loading=\"lazy\" decoding=\"async\" class=\"alignnone size-medium wp-image-16427\" src=\"https:\/\/silverlife.com.vn\/wp-content\/uploads\/2020\/10\/sam-tuoi-5-nam-tuoi-603x400.jpg\" alt=\"\" width=\"603\" height=\"400\" \/><\/a><\/span><\/p>\n<h2><span style=\"font-size: 75%; color: #cf9803; font-family: 'times new roman', times, serif;\"><strong>How to use fresh ginseng so that the body absorbs many nutrients from the ginseng:<\/strong><\/span><\/h2>\n<p><span style=\"font-size: 120%; font-family: 'times new roman', times, serif;\"> Compared with other ginseng products, fresh ginseng has the natural advantage of not being lost nutrition, not being counterfeited, so it is extremely trusted and loved by consumers. However, the harvest of ginseng in Ontario, Canada every year takes place from mid-September to November to ensure the highest ginsengnoside content. And only and during this time can we enjoy fresh Canadian ginseng.<\/span><\/p>\n<h2><span style=\"font-size: 75%; font-family: 'times new roman', times, serif;\"><strong><span style=\"color: #cf9803;\">4 ways to use the most effective fresh ginseng:<\/span><\/strong><\/span><\/h2>\n<p><span style=\"font-family: 'times new roman', times, serif; font-size: 120%;\">1 \/ Eat directly<\/span><\/p>\n<p><span style=\"font-family: 'times new roman', times, serif; font-size: 120%;\">This is the simplest way to eat fresh ginseng. Cut fresh ginseng into pieces and place in your mouth. After a while, directly chew the slices of fresh ginseng and swallow them. Note, when slicing, remember to cut into thin slices, not too thick.<\/span><\/p>\n<p><span style=\"font-family: 'times new roman', times, serif; font-size: 120%;\">2 \/ Stew<\/span><\/p>\n<p><span style=\"font-family: 'times new roman', times, serif; font-size: 120%;\">The tunnel is also very simple. Cut fresh ginseng into thin slices and not more than 2 cm thick. Put the fresh ginseng in a bowl, fill it with water, cover it, put it in a water bath for 4 to 5 hours and then take the ginseng water to drink, slice the ginseng to taste.<\/span><\/p>\n<p><span style=\"font-family: 'times new roman', times, serif; font-size: 120%;\">3 \/ Soak alcohol<\/span><\/p>\n<p><span style=\"font-family: 'times new roman', times, serif; font-size: 120%;\">In folklore, alcohol immersion is a very popular method. After processing fresh ginseng by soaking in alcohol, you can drink one or two sips before going to bed every day very beneficial for the body. The way is very simple as follows<\/span><\/p>\n<p><span style=\"font-family: 'times new roman', times, serif; font-size: 120%;\">Just wash the fresh ginseng and put it in the jar. For every 0.5 kg of fresh ginseng should add about 3 liters of white wine from 45 to 60 degrees and soak for half a month. After half a month, fresh ginseng essence has completely mixed with the wine.<\/span><\/p>\n<p><span style=\"font-family: 'times new roman', times, serif; font-size: 120%;\">4 \/ Cook soup<\/span><\/p>\n<p><span style=\"font-family: 'times new roman', times, serif; font-size: 120%;\">For lean people should drink more healthy soup. When cooking the soup can add fresh ginseng as a tonic. For soup, you can choose to cook chicken soup, use black chicken is better, add 1 fresh ginseng root, cook slowly over low heat for 3 hours, give chicken essence and ginseng essence to absorb word into chicken soup.<\/span><\/p>\n<p><span style=\"font-family: 'times new roman', times, serif; font-size: 120%;\">Fresh ginseng can also be cooked with rice, beef or bone broth, thinly sliced soaked in honey.<\/span><\/p>\n<h2><span style=\"font-family: 'times new roman', times, serif;\"><strong><span style=\"color: #cf9803; font-size: 75%;\">How to preserve fresh ginseng?<\/span><\/strong><\/span><\/h2>\n<p><span style=\"font-family: 'times new roman', times, serif; font-size: 120%;\">Seal fresh ginseng roots \/ vacuum and refrigerate to 34-39 \u00b0 F \/ 2-4 \u00b0 C, keep dry.<\/span><\/p>\n<p><span style=\"font-family: 'times new roman', times, serif; font-size: 120%;\">Fresh ginseng like fresh fruits, to be fresh, you please use \/ processing as soon as you can.<\/span><\/p>\n<p style=\"text-align: center;\"><iframe loading=\"lazy\" src=\"\/\/www.youtube.com\/embed\/yA4NIkdL9c8\" width=\"560\" height=\"314\" allowfullscreen=\"allowfullscreen\"><\/iframe><\/p>\n<h2><span style=\"font-family: 'times new roman', times, serif;\"><em><span style=\"font-size: 75%;\"><strong><span style=\"color: #cf9803;\">L\u01b0u \u00fd v\u1ec1 \u0111\u00f3ng g\u00f3i nh\u00e2n s\u00e2m t\u01b0\u01a1i Canada:<\/span><\/strong><\/span><\/em><\/span><\/h2>\n<p><span style=\"font-family: 'times new roman', times, serif;\">1.<span style=\"font-size: 120%;\"> Nh\u00e2n s\u00e2m t\u01b0\u01a1i s\u1ebd \u0111\u01b0\u1ee3c \u0111\u00f3ng g\u00f3i\/h\u00fat ch\u00e2n kh\u00f4ng trong t\u00fai.<\/span><\/span><\/p>\n<p><span style=\"font-family: 'times new roman', times, serif; font-size: 120%;\">2. Actual fresh ginseng color and appearance may vary slightly from image shown due to the photographic lighting and nature of the produce.<\/span><\/p>\n<p><span style=\"font-family: 'times new roman', times, serif; font-size: 120%;\">3. Fresh produce cannot be shipped to addresses outside of HCMC<\/span><\/p>\n<p><span style=\"font-family: 'times new roman', times, serif; font-size: 120%;\">4. When you receive fresh ginseng, there may be moisture during transportation, if any, please take them out of the bag as soon as possible, dry, seal and refrigerate again.<\/span><\/p>\n<p><span style=\"font-family: 'times new roman', times, serif; font-size: 120%;\">5. Fresh ginseng may have a thin layer of dust (top layer of soil) to protect against bruising, please rinse it off before use.<\/span><\/p>\n<p><span style=\"font-family: 'times new roman', times, serif; font-size: 120%;\">6. The ginseng is vacuumed to keep it fresh.<\/span><\/p>\n<p style=\"text-align: center;\"><a href=\"https:\/\/silverlife.com.vn\/en\/?attachment_id=17393#main\" rel=\"attachment wp-att-17393\"><img loading=\"lazy\" decoding=\"async\" class=\"wp-image-17393 aligncenter\" src=\"https:\/\/silverlife.com.vn\/wp-content\/uploads\/2020\/10\/Nhan-sam-tuoi-Canada-5-nam-tuoi-cach-dung.jpg\" alt=\"\" width=\"506\" height=\"364\" srcset=\"https:\/\/silverlife.com.vn\/wp-content\/uploads\/2020\/10\/Nhan-sam-tuoi-Canada-5-nam-tuoi-cach-dung.jpg 2000w, https:\/\/silverlife.com.vn\/wp-content\/uploads\/2020\/10\/Nhan-sam-tuoi-Canada-5-nam-tuoi-cach-dung-556x400.jpg 556w, https:\/\/silverlife.com.vn\/wp-content\/uploads\/2020\/10\/Nhan-sam-tuoi-Canada-5-nam-tuoi-cach-dung-1111x800.jpg 1111w, https:\/\/silverlife.com.vn\/wp-content\/uploads\/2020\/10\/Nhan-sam-tuoi-Canada-5-nam-tuoi-cach-dung-768x553.jpg 768w, https:\/\/silverlife.com.vn\/wp-content\/uploads\/2020\/10\/Nhan-sam-tuoi-Canada-5-nam-tuoi-cach-dung-1536x1106.jpg 1536w, https:\/\/silverlife.com.vn\/wp-content\/uploads\/2020\/10\/Nhan-sam-tuoi-Canada-5-nam-tuoi-cach-dung-16x12.jpg 16w, https:\/\/silverlife.com.vn\/wp-content\/uploads\/2020\/10\/Nhan-sam-tuoi-Canada-5-nam-tuoi-cach-dung-900x648.jpg 900w\" sizes=\"(max-width: 506px) 100vw, 506px\" \/><\/a><\/p>","protected":false},"excerpt":{"rendered":"<p><span style=\"font-size: 150%;\"><strong>H\u1ebeT H\u00c0NG<\/strong><\/span><\/p>","protected":false},"featured_media":17973,"comment_status":"open","ping_status":"closed","template":"","meta":[],"product_cat":[138],"product_tag":[134,136,135,137],"class_list":{"0":"post-16425","1":"product","2":"type-product","3":"status-publish","4":"has-post-thumbnail","6":"product_cat-sam-tuoi","7":"product_tag-nhan-sam-tuoi-canada","8":"product_tag-sam-tuoi-5-nam-tuoi","9":"product_tag-sam-tuoi-canada","10":"product_tag-sam-tuoi-moi-nhat","12":"first","13":"outofstock","14":"shipping-taxable","15":"purchasable","16":"product-type-simple"},"yoast_head":"<!-- This site is optimized with the Yoast SEO plugin v23.6 - https:\/\/yoast.com\/wordpress\/plugins\/seo\/ -->\n<title>Nh\u00e2n s\u00e2m t\u01b0\u01a1i Canada 5 n\u0103m tu\u1ed5i 1kg<\/title>\n<meta name=\"description\" content=\"Nh\u00e2n s\u00e2m Canada t\u01b0\u01a1i 5 n\u0103m tu\u1ed5i mang l\u1ea1i l\u01b0\u1ee3ng dinh d\u01b0\u1ee1ng d\u1ed3i d\u00e0o h\u01a1n nh\u1eefng c\u1ee7 non. Thu ho\u1ea1ch th\u00e1ng 10 - 2024, l\u00e0 lo\u1ea1i t\u01b0\u01a1i nh\u1ea5t tr\u00ean th\u1ecb tr\u01b0\u1eddng.\" \/>\n<meta name=\"robots\" content=\"index, follow, max-snippet:-1, max-image-preview:large, max-video-preview:-1\" \/>\n<link rel=\"canonical\" href=\"https:\/\/silverlife.com.vn\/en\/product\/nhan-sam-tuoi-canada\/\" \/>\n<meta property=\"og:locale\" content=\"en_US\" \/>\n<meta property=\"og:type\" content=\"article\" \/>\n<meta property=\"og:title\" content=\"Nh\u00e2n s\u00e2m t\u01b0\u01a1i Canada 5 n\u0103m tu\u1ed5i 1kg\" \/>\n<meta property=\"og:description\" content=\"Nh\u00e2n s\u00e2m Canada t\u01b0\u01a1i 5 n\u0103m tu\u1ed5i mang l\u1ea1i l\u01b0\u1ee3ng dinh d\u01b0\u1ee1ng d\u1ed3i d\u00e0o h\u01a1n nh\u1eefng c\u1ee7 non. Thu ho\u1ea1ch th\u00e1ng 10 - 2024, l\u00e0 lo\u1ea1i t\u01b0\u01a1i nh\u1ea5t tr\u00ean th\u1ecb tr\u01b0\u1eddng.\" \/>\n<meta property=\"og:url\" content=\"https:\/\/silverlife.com.vn\/en\/product\/nhan-sam-tuoi-canada\/\" \/>\n<meta property=\"og:site_name\" content=\"SilverLife - Cung C\u1ea5p S\u1ec9 &amp; L\u1ebb Nh\u00e2n S\u00e2m Canada T\u1ea1i Vi\u1ec7t Nam\" \/>\n<meta property=\"article:modified_time\" content=\"2025-08-01T10:23:40+00:00\" \/>\n<meta property=\"og:image\" content=\"https:\/\/silverlife.com.vn\/wp-content\/uploads\/2020\/10\/nhan-sam-tuoi-Canada-3-1-800x800.png\" \/>\n\t<meta property=\"og:image:width\" content=\"800\" \/>\n\t<meta property=\"og:image:height\" content=\"800\" \/>\n\t<meta property=\"og:image:type\" content=\"image\/png\" \/>\n<meta name=\"twitter:card\" content=\"summary_large_image\" \/>\n<meta name=\"twitter:label1\" content=\"Est. reading time\" \/>\n\t<meta name=\"twitter:data1\" content=\"7 minutes\" \/>\n<script type=\"application\/ld+json\" class=\"yoast-schema-graph\">{\"@context\":\"https:\/\/schema.org\",\"@graph\":[{\"@type\":\"WebPage\",\"@id\":\"https:\/\/silverlife.com.vn\/san-pham\/nhan-sam-tuoi-canada\",\"url\":\"https:\/\/silverlife.com.vn\/san-pham\/nhan-sam-tuoi-canada\",\"name\":\"Nh\u00e2n s\u00e2m t\u01b0\u01a1i Canada 5 n\u0103m tu\u1ed5i 1kg\",\"isPartOf\":{\"@id\":\"https:\/\/silverlife.com.vn\/#website\"},\"primaryImageOfPage\":{\"@id\":\"https:\/\/silverlife.com.vn\/san-pham\/nhan-sam-tuoi-canada#primaryimage\"},\"image\":{\"@id\":\"https:\/\/silverlife.com.vn\/san-pham\/nhan-sam-tuoi-canada#primaryimage\"},\"thumbnailUrl\":\"https:\/\/silverlife.com.vn\/wp-content\/uploads\/2020\/10\/nhan-sam-tuoi-Canada-3-1.png\",\"datePublished\":\"2020-10-30T10:47:58+00:00\",\"dateModified\":\"2025-08-01T10:23:40+00:00\",\"description\":\"Nh\u00e2n s\u00e2m Canada t\u01b0\u01a1i 5 n\u0103m tu\u1ed5i mang l\u1ea1i l\u01b0\u1ee3ng dinh d\u01b0\u1ee1ng d\u1ed3i d\u00e0o h\u01a1n nh\u1eefng c\u1ee7 non. Thu ho\u1ea1ch th\u00e1ng 10 - 2024, l\u00e0 lo\u1ea1i t\u01b0\u01a1i nh\u1ea5t tr\u00ean th\u1ecb tr\u01b0\u1eddng.\",\"breadcrumb\":{\"@id\":\"https:\/\/silverlife.com.vn\/san-pham\/nhan-sam-tuoi-canada#breadcrumb\"},\"inLanguage\":\"en-US\",\"potentialAction\":[{\"@type\":\"ReadAction\",\"target\":[\"https:\/\/silverlife.com.vn\/san-pham\/nhan-sam-tuoi-canada\"]}]},{\"@type\":\"ImageObject\",\"inLanguage\":\"en-US\",\"@id\":\"https:\/\/silverlife.com.vn\/san-pham\/nhan-sam-tuoi-canada#primaryimage\",\"url\":\"https:\/\/silverlife.com.vn\/wp-content\/uploads\/2020\/10\/nhan-sam-tuoi-Canada-3-1.png\",\"contentUrl\":\"https:\/\/silverlife.com.vn\/wp-content\/uploads\/2020\/10\/nhan-sam-tuoi-Canada-3-1.png\",\"width\":1680,\"height\":1680},{\"@type\":\"BreadcrumbList\",\"@id\":\"https:\/\/silverlife.com.vn\/san-pham\/nhan-sam-tuoi-canada#breadcrumb\",\"itemListElement\":[{\"@type\":\"ListItem\",\"position\":1,\"name\":\"Trang ch\u1ee7\",\"item\":\"https:\/\/silverlife.com.vn\/\"},{\"@type\":\"ListItem\",\"position\":2,\"name\":\"Shop\",\"item\":\"https:\/\/silverlife.com.vn\/shop\"},{\"@type\":\"ListItem\",\"position\":3,\"name\":\"Nh\u00e2n s\u00e2m t\u01b0\u01a1i Canada 5 n\u0103m tu\u1ed5i 1kg\"}]},{\"@type\":\"WebSite\",\"@id\":\"https:\/\/silverlife.com.vn\/#website\",\"url\":\"https:\/\/silverlife.com.vn\/\",\"name\":\"SilverLife - Cung C\u1ea5p S\u1ec9 &amp; L\u1ebb Nh\u00e2n S\u00e2m Canada T\u1ea1i Vi\u1ec7t Nam\",\"description\":\"\",\"potentialAction\":[{\"@type\":\"SearchAction\",\"target\":{\"@type\":\"EntryPoint\",\"urlTemplate\":\"https:\/\/silverlife.com.vn\/?s={search_term_string}\"},\"query-input\":{\"@type\":\"PropertyValueSpecification\",\"valueRequired\":true,\"valueName\":\"search_term_string\"}}],\"inLanguage\":\"en-US\"}]}<\/script>\n<!-- \/ Yoast SEO plugin. -->","yoast_head_json":{"title":"Nh\u00e2n s\u00e2m t\u01b0\u01a1i Canada 5 n\u0103m tu\u1ed5i 1kg","description":"Nh\u00e2n s\u00e2m Canada t\u01b0\u01a1i 5 n\u0103m tu\u1ed5i mang l\u1ea1i l\u01b0\u1ee3ng dinh d\u01b0\u1ee1ng d\u1ed3i d\u00e0o h\u01a1n nh\u1eefng c\u1ee7 non. Thu ho\u1ea1ch th\u00e1ng 10 - 2024, l\u00e0 lo\u1ea1i t\u01b0\u01a1i nh\u1ea5t tr\u00ean th\u1ecb tr\u01b0\u1eddng.","robots":{"index":"index","follow":"follow","max-snippet":"max-snippet:-1","max-image-preview":"max-image-preview:large","max-video-preview":"max-video-preview:-1"},"canonical":"https:\/\/silverlife.com.vn\/en\/product\/nhan-sam-tuoi-canada\/","og_locale":"en_US","og_type":"article","og_title":"Nh\u00e2n s\u00e2m t\u01b0\u01a1i Canada 5 n\u0103m tu\u1ed5i 1kg","og_description":"Nh\u00e2n s\u00e2m Canada t\u01b0\u01a1i 5 n\u0103m tu\u1ed5i mang l\u1ea1i l\u01b0\u1ee3ng dinh d\u01b0\u1ee1ng d\u1ed3i d\u00e0o h\u01a1n nh\u1eefng c\u1ee7 non. Thu ho\u1ea1ch th\u00e1ng 10 - 2024, l\u00e0 lo\u1ea1i t\u01b0\u01a1i nh\u1ea5t tr\u00ean th\u1ecb tr\u01b0\u1eddng.","og_url":"https:\/\/silverlife.com.vn\/en\/product\/nhan-sam-tuoi-canada\/","og_site_name":"SilverLife - Cung C\u1ea5p S\u1ec9 &amp; L\u1ebb Nh\u00e2n S\u00e2m Canada T\u1ea1i Vi\u1ec7t Nam","article_modified_time":"2025-08-01T10:23:40+00:00","og_image":[{"width":800,"height":800,"url":"https:\/\/silverlife.com.vn\/wp-content\/uploads\/2020\/10\/nhan-sam-tuoi-Canada-3-1-800x800.png","type":"image\/png"}],"twitter_card":"summary_large_image","twitter_misc":{"Est. reading time":"7 minutes"},"schema":{"@context":"https:\/\/schema.org","@graph":[{"@type":"WebPage","@id":"https:\/\/silverlife.com.vn\/san-pham\/nhan-sam-tuoi-canada","url":"https:\/\/silverlife.com.vn\/san-pham\/nhan-sam-tuoi-canada","name":"Nh\u00e2n s\u00e2m t\u01b0\u01a1i Canada 5 n\u0103m tu\u1ed5i 1kg","isPartOf":{"@id":"https:\/\/silverlife.com.vn\/#website"},"primaryImageOfPage":{"@id":"https:\/\/silverlife.com.vn\/san-pham\/nhan-sam-tuoi-canada#primaryimage"},"image":{"@id":"https:\/\/silverlife.com.vn\/san-pham\/nhan-sam-tuoi-canada#primaryimage"},"thumbnailUrl":"https:\/\/silverlife.com.vn\/wp-content\/uploads\/2020\/10\/nhan-sam-tuoi-Canada-3-1.png","datePublished":"2020-10-30T10:47:58+00:00","dateModified":"2025-08-01T10:23:40+00:00","description":"Nh\u00e2n s\u00e2m Canada t\u01b0\u01a1i 5 n\u0103m tu\u1ed5i mang l\u1ea1i l\u01b0\u1ee3ng dinh d\u01b0\u1ee1ng d\u1ed3i d\u00e0o h\u01a1n nh\u1eefng c\u1ee7 non. Thu ho\u1ea1ch th\u00e1ng 10 - 2024, l\u00e0 lo\u1ea1i t\u01b0\u01a1i nh\u1ea5t tr\u00ean th\u1ecb tr\u01b0\u1eddng.","breadcrumb":{"@id":"https:\/\/silverlife.com.vn\/san-pham\/nhan-sam-tuoi-canada#breadcrumb"},"inLanguage":"en-US","potentialAction":[{"@type":"ReadAction","target":["https:\/\/silverlife.com.vn\/san-pham\/nhan-sam-tuoi-canada"]}]},{"@type":"ImageObject","inLanguage":"en-US","@id":"https:\/\/silverlife.com.vn\/san-pham\/nhan-sam-tuoi-canada#primaryimage","url":"https:\/\/silverlife.com.vn\/wp-content\/uploads\/2020\/10\/nhan-sam-tuoi-Canada-3-1.png","contentUrl":"https:\/\/silverlife.com.vn\/wp-content\/uploads\/2020\/10\/nhan-sam-tuoi-Canada-3-1.png","width":1680,"height":1680},{"@type":"BreadcrumbList","@id":"https:\/\/silverlife.com.vn\/san-pham\/nhan-sam-tuoi-canada#breadcrumb","itemListElement":[{"@type":"ListItem","position":1,"name":"Trang ch\u1ee7","item":"https:\/\/silverlife.com.vn\/"},{"@type":"ListItem","position":2,"name":"Shop","item":"https:\/\/silverlife.com.vn\/shop"},{"@type":"ListItem","position":3,"name":"Nh\u00e2n s\u00e2m t\u01b0\u01a1i Canada 5 n\u0103m tu\u1ed5i 1kg"}]},{"@type":"WebSite","@id":"https:\/\/silverlife.com.vn\/#website","url":"https:\/\/silverlife.com.vn\/","name":"SilverLife - Cung C\u1ea5p S\u1ec9 &amp; L\u1ebb Nh\u00e2n S\u00e2m Canada T\u1ea1i Vi\u1ec7t Nam","description":"","potentialAction":[{"@type":"SearchAction","target":{"@type":"EntryPoint","urlTemplate":"https:\/\/silverlife.com.vn\/?s={search_term_string}"},"query-input":{"@type":"PropertyValueSpecification","valueRequired":true,"valueName":"search_term_string"}}],"inLanguage":"en-US"}]}},"_links":{"self":[{"href":"https:\/\/silverlife.com.vn\/en\/wp-json\/wp\/v2\/product\/16425"}],"collection":[{"href":"https:\/\/silverlife.com.vn\/en\/wp-json\/wp\/v2\/product"}],"about":[{"href":"https:\/\/silverlife.com.vn\/en\/wp-json\/wp\/v2\/types\/product"}],"replies":[{"embeddable":true,"href":"https:\/\/silverlife.com.vn\/en\/wp-json\/wp\/v2\/comments?post=16425"}],"wp:featuredmedia":[{"embeddable":true,"href":"https:\/\/silverlife.com.vn\/en\/wp-json\/wp\/v2\/media\/17973"}],"wp:attachment":[{"href":"https:\/\/silverlife.com.vn\/en\/wp-json\/wp\/v2\/media?parent=16425"}],"wp:term":[{"taxonomy":"product_cat","embeddable":true,"href":"https:\/\/silverlife.com.vn\/en\/wp-json\/wp\/v2\/product_cat?post=16425"},{"taxonomy":"product_tag","embeddable":true,"href":"https:\/\/silverlife.com.vn\/en\/wp-json\/wp\/v2\/product_tag?post=16425"}],"curies":[{"name":"wp","href":"https:\/\/api.w.org\/{rel}","templated":true}]}}