{"id":17723,"date":"2022-11-24T17:37:39","date_gmt":"2022-11-24T10:37:39","guid":{"rendered":"https:\/\/silverlife.com.vn\/?post_type=product&#038;p=17723"},"modified":"2025-07-24T14:50:43","modified_gmt":"2025-07-24T07:50:43","slug":"nuoc-nhan-sam-canada-silverlife-hop-300ml","status":"publish","type":"product","link":"https:\/\/silverlife.com.vn\/en\/product\/nuoc-nhan-sam-canada-silverlife-hop-300ml","title":{"rendered":"N\u01b0\u1edbc nh\u00e2n s\u00e2m Canada SilverLife h\u1ed9p 300ml (6 chai x 50ml)"},"content":{"rendered":"<h1><span style=\"color: #d9ad00;\">N\u01b0\u1edbc nh\u00e2n s\u00e2m Canada SilverLife<\/span><\/h1>\n<p>L\u00e0 ngu\u1ed3n n\u0103ng l\u01b0\u1ee3ng t\u1ef1 nhi\u00ean v\u1edbi chi\u1ebft xu\u1ea5t nh\u00e2n s\u00e2m l\u1ecfng tinh khi\u1ebft \u0111\u01b0\u1ee3c l\u00e0m t\u1eeb 100% nh\u00e2n s\u00e2m Canada cao c\u1ea5p v\u00e0 m\u1eadt ong nguy\u00ean ch\u1ea5t. \u0110\u01b0\u1ee3c \u0111\u00f3ng chai thu\u1eadn ti\u1ec7n s\u1eed d\u1ee5ng, m\u1ed7i chai 50ml cho m\u1ed9t l\u1ea7n d\u00f9ng.<\/p>\n<p style=\"text-align: center;\"><a href=\"https:\/\/silverlife.com.vn\/en\/?attachment_id=17742#main\" rel=\"attachment wp-att-17742\"><img loading=\"lazy\" decoding=\"async\" class=\"alignnone wp-image-17742\" src=\"https:\/\/silverlife.com.vn\/wp-content\/uploads\/2022\/11\/Nuoc-uong-nang-luong-nhan-sam-Canada-SilverLife-2-1.png\" alt=\"\" width=\"941\" height=\"473\" srcset=\"https:\/\/silverlife.com.vn\/wp-content\/uploads\/2022\/11\/Nuoc-uong-nang-luong-nhan-sam-Canada-SilverLife-2-1.png 1463w, https:\/\/silverlife.com.vn\/wp-content\/uploads\/2022\/11\/Nuoc-uong-nang-luong-nhan-sam-Canada-SilverLife-2-1-796x400.png 796w, https:\/\/silverlife.com.vn\/wp-content\/uploads\/2022\/11\/Nuoc-uong-nang-luong-nhan-sam-Canada-SilverLife-2-1-1400x703.png 1400w, https:\/\/silverlife.com.vn\/wp-content\/uploads\/2022\/11\/Nuoc-uong-nang-luong-nhan-sam-Canada-SilverLife-2-1-768x386.png 768w, https:\/\/silverlife.com.vn\/wp-content\/uploads\/2022\/11\/Nuoc-uong-nang-luong-nhan-sam-Canada-SilverLife-2-1-18x9.png 18w, https:\/\/silverlife.com.vn\/wp-content\/uploads\/2022\/11\/Nuoc-uong-nang-luong-nhan-sam-Canada-SilverLife-2-1-900x452.png 900w\" sizes=\"(max-width: 941px) 100vw, 941px\" \/><\/a><\/p>\n<p>N\u01b0\u1edbc u\u1ed1ng n\u0103ng l\u01b0\u1ee3ng nh\u00e2n s\u00e2m SilverLife l\u00fd t\u01b0\u1edfng \u0111\u1ec3 duy tr\u00ec s\u1ee9c kh\u1ecfe v\u00e0 n\u0103ng l\u01b0\u1ee3ng \u0111\u1ec9nh cao h\u00e0ng ng\u00e0y c\u0169ng nh\u01b0 b\u1ed5 sung n\u0103ng l\u01b0\u1ee3ng khi b\u1ea1n c\u1ea7n \u201ct\u0103ng c\u01b0\u1eddng\u201d th\u00eam! Gi\u1edd \u0111\u00e2y, vi\u1ec7c nh\u1eadn \u0111\u01b0\u1ee3c nh\u1eefng l\u1ee3i \u00edch \u0111\u00e1ng kinh ng\u1ea1c c\u1ee7a lo\u1ea1i c\u00e2y m\u1ea1nh nh\u1ea5t tr\u00ean Tr\u00e1i \u0111\u1ea5t tr\u1edf n\u00ean d\u1ec5 d\u00e0ng h\u01a1n bao gi\u1edd h\u1ebft!<\/p>\n<p style=\"text-align: center;\"><img loading=\"lazy\" decoding=\"async\" class=\"alignnone wp-image-17992\" src=\"https:\/\/silverlife.com.vn\/wp-content\/uploads\/2022\/11\/nuoc-nhan-sam-mat-ong-SilverLife-loc-6-chai-50ml-4-400x400.png\" alt=\"\" width=\"486\" height=\"486\" srcset=\"https:\/\/silverlife.com.vn\/wp-content\/uploads\/2022\/11\/nuoc-nhan-sam-mat-ong-SilverLife-loc-6-chai-50ml-4-400x400.png 400w, https:\/\/silverlife.com.vn\/wp-content\/uploads\/2022\/11\/nuoc-nhan-sam-mat-ong-SilverLife-loc-6-chai-50ml-4-800x800.png 800w, https:\/\/silverlife.com.vn\/wp-content\/uploads\/2022\/11\/nuoc-nhan-sam-mat-ong-SilverLife-loc-6-chai-50ml-4-280x280.png 280w, https:\/\/silverlife.com.vn\/wp-content\/uploads\/2022\/11\/nuoc-nhan-sam-mat-ong-SilverLife-loc-6-chai-50ml-4-768x768.png 768w, https:\/\/silverlife.com.vn\/wp-content\/uploads\/2022\/11\/nuoc-nhan-sam-mat-ong-SilverLife-loc-6-chai-50ml-4-1536x1536.png 1536w, https:\/\/silverlife.com.vn\/wp-content\/uploads\/2022\/11\/nuoc-nhan-sam-mat-ong-SilverLife-loc-6-chai-50ml-4-12x12.png 12w, https:\/\/silverlife.com.vn\/wp-content\/uploads\/2022\/11\/nuoc-nhan-sam-mat-ong-SilverLife-loc-6-chai-50ml-4-900x900.png 900w, https:\/\/silverlife.com.vn\/wp-content\/uploads\/2022\/11\/nuoc-nhan-sam-mat-ong-SilverLife-loc-6-chai-50ml-4-100x100.png 100w, https:\/\/silverlife.com.vn\/wp-content\/uploads\/2022\/11\/nuoc-nhan-sam-mat-ong-SilverLife-loc-6-chai-50ml-4.png 1620w\" sizes=\"(max-width: 486px) 100vw, 486px\" \/><\/p>\n<h2><span style=\"color: #d9ad00; font-size: 85%;\">L\u1ee3i \u00edch c\u1ee7a n\u01b0\u1edbc nh\u00e2n s\u00e2m SilverLife<\/span><\/h2>\n<ul>\n<li><span style=\"font-weight: 400;\">Gi\u1ea3i ph\u00e1p n\u0103ng l\u01b0\u1ee3ng gia t\u0103ng \u0111\u1ec3 duy tr\u00ec h\u00e0ng ng\u00e0y v\u00e0 \u201ct\u0103ng c\u01b0\u1eddng\u201d n\u0103ng l\u01b0\u1ee3ng t\u1ef1 nhi\u00ean<\/span><\/li>\n<li><span style=\"font-weight: 400;\">T\u0103ng c\u01b0\u1eddng nh\u1eadn th\u1ee9c\u00a0<\/span><\/li>\n<li><span class=\"JsGRdQ\">B\u00ecnh th\u01b0\u1eddng h\u00f3a c\u00e1c ch\u1ee9c n\u0103ng c\u1ee7a c\u01a1 th\u1ec3<\/span><\/li>\n<li><span class=\"JsGRdQ\">Gia t\u0103ng s\u1ee9c b\u1ec1n th\u1ec3 ch\u1ea5t, gi\u1ea3m m\u1ec7t m\u1ecfi<\/span><\/li>\n<li><span style=\"font-weight: 400;\">C\u1ea3i thi\u1ec7n l\u01b0u th\u00f4ng kh\u00ed huy\u1ebft<\/span><\/li>\n<li><span style=\"font-weight: 400;\">L\u00e0m gi\u1ea3m b\u1ed3n ch\u1ed3n \/ c\u0103ng th\u1eb3ng v\u00e0 mang l\u1ea1i hi\u1ec7u qu\u1ea3 b\u00ecnh t\u0129nh\u00a0<\/span><\/li>\n<li><span style=\"font-weight: 400;\">T\u0103ng c\u01b0\u1eddng kh\u1ea3 n\u0103ng mi\u1ec5n d\u1ecbch &amp; s\u1ee9c kh\u1ecfe t\u1ed5ng th\u1ec3\u00a0<\/span><\/li>\n<li><span style=\"font-weight: 400;\">Kh\u00f4ng caffein\u00a0<\/span><\/li>\n<li><span style=\"font-weight: 400;\">Kh\u00f4ng c\u00f3 ch\u1ea5t k\u00edch th\u00edch nh\u00e2n t\u1ea1o lo\u1ea1i b\u1ecf s\u1ef1 s\u1ee5p \u0111\u1ed5 bu\u1ed5i chi\u1ec1u \u0111\u00e1ng s\u1ee3\u00a0<\/span><\/li>\n<li><span style=\"font-weight: 400;\">H\u1ed7 tr\u1ee3 s\u1ee9c kh\u1ecfe tim m\u1ea1ch<\/span><\/li>\n<li><span style=\"font-weight: 400;\">\u0110\u01b0\u1ee3c l\u00e0m t\u1eeb nh\u00e2n s\u00e2m Canada cao c\u1ea5p v\u00e0 m\u1eadt ong nguy\u00ean ch\u1ea5t.<\/span><\/li>\n<li><span style=\"font-weight: 400;\">Kh\u00f4ng bi\u1ebfn \u0111\u1ed5i gen\u00a0<\/span><\/li>\n<li><span style=\"font-weight: 400;\">C\u00e1c chai 50ml thu\u1eadn l\u1ee3i cho 1 l\u1ea7n d\u00f9ng<\/span><\/li>\n<li><span style=\"font-weight: 400;\">Kh\u00f4ng \u0111\u01b0\u1eddng\u00a0<\/span><\/li>\n<li><span style=\"font-weight: 400;\">\u00cdt calo v\u00e0 kh\u00f4ng c\u00f3 m\u00e0u nh\u00e2n t\u1ea1o\u00a0<\/span><\/li>\n<li><span style=\"font-weight: 400;\">Th\u00e2n thi\u1ec7n v\u1edbi ng\u01b0\u1eddi \u0103n chay<\/span><\/li>\n<\/ul>\n<p style=\"text-align: center;\"><a href=\"https:\/\/silverlife.com.vn\/en\/?attachment_id=17727#main\" rel=\"attachment wp-att-17727\"><img loading=\"lazy\" decoding=\"async\" class=\"alignnone wp-image-17727\" src=\"https:\/\/silverlife.com.vn\/wp-content\/uploads\/2022\/11\/Nuoc-uong-nang-luong-nhan-sam-Canada-SilverLife-4.png\" alt=\"\" width=\"491\" height=\"491\" srcset=\"https:\/\/silverlife.com.vn\/wp-content\/uploads\/2022\/11\/Nuoc-uong-nang-luong-nhan-sam-Canada-SilverLife-4.png 2000w, https:\/\/silverlife.com.vn\/wp-content\/uploads\/2022\/11\/Nuoc-uong-nang-luong-nhan-sam-Canada-SilverLife-4-400x400.png 400w, https:\/\/silverlife.com.vn\/wp-content\/uploads\/2022\/11\/Nuoc-uong-nang-luong-nhan-sam-Canada-SilverLife-4-800x800.png 800w, https:\/\/silverlife.com.vn\/wp-content\/uploads\/2022\/11\/Nuoc-uong-nang-luong-nhan-sam-Canada-SilverLife-4-280x280.png 280w, https:\/\/silverlife.com.vn\/wp-content\/uploads\/2022\/11\/Nuoc-uong-nang-luong-nhan-sam-Canada-SilverLife-4-768x768.png 768w, https:\/\/silverlife.com.vn\/wp-content\/uploads\/2022\/11\/Nuoc-uong-nang-luong-nhan-sam-Canada-SilverLife-4-1536x1536.png 1536w, https:\/\/silverlife.com.vn\/wp-content\/uploads\/2022\/11\/Nuoc-uong-nang-luong-nhan-sam-Canada-SilverLife-4-12x12.png 12w, https:\/\/silverlife.com.vn\/wp-content\/uploads\/2022\/11\/Nuoc-uong-nang-luong-nhan-sam-Canada-SilverLife-4-900x900.png 900w, https:\/\/silverlife.com.vn\/wp-content\/uploads\/2022\/11\/Nuoc-uong-nang-luong-nhan-sam-Canada-SilverLife-4-100x100.png 100w\" sizes=\"(max-width: 491px) 100vw, 491px\" \/><\/a><\/p>\n<h2><span style=\"color: #d9ad00; font-size: 85%;\">H\u01b0\u1edbng d\u1eabn s\u1eed d\u1ee5ng n\u01b0\u1edbc nh\u00e2n s\u00e2m SilverLife<\/span><\/h2>\n<ul>\n<li class=\"_04xlpA direction-ltr align-start para-style-body\"><span class=\"JsGRdQ\">D\u00f9ng u\u1ed1ng tr\u1ef1c ti\u1ebfp<\/span><\/li>\n<li class=\"_04xlpA direction-ltr align-start para-style-body\"><span class=\"JsGRdQ\">C\u00f3 th\u1ec3 d\u00f9ng 1-2 chai\/ng\u00e0y<\/span><\/li>\n<li class=\"_04xlpA direction-ltr align-start para-style-body\"><span class=\"JsGRdQ\">Ngon h\u01a1n khi u\u1ed1ng l\u1ea1nh, l\u1eafc \u0111\u1ec1u tr\u01b0\u1edbc khi u\u1ed1ng<\/span><\/li>\n<li>Ph\u1ee5 n\u1eef \u0111ang mang thai v\u00e0 tr\u1ebb em kh\u00f4ng n\u00ean d\u00f9ng.<\/li>\n<\/ul>\n<p>&nbsp;<\/p>","protected":false},"excerpt":{"rendered":"<p>N\u01b0\u1edbc nh\u00e2n s\u00e2m Canada SilverLife L\u00e0 ngu\u1ed3n n\u0103ng l\u01b0\u1ee3ng t\u1ef1 nhi\u00ean v\u1edbi chi\u1ebft xu\u1ea5t nh\u00e2n s\u00e2m l\u1ecfng tinh khi\u1ebft \u0111\u01b0\u1ee3c l\u00e0m t\u1eeb 100% nh\u00e2n s\u00e2m Canada cao c\u1ea5p v\u00e0 m\u1eadt ong nguy\u00ean ch\u1ea5t. \u0110\u01b0\u1ee3c \u0111\u00f3ng chai thu\u1eadn ti\u1ec7n s\u1eed d\u1ee5ng, m\u1ed7i chai 50ml cho m\u1ed9t l\u1ea7n d\u00f9ng. N\u01b0\u1edbc u\u1ed1ng n\u0103ng l\u01b0\u1ee3ng nh\u00e2n s\u00e2m SilverLife l\u00fd [&#8230;]","protected":false},"featured_media":18006,"comment_status":"open","ping_status":"closed","template":"","meta":[],"product_cat":[211],"product_tag":[],"class_list":{"0":"post-17723","1":"product","2":"type-product","3":"status-publish","4":"has-post-thumbnail","6":"product_cat-nuoc-nhan-sam","7":"product_shipping_class-giao-hang-tan-noi","9":"first","10":"outofstock","11":"sale","12":"featured","13":"shipping-taxable","14":"purchasable","15":"product-type-simple"},"yoast_head":"<!-- This site is optimized with the Yoast SEO plugin v23.6 - https:\/\/yoast.com\/wordpress\/plugins\/seo\/ -->\n<title>N\u01b0\u1edbc nh\u00e2n s\u00e2m Canada SilverLife h\u1ed9p 300ml (6 chai x 50ml)<\/title>\n<meta name=\"description\" content=\"B\u00ed quy\u1ebft \u0111\u1ec3 c\u00f3 s\u1ee9c kh\u1ecfe quanh n\u0103m, n\u01b0\u1edbc u\u1ed1ng nh\u00e2n s\u00e2m SilverLife l\u00e0 gi\u1ea3i ph\u00e1p \u0111\u1ec3 duy tr\u00ec n\u0103ng l\u01b0\u1ee3ng h\u00e0ng ng\u00e0y v\u00e0 t\u0103ng c\u01b0\u1eddng n\u0103ng l\u01b0\u1ee3ng t\u1ef1 nhi\u00ean.\" \/>\n<meta name=\"robots\" content=\"index, follow, max-snippet:-1, max-image-preview:large, max-video-preview:-1\" \/>\n<link rel=\"canonical\" href=\"https:\/\/silverlife.com.vn\/en\/product\/nuoc-nhan-sam-canada-silverlife-hop-300ml\/\" \/>\n<meta property=\"og:locale\" content=\"en_US\" \/>\n<meta property=\"og:type\" content=\"article\" \/>\n<meta property=\"og:title\" content=\"N\u01b0\u1edbc nh\u00e2n s\u00e2m Canada SilverLife h\u1ed9p 300ml (6 chai x 50ml)\" \/>\n<meta property=\"og:description\" content=\"B\u00ed quy\u1ebft \u0111\u1ec3 c\u00f3 s\u1ee9c kh\u1ecfe quanh n\u0103m, n\u01b0\u1edbc u\u1ed1ng nh\u00e2n s\u00e2m SilverLife l\u00e0 gi\u1ea3i ph\u00e1p \u0111\u1ec3 duy tr\u00ec n\u0103ng l\u01b0\u1ee3ng h\u00e0ng ng\u00e0y v\u00e0 t\u0103ng c\u01b0\u1eddng n\u0103ng l\u01b0\u1ee3ng t\u1ef1 nhi\u00ean.\" \/>\n<meta property=\"og:url\" content=\"https:\/\/silverlife.com.vn\/en\/product\/nuoc-nhan-sam-canada-silverlife-hop-300ml\/\" \/>\n<meta property=\"og:site_name\" content=\"SilverLife - Cung C\u1ea5p S\u1ec9 &amp; L\u1ebb Nh\u00e2n S\u00e2m Canada T\u1ea1i Vi\u1ec7t Nam\" \/>\n<meta property=\"article:modified_time\" content=\"2025-07-24T07:50:43+00:00\" \/>\n<meta property=\"og:image\" content=\"https:\/\/silverlife.com.vn\/wp-content\/uploads\/2022\/11\/nuoc-nhan-sam-Canada-silverLife-hop-6-chai.png\" \/>\n\t<meta property=\"og:image:width\" content=\"1000\" \/>\n\t<meta property=\"og:image:height\" content=\"1000\" \/>\n\t<meta property=\"og:image:type\" content=\"image\/png\" \/>\n<meta name=\"twitter:card\" content=\"summary_large_image\" \/>\n<meta name=\"twitter:label1\" content=\"Est. reading time\" \/>\n\t<meta name=\"twitter:data1\" content=\"3 minutes\" \/>\n<script type=\"application\/ld+json\" class=\"yoast-schema-graph\">{\"@context\":\"https:\/\/schema.org\",\"@graph\":[{\"@type\":\"WebPage\",\"@id\":\"https:\/\/silverlife.com.vn\/san-pham\/nuoc-nhan-sam-canada-silverlife-hop-300ml\",\"url\":\"https:\/\/silverlife.com.vn\/san-pham\/nuoc-nhan-sam-canada-silverlife-hop-300ml\",\"name\":\"N\u01b0\u1edbc nh\u00e2n s\u00e2m Canada SilverLife h\u1ed9p 300ml (6 chai x 50ml)\",\"isPartOf\":{\"@id\":\"https:\/\/silverlife.com.vn\/#website\"},\"primaryImageOfPage\":{\"@id\":\"https:\/\/silverlife.com.vn\/san-pham\/nuoc-nhan-sam-canada-silverlife-hop-300ml#primaryimage\"},\"image\":{\"@id\":\"https:\/\/silverlife.com.vn\/san-pham\/nuoc-nhan-sam-canada-silverlife-hop-300ml#primaryimage\"},\"thumbnailUrl\":\"https:\/\/silverlife.com.vn\/wp-content\/uploads\/2022\/11\/nuoc-nhan-sam-Canada-silverLife-hop-6-chai.png\",\"datePublished\":\"2022-11-24T10:37:39+00:00\",\"dateModified\":\"2025-07-24T07:50:43+00:00\",\"description\":\"B\u00ed quy\u1ebft \u0111\u1ec3 c\u00f3 s\u1ee9c kh\u1ecfe quanh n\u0103m, n\u01b0\u1edbc u\u1ed1ng nh\u00e2n s\u00e2m SilverLife l\u00e0 gi\u1ea3i ph\u00e1p \u0111\u1ec3 duy tr\u00ec n\u0103ng l\u01b0\u1ee3ng h\u00e0ng ng\u00e0y v\u00e0 t\u0103ng c\u01b0\u1eddng n\u0103ng l\u01b0\u1ee3ng t\u1ef1 nhi\u00ean.\",\"breadcrumb\":{\"@id\":\"https:\/\/silverlife.com.vn\/san-pham\/nuoc-nhan-sam-canada-silverlife-hop-300ml#breadcrumb\"},\"inLanguage\":\"en-US\",\"potentialAction\":[{\"@type\":\"ReadAction\",\"target\":[\"https:\/\/silverlife.com.vn\/san-pham\/nuoc-nhan-sam-canada-silverlife-hop-300ml\"]}]},{\"@type\":\"ImageObject\",\"inLanguage\":\"en-US\",\"@id\":\"https:\/\/silverlife.com.vn\/san-pham\/nuoc-nhan-sam-canada-silverlife-hop-300ml#primaryimage\",\"url\":\"https:\/\/silverlife.com.vn\/wp-content\/uploads\/2022\/11\/nuoc-nhan-sam-Canada-silverLife-hop-6-chai.png\",\"contentUrl\":\"https:\/\/silverlife.com.vn\/wp-content\/uploads\/2022\/11\/nuoc-nhan-sam-Canada-silverLife-hop-6-chai.png\",\"width\":1000,\"height\":1000},{\"@type\":\"BreadcrumbList\",\"@id\":\"https:\/\/silverlife.com.vn\/san-pham\/nuoc-nhan-sam-canada-silverlife-hop-300ml#breadcrumb\",\"itemListElement\":[{\"@type\":\"ListItem\",\"position\":1,\"name\":\"Trang ch\u1ee7\",\"item\":\"https:\/\/silverlife.com.vn\/\"},{\"@type\":\"ListItem\",\"position\":2,\"name\":\"Shop\",\"item\":\"https:\/\/silverlife.com.vn\/shop\"},{\"@type\":\"ListItem\",\"position\":3,\"name\":\"N\u01b0\u1edbc nh\u00e2n s\u00e2m Canada SilverLife h\u1ed9p 300ml (6 chai x 50ml)\"}]},{\"@type\":\"WebSite\",\"@id\":\"https:\/\/silverlife.com.vn\/#website\",\"url\":\"https:\/\/silverlife.com.vn\/\",\"name\":\"SilverLife - Cung C\u1ea5p S\u1ec9 &amp; L\u1ebb Nh\u00e2n S\u00e2m Canada T\u1ea1i Vi\u1ec7t Nam\",\"description\":\"\",\"potentialAction\":[{\"@type\":\"SearchAction\",\"target\":{\"@type\":\"EntryPoint\",\"urlTemplate\":\"https:\/\/silverlife.com.vn\/?s={search_term_string}\"},\"query-input\":{\"@type\":\"PropertyValueSpecification\",\"valueRequired\":true,\"valueName\":\"search_term_string\"}}],\"inLanguage\":\"en-US\"}]}<\/script>\n<!-- \/ Yoast SEO plugin. -->","yoast_head_json":{"title":"N\u01b0\u1edbc nh\u00e2n s\u00e2m Canada SilverLife h\u1ed9p 300ml (6 chai x 50ml)","description":"B\u00ed quy\u1ebft \u0111\u1ec3 c\u00f3 s\u1ee9c kh\u1ecfe quanh n\u0103m, n\u01b0\u1edbc u\u1ed1ng nh\u00e2n s\u00e2m SilverLife l\u00e0 gi\u1ea3i ph\u00e1p \u0111\u1ec3 duy tr\u00ec n\u0103ng l\u01b0\u1ee3ng h\u00e0ng ng\u00e0y v\u00e0 t\u0103ng c\u01b0\u1eddng n\u0103ng l\u01b0\u1ee3ng t\u1ef1 nhi\u00ean.","robots":{"index":"index","follow":"follow","max-snippet":"max-snippet:-1","max-image-preview":"max-image-preview:large","max-video-preview":"max-video-preview:-1"},"canonical":"https:\/\/silverlife.com.vn\/en\/product\/nuoc-nhan-sam-canada-silverlife-hop-300ml\/","og_locale":"en_US","og_type":"article","og_title":"N\u01b0\u1edbc nh\u00e2n s\u00e2m Canada SilverLife h\u1ed9p 300ml (6 chai x 50ml)","og_description":"B\u00ed quy\u1ebft \u0111\u1ec3 c\u00f3 s\u1ee9c kh\u1ecfe quanh n\u0103m, n\u01b0\u1edbc u\u1ed1ng nh\u00e2n s\u00e2m SilverLife l\u00e0 gi\u1ea3i ph\u00e1p \u0111\u1ec3 duy tr\u00ec n\u0103ng l\u01b0\u1ee3ng h\u00e0ng ng\u00e0y v\u00e0 t\u0103ng c\u01b0\u1eddng n\u0103ng l\u01b0\u1ee3ng t\u1ef1 nhi\u00ean.","og_url":"https:\/\/silverlife.com.vn\/en\/product\/nuoc-nhan-sam-canada-silverlife-hop-300ml\/","og_site_name":"SilverLife - Cung C\u1ea5p S\u1ec9 &amp; L\u1ebb Nh\u00e2n S\u00e2m Canada T\u1ea1i Vi\u1ec7t Nam","article_modified_time":"2025-07-24T07:50:43+00:00","og_image":[{"width":1000,"height":1000,"url":"https:\/\/silverlife.com.vn\/wp-content\/uploads\/2022\/11\/nuoc-nhan-sam-Canada-silverLife-hop-6-chai.png","type":"image\/png"}],"twitter_card":"summary_large_image","twitter_misc":{"Est. reading time":"3 minutes"},"schema":{"@context":"https:\/\/schema.org","@graph":[{"@type":"WebPage","@id":"https:\/\/silverlife.com.vn\/san-pham\/nuoc-nhan-sam-canada-silverlife-hop-300ml","url":"https:\/\/silverlife.com.vn\/san-pham\/nuoc-nhan-sam-canada-silverlife-hop-300ml","name":"N\u01b0\u1edbc nh\u00e2n s\u00e2m Canada SilverLife h\u1ed9p 300ml (6 chai x 50ml)","isPartOf":{"@id":"https:\/\/silverlife.com.vn\/#website"},"primaryImageOfPage":{"@id":"https:\/\/silverlife.com.vn\/san-pham\/nuoc-nhan-sam-canada-silverlife-hop-300ml#primaryimage"},"image":{"@id":"https:\/\/silverlife.com.vn\/san-pham\/nuoc-nhan-sam-canada-silverlife-hop-300ml#primaryimage"},"thumbnailUrl":"https:\/\/silverlife.com.vn\/wp-content\/uploads\/2022\/11\/nuoc-nhan-sam-Canada-silverLife-hop-6-chai.png","datePublished":"2022-11-24T10:37:39+00:00","dateModified":"2025-07-24T07:50:43+00:00","description":"B\u00ed quy\u1ebft \u0111\u1ec3 c\u00f3 s\u1ee9c kh\u1ecfe quanh n\u0103m, n\u01b0\u1edbc u\u1ed1ng nh\u00e2n s\u00e2m SilverLife l\u00e0 gi\u1ea3i ph\u00e1p \u0111\u1ec3 duy tr\u00ec n\u0103ng l\u01b0\u1ee3ng h\u00e0ng ng\u00e0y v\u00e0 t\u0103ng c\u01b0\u1eddng n\u0103ng l\u01b0\u1ee3ng t\u1ef1 nhi\u00ean.","breadcrumb":{"@id":"https:\/\/silverlife.com.vn\/san-pham\/nuoc-nhan-sam-canada-silverlife-hop-300ml#breadcrumb"},"inLanguage":"en-US","potentialAction":[{"@type":"ReadAction","target":["https:\/\/silverlife.com.vn\/san-pham\/nuoc-nhan-sam-canada-silverlife-hop-300ml"]}]},{"@type":"ImageObject","inLanguage":"en-US","@id":"https:\/\/silverlife.com.vn\/san-pham\/nuoc-nhan-sam-canada-silverlife-hop-300ml#primaryimage","url":"https:\/\/silverlife.com.vn\/wp-content\/uploads\/2022\/11\/nuoc-nhan-sam-Canada-silverLife-hop-6-chai.png","contentUrl":"https:\/\/silverlife.com.vn\/wp-content\/uploads\/2022\/11\/nuoc-nhan-sam-Canada-silverLife-hop-6-chai.png","width":1000,"height":1000},{"@type":"BreadcrumbList","@id":"https:\/\/silverlife.com.vn\/san-pham\/nuoc-nhan-sam-canada-silverlife-hop-300ml#breadcrumb","itemListElement":[{"@type":"ListItem","position":1,"name":"Trang ch\u1ee7","item":"https:\/\/silverlife.com.vn\/"},{"@type":"ListItem","position":2,"name":"Shop","item":"https:\/\/silverlife.com.vn\/shop"},{"@type":"ListItem","position":3,"name":"N\u01b0\u1edbc nh\u00e2n s\u00e2m Canada SilverLife h\u1ed9p 300ml (6 chai x 50ml)"}]},{"@type":"WebSite","@id":"https:\/\/silverlife.com.vn\/#website","url":"https:\/\/silverlife.com.vn\/","name":"SilverLife - Cung C\u1ea5p S\u1ec9 &amp; L\u1ebb Nh\u00e2n S\u00e2m Canada T\u1ea1i Vi\u1ec7t Nam","description":"","potentialAction":[{"@type":"SearchAction","target":{"@type":"EntryPoint","urlTemplate":"https:\/\/silverlife.com.vn\/?s={search_term_string}"},"query-input":{"@type":"PropertyValueSpecification","valueRequired":true,"valueName":"search_term_string"}}],"inLanguage":"en-US"}]}},"_links":{"self":[{"href":"https:\/\/silverlife.com.vn\/en\/wp-json\/wp\/v2\/product\/17723"}],"collection":[{"href":"https:\/\/silverlife.com.vn\/en\/wp-json\/wp\/v2\/product"}],"about":[{"href":"https:\/\/silverlife.com.vn\/en\/wp-json\/wp\/v2\/types\/product"}],"replies":[{"embeddable":true,"href":"https:\/\/silverlife.com.vn\/en\/wp-json\/wp\/v2\/comments?post=17723"}],"wp:featuredmedia":[{"embeddable":true,"href":"https:\/\/silverlife.com.vn\/en\/wp-json\/wp\/v2\/media\/18006"}],"wp:attachment":[{"href":"https:\/\/silverlife.com.vn\/en\/wp-json\/wp\/v2\/media?parent=17723"}],"wp:term":[{"taxonomy":"product_cat","embeddable":true,"href":"https:\/\/silverlife.com.vn\/en\/wp-json\/wp\/v2\/product_cat?post=17723"},{"taxonomy":"product_tag","embeddable":true,"href":"https:\/\/silverlife.com.vn\/en\/wp-json\/wp\/v2\/product_tag?post=17723"}],"curies":[{"name":"wp","href":"https:\/\/api.w.org\/{rel}","templated":true}]}}