{"id":18113,"date":"2025-06-27T13:38:35","date_gmt":"2025-06-27T06:38:35","guid":{"rendered":"https:\/\/silverlife.com.vn\/?post_type=product&#038;p=18113"},"modified":"2025-12-26T17:43:01","modified_gmt":"2025-12-26T10:43:01","slug":"nguyen-lieu-bot-nhan-sam-canada-silverlife-goi-500g","status":"publish","type":"product","link":"https:\/\/silverlife.com.vn\/en\/product\/nguyen-lieu-bot-nhan-sam-canada-silverlife-goi-500g","title":{"rendered":"Nguy\u00ean Li\u1ec7u B\u1ed9t Nh\u00e2n S\u00e2m Canada SilverLife g\u00f3i 500g"},"content":{"rendered":"<h2><strong><span style=\"color: #282828;\">B\u1ed9t Nh\u00e2n S\u00e2m Canada SilverLife ( Canadian Ginseng Power )<\/span><\/strong><\/h2>\n<p><span style=\"color: #282828;\"> Nguy\u00ean Li\u1ec7u D\u01b0\u1ee3c Li\u1ec7u Cao C\u1ea5p<\/span><\/p>\n<p><span style=\"color: #282828;\">B\u1ed9t nh\u00e2n s\u00e2m Canada SilverLife \u0111\u01b0\u1ee3c nghi\u1ec1n m\u1ecbn t\u1eeb c\u1ee7 nh\u00e2n s\u00e2m kh\u00f4 4-5 n\u0103m tu\u1ed5i, gi\u1eef tr\u1ecdn tinh ch\u1ea5t qu\u00fd gi\u00e1 c\u1ee7a nh\u00e2n s\u00e2m v\u00f9ng Ontario. \u0110\u00e2y l\u00e0 nguy\u00ean li\u1ec7u l\u00fd t\u01b0\u1edfng \u0111\u1ec3 pha ch\u1ebf tr\u00e0 th\u1ea3o d\u01b0\u1ee3c, b\u1ed5 sung v\u00e0o th\u1ef1c ph\u1ea9m ch\u1ee9c n\u0103ng, ch\u00e1o y\u1ebfn, ho\u1eb7c b\u00e0o ch\u1ebf thu\u1ed1c y h\u1ecdc c\u1ed5 truy\u1ec1n v\u00e0 \u0111\u00f4ng y hi\u1ec7n \u0111\u1ea1i.<\/span><\/p>\n<p><span style=\"color: #282828;\">Th\u00e0nh ph\u1ea7n: 100% nh\u00e2n s\u00e2m Canada nguy\u00ean ch\u1ea5t<\/span><\/p>\n<p><span style=\"color: #282828;\">Origin: Ontario, Canada<\/span><\/p>\n<p><span style=\"color: #282828;\">\u1ee8ng d\u1ee5ng: Tr\u00e0 s\u00e2m, b\u1ed9t ng\u0169 c\u1ed1c, vi\u00ean nang, thu\u1ed1c b\u1eafc<\/span><\/p>\n<p><span style=\"color: #282828;\">Nh\u00e2n s\u00e2m SilverLife \u2013 Chu\u1ea9n qu\u1ed1c t\u1ebf, d\u1eabn \u0111\u1ea7u ch\u1ea5t l\u01b0\u1ee3ng trong ng\u00e0nh d\u01b0\u1ee3c li\u1ec7u thi\u00ean nhi\u00ean.<\/span><\/p>\n<p style=\"text-align: center;\"><a href=\"https:\/\/silverlife.com.vn\/en\/?attachment_id=18118#main\" rel=\"attachment wp-att-18118\"><img loading=\"lazy\" decoding=\"async\" class=\"aligncenter size-full wp-image-18118\" src=\"https:\/\/silverlife.com.vn\/wp-content\/uploads\/2025\/06\/Nguyen-Lieu-Nhan-Sam-kho-Canada.png\" alt=\"\" width=\"884\" height=\"1250\" srcset=\"https:\/\/silverlife.com.vn\/wp-content\/uploads\/2025\/06\/Nguyen-Lieu-Nhan-Sam-kho-Canada.png 884w, https:\/\/silverlife.com.vn\/wp-content\/uploads\/2025\/06\/Nguyen-Lieu-Nhan-Sam-kho-Canada-283x400.png 283w, https:\/\/silverlife.com.vn\/wp-content\/uploads\/2025\/06\/Nguyen-Lieu-Nhan-Sam-kho-Canada-566x800.png 566w, https:\/\/silverlife.com.vn\/wp-content\/uploads\/2025\/06\/Nguyen-Lieu-Nhan-Sam-kho-Canada-768x1086.png 768w, https:\/\/silverlife.com.vn\/wp-content\/uploads\/2025\/06\/Nguyen-Lieu-Nhan-Sam-kho-Canada-8x12.png 8w\" sizes=\"(max-width: 884px) 100vw, 884px\" \/><\/a><\/p>\n<h3><span style=\"color: #282828;\"><strong>T\u1ea1i sao n\u00ean ch\u1ecdn nh\u00e2n s\u00e2m Canada l\u00e0m d\u01b0\u1ee3c li\u1ec7u ch\u1ee7 l\u1ef1c trong Tr\u00e0 th\u1ea3o d\u01b0\u1ee3c \u2013 Th\u1ef1c ph\u1ea9m thi\u00ean nhi\u00ean \u2013 Thu\u1ed1c Nam \u2013 \u0110\u00f4ng y?<\/strong><\/span><\/h3>\n<h4><span style=\"color: #282828;\">1.<strong>Linh ho\u1ea1t v\u1ec1 d\u1ea1ng \u2013 \u0110a d\u1ea1ng v\u1ec1 \u1ee9ng d\u1ee5ng \u2013 Ph\u00f9 h\u1ee3p nhi\u1ec1u ng\u00e0nh s\u1ea3n xu\u1ea5t<\/strong><\/span><\/h4>\n<p><span style=\"color: #282828;\">V\u1edbi d\u01b0\u1ee3c t\u00ednh \u0111a n\u0103ng, nh\u00e2n s\u00e2m Canada l\u00e0 l\u1ef1a ch\u1ecdn v\u1eeba truy\u1ec1n th\u1ed1ng, v\u1eeba hi\u1ec7n \u0111\u1ea1i \u2013 l\u00fd t\u01b0\u1edfng \u0111\u1ec3 ph\u00e1t tri\u1ec3n tr\u00e0 th\u1ea3o d\u01b0\u1ee3c, s\u1ea3n ph\u1ea9m \u0110\u00f4ng y v\u00e0 th\u1ef1c ph\u1ea9m h\u1ed7 tr\u1ee3 s\u1ee9c kh\u1ecfe mang l\u1ea1i hi\u1ec7u qu\u1ea3 cao, an to\u00e0n v\u00e0 ph\u00f9 h\u1ee3p xu h\u01b0\u1edbng s\u1ed1ng kh\u1ecfe t\u1ef1 nhi\u00ean.<\/span><\/p>\n<ul>\n<li><span style=\"color: #282828;\">T\u00ednh m\u00e1t\u2013Kh\u00f4ng g\u00e2y n\u00f3ng: Kh\u00e1c v\u1edbi s\u00e2m H\u00e0n, ph\u00f9 h\u1ee3p c\u01a1 \u0111\u1ecba ng\u01b0\u1eddi Vi\u1ec7t Nam<\/span><\/li>\n<li><span style=\"color: #282828;\">Th\u00e0nh ph\u1ea7n \u1ed5n \u0111\u1ecbnh \u2013 An to\u00e0n d\u00f9ng l\u00e2u d\u00e0i<\/span><\/li>\n<li><span style=\"color: #282828;\">D\u1ec5 k\u1ebft h\u1ee3p v\u1edbi c\u00e1c d\u01b0\u1ee3c li\u1ec7u kh\u00e1c trong \u0110\u00f4ng y &amp; th\u1ea3o d\u01b0\u1ee3c hi\u1ec7n \u0111\u1ea1i<\/span><\/li>\n<\/ul>\n<h4><span style=\"color: #282828;\"><strong>2. Th\u00e0nh ph\u1ea7n d\u01b0\u1ee3c ch\u1ea5t ch\u1ee7 \u0111\u1ea1o<\/strong><\/span><br \/>\n<span style=\"color: #282828;\">Nh\u00e2n s\u00e2m Canada (Panax Quinquefolius) n\u1ed5i b\u1eadt v\u1edbi h\u00e0m l\u01b0\u1ee3ng cao c\u00e1c Ginsenosides \u2013 h\u1ee3p ch\u1ea5t saponin qu\u00fd mang l\u1ea1i d\u01b0\u1ee3c t\u00ednh m\u1ea1nh m\u1ebd:<\/span><\/h4>\n<ul>\n<li><span style=\"color: #282828;\">Ginsenoside Rb1: Gi\u00fap an th\u1ea7n, c\u1ea3i thi\u1ec7n tr\u00ed nh\u1edb, gi\u1ea3m lo \u00e2u<\/span><\/li>\n<li><span style=\"color: #282828;\">Ginsenoside Re: Ch\u1ed1ng oxy h\u00f3a, t\u0103ng c\u01b0\u1eddng tu\u1ea7n ho\u00e0n, b\u1ea3o v\u1ec7 tim m\u1ea1ch<\/span><\/li>\n<li><span style=\"color: #282828;\">Ginsenoside Rd: B\u1ea3o v\u1ec7 t\u1ebf b\u00e0o n\u00e3o, h\u1ed7 tr\u1ee3 ph\u1ee5c h\u1ed3i sau \u0111\u1ed9t qu\u1ef5<\/span><\/li>\n<li><span style=\"color: #282828;\">C\u00f9ng h\u01a1n 30 lo\u1ea1i ginsenosides kh\u00e1c: B\u1ed5 kh\u00ed, t\u0103ng mi\u1ec5n d\u1ecbch, gi\u1ea3m vi\u00eam<\/span><\/li>\n<\/ul>\n<p><span style=\"color: #282828;\">C\u00e1c ho\u1ea1t ch\u1ea5t n\u00e0y ho\u1ea1t \u0111\u1ed9ng t\u1ed1t \u1edf li\u1ec1u th\u1ea5p, h\u1ea5p thu t\u1ed1t qua \u0111\u01b0\u1eddng ti\u00eau h\u00f3a, ph\u00f9 h\u1ee3p cho c\u1ea3 s\u1ea3n ph\u1ea9m u\u1ed1ng l\u1eabn d\u00f9ng l\u00e2u d\u00e0i.<\/span><\/p>\n<p><span style=\"color: #282828;\"><strong>3. T\u00e1c d\u1ee5ng \u0111a chi\u1ec1u cho s\u1ee9c kh\u1ecfe to\u00e0n di\u1ec7n<\/strong><\/span><br \/>\n<span style=\"color: #282828;\">&#8211; \u0110\u1ed1i v\u1edbi \u0110\u00f4ng y &amp; B\u00e0i thu\u1ed1c truy\u1ec1n th\u1ed1ng:<\/span><\/p>\n<ul>\n<li><span style=\"color: #282828;\">B\u1ed5 kh\u00ed, d\u01b0\u1ee1ng \u00e2m, sinh t\u00e2n d\u1ecbch \u2013 \u0111i\u1ec1u h\u00f2a \u00e2m d\u01b0\u01a1ng, h\u1ed7 tr\u1ee3 ph\u1ee5c h\u1ed3i sau b\u1ec7nh<\/span><\/li>\n<li><span style=\"color: #282828;\">T\u0103ng c\u01b0\u1eddng nguy\u00ean kh\u00ed, c\u1ea3i thi\u1ec7n ch\u1ee9c n\u0103ng ng\u0169 t\u1ea1ng<\/span><\/li>\n<li><span style=\"color: #282828;\">Gi\u00fap an th\u1ea7n, d\u01b0\u1ee1ng t\u00e2m, c\u1ea3i thi\u1ec7n gi\u1ea5c ng\u1ee7<\/span><\/li>\n<\/ul>\n<p><span style=\"color: #282828;\">&#8211;\u00a0 \u0110\u1ed1i v\u1edbi tr\u00e0 th\u1ea3o d\u01b0\u1ee3c &amp; s\u1ea3n ph\u1ea9m u\u1ed1ng:<\/span><\/p>\n<ul>\n<li><span style=\"color: #282828;\">Gi\u1ea3m c\u0103ng th\u1eb3ng, ph\u1ee5c h\u1ed3i th\u1ec3 l\u1ef1c, t\u0103ng s\u1ef1 t\u1ec9nh t\u00e1o<\/span><\/li>\n<li><span style=\"color: #282828;\">H\u1ed7 tr\u1ee3 ng\u01b0\u1eddi l\u00e0m vi\u1ec7c c\u0103ng th\u1eb3ng, h\u1ecdc sinh \u2013 sinh vi\u00ean<\/span><\/li>\n<li><span style=\"color: #282828;\">C\u00f3 v\u1ecb ng\u1ecdt nh\u1eb9 t\u1ef1 nhi\u00ean, d\u1ec5 pha tr\u1ed9n v\u1edbi hoa c\u00fac, linh chi, k\u1ef7 t\u1eed&#8230;<\/span><\/li>\n<\/ul>\n<p><span style=\"color: #282828;\">&#8211;\u00a0 \u0110\u1ed1i v\u1edbi th\u1ef1c ph\u1ea9m b\u1ea3o v\u1ec7 s\u1ee9c kh\u1ecfe:<\/span><\/p>\n<ul>\n<li><span style=\"color: #282828;\">T\u0103ng c\u01b0\u1eddng \u0111\u1ec1 kh\u00e1ng, ch\u1ed1ng m\u1ec7t m\u1ecfi m\u00e3n t\u00ednh<\/span><\/li>\n<li><span style=\"color: #282828;\">H\u1ed7 tr\u1ee3 c\u00e2n b\u1eb1ng \u0111\u01b0\u1eddng huy\u1ebft v\u00e0 huy\u1ebft \u00e1p<\/span><\/li>\n<li><span style=\"color: #282828;\">L\u00e0m ch\u1eadm qu\u00e1 tr\u00ecnh l\u00e3o h\u00f3a, b\u1ea3o v\u1ec7 t\u1ebf b\u00e0o<\/span><\/li>\n<\/ul>\n<p><span style=\"color: #282828;\">Canada l\u00e0 n\u01a1i s\u1ea3n xu\u1ea5t nh\u00e2n s\u00e2m B\u1eafc M\u1ef9 l\u1edbn nh\u1ea5t, t\u1ed1t nh\u1ea5t v\u00e0 \u1ed5n \u0111\u1ecbnh nh\u1ea5t th\u1ebf gi\u1edbi, d\u1eabn \u0111\u1ea7u v\u1ec1 ch\u1ea5t l\u01b0\u1ee3ng, c\u00f4ng d\u1ee5ng, h\u01b0\u01a1ng v\u1ecb v\u00e0 m\u00f9i th\u01a1m. V\u1edbi ngu\u1ed3n n\u01b0\u1edbc ng\u1ecdt, m\u1ee9c \u00f4 nhi\u1ec5m c\u1ef1c th\u1ea5p, \u0111\u1ea5t \u0111ai m\u00e0u m\u1ee1 v\u00e0 nghi\u1ec7p v\u1ee5 canh t\u00e1c chu\u1ea9n x\u00e1c, chu tr\u00ecnh kh\u00e9p k\u00edn n\u00ean nh\u00e2n s\u00e2m t\u1ea1i \u0111\u00e2y lu\u00f4n \u0111\u01b0\u1ee3c \u0111\u1ea3m b\u1ea3o ch\u1ea5t l\u01b0\u1ee3ng cao.<\/span><\/p>","protected":false},"excerpt":{"rendered":"<p><strong> B\u1ed9t nh\u00e2n s\u00e2m nguy\u00ean ch\u1ea5t (Ginseng Powder<\/strong><strong>)<\/strong><br \/>\nNghi\u1ec1n m\u1ecbn t\u1eeb c\u1ee7 s\u00e2m kh\u00f4 nguy\u00ean ch\u1ea5t.<br \/>\nKh\u00f4ng ph\u1ee5 gia, kh\u00f4ng ch\u1ea5t \u0111\u1ed9n, gi\u1eef nguy\u00ean h\u00e0m l\u01b0\u1ee3ng Ginsenosides<br \/>\nPh\u00f9 h\u1ee3p cho: Vi\u00ean nang, tr\u00e0 nh\u00e2n s\u00e2m, ch\u00e1o y\u1ebfn,&#8230;<\/p>\n<ul>\n<li><strong>Tr\u1ecdng l\u01b0\u1ee3ng:<\/strong> 500g (net)<\/li>\n<li><strong>\u0110\u00f3ng g\u00f3i t\u1ea1i Vi\u1ec7t Nam:<\/strong> t\u00fai zip h\u00fat ch\u00e2n kh\u00f4ng<\/li>\n<li><strong>Xu\u1ea5t x\u1ee9:<\/strong> Ontario, Canada<\/li>\n<li><strong>L\u1ee3i \u00edch:<\/strong> T\u0103ng c\u01b0\u1eddng h\u1ec7 th\u1ed1ng mi\u1ec5n d\u1ecbch, t\u0103ng c\u01b0\u1eddng n\u0103ng l\u01b0\u1ee3ng v\u00e0 c\u1ea3i thi\u1ec7n s\u1ef1 t\u1eadp trung&#8230;<\/li>\n<\/ul>","protected":false},"featured_media":18430,"comment_status":"open","ping_status":"closed","template":"","meta":[],"product_cat":[213,72],"product_tag":[],"class_list":{"0":"post-18113","1":"product","2":"type-product","3":"status-publish","4":"has-post-thumbnail","6":"product_cat-nguyen-lieu-nhan-sam-canada","7":"product_cat-sam-bot","8":"product_shipping_class-giao-hang-tan-noi","10":"first","11":"instock","12":"shipping-taxable","13":"purchasable","14":"product-type-simple"},"yoast_head":"<!-- This site is optimized with the Yoast SEO plugin v23.6 - https:\/\/yoast.com\/wordpress\/plugins\/seo\/ -->\n<title>B\u1ed9t Nh\u00e2n S\u00e2m Canada SilverLife Nguy\u00ean Li\u1ec7u D\u01b0\u1ee3c Li\u1ec7u Cao C\u1ea5p<\/title>\n<meta name=\"description\" content=\"B\u1ed9t nh\u00e2n s\u00e2m Canada SilverLife \u0111\u01b0\u1ee3c nghi\u1ec1n m\u1ecbn t\u1eeb c\u1ee7 s\u00e2m kh\u00f4, gi\u1eef tr\u1ecdn tinh ch\u1ea5t qu\u00fd gi\u00e1 c\u1ee7a nh\u00e2n s\u00e2m v\u00f9ng Ontario. Nguy\u00ean li\u1ec7u l\u00fd t\u01b0\u1edfng cho tr\u00e0 th\u1ea3o d\u01b0\u1ee3c..\" \/>\n<meta name=\"robots\" content=\"index, follow, max-snippet:-1, max-image-preview:large, max-video-preview:-1\" \/>\n<link rel=\"canonical\" href=\"https:\/\/silverlife.com.vn\/en\/product\/nguyen-lieu-bot-nhan-sam-canada-silverlife-goi-500g\/\" \/>\n<meta property=\"og:locale\" content=\"en_US\" \/>\n<meta property=\"og:type\" content=\"article\" \/>\n<meta property=\"og:title\" content=\"B\u1ed9t Nh\u00e2n S\u00e2m Canada SilverLife Nguy\u00ean Li\u1ec7u D\u01b0\u1ee3c Li\u1ec7u Cao C\u1ea5p\" \/>\n<meta property=\"og:description\" content=\"B\u1ed9t nh\u00e2n s\u00e2m Canada SilverLife \u0111\u01b0\u1ee3c nghi\u1ec1n m\u1ecbn t\u1eeb c\u1ee7 s\u00e2m kh\u00f4, gi\u1eef tr\u1ecdn tinh ch\u1ea5t qu\u00fd gi\u00e1 c\u1ee7a nh\u00e2n s\u00e2m v\u00f9ng Ontario. Nguy\u00ean li\u1ec7u l\u00fd t\u01b0\u1edfng cho tr\u00e0 th\u1ea3o d\u01b0\u1ee3c..\" \/>\n<meta property=\"og:url\" content=\"https:\/\/silverlife.com.vn\/en\/product\/nguyen-lieu-bot-nhan-sam-canada-silverlife-goi-500g\/\" \/>\n<meta property=\"og:site_name\" content=\"SilverLife - Cung C\u1ea5p S\u1ec9 &amp; L\u1ebb Nh\u00e2n S\u00e2m Canada T\u1ea1i Vi\u1ec7t Nam\" \/>\n<meta property=\"article:modified_time\" content=\"2025-12-26T10:43:01+00:00\" \/>\n<meta property=\"og:image\" content=\"https:\/\/silverlife.com.vn\/wp-content\/uploads\/2025\/06\/nguyen-lieu-nhan-sam-kho-dang-bot-dang-lat-Canada-SilverLife-2.png\" \/>\n\t<meta property=\"og:image:width\" content=\"900\" \/>\n\t<meta property=\"og:image:height\" content=\"900\" \/>\n\t<meta property=\"og:image:type\" content=\"image\/png\" \/>\n<meta name=\"twitter:card\" content=\"summary_large_image\" \/>\n<meta name=\"twitter:label1\" content=\"Est. reading time\" \/>\n\t<meta name=\"twitter:data1\" content=\"4 minutes\" \/>\n<script type=\"application\/ld+json\" class=\"yoast-schema-graph\">{\"@context\":\"https:\/\/schema.org\",\"@graph\":[{\"@type\":\"WebPage\",\"@id\":\"https:\/\/silverlife.com.vn\/san-pham\/nguyen-lieu-bot-nhan-sam-canada-silverlife-goi-500g\",\"url\":\"https:\/\/silverlife.com.vn\/san-pham\/nguyen-lieu-bot-nhan-sam-canada-silverlife-goi-500g\",\"name\":\"B\u1ed9t Nh\u00e2n S\u00e2m Canada SilverLife Nguy\u00ean Li\u1ec7u D\u01b0\u1ee3c Li\u1ec7u Cao C\u1ea5p\",\"isPartOf\":{\"@id\":\"https:\/\/silverlife.com.vn\/#website\"},\"primaryImageOfPage\":{\"@id\":\"https:\/\/silverlife.com.vn\/san-pham\/nguyen-lieu-bot-nhan-sam-canada-silverlife-goi-500g#primaryimage\"},\"image\":{\"@id\":\"https:\/\/silverlife.com.vn\/san-pham\/nguyen-lieu-bot-nhan-sam-canada-silverlife-goi-500g#primaryimage\"},\"thumbnailUrl\":\"https:\/\/silverlife.com.vn\/wp-content\/uploads\/2025\/06\/nguyen-lieu-nhan-sam-kho-dang-bot-dang-lat-Canada-SilverLife-2.png\",\"datePublished\":\"2025-06-27T06:38:35+00:00\",\"dateModified\":\"2025-12-26T10:43:01+00:00\",\"description\":\"B\u1ed9t nh\u00e2n s\u00e2m Canada SilverLife \u0111\u01b0\u1ee3c nghi\u1ec1n m\u1ecbn t\u1eeb c\u1ee7 s\u00e2m kh\u00f4, gi\u1eef tr\u1ecdn tinh ch\u1ea5t qu\u00fd gi\u00e1 c\u1ee7a nh\u00e2n s\u00e2m v\u00f9ng Ontario. Nguy\u00ean li\u1ec7u l\u00fd t\u01b0\u1edfng cho tr\u00e0 th\u1ea3o d\u01b0\u1ee3c..\",\"breadcrumb\":{\"@id\":\"https:\/\/silverlife.com.vn\/san-pham\/nguyen-lieu-bot-nhan-sam-canada-silverlife-goi-500g#breadcrumb\"},\"inLanguage\":\"en-US\",\"potentialAction\":[{\"@type\":\"ReadAction\",\"target\":[\"https:\/\/silverlife.com.vn\/san-pham\/nguyen-lieu-bot-nhan-sam-canada-silverlife-goi-500g\"]}]},{\"@type\":\"ImageObject\",\"inLanguage\":\"en-US\",\"@id\":\"https:\/\/silverlife.com.vn\/san-pham\/nguyen-lieu-bot-nhan-sam-canada-silverlife-goi-500g#primaryimage\",\"url\":\"https:\/\/silverlife.com.vn\/wp-content\/uploads\/2025\/06\/nguyen-lieu-nhan-sam-kho-dang-bot-dang-lat-Canada-SilverLife-2.png\",\"contentUrl\":\"https:\/\/silverlife.com.vn\/wp-content\/uploads\/2025\/06\/nguyen-lieu-nhan-sam-kho-dang-bot-dang-lat-Canada-SilverLife-2.png\",\"width\":900,\"height\":900},{\"@type\":\"BreadcrumbList\",\"@id\":\"https:\/\/silverlife.com.vn\/san-pham\/nguyen-lieu-bot-nhan-sam-canada-silverlife-goi-500g#breadcrumb\",\"itemListElement\":[{\"@type\":\"ListItem\",\"position\":1,\"name\":\"Trang ch\u1ee7\",\"item\":\"https:\/\/silverlife.com.vn\/\"},{\"@type\":\"ListItem\",\"position\":2,\"name\":\"Shop\",\"item\":\"https:\/\/silverlife.com.vn\/shop\"},{\"@type\":\"ListItem\",\"position\":3,\"name\":\"Nguy\u00ean Li\u1ec7u B\u1ed9t Nh\u00e2n S\u00e2m Canada SilverLife g\u00f3i 500g\"}]},{\"@type\":\"WebSite\",\"@id\":\"https:\/\/silverlife.com.vn\/#website\",\"url\":\"https:\/\/silverlife.com.vn\/\",\"name\":\"SilverLife - Cung C\u1ea5p S\u1ec9 &amp; L\u1ebb Nh\u00e2n S\u00e2m Canada T\u1ea1i Vi\u1ec7t Nam\",\"description\":\"\",\"potentialAction\":[{\"@type\":\"SearchAction\",\"target\":{\"@type\":\"EntryPoint\",\"urlTemplate\":\"https:\/\/silverlife.com.vn\/?s={search_term_string}\"},\"query-input\":{\"@type\":\"PropertyValueSpecification\",\"valueRequired\":true,\"valueName\":\"search_term_string\"}}],\"inLanguage\":\"en-US\"}]}<\/script>\n<!-- \/ Yoast SEO plugin. -->","yoast_head_json":{"title":"B\u1ed9t Nh\u00e2n S\u00e2m Canada SilverLife Nguy\u00ean Li\u1ec7u D\u01b0\u1ee3c Li\u1ec7u Cao C\u1ea5p","description":"B\u1ed9t nh\u00e2n s\u00e2m Canada SilverLife \u0111\u01b0\u1ee3c nghi\u1ec1n m\u1ecbn t\u1eeb c\u1ee7 s\u00e2m kh\u00f4, gi\u1eef tr\u1ecdn tinh ch\u1ea5t qu\u00fd gi\u00e1 c\u1ee7a nh\u00e2n s\u00e2m v\u00f9ng Ontario. Nguy\u00ean li\u1ec7u l\u00fd t\u01b0\u1edfng cho tr\u00e0 th\u1ea3o d\u01b0\u1ee3c..","robots":{"index":"index","follow":"follow","max-snippet":"max-snippet:-1","max-image-preview":"max-image-preview:large","max-video-preview":"max-video-preview:-1"},"canonical":"https:\/\/silverlife.com.vn\/en\/product\/nguyen-lieu-bot-nhan-sam-canada-silverlife-goi-500g\/","og_locale":"en_US","og_type":"article","og_title":"B\u1ed9t Nh\u00e2n S\u00e2m Canada SilverLife Nguy\u00ean Li\u1ec7u D\u01b0\u1ee3c Li\u1ec7u Cao C\u1ea5p","og_description":"B\u1ed9t nh\u00e2n s\u00e2m Canada SilverLife \u0111\u01b0\u1ee3c nghi\u1ec1n m\u1ecbn t\u1eeb c\u1ee7 s\u00e2m kh\u00f4, gi\u1eef tr\u1ecdn tinh ch\u1ea5t qu\u00fd gi\u00e1 c\u1ee7a nh\u00e2n s\u00e2m v\u00f9ng Ontario. Nguy\u00ean li\u1ec7u l\u00fd t\u01b0\u1edfng cho tr\u00e0 th\u1ea3o d\u01b0\u1ee3c..","og_url":"https:\/\/silverlife.com.vn\/en\/product\/nguyen-lieu-bot-nhan-sam-canada-silverlife-goi-500g\/","og_site_name":"SilverLife - Cung C\u1ea5p S\u1ec9 &amp; L\u1ebb Nh\u00e2n S\u00e2m Canada T\u1ea1i Vi\u1ec7t Nam","article_modified_time":"2025-12-26T10:43:01+00:00","og_image":[{"width":900,"height":900,"url":"https:\/\/silverlife.com.vn\/wp-content\/uploads\/2025\/06\/nguyen-lieu-nhan-sam-kho-dang-bot-dang-lat-Canada-SilverLife-2.png","type":"image\/png"}],"twitter_card":"summary_large_image","twitter_misc":{"Est. reading time":"4 minutes"},"schema":{"@context":"https:\/\/schema.org","@graph":[{"@type":"WebPage","@id":"https:\/\/silverlife.com.vn\/san-pham\/nguyen-lieu-bot-nhan-sam-canada-silverlife-goi-500g","url":"https:\/\/silverlife.com.vn\/san-pham\/nguyen-lieu-bot-nhan-sam-canada-silverlife-goi-500g","name":"B\u1ed9t Nh\u00e2n S\u00e2m Canada SilverLife Nguy\u00ean Li\u1ec7u D\u01b0\u1ee3c Li\u1ec7u Cao C\u1ea5p","isPartOf":{"@id":"https:\/\/silverlife.com.vn\/#website"},"primaryImageOfPage":{"@id":"https:\/\/silverlife.com.vn\/san-pham\/nguyen-lieu-bot-nhan-sam-canada-silverlife-goi-500g#primaryimage"},"image":{"@id":"https:\/\/silverlife.com.vn\/san-pham\/nguyen-lieu-bot-nhan-sam-canada-silverlife-goi-500g#primaryimage"},"thumbnailUrl":"https:\/\/silverlife.com.vn\/wp-content\/uploads\/2025\/06\/nguyen-lieu-nhan-sam-kho-dang-bot-dang-lat-Canada-SilverLife-2.png","datePublished":"2025-06-27T06:38:35+00:00","dateModified":"2025-12-26T10:43:01+00:00","description":"B\u1ed9t nh\u00e2n s\u00e2m Canada SilverLife \u0111\u01b0\u1ee3c nghi\u1ec1n m\u1ecbn t\u1eeb c\u1ee7 s\u00e2m kh\u00f4, gi\u1eef tr\u1ecdn tinh ch\u1ea5t qu\u00fd gi\u00e1 c\u1ee7a nh\u00e2n s\u00e2m v\u00f9ng Ontario. Nguy\u00ean li\u1ec7u l\u00fd t\u01b0\u1edfng cho tr\u00e0 th\u1ea3o d\u01b0\u1ee3c..","breadcrumb":{"@id":"https:\/\/silverlife.com.vn\/san-pham\/nguyen-lieu-bot-nhan-sam-canada-silverlife-goi-500g#breadcrumb"},"inLanguage":"en-US","potentialAction":[{"@type":"ReadAction","target":["https:\/\/silverlife.com.vn\/san-pham\/nguyen-lieu-bot-nhan-sam-canada-silverlife-goi-500g"]}]},{"@type":"ImageObject","inLanguage":"en-US","@id":"https:\/\/silverlife.com.vn\/san-pham\/nguyen-lieu-bot-nhan-sam-canada-silverlife-goi-500g#primaryimage","url":"https:\/\/silverlife.com.vn\/wp-content\/uploads\/2025\/06\/nguyen-lieu-nhan-sam-kho-dang-bot-dang-lat-Canada-SilverLife-2.png","contentUrl":"https:\/\/silverlife.com.vn\/wp-content\/uploads\/2025\/06\/nguyen-lieu-nhan-sam-kho-dang-bot-dang-lat-Canada-SilverLife-2.png","width":900,"height":900},{"@type":"BreadcrumbList","@id":"https:\/\/silverlife.com.vn\/san-pham\/nguyen-lieu-bot-nhan-sam-canada-silverlife-goi-500g#breadcrumb","itemListElement":[{"@type":"ListItem","position":1,"name":"Trang ch\u1ee7","item":"https:\/\/silverlife.com.vn\/"},{"@type":"ListItem","position":2,"name":"Shop","item":"https:\/\/silverlife.com.vn\/shop"},{"@type":"ListItem","position":3,"name":"Nguy\u00ean Li\u1ec7u B\u1ed9t Nh\u00e2n S\u00e2m Canada SilverLife g\u00f3i 500g"}]},{"@type":"WebSite","@id":"https:\/\/silverlife.com.vn\/#website","url":"https:\/\/silverlife.com.vn\/","name":"SilverLife - Cung C\u1ea5p S\u1ec9 &amp; L\u1ebb Nh\u00e2n S\u00e2m Canada T\u1ea1i Vi\u1ec7t Nam","description":"","potentialAction":[{"@type":"SearchAction","target":{"@type":"EntryPoint","urlTemplate":"https:\/\/silverlife.com.vn\/?s={search_term_string}"},"query-input":{"@type":"PropertyValueSpecification","valueRequired":true,"valueName":"search_term_string"}}],"inLanguage":"en-US"}]}},"_links":{"self":[{"href":"https:\/\/silverlife.com.vn\/en\/wp-json\/wp\/v2\/product\/18113"}],"collection":[{"href":"https:\/\/silverlife.com.vn\/en\/wp-json\/wp\/v2\/product"}],"about":[{"href":"https:\/\/silverlife.com.vn\/en\/wp-json\/wp\/v2\/types\/product"}],"replies":[{"embeddable":true,"href":"https:\/\/silverlife.com.vn\/en\/wp-json\/wp\/v2\/comments?post=18113"}],"wp:featuredmedia":[{"embeddable":true,"href":"https:\/\/silverlife.com.vn\/en\/wp-json\/wp\/v2\/media\/18430"}],"wp:attachment":[{"href":"https:\/\/silverlife.com.vn\/en\/wp-json\/wp\/v2\/media?parent=18113"}],"wp:term":[{"taxonomy":"product_cat","embeddable":true,"href":"https:\/\/silverlife.com.vn\/en\/wp-json\/wp\/v2\/product_cat?post=18113"},{"taxonomy":"product_tag","embeddable":true,"href":"https:\/\/silverlife.com.vn\/en\/wp-json\/wp\/v2\/product_tag?post=18113"}],"curies":[{"name":"wp","href":"https:\/\/api.w.org\/{rel}","templated":true}]}}