{"id":18373,"date":"2025-10-31T18:20:55","date_gmt":"2025-10-31T11:20:55","guid":{"rendered":"https:\/\/silverlife.com.vn\/?post_type=product&#038;p=18373"},"modified":"2025-10-31T18:29:10","modified_gmt":"2025-10-31T11:29:10","slug":"nhan-sam-lat-canada-silverlife-hu-20g","status":"publish","type":"product","link":"https:\/\/silverlife.com.vn\/en\/product\/nhan-sam-lat-canada-silverlife-hu-20g","title":{"rendered":"Nh\u00e2n s\u00e2m l\u00e1t Canada SilverLife h\u0169 20g"},"content":{"rendered":"<h3 data-start=\"225\" data-end=\"299\"><span style=\"color: #282828; font-size: 110%;\"><strong data-start=\"229\" data-end=\"299\">Tinh hoa nh\u00e2n s\u00e2m Canada nguy\u00ean c\u1ee7 \u2013 D\u01b0\u1ee1ng sinh ti\u1ec7n d\u1ee5ng m\u1ed7i ng\u00e0y<\/strong><\/span><\/h3>\n<p data-start=\"301\" data-end=\"576\"><span style=\"color: #282828; font-size: 110%;\"><strong data-start=\"301\" data-end=\"335\">Nh\u00e2n S\u00e2m L\u00e1t Canada SilverLife<\/strong> \u0111\u01b0\u1ee3c c\u1eaft l\u00e1t m\u1ecfng t\u1eeb <strong data-start=\"357\" data-end=\"400\">nh\u00e2n s\u00e2m kh\u00f4 nguy\u00ean c\u1ee7 nh\u1eadp kh\u1ea9u Canada<\/strong>, gi\u00fap l\u01b0u gi\u1eef tr\u1ecdn v\u1eb9n d\u01b0\u1ee3c ch\u1ea5t qu\u00fd t\u1ef1 nhi\u00ean. M\u1ed7i l\u00e1t s\u00e2m l\u00e0 k\u1ebft tinh c\u1ee7a kh\u00ed h\u1eadu l\u1ea1nh, \u0111\u1ea5t s\u1ea1ch v\u00f9ng <strong data-start=\"504\" data-end=\"523\">Ontario, Canada<\/strong> \u2013 n\u01a1i \u0111\u01b0\u1ee3c m\u1ec7nh danh l\u00e0 \u201cth\u1ee7 ph\u1ee7 nh\u00e2n s\u00e2m B\u1eafc M\u1ef9\u201d.<\/span><\/p>\n<p data-start=\"578\" data-end=\"711\"><span style=\"color: #282828; font-size: 110%;\">S\u1ea3n ph\u1ea9m \u0111\u01b0\u1ee3c <strong data-start=\"592\" data-end=\"620\">\u0111\u00f3ng h\u0169 20 gram ti\u1ec7n l\u1ee3i<\/strong>, th\u00edch h\u1ee3p d\u00f9ng h\u1eb1ng ng\u00e0y, pha tr\u00e0, ng\u00e2m m\u1eadt ong ho\u1eb7c n\u1ea5u c\u00f9ng c\u00e1c m\u00f3n \u0103n b\u1ed3i b\u1ed5 s\u1ee9c kh\u1ecfe.<\/span><\/p>\n<p style=\"text-align: center;\" data-start=\"578\" data-end=\"711\"><img loading=\"lazy\" decoding=\"async\" class=\"alignnone wp-image-18375\" src=\"https:\/\/silverlife.com.vn\/wp-content\/uploads\/2025\/10\/Nhan-Sam-Lat-Canada-SilverLife-hu-20g-4-400x400.png\" alt=\"\" width=\"583\" height=\"583\" srcset=\"https:\/\/silverlife.com.vn\/wp-content\/uploads\/2025\/10\/Nhan-Sam-Lat-Canada-SilverLife-hu-20g-4-400x400.png 400w, https:\/\/silverlife.com.vn\/wp-content\/uploads\/2025\/10\/Nhan-Sam-Lat-Canada-SilverLife-hu-20g-4-800x800.png 800w, https:\/\/silverlife.com.vn\/wp-content\/uploads\/2025\/10\/Nhan-Sam-Lat-Canada-SilverLife-hu-20g-4-280x280.png 280w, https:\/\/silverlife.com.vn\/wp-content\/uploads\/2025\/10\/Nhan-Sam-Lat-Canada-SilverLife-hu-20g-4-768x768.png 768w, https:\/\/silverlife.com.vn\/wp-content\/uploads\/2025\/10\/Nhan-Sam-Lat-Canada-SilverLife-hu-20g-4-12x12.png 12w, https:\/\/silverlife.com.vn\/wp-content\/uploads\/2025\/10\/Nhan-Sam-Lat-Canada-SilverLife-hu-20g-4-900x900.png 900w, https:\/\/silverlife.com.vn\/wp-content\/uploads\/2025\/10\/Nhan-Sam-Lat-Canada-SilverLife-hu-20g-4-100x100.png 100w, https:\/\/silverlife.com.vn\/wp-content\/uploads\/2025\/10\/Nhan-Sam-Lat-Canada-SilverLife-hu-20g-4.png 1200w\" sizes=\"(max-width: 583px) 100vw, 583px\" \/><\/p>\n<h3 data-start=\"718\" data-end=\"747\"><span style=\"color: #282828; font-size: 110%;\"><strong data-start=\"725\" data-end=\"747\">Th\u00f4ng tin s\u1ea3n ph\u1ea9m<\/strong><\/span><\/h3>\n<ul data-start=\"748\" data-end=\"1007\">\n<li data-start=\"748\" data-end=\"800\">\n<p data-start=\"750\" data-end=\"800\"><span style=\"color: #282828; font-size: 110%;\"><strong data-start=\"750\" data-end=\"767\">T\u00ean s\u1ea3n ph\u1ea9m:<\/strong> Nh\u00e2n S\u00e2m L\u00e1t Canada SilverLife<\/span><\/p>\n<\/li>\n<li data-start=\"801\" data-end=\"833\">\n<p data-start=\"803\" data-end=\"833\"><span style=\"color: #282828; font-size: 110%;\"><strong data-start=\"803\" data-end=\"823\">Kh\u1ed1i l\u01b0\u1ee3ng t\u1ecbnh:<\/strong> 20 gram<\/span><\/p>\n<\/li>\n<li data-start=\"834\" data-end=\"897\">\n<p data-start=\"836\" data-end=\"897\"><span style=\"color: #282828; font-size: 110%;\"><strong data-start=\"836\" data-end=\"851\">Th\u00e0nh ph\u1ea7n:<\/strong> 100% nh\u00e2n s\u00e2m Canada nguy\u00ean c\u1ee7, c\u1eaft l\u00e1t kh\u00f4<\/span><\/p>\n<\/li>\n<li data-start=\"898\" data-end=\"944\">\n<p data-start=\"900\" data-end=\"944\"><span style=\"color: #282828; font-size: 110%;\"><strong data-start=\"900\" data-end=\"926\">Ngu\u1ed3n g\u1ed1c nguy\u00ean li\u1ec7u:<\/strong> Ontario, Canada<\/span><\/p>\n<\/li>\n<li data-start=\"945\" data-end=\"975\">\n<p data-start=\"947\" data-end=\"975\"><span style=\"color: #282828; font-size: 110%;\"><strong data-start=\"947\" data-end=\"964\">\u0110\u00f3ng g\u00f3i t\u1ea1i:<\/strong> Vi\u1ec7t Nam<\/span><\/p>\n<\/li>\n<li data-start=\"976\" data-end=\"1007\">\n<p data-start=\"978\" data-end=\"1007\"><span style=\"color: #282828; font-size: 110%;\"><strong data-start=\"978\" data-end=\"994\">Th\u01b0\u01a1ng hi\u1ec7u:<\/strong> SilverLife's<\/span><\/p>\n<\/li>\n<\/ul>\n<h3 data-start=\"1014\" data-end=\"1047\"><span style=\"color: #282828; font-size: 110%;\"><strong data-start=\"1021\" data-end=\"1047\">\u0110i\u1ec3m kh\u00e1c bi\u1ec7t n\u1ed5i b\u1eadt<\/strong><\/span><\/h3>\n<ol data-start=\"1048\" data-end=\"1640\">\n<li data-start=\"1048\" data-end=\"1211\">\n<p data-start=\"1051\" data-end=\"1211\"><span style=\"color: #282828; font-size: 110%;\"><strong data-start=\"1051\" data-end=\"1076\">Ngu\u1ed3n g\u1ed1c tinh khi\u1ebft:<\/strong> Nh\u00e2n s\u00e2m \u0111\u01b0\u1ee3c tr\u1ed3ng t\u1ea1i v\u00f9ng \u0111\u1ea5t s\u1ea1ch, ch\u1ec9 canh t\u00e1c m\u1ed9t l\u1ea7n duy nh\u1ea5t trong v\u00f2ng v\u00e0i th\u1eadp k\u1ef7 \u2013 \u0111\u1ea3m b\u1ea3o tinh ch\u1ea5t \u0111\u1eadm \u0111\u1eb7c, kh\u00f4ng t\u00e1i tr\u1ed3ng.<\/span><\/p>\n<\/li>\n<li data-start=\"1212\" data-end=\"1341\">\n<p data-start=\"1215\" data-end=\"1341\"><span style=\"color: #282828; font-size: 110%;\"><strong data-start=\"1215\" data-end=\"1244\">Ch\u1ea5t l\u01b0\u1ee3ng chu\u1ea9n qu\u1ed1c t\u1ebf:<\/strong> \u0110\u1ea1t ti\u00eau chu\u1ea9n xu\u1ea5t kh\u1ea9u Canada \u2013 \u0111\u1ed9 \u1ea9m th\u1ea5p, kh\u00f4ng t\u1ea1p ch\u1ea5t, b\u1ea3o to\u00e0n ho\u1ea1t ch\u1ea5t ginsenosides.<\/span><\/p>\n<\/li>\n<li data-start=\"1342\" data-end=\"1450\">\n<p data-start=\"1345\" data-end=\"1450\"><span style=\"color: #282828; font-size: 110%;\"><strong data-start=\"1345\" data-end=\"1366\">C\u1eaft l\u00e1t th\u1ee7 c\u00f4ng:<\/strong> M\u1ed7i l\u00e1t s\u00e2m \u0111\u01b0\u1ee3c c\u1eaft \u0111\u1ec1u tay, m\u1ecfng nh\u1eb9, nhanh n\u1edf ra ho\u1ea1t ch\u1ea5t khi pha tr\u00e0 ho\u1eb7c ng\u00e2m m\u1eadt ong.<\/span><\/p>\n<\/li>\n<li data-start=\"1451\" data-end=\"1556\">\n<p data-start=\"1454\" data-end=\"1556\"><span style=\"color: #282828; font-size: 110%;\"><strong data-start=\"1454\" data-end=\"1476\">H\u01b0\u01a1ng v\u1ecb t\u1ef1 nhi\u00ean:<\/strong> H\u1eadu ng\u1ecdt thanh, m\u00f9i th\u01a1m nh\u1eb9, kh\u00f4ng \u0111\u1eafng g\u1eaft \u2013 d\u1ec5 d\u00f9ng cho ng\u01b0\u1eddi m\u1edbi b\u1eaft \u0111\u1ea7u.<\/span><\/p>\n<\/li>\n<li data-start=\"1557\" data-end=\"1640\">\n<p data-start=\"1560\" data-end=\"1640\"><span style=\"color: #282828; font-size: 110%;\"><strong data-start=\"1560\" data-end=\"1582\">\u0110\u00f3ng g\u00f3i ti\u1ec7n l\u1ee3i:<\/strong> H\u0169 th\u1ee7y tinh nh\u1ecf g\u1ecdn, d\u1ec5 b\u1ea3o qu\u1ea3n v\u00e0 mang theo s\u1eed d\u1ee5ng.<\/span><\/p>\n<\/li>\n<\/ol>\n<p style=\"text-align: center;\"><img loading=\"lazy\" decoding=\"async\" class=\"alignnone wp-image-18128\" src=\"https:\/\/silverlife.com.vn\/wp-content\/uploads\/2025\/06\/nhan-sam-kho-cat-lat-3.jpg\" alt=\"\" width=\"478\" height=\"478\" srcset=\"https:\/\/silverlife.com.vn\/wp-content\/uploads\/2025\/06\/nhan-sam-kho-cat-lat-3.jpg 350w, https:\/\/silverlife.com.vn\/wp-content\/uploads\/2025\/06\/nhan-sam-kho-cat-lat-3-280x280.jpg 280w, https:\/\/silverlife.com.vn\/wp-content\/uploads\/2025\/06\/nhan-sam-kho-cat-lat-3-12x12.jpg 12w, https:\/\/silverlife.com.vn\/wp-content\/uploads\/2025\/06\/nhan-sam-kho-cat-lat-3-100x100.jpg 100w\" sizes=\"(max-width: 478px) 100vw, 478px\" \/><\/p>\n<h3 data-start=\"1647\" data-end=\"1702\"><span style=\"color: #282828; font-size: 110%;\"><strong data-start=\"1654\" data-end=\"1702\">C\u00f4ng d\u1ee5ng c\u1ee7a Nh\u00e2n S\u00e2m L\u00e1t Canada SilverLife<\/strong><\/span><\/h3>\n<ul data-start=\"1703\" data-end=\"2030\">\n<li data-start=\"1703\" data-end=\"1747\">\n<p data-start=\"1705\" data-end=\"1747\"><span style=\"color: #282828; font-size: 110%;\"><strong data-start=\"1705\" data-end=\"1745\">B\u1ed3i b\u1ed5 s\u1ee9c kh\u1ecfe, t\u0103ng c\u01b0\u1eddng \u0111\u1ec1 kh\u00e1ng<\/strong><\/span><\/p>\n<\/li>\n<li data-start=\"1748\" data-end=\"1808\">\n<p data-start=\"1750\" data-end=\"1808\"><span style=\"color: #282828; font-size: 110%;\"><strong data-start=\"1750\" data-end=\"1806\">Gi\u00fap c\u1ea3i thi\u1ec7n tr\u00ed nh\u1edb, gi\u1ea3m m\u1ec7t m\u1ecfi, t\u0103ng t\u1eadp trung<\/strong><\/span><\/p>\n<\/li>\n<li data-start=\"1809\" data-end=\"1878\">\n<p data-start=\"1811\" data-end=\"1878\"><span style=\"color: #282828; font-size: 110%;\"><strong data-start=\"1811\" data-end=\"1876\">H\u1ed7 tr\u1ee3 ph\u1ee5c h\u1ed3i th\u1ec3 l\u1ef1c cho ng\u01b0\u1eddi suy nh\u01b0\u1ee3c, ng\u01b0\u1eddi m\u1edbi \u1ed1m d\u1eady<\/strong><\/span><\/p>\n<\/li>\n<li data-start=\"1879\" data-end=\"1937\">\n<p data-start=\"1881\" data-end=\"1937\"><span style=\"color: #282828; font-size: 110%;\"><strong data-start=\"1881\" data-end=\"1935\">Gi\u00fap \u0103n ngon, ng\u1ee7 s\u00e2u v\u00e0 gi\u1ea3m c\u0103ng th\u1eb3ng do stress<\/strong><\/span><\/p>\n<\/li>\n<li data-start=\"1938\" data-end=\"2030\">\n<p data-start=\"1940\" data-end=\"2030\"><span style=\"color: #282828; font-size: 110%;\"><strong data-start=\"1940\" data-end=\"2028\">Th\u00edch h\u1ee3p cho ng\u01b0\u1eddi l\u00e0m vi\u1ec7c tr\u00ed \u00f3c, ng\u01b0\u1eddi l\u1edbn tu\u1ed5i, h\u1ecdc sinh \u2013 sinh vi\u00ean m\u00f9a thi c\u1eed<\/strong><\/span><\/p>\n<\/li>\n<\/ul>\n<h3 data-start=\"2037\" data-end=\"2066\"><span style=\"color: #282828; font-size: 110%;\"><strong data-start=\"2044\" data-end=\"2066\">C\u00e1ch s\u1eed d\u1ee5ng g\u1ee3i \u00fd<\/strong><\/span><\/h3>\n<ul data-start=\"2067\" data-end=\"2344\">\n<li data-start=\"2067\" data-end=\"2157\">\n<p data-start=\"2069\" data-end=\"2157\"><span style=\"color: #282828; font-size: 110%;\"><strong data-start=\"2069\" data-end=\"2081\">Pha tr\u00e0:<\/strong> D\u00f9ng 3\u20135 l\u00e1t s\u00e2m pha v\u1edbi 200ml n\u01b0\u1edbc s\u00f4i, h\u00e3m 5 ph\u00fat, c\u00f3 th\u1ec3 th\u00eam m\u1eadt ong.<\/span><\/p>\n<\/li>\n<li data-start=\"2158\" data-end=\"2257\">\n<p data-start=\"2160\" data-end=\"2257\"><span style=\"color: #282828; font-size: 110%;\"><strong data-start=\"2160\" data-end=\"2177\">Ng\u00e2m m\u1eadt ong:<\/strong> T\u1ef7 l\u1ec7 1 ph\u1ea7n s\u00e2m l\u00e1t : 3 ph\u1ea7n m\u1eadt ong, ng\u00e2m 7\u201310 ng\u00e0y, d\u00f9ng m\u1ed7i s\u00e1ng 1\u20132 l\u00e1t.<\/span><\/p>\n<\/li>\n<li data-start=\"2258\" data-end=\"2344\">\n<p data-start=\"2260\" data-end=\"2344\"><span style=\"color: #282828; font-size: 110%;\"><strong data-start=\"2260\" data-end=\"2282\">N\u1ea5u ch\u00e1o \/ h\u1ea7m g\u00e0:<\/strong> Th\u00eam v\u00e0i l\u00e1t s\u00e2m v\u00e0o m\u00f3n \u0103n \u0111\u1ec3 t\u0103ng h\u01b0\u01a1ng v\u1ecb v\u00e0 dinh d\u01b0\u1ee1ng.<\/span><\/p>\n<\/li>\n<\/ul>\n<h3 data-start=\"2351\" data-end=\"2370\"><span style=\"color: #282828; font-size: 110%;\"><strong data-start=\"2358\" data-end=\"2370\">B\u1ea3o qu\u1ea3n<\/strong><\/span><\/h3>\n<ul data-start=\"2371\" data-end=\"2467\">\n<li data-start=\"2371\" data-end=\"2403\">\n<p data-start=\"2373\" data-end=\"2403\"><span style=\"color: #282828; font-size: 110%;\">\u0110\u1eady k\u00edn n\u1eafp sau khi s\u1eed d\u1ee5ng.<\/span><\/p>\n<\/li>\n<li data-start=\"2404\" data-end=\"2467\">\n<p data-start=\"2406\" data-end=\"2467\"><span style=\"color: #282828; font-size: 110%;\">B\u1ea3o qu\u1ea3n n\u01a1i kh\u00f4 r\u00e1o, tho\u00e1ng m\u00e1t, tr\u00e1nh \u00e1nh n\u1eafng tr\u1ef1c ti\u1ebfp.<\/span><\/p>\n<\/li>\n<\/ul>\n<p><img loading=\"lazy\" decoding=\"async\" class=\"wp-image-18124 aligncenter\" src=\"https:\/\/silverlife.com.vn\/wp-content\/uploads\/2025\/06\/nguyn-lieu-nhan-sam-lat-nho-646x400.jpg\" alt=\"\" width=\"754\" height=\"467\" srcset=\"https:\/\/silverlife.com.vn\/wp-content\/uploads\/2025\/06\/nguyn-lieu-nhan-sam-lat-nho-646x400.jpg 646w, https:\/\/silverlife.com.vn\/wp-content\/uploads\/2025\/06\/nguyn-lieu-nhan-sam-lat-nho-1293x800.jpg 1293w, https:\/\/silverlife.com.vn\/wp-content\/uploads\/2025\/06\/nguyn-lieu-nhan-sam-lat-nho-768x475.jpg 768w, https:\/\/silverlife.com.vn\/wp-content\/uploads\/2025\/06\/nguyn-lieu-nhan-sam-lat-nho-18x12.jpg 18w, https:\/\/silverlife.com.vn\/wp-content\/uploads\/2025\/06\/nguyn-lieu-nhan-sam-lat-nho-900x557.jpg 900w, https:\/\/silverlife.com.vn\/wp-content\/uploads\/2025\/06\/nguyn-lieu-nhan-sam-lat-nho.jpg 1440w\" sizes=\"(max-width: 754px) 100vw, 754px\" \/><\/p>","protected":false},"excerpt":{"rendered":"<ul data-start=\"226\" data-end=\"621\">\n<li data-start=\"226\" data-end=\"312\">\n<p data-start=\"228\" data-end=\"312\"><span style=\"font-size: 110%;\"><strong data-start=\"228\" data-end=\"262\">100% nh\u00e2n s\u00e2m Canada nguy\u00ean c\u1ee7<\/strong> \u2013 l\u00e1t m\u1ecfng t\u1eeb s\u00e2m kh\u00f4 v\u00f9ng Ontario.<\/span><\/p>\n<\/li>\n<li data-start=\"313\" data-end=\"386\">\n<p data-start=\"315\" data-end=\"386\"><span style=\"font-size: 110%;\"><strong data-start=\"315\" data-end=\"346\">Gi\u1eef tr\u1ecdn d\u01b0\u1ee3c ch\u1ea5t t\u1ef1 nhi\u00ean<\/strong>, h\u01b0\u01a1ng v\u1ecb thanh ng\u1ecdt, kh\u00f4ng \u0111\u1eafng g\u1eaft.<\/span><\/p>\n<\/li>\n<li data-start=\"387\" data-end=\"454\">\n<p data-start=\"389\" data-end=\"454\"><span style=\"font-size: 110%;\"><strong data-start=\"389\" data-end=\"411\">Ti\u1ec7n d\u1ee5ng \u0111a n\u0103ng:<\/strong> pha tr\u00e0, ng\u00e2m m\u1eadt ong, n\u1ea5u ch\u00e1o, h\u1ea7m g\u00e0\u2026<\/span><\/p>\n<\/li>\n<li data-start=\"455\" data-end=\"533\">\n<p data-start=\"457\" data-end=\"533\"><span style=\"font-size: 110%;\"><strong data-start=\"457\" data-end=\"531\">Gi\u00fap b\u1ed3i b\u1ed5 s\u1ee9c kh\u1ecfe, t\u0103ng s\u1ee9c \u0111\u1ec1 kh\u00e1ng, gi\u1ea3m m\u1ec7t m\u1ecfi, h\u1ed7 tr\u1ee3 tr\u00ed nh\u1edb.<\/strong><\/span><\/p>\n<\/li>\n<li data-start=\"534\" data-end=\"621\">\n<p data-start=\"536\" data-end=\"621\"><span style=\"font-size: 110%;\"><strong data-start=\"536\" data-end=\"572\">\u0110\u00f3ng h\u0169 th\u1ee7y tinh 20g ti\u1ec7n l\u1ee3i, ti\u1ebft ki\u1ec7m.<\/strong><\/span><\/p>\n<\/li>\n<\/ul>","protected":false},"featured_media":18375,"comment_status":"open","ping_status":"closed","template":"","meta":[],"product_cat":[70],"product_tag":[],"class_list":{"0":"post-18373","1":"product","2":"type-product","3":"status-publish","4":"has-post-thumbnail","6":"product_cat-sam-cat-lat","8":"first","9":"instock","10":"shipping-taxable","11":"purchasable","12":"product-type-simple"},"yoast_head":"<!-- This site is optimized with the Yoast SEO plugin v23.6 - https:\/\/yoast.com\/wordpress\/plugins\/seo\/ -->\n<title>Nh\u00e2n s\u00e2m l\u00e1t Canada SilverLife h\u0169 20g<\/title>\n<meta name=\"description\" content=\"Nh\u00e2n S\u00e2m L\u00e1t Canada SilverLife \u2013 100% s\u00e2m nguy\u00ean c\u1ee7 Canada, c\u1eaft l\u00e1t kh\u00f4, h\u01b0\u01a1ng v\u1ecb t\u1ef1 nhi\u00ean, gi\u00fap b\u1ed3i b\u1ed5 s\u1ee9c kh\u1ecfe v\u00e0 t\u0103ng c\u01b0\u1eddng n\u0103ng l\u01b0\u1ee3ng m\u1ed7i ng\u00e0y.\" \/>\n<meta name=\"robots\" content=\"index, follow, max-snippet:-1, max-image-preview:large, max-video-preview:-1\" \/>\n<link rel=\"canonical\" href=\"https:\/\/silverlife.com.vn\/en\/product\/nhan-sam-lat-canada-silverlife-hu-20g\/\" \/>\n<meta property=\"og:locale\" content=\"en_US\" \/>\n<meta property=\"og:type\" content=\"article\" \/>\n<meta property=\"og:title\" content=\"Nh\u00e2n s\u00e2m l\u00e1t Canada SilverLife h\u0169 20g\" \/>\n<meta property=\"og:description\" content=\"Nh\u00e2n S\u00e2m L\u00e1t Canada SilverLife \u2013 100% s\u00e2m nguy\u00ean c\u1ee7 Canada, c\u1eaft l\u00e1t kh\u00f4, h\u01b0\u01a1ng v\u1ecb t\u1ef1 nhi\u00ean, gi\u00fap b\u1ed3i b\u1ed5 s\u1ee9c kh\u1ecfe v\u00e0 t\u0103ng c\u01b0\u1eddng n\u0103ng l\u01b0\u1ee3ng m\u1ed7i ng\u00e0y.\" \/>\n<meta property=\"og:url\" content=\"https:\/\/silverlife.com.vn\/en\/product\/nhan-sam-lat-canada-silverlife-hu-20g\/\" \/>\n<meta property=\"og:site_name\" content=\"SilverLife - Cung C\u1ea5p S\u1ec9 &amp; L\u1ebb Nh\u00e2n S\u00e2m Canada T\u1ea1i Vi\u1ec7t Nam\" \/>\n<meta property=\"article:modified_time\" content=\"2025-10-31T11:29:10+00:00\" \/>\n<meta property=\"og:image\" content=\"https:\/\/silverlife.com.vn\/wp-content\/uploads\/2025\/10\/Nhan-Sam-Lat-Canada-SilverLife-hu-20g-4.png\" \/>\n\t<meta property=\"og:image:width\" content=\"1200\" \/>\n\t<meta property=\"og:image:height\" content=\"1200\" \/>\n\t<meta property=\"og:image:type\" content=\"image\/png\" \/>\n<meta name=\"twitter:card\" content=\"summary_large_image\" \/>\n<meta name=\"twitter:label1\" content=\"Est. reading time\" \/>\n\t<meta name=\"twitter:data1\" content=\"4 minutes\" \/>\n<script type=\"application\/ld+json\" class=\"yoast-schema-graph\">{\"@context\":\"https:\/\/schema.org\",\"@graph\":[{\"@type\":\"WebPage\",\"@id\":\"https:\/\/silverlife.com.vn\/san-pham\/nhan-sam-lat-canada-silverlife-hu-20g\",\"url\":\"https:\/\/silverlife.com.vn\/san-pham\/nhan-sam-lat-canada-silverlife-hu-20g\",\"name\":\"Nh\u00e2n s\u00e2m l\u00e1t Canada SilverLife h\u0169 20g\",\"isPartOf\":{\"@id\":\"https:\/\/silverlife.com.vn\/#website\"},\"primaryImageOfPage\":{\"@id\":\"https:\/\/silverlife.com.vn\/san-pham\/nhan-sam-lat-canada-silverlife-hu-20g#primaryimage\"},\"image\":{\"@id\":\"https:\/\/silverlife.com.vn\/san-pham\/nhan-sam-lat-canada-silverlife-hu-20g#primaryimage\"},\"thumbnailUrl\":\"https:\/\/silverlife.com.vn\/wp-content\/uploads\/2025\/10\/Nhan-Sam-Lat-Canada-SilverLife-hu-20g-4.png\",\"datePublished\":\"2025-10-31T11:20:55+00:00\",\"dateModified\":\"2025-10-31T11:29:10+00:00\",\"description\":\"Nh\u00e2n S\u00e2m L\u00e1t Canada SilverLife \u2013 100% s\u00e2m nguy\u00ean c\u1ee7 Canada, c\u1eaft l\u00e1t kh\u00f4, h\u01b0\u01a1ng v\u1ecb t\u1ef1 nhi\u00ean, gi\u00fap b\u1ed3i b\u1ed5 s\u1ee9c kh\u1ecfe v\u00e0 t\u0103ng c\u01b0\u1eddng n\u0103ng l\u01b0\u1ee3ng m\u1ed7i ng\u00e0y.\",\"breadcrumb\":{\"@id\":\"https:\/\/silverlife.com.vn\/san-pham\/nhan-sam-lat-canada-silverlife-hu-20g#breadcrumb\"},\"inLanguage\":\"en-US\",\"potentialAction\":[{\"@type\":\"ReadAction\",\"target\":[\"https:\/\/silverlife.com.vn\/san-pham\/nhan-sam-lat-canada-silverlife-hu-20g\"]}]},{\"@type\":\"ImageObject\",\"inLanguage\":\"en-US\",\"@id\":\"https:\/\/silverlife.com.vn\/san-pham\/nhan-sam-lat-canada-silverlife-hu-20g#primaryimage\",\"url\":\"https:\/\/silverlife.com.vn\/wp-content\/uploads\/2025\/10\/Nhan-Sam-Lat-Canada-SilverLife-hu-20g-4.png\",\"contentUrl\":\"https:\/\/silverlife.com.vn\/wp-content\/uploads\/2025\/10\/Nhan-Sam-Lat-Canada-SilverLife-hu-20g-4.png\",\"width\":1200,\"height\":1200},{\"@type\":\"BreadcrumbList\",\"@id\":\"https:\/\/silverlife.com.vn\/san-pham\/nhan-sam-lat-canada-silverlife-hu-20g#breadcrumb\",\"itemListElement\":[{\"@type\":\"ListItem\",\"position\":1,\"name\":\"Trang ch\u1ee7\",\"item\":\"https:\/\/silverlife.com.vn\/\"},{\"@type\":\"ListItem\",\"position\":2,\"name\":\"Shop\",\"item\":\"https:\/\/silverlife.com.vn\/shop\"},{\"@type\":\"ListItem\",\"position\":3,\"name\":\"Nh\u00e2n s\u00e2m l\u00e1t Canada SilverLife h\u0169 20g\"}]},{\"@type\":\"WebSite\",\"@id\":\"https:\/\/silverlife.com.vn\/#website\",\"url\":\"https:\/\/silverlife.com.vn\/\",\"name\":\"SilverLife - Cung C\u1ea5p S\u1ec9 &amp; L\u1ebb Nh\u00e2n S\u00e2m Canada T\u1ea1i Vi\u1ec7t Nam\",\"description\":\"\",\"potentialAction\":[{\"@type\":\"SearchAction\",\"target\":{\"@type\":\"EntryPoint\",\"urlTemplate\":\"https:\/\/silverlife.com.vn\/?s={search_term_string}\"},\"query-input\":{\"@type\":\"PropertyValueSpecification\",\"valueRequired\":true,\"valueName\":\"search_term_string\"}}],\"inLanguage\":\"en-US\"}]}<\/script>\n<!-- \/ Yoast SEO plugin. -->","yoast_head_json":{"title":"Nh\u00e2n s\u00e2m l\u00e1t Canada SilverLife h\u0169 20g","description":"Nh\u00e2n S\u00e2m L\u00e1t Canada SilverLife \u2013 100% s\u00e2m nguy\u00ean c\u1ee7 Canada, c\u1eaft l\u00e1t kh\u00f4, h\u01b0\u01a1ng v\u1ecb t\u1ef1 nhi\u00ean, gi\u00fap b\u1ed3i b\u1ed5 s\u1ee9c kh\u1ecfe v\u00e0 t\u0103ng c\u01b0\u1eddng n\u0103ng l\u01b0\u1ee3ng m\u1ed7i ng\u00e0y.","robots":{"index":"index","follow":"follow","max-snippet":"max-snippet:-1","max-image-preview":"max-image-preview:large","max-video-preview":"max-video-preview:-1"},"canonical":"https:\/\/silverlife.com.vn\/en\/product\/nhan-sam-lat-canada-silverlife-hu-20g\/","og_locale":"en_US","og_type":"article","og_title":"Nh\u00e2n s\u00e2m l\u00e1t Canada SilverLife h\u0169 20g","og_description":"Nh\u00e2n S\u00e2m L\u00e1t Canada SilverLife \u2013 100% s\u00e2m nguy\u00ean c\u1ee7 Canada, c\u1eaft l\u00e1t kh\u00f4, h\u01b0\u01a1ng v\u1ecb t\u1ef1 nhi\u00ean, gi\u00fap b\u1ed3i b\u1ed5 s\u1ee9c kh\u1ecfe v\u00e0 t\u0103ng c\u01b0\u1eddng n\u0103ng l\u01b0\u1ee3ng m\u1ed7i ng\u00e0y.","og_url":"https:\/\/silverlife.com.vn\/en\/product\/nhan-sam-lat-canada-silverlife-hu-20g\/","og_site_name":"SilverLife - Cung C\u1ea5p S\u1ec9 &amp; L\u1ebb Nh\u00e2n S\u00e2m Canada T\u1ea1i Vi\u1ec7t Nam","article_modified_time":"2025-10-31T11:29:10+00:00","og_image":[{"width":1200,"height":1200,"url":"https:\/\/silverlife.com.vn\/wp-content\/uploads\/2025\/10\/Nhan-Sam-Lat-Canada-SilverLife-hu-20g-4.png","type":"image\/png"}],"twitter_card":"summary_large_image","twitter_misc":{"Est. reading time":"4 minutes"},"schema":{"@context":"https:\/\/schema.org","@graph":[{"@type":"WebPage","@id":"https:\/\/silverlife.com.vn\/san-pham\/nhan-sam-lat-canada-silverlife-hu-20g","url":"https:\/\/silverlife.com.vn\/san-pham\/nhan-sam-lat-canada-silverlife-hu-20g","name":"Nh\u00e2n s\u00e2m l\u00e1t Canada SilverLife h\u0169 20g","isPartOf":{"@id":"https:\/\/silverlife.com.vn\/#website"},"primaryImageOfPage":{"@id":"https:\/\/silverlife.com.vn\/san-pham\/nhan-sam-lat-canada-silverlife-hu-20g#primaryimage"},"image":{"@id":"https:\/\/silverlife.com.vn\/san-pham\/nhan-sam-lat-canada-silverlife-hu-20g#primaryimage"},"thumbnailUrl":"https:\/\/silverlife.com.vn\/wp-content\/uploads\/2025\/10\/Nhan-Sam-Lat-Canada-SilverLife-hu-20g-4.png","datePublished":"2025-10-31T11:20:55+00:00","dateModified":"2025-10-31T11:29:10+00:00","description":"Nh\u00e2n S\u00e2m L\u00e1t Canada SilverLife \u2013 100% s\u00e2m nguy\u00ean c\u1ee7 Canada, c\u1eaft l\u00e1t kh\u00f4, h\u01b0\u01a1ng v\u1ecb t\u1ef1 nhi\u00ean, gi\u00fap b\u1ed3i b\u1ed5 s\u1ee9c kh\u1ecfe v\u00e0 t\u0103ng c\u01b0\u1eddng n\u0103ng l\u01b0\u1ee3ng m\u1ed7i ng\u00e0y.","breadcrumb":{"@id":"https:\/\/silverlife.com.vn\/san-pham\/nhan-sam-lat-canada-silverlife-hu-20g#breadcrumb"},"inLanguage":"en-US","potentialAction":[{"@type":"ReadAction","target":["https:\/\/silverlife.com.vn\/san-pham\/nhan-sam-lat-canada-silverlife-hu-20g"]}]},{"@type":"ImageObject","inLanguage":"en-US","@id":"https:\/\/silverlife.com.vn\/san-pham\/nhan-sam-lat-canada-silverlife-hu-20g#primaryimage","url":"https:\/\/silverlife.com.vn\/wp-content\/uploads\/2025\/10\/Nhan-Sam-Lat-Canada-SilverLife-hu-20g-4.png","contentUrl":"https:\/\/silverlife.com.vn\/wp-content\/uploads\/2025\/10\/Nhan-Sam-Lat-Canada-SilverLife-hu-20g-4.png","width":1200,"height":1200},{"@type":"BreadcrumbList","@id":"https:\/\/silverlife.com.vn\/san-pham\/nhan-sam-lat-canada-silverlife-hu-20g#breadcrumb","itemListElement":[{"@type":"ListItem","position":1,"name":"Trang ch\u1ee7","item":"https:\/\/silverlife.com.vn\/"},{"@type":"ListItem","position":2,"name":"Shop","item":"https:\/\/silverlife.com.vn\/shop"},{"@type":"ListItem","position":3,"name":"Nh\u00e2n s\u00e2m l\u00e1t Canada SilverLife h\u0169 20g"}]},{"@type":"WebSite","@id":"https:\/\/silverlife.com.vn\/#website","url":"https:\/\/silverlife.com.vn\/","name":"SilverLife - Cung C\u1ea5p S\u1ec9 &amp; L\u1ebb Nh\u00e2n S\u00e2m Canada T\u1ea1i Vi\u1ec7t Nam","description":"","potentialAction":[{"@type":"SearchAction","target":{"@type":"EntryPoint","urlTemplate":"https:\/\/silverlife.com.vn\/?s={search_term_string}"},"query-input":{"@type":"PropertyValueSpecification","valueRequired":true,"valueName":"search_term_string"}}],"inLanguage":"en-US"}]}},"_links":{"self":[{"href":"https:\/\/silverlife.com.vn\/en\/wp-json\/wp\/v2\/product\/18373"}],"collection":[{"href":"https:\/\/silverlife.com.vn\/en\/wp-json\/wp\/v2\/product"}],"about":[{"href":"https:\/\/silverlife.com.vn\/en\/wp-json\/wp\/v2\/types\/product"}],"replies":[{"embeddable":true,"href":"https:\/\/silverlife.com.vn\/en\/wp-json\/wp\/v2\/comments?post=18373"}],"wp:featuredmedia":[{"embeddable":true,"href":"https:\/\/silverlife.com.vn\/en\/wp-json\/wp\/v2\/media\/18375"}],"wp:attachment":[{"href":"https:\/\/silverlife.com.vn\/en\/wp-json\/wp\/v2\/media?parent=18373"}],"wp:term":[{"taxonomy":"product_cat","embeddable":true,"href":"https:\/\/silverlife.com.vn\/en\/wp-json\/wp\/v2\/product_cat?post=18373"},{"taxonomy":"product_tag","embeddable":true,"href":"https:\/\/silverlife.com.vn\/en\/wp-json\/wp\/v2\/product_tag?post=18373"}],"curies":[{"name":"wp","href":"https:\/\/api.w.org\/{rel}","templated":true}]}}