{"id":18376,"date":"2025-10-31T18:42:41","date_gmt":"2025-10-31T11:42:41","guid":{"rendered":"https:\/\/silverlife.com.vn\/?post_type=product&#038;p=18376"},"modified":"2025-10-31T18:42:41","modified_gmt":"2025-10-31T11:42:41","slug":"bot-nhan-sam-canada-silverlife-hu-30g","status":"publish","type":"product","link":"https:\/\/silverlife.com.vn\/en\/product\/bot-nhan-sam-canada-silverlife-hu-30g","title":{"rendered":"B\u1ed9t Nh\u00e2n S\u00e2m Canada SilverLife h\u0169 30g"},"content":{"rendered":"<h2 data-start=\"219\" data-end=\"289\"><span style=\"color: #282828; font-size: 100%;\"><strong data-start=\"223\" data-end=\"289\">Tinh ch\u1ea5t nh\u00e2n s\u00e2m Canada nguy\u00ean c\u1ee7 \u2013 D\u1ea1ng b\u1ed9t m\u1ecbn, d\u1ec5 h\u1ea5p thu<\/strong><\/span><\/h2>\n<p data-start=\"291\" data-end=\"598\"><span style=\"color: #282828; font-size: 110%;\"><strong data-start=\"291\" data-end=\"325\">B\u1ed9t Nh\u00e2n S\u00e2m Canada SilverLife<\/strong> \u0111\u01b0\u1ee3c xay m\u1ecbn 100% t\u1eeb <strong data-start=\"347\" data-end=\"390\">nh\u00e2n s\u00e2m kh\u00f4 nguy\u00ean c\u1ee7 nh\u1eadp kh\u1ea9u Canada<\/strong>, gi\u1eef tr\u1ecdn h\u01b0\u01a1ng v\u1ecb t\u1ef1 nhi\u00ean v\u00e0 ho\u1ea1t ch\u1ea5t ginsenosides qu\u00fd gi\u00e1. S\u1ea3n ph\u1ea9m gi\u00fap <strong data-start=\"468\" data-end=\"516\">b\u1ed3i b\u1ed5 c\u01a1 th\u1ec3, t\u0103ng c\u01b0\u1eddng tr\u00ed l\u1ef1c v\u00e0 th\u1ec3 l\u1ef1c<\/strong>, \u0111\u1eb7c bi\u1ec7t ph\u00f9 h\u1ee3p cho ng\u01b0\u1eddi b\u1eadn r\u1ed9n, d\u1ec5 s\u1eed d\u1ee5ng trong m\u1ecdi th\u1eddi \u0111i\u1ec3m trong ng\u00e0y.<\/span><\/p>\n<p data-start=\"291\" data-end=\"598\"><span style=\"color: #282828; font-size: 110%;\">Kh\u00e1c v\u1edbi b\u1ed9t pha h\u00f2a tan, <strong data-start=\"748\" data-end=\"804\">b\u1ed9t nh\u00e2n s\u00e2m SilverLife gi\u1eef nguy\u00ean c\u1ea5u tr\u00fac s\u00e2m th\u1eadt<\/strong>, v\u00ec v\u1eady khi pha v\u1edbi n\u01b0\u1edbc <strong data-start=\"830\" data-end=\"846\">b\u1ed9t s\u1ebd n\u1edf ra<\/strong> thay v\u00ec tan ho\u00e0n to\u00e0n \u2013 d\u1ea5u hi\u1ec7u nh\u1eadn bi\u1ebft <strong data-start=\"890\" data-end=\"946\">nh\u00e2n s\u00e2m nguy\u00ean ch\u1ea5t, kh\u00f4ng pha t\u1ea1p ch\u1ea5t hay ph\u1ee5 gia<\/strong>.<\/span><\/p>\n<p data-start=\"600\" data-end=\"709\"><span style=\"color: #282828; font-size: 110%;\">\u0110\u00f3ng h\u0169 <strong data-start=\"608\" data-end=\"637\">30 gram nh\u1ecf g\u1ecdn, ti\u1ec7n l\u1ee3i<\/strong>, d\u1ec5 mang theo khi l\u00e0m vi\u1ec7c, du l\u1ecbch ho\u1eb7c l\u00e0m qu\u00e0 t\u1eb7ng s\u1ee9c kh\u1ecfe \u00fd ngh\u0129a.<\/span><\/p>\n<p style=\"text-align: center;\" data-start=\"600\" data-end=\"709\"><img loading=\"lazy\" decoding=\"async\" class=\"alignnone  wp-image-18378\" src=\"https:\/\/silverlife.com.vn\/wp-content\/uploads\/2025\/10\/Bot-nhan-sam-Canada-SilverLife-hu-30g-3-400x400.png\" alt=\"\" width=\"605\" height=\"605\" srcset=\"https:\/\/silverlife.com.vn\/wp-content\/uploads\/2025\/10\/Bot-nhan-sam-Canada-SilverLife-hu-30g-3-400x400.png 400w, https:\/\/silverlife.com.vn\/wp-content\/uploads\/2025\/10\/Bot-nhan-sam-Canada-SilverLife-hu-30g-3-800x800.png 800w, https:\/\/silverlife.com.vn\/wp-content\/uploads\/2025\/10\/Bot-nhan-sam-Canada-SilverLife-hu-30g-3-280x280.png 280w, https:\/\/silverlife.com.vn\/wp-content\/uploads\/2025\/10\/Bot-nhan-sam-Canada-SilverLife-hu-30g-3-768x768.png 768w, https:\/\/silverlife.com.vn\/wp-content\/uploads\/2025\/10\/Bot-nhan-sam-Canada-SilverLife-hu-30g-3-12x12.png 12w, https:\/\/silverlife.com.vn\/wp-content\/uploads\/2025\/10\/Bot-nhan-sam-Canada-SilverLife-hu-30g-3-900x900.png 900w, https:\/\/silverlife.com.vn\/wp-content\/uploads\/2025\/10\/Bot-nhan-sam-Canada-SilverLife-hu-30g-3-100x100.png 100w, https:\/\/silverlife.com.vn\/wp-content\/uploads\/2025\/10\/Bot-nhan-sam-Canada-SilverLife-hu-30g-3.png 1200w\" sizes=\"(max-width: 605px) 100vw, 605px\" \/><\/p>\n<h3 data-start=\"716\" data-end=\"745\"><span style=\"color: #282828; font-size: 110%;\"><strong data-start=\"723\" data-end=\"745\">Th\u00f4ng tin s\u1ea3n ph\u1ea9m<\/strong><\/span><\/h3>\n<ul data-start=\"746\" data-end=\"1010\">\n<li data-start=\"746\" data-end=\"798\">\n<p data-start=\"748\" data-end=\"798\"><span style=\"color: #282828; font-size: 110%;\"><strong data-start=\"748\" data-end=\"765\">T\u00ean s\u1ea3n ph\u1ea9m:<\/strong> B\u1ed9t Nh\u00e2n S\u00e2m Canada SilverLife<\/span><\/p>\n<\/li>\n<li data-start=\"799\" data-end=\"831\">\n<p data-start=\"801\" data-end=\"831\"><span style=\"color: #282828; font-size: 110%;\"><strong data-start=\"801\" data-end=\"821\">Kh\u1ed1i l\u01b0\u1ee3ng t\u1ecbnh:<\/strong> 30 gram<\/span><\/p>\n<\/li>\n<li data-start=\"832\" data-end=\"900\">\n<p data-start=\"834\" data-end=\"900\"><span style=\"color: #282828; font-size: 110%;\"><strong data-start=\"834\" data-end=\"849\">Th\u00e0nh ph\u1ea7n:<\/strong> 100% nh\u00e2n s\u00e2m Canada nguy\u00ean c\u1ee7, xay m\u1ecbn t\u1ef1 nhi\u00ean<\/span><\/p>\n<\/li>\n<li data-start=\"901\" data-end=\"947\">\n<p data-start=\"903\" data-end=\"947\"><span style=\"color: #282828; font-size: 110%;\"><strong data-start=\"903\" data-end=\"929\">Ngu\u1ed3n g\u1ed1c nguy\u00ean li\u1ec7u:<\/strong> Ontario, Canada<\/span><\/p>\n<\/li>\n<li data-start=\"948\" data-end=\"978\">\n<p data-start=\"950\" data-end=\"978\"><span style=\"color: #282828; font-size: 110%;\"><strong data-start=\"950\" data-end=\"967\">Nghi\u1ec1n m\u1ecbn v\u00e0 \u0111\u00f3ng g\u00f3i t\u1ea1i<\/strong>\u00a0Vi\u1ec7t Nam t\u1eeb nguy\u00ean li\u1ec7u nh\u00e2n s\u00e2m nh\u1eadp kh\u1ea9u t\u1eeb Canada<\/span><\/p>\n<\/li>\n<li data-start=\"979\" data-end=\"1010\">\n<p data-start=\"981\" data-end=\"1010\"><span style=\"color: #282828; font-size: 110%;\"><strong data-start=\"981\" data-end=\"997\">Th\u01b0\u01a1ng hi\u1ec7u:<\/strong> SilverLife's<\/span><\/p>\n<\/li>\n<\/ul>\n<h3 data-start=\"1381\" data-end=\"1414\"><span style=\"color: #282828; font-size: 110%;\"><strong data-start=\"1388\" data-end=\"1414\">\u0110i\u1ec3m kh\u00e1c bi\u1ec7t n\u1ed5i b\u1eadt<\/strong><\/span><\/h3>\n<ol data-start=\"1415\" data-end=\"2027\">\n<li data-start=\"1415\" data-end=\"1544\">\n<p data-start=\"1418\" data-end=\"1544\"><span style=\"color: #282828; font-size: 110%;\"><strong data-start=\"1418\" data-end=\"1442\">Nguy\u00ean li\u1ec7u cao c\u1ea5p:<\/strong> Nh\u00e2n s\u00e2m Canada tr\u1ed3ng t\u1ea1i v\u00f9ng \u0111\u1ea5t ch\u1ec9 canh t\u00e1c m\u1ed9t l\u1ea7n duy nh\u1ea5t trong v\u00e0i th\u1eadp k\u1ef7\u2013 tinh khi\u1ebft v\u00e0 \u0111\u1eadm \u0111\u1eb7c d\u01b0\u1ee3c ch\u1ea5t.<\/span><\/p>\n<\/li>\n<li data-start=\"1545\" data-end=\"1712\">\n<p data-start=\"1548\" data-end=\"1712\"><span style=\"color: #282828; font-size: 110%;\"><strong data-start=\"1548\" data-end=\"1572\">Nghi\u1ec1n m\u1ecbn t\u1ef1 nhi\u00ean:<\/strong> Gi\u1eef nguy\u00ean c\u1ea5u tr\u00fac s\u00e2m, kh\u00f4ng qua tinh ch\u1ebf hay t\u00e1ch chi\u1ebft. Khi pha, b\u1ed9t s\u1ebd n\u1edf nh\u1eb9 ch\u1ee9 <strong data-start=\"1660\" data-end=\"1683\">kh\u00f4ng tan ho\u00e0n to\u00e0n<\/strong> \u2013 minh ch\u1ee9ng cho s\u00e2m th\u1eadt.<\/span><\/p>\n<\/li>\n<li data-start=\"1713\" data-end=\"1811\">\n<p data-start=\"1716\" data-end=\"1811\"><span style=\"color: #282828; font-size: 110%;\"><strong data-start=\"1716\" data-end=\"1738\">Gi\u00e0u ginsenosides:<\/strong> H\u1ed7 tr\u1ee3 t\u0103ng n\u0103ng l\u01b0\u1ee3ng, c\u1ea3i thi\u1ec7n tr\u00ed nh\u1edb, gi\u1ea3m m\u1ec7t m\u1ecfi v\u00e0 c\u0103ng th\u1eb3ng.<\/span><\/p>\n<\/li>\n<li data-start=\"1812\" data-end=\"1931\">\n<p data-start=\"1815\" data-end=\"1931\"><span style=\"color: #282828; font-size: 110%;\"><strong data-start=\"1815\" data-end=\"1841\">H\u01b0\u01a1ng v\u1ecb nh\u1eb9:<\/strong> M\u00f9i s\u00e2m t\u1ef1 nhi\u00ean, v\u1ecb h\u1eadu ng\u1ecdt thanh, ph\u00f9 h\u1ee3p cho c\u1ea3 ng\u01b0\u1eddi m\u1edbi b\u1eaft \u0111\u1ea7u s\u1eed d\u1ee5ng nh\u00e2n s\u00e2m.<\/span><\/p>\n<\/li>\n<li data-start=\"1812\" data-end=\"1931\"><span style=\"color: #282828; font-size: 110%;\"><strong data-start=\"1771\" data-end=\"1793\">T\u00ednh m\u00e1t, d\u1ec5 d\u00f9ng:<\/strong> Nh\u00e2n s\u00e2m Canada c\u00f3 d\u01b0\u1ee3c t\u00ednh \u00f4n ho\u00e0, <strong data-start=\"1831\" data-end=\"1870\">ph\u00f9 h\u1ee3p v\u1edbi c\u01a1 \u0111\u1ecba \u0111a s\u1ed1 ng\u01b0\u1eddi Vi\u1ec7t<\/strong>, kh\u00f4ng g\u00e2y m\u1ea5t ng\u1ee7 hay n\u00f3ng trong.<\/span><\/li>\n<\/ol>\n<p style=\"text-align: center;\"><img loading=\"lazy\" decoding=\"async\" class=\"alignnone  wp-image-18361\" src=\"https:\/\/silverlife.com.vn\/wp-content\/uploads\/2025\/10\/nhan-sam-Canada-Silverlife-can-bang-nang-luong-suc-khoe-477x400.png\" alt=\"\" width=\"652\" height=\"547\" srcset=\"https:\/\/silverlife.com.vn\/wp-content\/uploads\/2025\/10\/nhan-sam-Canada-Silverlife-can-bang-nang-luong-suc-khoe-477x400.png 477w, https:\/\/silverlife.com.vn\/wp-content\/uploads\/2025\/10\/nhan-sam-Canada-Silverlife-can-bang-nang-luong-suc-khoe-954x800.png 954w, https:\/\/silverlife.com.vn\/wp-content\/uploads\/2025\/10\/nhan-sam-Canada-Silverlife-can-bang-nang-luong-suc-khoe-768x644.png 768w, https:\/\/silverlife.com.vn\/wp-content\/uploads\/2025\/10\/nhan-sam-Canada-Silverlife-can-bang-nang-luong-suc-khoe-14x12.png 14w, https:\/\/silverlife.com.vn\/wp-content\/uploads\/2025\/10\/nhan-sam-Canada-Silverlife-can-bang-nang-luong-suc-khoe-900x754.png 900w, https:\/\/silverlife.com.vn\/wp-content\/uploads\/2025\/10\/nhan-sam-Canada-Silverlife-can-bang-nang-luong-suc-khoe.png 1410w\" sizes=\"(max-width: 652px) 100vw, 652px\" \/><\/p>\n<h3 data-start=\"2034\" data-end=\"2089\"><span style=\"color: #282828; font-size: 110%;\"><strong data-start=\"2041\" data-end=\"2089\">C\u00f4ng d\u1ee5ng c\u1ee7a B\u1ed9t Nh\u00e2n S\u00e2m Canada SilverLife<\/strong><\/span><\/h3>\n<ul data-start=\"2090\" data-end=\"2432\">\n<li data-start=\"2090\" data-end=\"2150\">\n<p data-start=\"2092\" data-end=\"2150\"><span style=\"color: #282828; font-size: 110%;\"><strong data-start=\"2092\" data-end=\"2148\">T\u0103ng c\u01b0\u1eddng s\u1ee9c kh\u1ecfe, ph\u1ee5c h\u1ed3i th\u1ec3 l\u1ef1c, gi\u1ea3m m\u1ec7t m\u1ecfi.<\/strong><\/span><\/p>\n<\/li>\n<li data-start=\"2151\" data-end=\"2211\">\n<p data-start=\"2153\" data-end=\"2211\"><span style=\"color: #282828; font-size: 110%;\"><strong data-start=\"2153\" data-end=\"2209\">B\u1ed3i b\u1ed5 tr\u00ed n\u00e3o, gi\u00fap t\u1eadp trung v\u00e0 c\u1ea3i thi\u1ec7n tr\u00ed nh\u1edb.<\/strong><\/span><\/p>\n<\/li>\n<li data-start=\"2212\" data-end=\"2270\">\n<p data-start=\"2214\" data-end=\"2270\"><span style=\"color: #282828; font-size: 110%;\"><strong data-start=\"2214\" data-end=\"2268\">Gi\u00fap \u0103n ngon, ng\u1ee7 s\u00e2u, h\u1ed7 tr\u1ee3 c\u00e2n b\u1eb1ng n\u0103ng l\u01b0\u1ee3ng.<\/strong><\/span><\/p>\n<\/li>\n<li data-start=\"2271\" data-end=\"2342\">\n<p data-start=\"2273\" data-end=\"2342\"><span style=\"color: #282828; font-size: 110%;\"><strong data-start=\"2273\" data-end=\"2340\">T\u0103ng s\u1ee9c \u0111\u1ec1 kh\u00e1ng, h\u1ed7 tr\u1ee3 c\u01a1 th\u1ec3 th\u00edch nghi t\u1ed1t v\u1edbi c\u0103ng th\u1eb3ng.<\/strong><\/span><\/p>\n<\/li>\n<li data-start=\"2343\" data-end=\"2432\">\n<p data-start=\"2345\" data-end=\"2432\"><span style=\"color: #282828; font-size: 110%;\"><strong data-start=\"2345\" data-end=\"2430\">Th\u00edch h\u1ee3p cho ng\u01b0\u1eddi l\u00e0m vi\u1ec7c tr\u00ed \u00f3c, ng\u01b0\u1eddi l\u1edbn tu\u1ed5i, ng\u01b0\u1eddi c\u1ea7n ph\u1ee5c h\u1ed3i sau b\u1ec7nh.<\/strong><\/span><\/p>\n<\/li>\n<\/ul>\n<h3 data-start=\"2439\" data-end=\"2468\"><span style=\"color: #282828; font-size: 110%;\"><strong data-start=\"2446\" data-end=\"2468\">C\u00e1ch s\u1eed d\u1ee5ng g\u1ee3i \u00fd<\/strong><\/span><\/h3>\n<ul data-start=\"2469\" data-end=\"2822\">\n<li data-start=\"2469\" data-end=\"2658\">\n<p data-start=\"2471\" data-end=\"2658\"><span style=\"color: #282828; font-size: 110%;\"><strong data-start=\"2471\" data-end=\"2484\">Pha u\u1ed1ng:<\/strong> D\u00f9ng 1\u20132g (\u00bd th\u00eca c\u00e0 ph\u00ea) b\u1ed9t s\u00e2m v\u1edbi 150ml n\u01b0\u1edbc \u1ea5m, khu\u1ea5y \u0111\u1ec1u, c\u00f3 th\u1ec3 th\u00eam m\u1eadt ong. B\u1ed9t s\u00e2m s\u1ebd <strong data-start=\"2581\" data-end=\"2602\">n\u1edf nh\u1eb9 trong n\u01b0\u1edbc<\/strong>, c\u00f3 th\u1ec3 u\u1ed1ng lu\u00f4n ph\u1ea7n b\u00e3 \u0111\u1ec3 h\u1ea5p thu tr\u1ecdn d\u01b0\u1ee1ng ch\u1ea5t.<\/span><\/p>\n<\/li>\n<li data-start=\"2659\" data-end=\"2741\">\n<p data-start=\"2661\" data-end=\"2741\"><span style=\"color: #282828; font-size: 110%;\"><strong data-start=\"2661\" data-end=\"2681\">Th\u00eam v\u00e0o m\u00f3n \u0103n:<\/strong> Tr\u1ed9n v\u00e0o ch\u00e1o, s\u1eefa chua, y\u1ebfn ch\u01b0ng, ng\u0169 c\u1ed1c ho\u1eb7c sinh t\u1ed1.<\/span><\/p>\n<\/li>\n<li data-start=\"2742\" data-end=\"2822\">\n<p data-start=\"2744\" data-end=\"2822\"><span style=\"color: #282828; font-size: 110%;\"><strong data-start=\"2744\" data-end=\"2763\">D\u00f9ng h\u1eb1ng ng\u00e0y:<\/strong> 1\u20132 l\u1ea7n\/ng\u00e0y, t\u1ed1t nh\u1ea5t v\u00e0o bu\u1ed5i s\u00e1ng ho\u1eb7c \u0111\u1ea7u gi\u1edd chi\u1ec1u.<\/span><\/p>\n<\/li>\n<\/ul>\n<h3 data-start=\"2829\" data-end=\"2848\"><span style=\"color: #282828; font-size: 110%;\"><strong data-start=\"2836\" data-end=\"2848\">B\u1ea3o qu\u1ea3n<\/strong><\/span><\/h3>\n<ul data-start=\"2849\" data-end=\"2945\">\n<li data-start=\"2849\" data-end=\"2881\">\n<p data-start=\"2851\" data-end=\"2881\"><span style=\"color: #282828; font-size: 110%;\">\u0110\u1eady k\u00edn n\u1eafp sau khi s\u1eed d\u1ee5ng.<\/span><\/p>\n<\/li>\n<li data-start=\"2882\" data-end=\"2945\">\n<p data-start=\"2884\" data-end=\"2945\"><span style=\"color: #282828; font-size: 110%;\">B\u1ea3o qu\u1ea3n n\u01a1i kh\u00f4 r\u00e1o, tho\u00e1ng m\u00e1t, tr\u00e1nh \u00e1nh n\u1eafng tr\u1ef1c ti\u1ebfp.<\/span><\/p>\n<\/li>\n<\/ul>","protected":false},"excerpt":{"rendered":"<ul>\n<li data-start=\"3694\" data-end=\"3749\">\n<p data-start=\"3696\" data-end=\"3749\"><span style=\"color: #282828; font-size: 110%;\">100% nh\u00e2n s\u00e2m Canada nguy\u00ean c\u1ee7, nghi\u1ec1n m\u1ecbn t\u1ef1 nhi\u00ean<\/span><\/p>\n<\/li>\n<li data-start=\"3752\" data-end=\"3792\">\n<p data-start=\"3754\" data-end=\"3792\"><span style=\"color: #282828; font-size: 110%;\">T\u00ednh m\u00e1t, ph\u00f9 h\u1ee3p c\u01a1 \u0111\u1ecba nhi\u1ec1u ng\u01b0\u1eddi<\/span><\/p>\n<\/li>\n<li data-start=\"3795\" data-end=\"3843\">\n<p data-start=\"3797\" data-end=\"3843\"><span style=\"color: #282828; font-size: 110%;\">B\u1ed9t s\u00e2m th\u1eadt, n\u1edf nh\u1eb9 khi pha \u2013 kh\u00f4ng h\u00f2a tan<\/span><\/p>\n<\/li>\n<li data-start=\"3846\" data-end=\"3899\">\n<p data-start=\"3848\" data-end=\"3899\"><span style=\"color: #282828; font-size: 110%;\">T\u0103ng s\u1ee9c \u0111\u1ec1 kh\u00e1ng, gi\u1ea3m m\u1ec7t m\u1ecfi, b\u1ed3i b\u1ed5 to\u00e0n th\u00e2n<\/span><\/p>\n<\/li>\n<li data-start=\"3902\" data-end=\"3952\" data-is-last-node=\"\">\n<p data-start=\"3904\" data-end=\"3952\" data-is-last-node=\"\"><span style=\"color: #282828; font-size: 110%;\">H\u0169 th\u1ee7y tinh 30g ti\u1ec7n d\u1ee5ng h\u1eb1ng ng\u00e0y<\/span><\/p>\n<\/li>\n<\/ul>","protected":false},"featured_media":18379,"comment_status":"open","ping_status":"closed","template":"","meta":[],"product_cat":[72],"product_tag":[],"class_list":{"0":"post-18376","1":"product","2":"type-product","3":"status-publish","4":"has-post-thumbnail","6":"product_cat-sam-bot","8":"first","9":"instock","10":"shipping-taxable","11":"purchasable","12":"product-type-simple"},"yoast_head":"<!-- This site is optimized with the Yoast SEO plugin v23.6 - https:\/\/yoast.com\/wordpress\/plugins\/seo\/ -->\n<title>B\u1ed9t Nh\u00e2n S\u00e2m Canada SilverLife h\u0169 30g<\/title>\n<meta name=\"description\" content=\"B\u1ed9t Nh\u00e2n S\u00e2m Canada SilverLife \u2013 100% s\u00e2m Canada nghi\u1ec1n m\u1ecbn, gi\u1eef tr\u1ecdn d\u01b0\u1ee3c ch\u1ea5t thi\u00ean nhi\u00ean gi\u00fap b\u1ed3i b\u1ed5 s\u1ee9c kh\u1ecfe, t\u0103ng n\u0103ng l\u01b0\u1ee3ng v\u00e0 gi\u1ea3m m\u1ec7t m\u1ecfi.\" \/>\n<meta name=\"robots\" content=\"index, follow, max-snippet:-1, max-image-preview:large, max-video-preview:-1\" \/>\n<link rel=\"canonical\" href=\"https:\/\/silverlife.com.vn\/en\/product\/bot-nhan-sam-canada-silverlife-hu-30g\/\" \/>\n<meta property=\"og:locale\" content=\"en_US\" \/>\n<meta property=\"og:type\" content=\"article\" \/>\n<meta property=\"og:title\" content=\"B\u1ed9t Nh\u00e2n S\u00e2m Canada SilverLife h\u0169 30g\" \/>\n<meta property=\"og:description\" content=\"B\u1ed9t Nh\u00e2n S\u00e2m Canada SilverLife \u2013 100% s\u00e2m Canada nghi\u1ec1n m\u1ecbn, gi\u1eef tr\u1ecdn d\u01b0\u1ee3c ch\u1ea5t thi\u00ean nhi\u00ean gi\u00fap b\u1ed3i b\u1ed5 s\u1ee9c kh\u1ecfe, t\u0103ng n\u0103ng l\u01b0\u1ee3ng v\u00e0 gi\u1ea3m m\u1ec7t m\u1ecfi.\" \/>\n<meta property=\"og:url\" content=\"https:\/\/silverlife.com.vn\/en\/product\/bot-nhan-sam-canada-silverlife-hu-30g\/\" \/>\n<meta property=\"og:site_name\" content=\"SilverLife - Cung C\u1ea5p S\u1ec9 &amp; L\u1ebb Nh\u00e2n S\u00e2m Canada T\u1ea1i Vi\u1ec7t Nam\" \/>\n<meta property=\"og:image\" content=\"https:\/\/silverlife.com.vn\/wp-content\/uploads\/2025\/10\/Bot-nhan-sam-Canada-SilverLife-hu-30g-1.png\" \/>\n\t<meta property=\"og:image:width\" content=\"1200\" \/>\n\t<meta property=\"og:image:height\" content=\"1200\" \/>\n\t<meta property=\"og:image:type\" content=\"image\/png\" \/>\n<meta name=\"twitter:card\" content=\"summary_large_image\" \/>\n<meta name=\"twitter:label1\" content=\"Est. reading time\" \/>\n\t<meta name=\"twitter:data1\" content=\"4 minutes\" \/>\n<script type=\"application\/ld+json\" class=\"yoast-schema-graph\">{\"@context\":\"https:\/\/schema.org\",\"@graph\":[{\"@type\":\"WebPage\",\"@id\":\"https:\/\/silverlife.com.vn\/san-pham\/bot-nhan-sam-canada-silverlife-hu-30g\",\"url\":\"https:\/\/silverlife.com.vn\/san-pham\/bot-nhan-sam-canada-silverlife-hu-30g\",\"name\":\"B\u1ed9t Nh\u00e2n S\u00e2m Canada SilverLife h\u0169 30g\",\"isPartOf\":{\"@id\":\"https:\/\/silverlife.com.vn\/#website\"},\"primaryImageOfPage\":{\"@id\":\"https:\/\/silverlife.com.vn\/san-pham\/bot-nhan-sam-canada-silverlife-hu-30g#primaryimage\"},\"image\":{\"@id\":\"https:\/\/silverlife.com.vn\/san-pham\/bot-nhan-sam-canada-silverlife-hu-30g#primaryimage\"},\"thumbnailUrl\":\"https:\/\/silverlife.com.vn\/wp-content\/uploads\/2025\/10\/Bot-nhan-sam-Canada-SilverLife-hu-30g-1.png\",\"datePublished\":\"2025-10-31T11:42:41+00:00\",\"dateModified\":\"2025-10-31T11:42:41+00:00\",\"description\":\"B\u1ed9t Nh\u00e2n S\u00e2m Canada SilverLife \u2013 100% s\u00e2m Canada nghi\u1ec1n m\u1ecbn, gi\u1eef tr\u1ecdn d\u01b0\u1ee3c ch\u1ea5t thi\u00ean nhi\u00ean gi\u00fap b\u1ed3i b\u1ed5 s\u1ee9c kh\u1ecfe, t\u0103ng n\u0103ng l\u01b0\u1ee3ng v\u00e0 gi\u1ea3m m\u1ec7t m\u1ecfi.\",\"breadcrumb\":{\"@id\":\"https:\/\/silverlife.com.vn\/san-pham\/bot-nhan-sam-canada-silverlife-hu-30g#breadcrumb\"},\"inLanguage\":\"en-US\",\"potentialAction\":[{\"@type\":\"ReadAction\",\"target\":[\"https:\/\/silverlife.com.vn\/san-pham\/bot-nhan-sam-canada-silverlife-hu-30g\"]}]},{\"@type\":\"ImageObject\",\"inLanguage\":\"en-US\",\"@id\":\"https:\/\/silverlife.com.vn\/san-pham\/bot-nhan-sam-canada-silverlife-hu-30g#primaryimage\",\"url\":\"https:\/\/silverlife.com.vn\/wp-content\/uploads\/2025\/10\/Bot-nhan-sam-Canada-SilverLife-hu-30g-1.png\",\"contentUrl\":\"https:\/\/silverlife.com.vn\/wp-content\/uploads\/2025\/10\/Bot-nhan-sam-Canada-SilverLife-hu-30g-1.png\",\"width\":1200,\"height\":1200},{\"@type\":\"BreadcrumbList\",\"@id\":\"https:\/\/silverlife.com.vn\/san-pham\/bot-nhan-sam-canada-silverlife-hu-30g#breadcrumb\",\"itemListElement\":[{\"@type\":\"ListItem\",\"position\":1,\"name\":\"Trang ch\u1ee7\",\"item\":\"https:\/\/silverlife.com.vn\/\"},{\"@type\":\"ListItem\",\"position\":2,\"name\":\"Shop\",\"item\":\"https:\/\/silverlife.com.vn\/shop\"},{\"@type\":\"ListItem\",\"position\":3,\"name\":\"B\u1ed9t Nh\u00e2n S\u00e2m Canada SilverLife h\u0169 30g\"}]},{\"@type\":\"WebSite\",\"@id\":\"https:\/\/silverlife.com.vn\/#website\",\"url\":\"https:\/\/silverlife.com.vn\/\",\"name\":\"SilverLife - Cung C\u1ea5p S\u1ec9 &amp; L\u1ebb Nh\u00e2n S\u00e2m Canada T\u1ea1i Vi\u1ec7t Nam\",\"description\":\"\",\"potentialAction\":[{\"@type\":\"SearchAction\",\"target\":{\"@type\":\"EntryPoint\",\"urlTemplate\":\"https:\/\/silverlife.com.vn\/?s={search_term_string}\"},\"query-input\":{\"@type\":\"PropertyValueSpecification\",\"valueRequired\":true,\"valueName\":\"search_term_string\"}}],\"inLanguage\":\"en-US\"}]}<\/script>\n<!-- \/ Yoast SEO plugin. -->","yoast_head_json":{"title":"B\u1ed9t Nh\u00e2n S\u00e2m Canada SilverLife h\u0169 30g","description":"B\u1ed9t Nh\u00e2n S\u00e2m Canada SilverLife \u2013 100% s\u00e2m Canada nghi\u1ec1n m\u1ecbn, gi\u1eef tr\u1ecdn d\u01b0\u1ee3c ch\u1ea5t thi\u00ean nhi\u00ean gi\u00fap b\u1ed3i b\u1ed5 s\u1ee9c kh\u1ecfe, t\u0103ng n\u0103ng l\u01b0\u1ee3ng v\u00e0 gi\u1ea3m m\u1ec7t m\u1ecfi.","robots":{"index":"index","follow":"follow","max-snippet":"max-snippet:-1","max-image-preview":"max-image-preview:large","max-video-preview":"max-video-preview:-1"},"canonical":"https:\/\/silverlife.com.vn\/en\/product\/bot-nhan-sam-canada-silverlife-hu-30g\/","og_locale":"en_US","og_type":"article","og_title":"B\u1ed9t Nh\u00e2n S\u00e2m Canada SilverLife h\u0169 30g","og_description":"B\u1ed9t Nh\u00e2n S\u00e2m Canada SilverLife \u2013 100% s\u00e2m Canada nghi\u1ec1n m\u1ecbn, gi\u1eef tr\u1ecdn d\u01b0\u1ee3c ch\u1ea5t thi\u00ean nhi\u00ean gi\u00fap b\u1ed3i b\u1ed5 s\u1ee9c kh\u1ecfe, t\u0103ng n\u0103ng l\u01b0\u1ee3ng v\u00e0 gi\u1ea3m m\u1ec7t m\u1ecfi.","og_url":"https:\/\/silverlife.com.vn\/en\/product\/bot-nhan-sam-canada-silverlife-hu-30g\/","og_site_name":"SilverLife - Cung C\u1ea5p S\u1ec9 &amp; L\u1ebb Nh\u00e2n S\u00e2m Canada T\u1ea1i Vi\u1ec7t Nam","og_image":[{"width":1200,"height":1200,"url":"https:\/\/silverlife.com.vn\/wp-content\/uploads\/2025\/10\/Bot-nhan-sam-Canada-SilverLife-hu-30g-1.png","type":"image\/png"}],"twitter_card":"summary_large_image","twitter_misc":{"Est. reading time":"4 minutes"},"schema":{"@context":"https:\/\/schema.org","@graph":[{"@type":"WebPage","@id":"https:\/\/silverlife.com.vn\/san-pham\/bot-nhan-sam-canada-silverlife-hu-30g","url":"https:\/\/silverlife.com.vn\/san-pham\/bot-nhan-sam-canada-silverlife-hu-30g","name":"B\u1ed9t Nh\u00e2n S\u00e2m Canada SilverLife h\u0169 30g","isPartOf":{"@id":"https:\/\/silverlife.com.vn\/#website"},"primaryImageOfPage":{"@id":"https:\/\/silverlife.com.vn\/san-pham\/bot-nhan-sam-canada-silverlife-hu-30g#primaryimage"},"image":{"@id":"https:\/\/silverlife.com.vn\/san-pham\/bot-nhan-sam-canada-silverlife-hu-30g#primaryimage"},"thumbnailUrl":"https:\/\/silverlife.com.vn\/wp-content\/uploads\/2025\/10\/Bot-nhan-sam-Canada-SilverLife-hu-30g-1.png","datePublished":"2025-10-31T11:42:41+00:00","dateModified":"2025-10-31T11:42:41+00:00","description":"B\u1ed9t Nh\u00e2n S\u00e2m Canada SilverLife \u2013 100% s\u00e2m Canada nghi\u1ec1n m\u1ecbn, gi\u1eef tr\u1ecdn d\u01b0\u1ee3c ch\u1ea5t thi\u00ean nhi\u00ean gi\u00fap b\u1ed3i b\u1ed5 s\u1ee9c kh\u1ecfe, t\u0103ng n\u0103ng l\u01b0\u1ee3ng v\u00e0 gi\u1ea3m m\u1ec7t m\u1ecfi.","breadcrumb":{"@id":"https:\/\/silverlife.com.vn\/san-pham\/bot-nhan-sam-canada-silverlife-hu-30g#breadcrumb"},"inLanguage":"en-US","potentialAction":[{"@type":"ReadAction","target":["https:\/\/silverlife.com.vn\/san-pham\/bot-nhan-sam-canada-silverlife-hu-30g"]}]},{"@type":"ImageObject","inLanguage":"en-US","@id":"https:\/\/silverlife.com.vn\/san-pham\/bot-nhan-sam-canada-silverlife-hu-30g#primaryimage","url":"https:\/\/silverlife.com.vn\/wp-content\/uploads\/2025\/10\/Bot-nhan-sam-Canada-SilverLife-hu-30g-1.png","contentUrl":"https:\/\/silverlife.com.vn\/wp-content\/uploads\/2025\/10\/Bot-nhan-sam-Canada-SilverLife-hu-30g-1.png","width":1200,"height":1200},{"@type":"BreadcrumbList","@id":"https:\/\/silverlife.com.vn\/san-pham\/bot-nhan-sam-canada-silverlife-hu-30g#breadcrumb","itemListElement":[{"@type":"ListItem","position":1,"name":"Trang ch\u1ee7","item":"https:\/\/silverlife.com.vn\/"},{"@type":"ListItem","position":2,"name":"Shop","item":"https:\/\/silverlife.com.vn\/shop"},{"@type":"ListItem","position":3,"name":"B\u1ed9t Nh\u00e2n S\u00e2m Canada SilverLife h\u0169 30g"}]},{"@type":"WebSite","@id":"https:\/\/silverlife.com.vn\/#website","url":"https:\/\/silverlife.com.vn\/","name":"SilverLife - Cung C\u1ea5p S\u1ec9 &amp; L\u1ebb Nh\u00e2n S\u00e2m Canada T\u1ea1i Vi\u1ec7t Nam","description":"","potentialAction":[{"@type":"SearchAction","target":{"@type":"EntryPoint","urlTemplate":"https:\/\/silverlife.com.vn\/?s={search_term_string}"},"query-input":{"@type":"PropertyValueSpecification","valueRequired":true,"valueName":"search_term_string"}}],"inLanguage":"en-US"}]}},"_links":{"self":[{"href":"https:\/\/silverlife.com.vn\/en\/wp-json\/wp\/v2\/product\/18376"}],"collection":[{"href":"https:\/\/silverlife.com.vn\/en\/wp-json\/wp\/v2\/product"}],"about":[{"href":"https:\/\/silverlife.com.vn\/en\/wp-json\/wp\/v2\/types\/product"}],"replies":[{"embeddable":true,"href":"https:\/\/silverlife.com.vn\/en\/wp-json\/wp\/v2\/comments?post=18376"}],"wp:featuredmedia":[{"embeddable":true,"href":"https:\/\/silverlife.com.vn\/en\/wp-json\/wp\/v2\/media\/18379"}],"wp:attachment":[{"href":"https:\/\/silverlife.com.vn\/en\/wp-json\/wp\/v2\/media?parent=18376"}],"wp:term":[{"taxonomy":"product_cat","embeddable":true,"href":"https:\/\/silverlife.com.vn\/en\/wp-json\/wp\/v2\/product_cat?post=18376"},{"taxonomy":"product_tag","embeddable":true,"href":"https:\/\/silverlife.com.vn\/en\/wp-json\/wp\/v2\/product_tag?post=18376"}],"curies":[{"name":"wp","href":"https:\/\/api.w.org\/{rel}","templated":true}]}}