{"id":962,"date":"2019-08-24T04:01:45","date_gmt":"2019-08-23T21:01:45","guid":{"rendered":"http:\/\/silverlife.com.vn\/?post_type=product&#038;p=962"},"modified":"2026-01-20T10:41:31","modified_gmt":"2026-01-20T03:41:31","slug":"nhan-sam-canada-silverlife-slice-cat-lat-100g","status":"publish","type":"product","link":"https:\/\/silverlife.com.vn\/en\/product\/nhan-sam-canada-silverlife-slice-cat-lat-100g","title":{"rendered":"SilverLife Canadian Ginseng Slice 100g"},"content":{"rendered":"<h1><span style=\"font-size: 100%; color: #ba8418; font-family: 'times new roman', times, serif;\"><strong>SilverLife Canadian Ginseng Slice 100g<\/strong><\/span><\/h1>\n<h2><span style=\"color: #ba8418; font-size: 100%; font-family: 'times new roman', times, serif;\"><strong>How To Use Canadian Ginseng slice Effective<\/strong><\/span><\/h2>\n<p><span style=\"font-size: 120%; font-family: 'times new roman', times, serif;\">Canadian ginseng slices are convenient to use and can be used to cook daily drinking ginseng tea, cooking ginseng tea, ginseng chicken stew and many other nutritious dishes.<\/span><\/p>\n<p><span style=\"font-size: 120%; font-family: 'times new roman', times, serif;\">Each use from 2 to 5 grams of ginseng.<\/span><\/p>\n<p><span style=\"font-size: 120%; font-family: 'times new roman', times, serif;\"><span style=\"color: #ff9900;\"><strong>Note:<\/strong><\/span> For the first time users should be using less and gradually increase the dose to the body can get used to the effects of ginseng.<\/span><\/p>\n<figure id=\"attachment_16197\" aria-describedby=\"caption-attachment-16197\" style=\"width: 711px\" class=\"wp-caption aligncenter\"><img loading=\"lazy\" decoding=\"async\" class=\"size-medium wp-image-16197\" src=\"https:\/\/silverlife.com.vn\/wp-content\/uploads\/2019\/08\/nhan-sam-canada-silverlife-cat-lat-711x400.jpg\" alt=\"\" width=\"711\" height=\"400\" srcset=\"https:\/\/silverlife.com.vn\/wp-content\/uploads\/2019\/08\/nhan-sam-canada-silverlife-cat-lat-711x400.jpg 711w, https:\/\/silverlife.com.vn\/wp-content\/uploads\/2019\/08\/nhan-sam-canada-silverlife-cat-lat-1400x788.jpg 1400w, https:\/\/silverlife.com.vn\/wp-content\/uploads\/2019\/08\/nhan-sam-canada-silverlife-cat-lat-768x432.jpg 768w, https:\/\/silverlife.com.vn\/wp-content\/uploads\/2019\/08\/nhan-sam-canada-silverlife-cat-lat-1536x864.jpg 1536w, https:\/\/silverlife.com.vn\/wp-content\/uploads\/2019\/08\/nhan-sam-canada-silverlife-cat-lat-2048x1152.jpg 2048w, https:\/\/silverlife.com.vn\/wp-content\/uploads\/2019\/08\/nhan-sam-canada-silverlife-cat-lat-900x506.jpg 900w\" sizes=\"(max-width: 711px) 100vw, 711px\" \/><figcaption id=\"caption-attachment-16197\" class=\"wp-caption-text\">SilverLife Canadian Ginseng Slices<\/figcaption><\/figure>\n<h2><span style=\"font-size: 100%; color: #ba8418; font-family: 'times new roman', times, serif;\"><strong>Uses Of Canadian Ginseng SilverLife<\/strong><\/span><\/h2>\n<p style=\"font-weight: 400;\"><span style=\"font-size: 120%; font-family: 'times new roman', times, serif;\">Ginseng is a plant rich in bioactive phytochemicals. Ginseng's activity with the compound - ginsenosides has been shown to induce a variety of biological activities leading to hypoglycemia, anti-inflammatory, protective and anti-tumor effects of the heart.<\/span><\/p>\n<p style=\"font-weight: 400;\"><span style=\"font-size: 120%; font-family: 'times new roman', times, serif;\">A therapeutic potential with Panax Quinquefolius ginseng in chronic obstructive pulmonary disease has also been suggested. It can also act as an agent to reduce the unpleasant symptoms of menopause.<\/span><\/p>\n<p style=\"font-weight: 400;\"><span style=\"font-size: 120%; font-family: 'times new roman', times, serif;\">Other important uses of Canadian ginseng are anti-diabetes, anti-obesity, anti-cancer, anti-aging and antibacterial.<\/span><\/p>\n<p style=\"text-align: center;\"><img loading=\"lazy\" decoding=\"async\" class=\"alignnone size-medium wp-image-16198\" src=\"https:\/\/silverlife.com.vn\/wp-content\/uploads\/2019\/08\/Nhan-sam-SilverLife-cat-lat-9-711x400.jpg\" alt=\"\" width=\"711\" height=\"400\" srcset=\"https:\/\/silverlife.com.vn\/wp-content\/uploads\/2019\/08\/Nhan-sam-SilverLife-cat-lat-9-711x400.jpg 711w, https:\/\/silverlife.com.vn\/wp-content\/uploads\/2019\/08\/Nhan-sam-SilverLife-cat-lat-9-1400x788.jpg 1400w, https:\/\/silverlife.com.vn\/wp-content\/uploads\/2019\/08\/Nhan-sam-SilverLife-cat-lat-9-768x432.jpg 768w, https:\/\/silverlife.com.vn\/wp-content\/uploads\/2019\/08\/Nhan-sam-SilverLife-cat-lat-9-1536x864.jpg 1536w, https:\/\/silverlife.com.vn\/wp-content\/uploads\/2019\/08\/Nhan-sam-SilverLife-cat-lat-9-2048x1152.jpg 2048w, https:\/\/silverlife.com.vn\/wp-content\/uploads\/2019\/08\/Nhan-sam-SilverLife-cat-lat-9-900x506.jpg 900w\" sizes=\"(max-width: 711px) 100vw, 711px\" \/><\/p>\n<h2><span style=\"font-size: 100%; color: #ba8418; font-family: 'times new roman', times, serif;\"><strong>Differences Of Canadian Ginseng SilverLife<\/strong><\/span><\/h2>\n<ul>\n<li style=\"font-weight: 400;\"><span style=\"font-size: 120%; font-family: 'times new roman', times, serif;\">We are committed to providing 100% original Canadian ginseng from Ontario, Canada<\/span><\/li>\n<li style=\"font-weight: 400;\"><span style=\"font-size: 120%; font-family: 'times new roman', times, serif;\">Ginseng is grown, harvested and dried in a closed cycle to ensure the same quality as when using fresh ginseng.<\/span><\/li>\n<li style=\"font-weight: 400;\"><span style=\"font-size: 120%; font-family: 'times new roman', times, serif;\">Exclusive import and distribution in Vietnam by Bac My Consumer Product Company Limited,<\/span><\/li>\n<li style=\"font-weight: 400;\"><span style=\"font-size: 120%; font-family: 'times new roman', times, serif;\">Competitive price, equivalent to the price of ginseng purchased in the US or Canada.<\/span><\/li>\n<li style=\"font-weight: 400;\"><span style=\"font-size: 120%; font-family: 'times new roman', times, serif;\">Canadian ginseng SilverLife characteristic cool. While Asian ginseng has hot stimulant properties.<\/span><\/li>\n<\/ul>\n<h2><span style=\"color: #ba8418; font-size: 100%; font-family: 'times new roman', times, serif;\"><strong>Who Should Use Canadian Ginseng<\/strong><\/span><\/h2>\n<p style=\"font-weight: 400;\"><span style=\"font-size: 120%; font-family: 'times new roman', times, serif;\">Will not be wrong to call ginseng is a mysterious magic tree because its roots have many magical effect for your health. <span style=\"color: #faf8f5;\">American ginseng prices<\/span><\/span><\/p>\n<p style=\"font-weight: 400;\"><span style=\"font-size: 120%; font-family: 'times new roman', times, serif;\">Canadian ginseng has been shown to have anti-depressant effects, balance blood sugar, supports digestive disorders, improve concentration and enhance the immune system. So Canadian ginseng is suitable for:<\/span><\/p>\n<ul>\n<li style=\"font-weight: 400;\"><span style=\"font-size: 120%; font-family: 'times new roman', times, serif;\">Those who work or stress.<\/span><\/li>\n<li style=\"font-weight: 400;\"><span style=\"font-size: 120%; font-family: 'times new roman', times, serif;\">The patient recovers from surgery.<\/span><\/li>\n<li style=\"font-weight: 400;\"><span style=\"font-size: 120%; font-family: 'times new roman', times, serif;\">People who are going through a difficult period in psychology.<\/span><\/li>\n<li style=\"font-weight: 400;\"><span style=\"font-size: 120%; font-family: 'times new roman', times, serif;\">Those who want to prevent diabetes, cancer, cardiovascular disease.<\/span><\/li>\n<li style=\"font-weight: 400;\"><span style=\"font-size: 120%; font-family: 'times new roman', times, serif;\">Elderly people.<\/span><\/li>\n<li style=\"font-weight: 400;\"><span style=\"font-size: 120%; font-family: 'times new roman', times, serif;\">Premenopausal women.<\/span><\/li>\n<li style=\"font-weight: 400;\"><span style=\"font-size: 120%; font-family: 'times new roman', times, serif;\">People with weakened health and resistance.<\/span><\/li>\n<\/ul>\n<p><iframe loading=\"lazy\" title=\"People&#039;s Artist Kim Xuan trust use Canadian Ginseng SilverLife\" width=\"1020\" height=\"574\" src=\"https:\/\/www.youtube.com\/embed\/EHwCL9HRwqw?list=PLxrHnZUuGHIaUdefm5i9WwUjdA8FpAPtb\" frameborder=\"0\" allow=\"accelerometer; autoplay; clipboard-write; encrypted-media; gyroscope; picture-in-picture; web-share\" referrerpolicy=\"strict-origin-when-cross-origin\" allowfullscreen><\/iframe><\/p>\n<p style=\"text-align: center;\"><strong>Kim Xuan People's Artist<\/strong> trusted the Canadian ginseng SilverLife<\/p>\n<h2><span style=\"font-size: 100%; font-family: 'times new roman', times, serif; color: #ba8418;\"><strong>Where To Buy Canadian Ginseng Quality Assurance<\/strong><\/span><\/h2>\n<p><span style=\"font-size: 120%; font-family: 'times new roman', times, serif;\">Canadian ginseng has just been introduced to Vietnam recently, so many people do not know about this ginseng. Not knowing how to know how to identify ginseng is quality, you can buy fake Canadian ginseng. So to buy quality Canadian ginseng need to find a reputable address to buy.<\/span><\/p>\n<p><span style=\"font-size: 120%; font-family: 'times new roman', times, serif;\">SilverLife is an Ontario original importer and distributor of Canadian ginseng in Vietnam. Ontario, Canada has the best conditions for growing ginseng and is the supplier of more than 85% of Canadian ginseng to the world market.<\/span><\/p>\n<figure id=\"attachment_3961\" aria-describedby=\"caption-attachment-3961\" style=\"width: 485px\" class=\"wp-caption aligncenter\"><img loading=\"lazy\" decoding=\"async\" class=\"wp-image-3961\" title=\"Supplying Canadian Ginseng in Vietnam\" src=\"https:\/\/silverlife.com.vn\/wp-content\/uploads\/2019\/11\/nhan-sam-canada-cat-lat-1.jpg\" alt=\"Cung C\u1ea5p Nh\u00e2n S\u00e2m Canada T\u1ea1i Vi\u1ec7t Nam\" width=\"485\" height=\"485\" srcset=\"https:\/\/silverlife.com.vn\/wp-content\/uploads\/2019\/11\/nhan-sam-canada-cat-lat-1.jpg 600w, https:\/\/silverlife.com.vn\/wp-content\/uploads\/2019\/11\/nhan-sam-canada-cat-lat-1-280x280.jpg 280w, https:\/\/silverlife.com.vn\/wp-content\/uploads\/2019\/11\/nhan-sam-canada-cat-lat-1-400x400.jpg 400w, https:\/\/silverlife.com.vn\/wp-content\/uploads\/2019\/11\/nhan-sam-canada-cat-lat-1-100x100.jpg 100w\" sizes=\"(max-width: 485px) 100vw, 485px\" \/><figcaption id=\"caption-attachment-3961\" class=\"wp-caption-text\"><span style=\"font-size: 120%; font-family: 'times new roman', times, serif;\"><strong>Supplying Canadian Ginseng in Vietnam<\/strong><\/span><\/figcaption><\/figure>\n<h3><span style=\"color: #ba8418; font-size: 100%; font-family: 'times new roman', times, serif;\"><strong>Contact Information Buy Canadian Ginseng SilverLife<\/strong><\/span><\/h3>\n<p><span style=\"font-size: 120%; font-family: 'times new roman', times, serif;\">Hotline\/Zalo: <strong>0909.609.374<\/strong><\/span><\/p>\n<p><span style=\"font-size: 120%; font-family: 'times new roman', times, serif;\">Address: <strong>No. 21, No Trang Long Street, Ward 7, Binh Thanh District, Ho Chi Minh City<\/strong><\/span><\/p>\n<p><span style=\"font-size: 120%; font-family: 'times new roman', times, serif;\">See more <span style=\"color: #ba8418;\"><a style=\"color: #ba8418;\" href=\"https:\/\/silverlife.com.vn\/en\/danh-muc\/sam-cat-lat\/\"><strong>Canadian Ginseng SilverLife Slice<\/strong><\/a><\/span><\/span><\/p>\n<p><img loading=\"lazy\" decoding=\"async\" class=\"size-medium wp-image-17317 aligncenter\" src=\"https:\/\/silverlife.com.vn\/wp-content\/uploads\/2019\/08\/sam-lat-kho-gia-bao-nhieu-711x400.jpg\" alt=\"\" width=\"711\" height=\"400\" srcset=\"https:\/\/silverlife.com.vn\/wp-content\/uploads\/2019\/08\/sam-lat-kho-gia-bao-nhieu-711x400.jpg 711w, https:\/\/silverlife.com.vn\/wp-content\/uploads\/2019\/08\/sam-lat-kho-gia-bao-nhieu-1400x788.jpg 1400w, https:\/\/silverlife.com.vn\/wp-content\/uploads\/2019\/08\/sam-lat-kho-gia-bao-nhieu-768x432.jpg 768w, https:\/\/silverlife.com.vn\/wp-content\/uploads\/2019\/08\/sam-lat-kho-gia-bao-nhieu-1536x864.jpg 1536w, https:\/\/silverlife.com.vn\/wp-content\/uploads\/2019\/08\/sam-lat-kho-gia-bao-nhieu-16x9.jpg 16w, https:\/\/silverlife.com.vn\/wp-content\/uploads\/2019\/08\/sam-lat-kho-gia-bao-nhieu-900x506.jpg 900w, https:\/\/silverlife.com.vn\/wp-content\/uploads\/2019\/08\/sam-lat-kho-gia-bao-nhieu.jpg 1600w\" sizes=\"(max-width: 711px) 100vw, 711px\" \/><\/p>","protected":false},"excerpt":{"rendered":"<ul>\n<li style=\"font-weight: 400;\"><span style=\"font-size: 120%; font-family: 'times new roman', times, serif; color: #282828;\">100 % SilverLife Canadian Ginseng Slices<\/span><\/li>\n<li style=\"font-weight: 400;\"><span style=\"font-size: 120%; font-family: 'times new roman', times, serif; color: #282828;\">Origin: Ontario, Canada.<\/span><\/li>\n<li><span style=\"font-family: 'times new roman', times, serif; font-size: 120%;\">Ginseng age: 5 years old<\/span><\/li>\n<li style=\"font-weight: 400;\"><span style=\"font-size: 120%; font-family: 'times new roman', times, serif; color: #282828;\">Most convenient to use in tea, soup, or eaten according to your preference.<\/span><\/li>\n<li><span style=\"font-size: 120%; font-family: 'times new roman', times, serif; color: #282828;\">CODE: 8938529507019<\/span><\/li>\n<\/ul>\n<p><span style=\"color: #282828; font-family: 'times new roman', times, serif; font-size: 120%;\">Mi\u1ec5n ph\u00ed giao h\u00e0ng to\u00e0n qu\u1ed1c. Qu\u00fd kh\u00e1ch c\u00f3 th\u1ec3 ki\u1ec3m tra s\u1ea3n ph\u1ea9m tr\u01b0\u1edbc khi thanh to\u00e1n v\u00e0 t\u1eeb ch\u1ed1i nh\u1eadn h\u00e0ng n\u1ebfu kh\u00f4ng h\u00e0i l\u00f2ng.<\/span><\/p>","protected":false},"featured_media":18044,"comment_status":"open","ping_status":"closed","template":"","meta":[],"product_cat":[70],"product_tag":[99,101,102,98],"class_list":{"0":"post-962","1":"product","2":"type-product","3":"status-publish","4":"has-post-thumbnail","6":"product_cat-sam-cat-lat","7":"product_tag-cong-dung-cua-nhan-sam","8":"product_tag-gia-sam-canada","9":"product_tag-gia-sam-my","10":"product_tag-tac-dung-cua-sam","11":"product_shipping_class-giao-hang-tan-noi","13":"first","14":"instock","15":"shipping-taxable","16":"purchasable","17":"product-type-simple"},"yoast_head":"<!-- This site is optimized with the Yoast SEO plugin v23.6 - https:\/\/yoast.com\/wordpress\/plugins\/seo\/ -->\n<title>S\u00e2m L\u00e1t Kh\u00f4-Nh\u00e2n S\u00e2m Canada SilverLife h\u1ed9p100g<\/title>\n<meta name=\"description\" content=\"Nh\u00e2n S\u00e2m Kh\u00f4 C\u1eaft L\u00e1t 100g. D\u00f9ng th\u01b0\u1eddng xuy\u00ean ch\u1ed1ng ti\u1ec3u \u0111\u01b0\u1eddng, ch\u1ed1ng b\u00e9o ph\u00ec, ch\u1ed1ng ung th\u01b0, ch\u1ed1ng l\u00e3o h\u00f3a v\u00e0 n\u00e2ng cao s\u1ee9c \u0111\u1ec1 kh\u00e1ng co th\u1ec3\" \/>\n<meta name=\"robots\" content=\"index, follow, max-snippet:-1, max-image-preview:large, max-video-preview:-1\" \/>\n<link rel=\"canonical\" href=\"https:\/\/silverlife.com.vn\/en\/product\/nhan-sam-canada-silverlife-slice-cat-lat-100g\/\" \/>\n<meta property=\"og:locale\" content=\"en_US\" \/>\n<meta property=\"og:type\" content=\"article\" \/>\n<meta property=\"og:title\" content=\"S\u00e2m L\u00e1t Kh\u00f4-Nh\u00e2n S\u00e2m Canada SilverLife h\u1ed9p100g\" \/>\n<meta property=\"og:description\" content=\"Nh\u00e2n S\u00e2m Kh\u00f4 C\u1eaft L\u00e1t 100g. D\u00f9ng th\u01b0\u1eddng xuy\u00ean ch\u1ed1ng ti\u1ec3u \u0111\u01b0\u1eddng, ch\u1ed1ng b\u00e9o ph\u00ec, ch\u1ed1ng ung th\u01b0, ch\u1ed1ng l\u00e3o h\u00f3a v\u00e0 n\u00e2ng cao s\u1ee9c \u0111\u1ec1 kh\u00e1ng co th\u1ec3\" \/>\n<meta property=\"og:url\" content=\"https:\/\/silverlife.com.vn\/en\/product\/nhan-sam-canada-silverlife-slice-cat-lat-100g\/\" \/>\n<meta property=\"og:site_name\" content=\"SilverLife - Cung C\u1ea5p S\u1ec9 &amp; L\u1ebb Nh\u00e2n S\u00e2m Canada T\u1ea1i Vi\u1ec7t Nam\" \/>\n<meta property=\"article:modified_time\" content=\"2026-01-20T03:41:31+00:00\" \/>\n<meta property=\"og:image\" content=\"https:\/\/silverlife.com.vn\/wp-content\/uploads\/2022\/02\/nhan-sam-kho-Canada-SilverLife-nguyen-cu-cat-lat-bot-tra-sam-12.png\" \/>\n\t<meta property=\"og:image:width\" content=\"1000\" \/>\n\t<meta property=\"og:image:height\" content=\"1000\" \/>\n\t<meta property=\"og:image:type\" content=\"image\/png\" \/>\n<meta name=\"twitter:card\" content=\"summary_large_image\" \/>\n<meta name=\"twitter:label1\" content=\"Est. reading time\" \/>\n\t<meta name=\"twitter:data1\" content=\"5 minutes\" \/>\n<script type=\"application\/ld+json\" class=\"yoast-schema-graph\">{\"@context\":\"https:\/\/schema.org\",\"@graph\":[{\"@type\":\"WebPage\",\"@id\":\"https:\/\/silverlife.com.vn\/san-pham\/nhan-sam-canada-silverlife-slice-cat-lat-100g\",\"url\":\"https:\/\/silverlife.com.vn\/san-pham\/nhan-sam-canada-silverlife-slice-cat-lat-100g\",\"name\":\"S\u00e2m L\u00e1t Kh\u00f4-Nh\u00e2n S\u00e2m Canada SilverLife h\u1ed9p100g\",\"isPartOf\":{\"@id\":\"https:\/\/silverlife.com.vn\/#website\"},\"primaryImageOfPage\":{\"@id\":\"https:\/\/silverlife.com.vn\/san-pham\/nhan-sam-canada-silverlife-slice-cat-lat-100g#primaryimage\"},\"image\":{\"@id\":\"https:\/\/silverlife.com.vn\/san-pham\/nhan-sam-canada-silverlife-slice-cat-lat-100g#primaryimage\"},\"thumbnailUrl\":\"https:\/\/silverlife.com.vn\/wp-content\/uploads\/2022\/02\/nhan-sam-kho-Canada-SilverLife-nguyen-cu-cat-lat-bot-tra-sam-12.png\",\"datePublished\":\"2019-08-23T21:01:45+00:00\",\"dateModified\":\"2026-01-20T03:41:31+00:00\",\"description\":\"Nh\u00e2n S\u00e2m Kh\u00f4 C\u1eaft L\u00e1t 100g. D\u00f9ng th\u01b0\u1eddng xuy\u00ean ch\u1ed1ng ti\u1ec3u \u0111\u01b0\u1eddng, ch\u1ed1ng b\u00e9o ph\u00ec, ch\u1ed1ng ung th\u01b0, ch\u1ed1ng l\u00e3o h\u00f3a v\u00e0 n\u00e2ng cao s\u1ee9c \u0111\u1ec1 kh\u00e1ng co th\u1ec3\",\"breadcrumb\":{\"@id\":\"https:\/\/silverlife.com.vn\/san-pham\/nhan-sam-canada-silverlife-slice-cat-lat-100g#breadcrumb\"},\"inLanguage\":\"en-US\",\"potentialAction\":[{\"@type\":\"ReadAction\",\"target\":[\"https:\/\/silverlife.com.vn\/san-pham\/nhan-sam-canada-silverlife-slice-cat-lat-100g\"]}]},{\"@type\":\"ImageObject\",\"inLanguage\":\"en-US\",\"@id\":\"https:\/\/silverlife.com.vn\/san-pham\/nhan-sam-canada-silverlife-slice-cat-lat-100g#primaryimage\",\"url\":\"https:\/\/silverlife.com.vn\/wp-content\/uploads\/2022\/02\/nhan-sam-kho-Canada-SilverLife-nguyen-cu-cat-lat-bot-tra-sam-12.png\",\"contentUrl\":\"https:\/\/silverlife.com.vn\/wp-content\/uploads\/2022\/02\/nhan-sam-kho-Canada-SilverLife-nguyen-cu-cat-lat-bot-tra-sam-12.png\",\"width\":1000,\"height\":1000},{\"@type\":\"BreadcrumbList\",\"@id\":\"https:\/\/silverlife.com.vn\/san-pham\/nhan-sam-canada-silverlife-slice-cat-lat-100g#breadcrumb\",\"itemListElement\":[{\"@type\":\"ListItem\",\"position\":1,\"name\":\"Trang ch\u1ee7\",\"item\":\"https:\/\/silverlife.com.vn\/\"},{\"@type\":\"ListItem\",\"position\":2,\"name\":\"Shop\",\"item\":\"https:\/\/silverlife.com.vn\/shop\"},{\"@type\":\"ListItem\",\"position\":3,\"name\":\"Nh\u00e2n S\u00e2m Canada SilverLife Slice 100g\"}]},{\"@type\":\"WebSite\",\"@id\":\"https:\/\/silverlife.com.vn\/#website\",\"url\":\"https:\/\/silverlife.com.vn\/\",\"name\":\"SilverLife - Cung C\u1ea5p S\u1ec9 &amp; L\u1ebb Nh\u00e2n S\u00e2m Canada T\u1ea1i Vi\u1ec7t Nam\",\"description\":\"\",\"potentialAction\":[{\"@type\":\"SearchAction\",\"target\":{\"@type\":\"EntryPoint\",\"urlTemplate\":\"https:\/\/silverlife.com.vn\/?s={search_term_string}\"},\"query-input\":{\"@type\":\"PropertyValueSpecification\",\"valueRequired\":true,\"valueName\":\"search_term_string\"}}],\"inLanguage\":\"en-US\"}]}<\/script>\n<!-- \/ Yoast SEO plugin. -->","yoast_head_json":{"title":"S\u00e2m L\u00e1t Kh\u00f4-Nh\u00e2n S\u00e2m Canada SilverLife h\u1ed9p100g","description":"Nh\u00e2n S\u00e2m Kh\u00f4 C\u1eaft L\u00e1t 100g. D\u00f9ng th\u01b0\u1eddng xuy\u00ean ch\u1ed1ng ti\u1ec3u \u0111\u01b0\u1eddng, ch\u1ed1ng b\u00e9o ph\u00ec, ch\u1ed1ng ung th\u01b0, ch\u1ed1ng l\u00e3o h\u00f3a v\u00e0 n\u00e2ng cao s\u1ee9c \u0111\u1ec1 kh\u00e1ng co th\u1ec3","robots":{"index":"index","follow":"follow","max-snippet":"max-snippet:-1","max-image-preview":"max-image-preview:large","max-video-preview":"max-video-preview:-1"},"canonical":"https:\/\/silverlife.com.vn\/en\/product\/nhan-sam-canada-silverlife-slice-cat-lat-100g\/","og_locale":"en_US","og_type":"article","og_title":"S\u00e2m L\u00e1t Kh\u00f4-Nh\u00e2n S\u00e2m Canada SilverLife h\u1ed9p100g","og_description":"Nh\u00e2n S\u00e2m Kh\u00f4 C\u1eaft L\u00e1t 100g. D\u00f9ng th\u01b0\u1eddng xuy\u00ean ch\u1ed1ng ti\u1ec3u \u0111\u01b0\u1eddng, ch\u1ed1ng b\u00e9o ph\u00ec, ch\u1ed1ng ung th\u01b0, ch\u1ed1ng l\u00e3o h\u00f3a v\u00e0 n\u00e2ng cao s\u1ee9c \u0111\u1ec1 kh\u00e1ng co th\u1ec3","og_url":"https:\/\/silverlife.com.vn\/en\/product\/nhan-sam-canada-silverlife-slice-cat-lat-100g\/","og_site_name":"SilverLife - Cung C\u1ea5p S\u1ec9 &amp; L\u1ebb Nh\u00e2n S\u00e2m Canada T\u1ea1i Vi\u1ec7t Nam","article_modified_time":"2026-01-20T03:41:31+00:00","og_image":[{"width":1000,"height":1000,"url":"https:\/\/silverlife.com.vn\/wp-content\/uploads\/2022\/02\/nhan-sam-kho-Canada-SilverLife-nguyen-cu-cat-lat-bot-tra-sam-12.png","type":"image\/png"}],"twitter_card":"summary_large_image","twitter_misc":{"Est. reading time":"5 minutes"},"schema":{"@context":"https:\/\/schema.org","@graph":[{"@type":"WebPage","@id":"https:\/\/silverlife.com.vn\/san-pham\/nhan-sam-canada-silverlife-slice-cat-lat-100g","url":"https:\/\/silverlife.com.vn\/san-pham\/nhan-sam-canada-silverlife-slice-cat-lat-100g","name":"S\u00e2m L\u00e1t Kh\u00f4-Nh\u00e2n S\u00e2m Canada SilverLife h\u1ed9p100g","isPartOf":{"@id":"https:\/\/silverlife.com.vn\/#website"},"primaryImageOfPage":{"@id":"https:\/\/silverlife.com.vn\/san-pham\/nhan-sam-canada-silverlife-slice-cat-lat-100g#primaryimage"},"image":{"@id":"https:\/\/silverlife.com.vn\/san-pham\/nhan-sam-canada-silverlife-slice-cat-lat-100g#primaryimage"},"thumbnailUrl":"https:\/\/silverlife.com.vn\/wp-content\/uploads\/2022\/02\/nhan-sam-kho-Canada-SilverLife-nguyen-cu-cat-lat-bot-tra-sam-12.png","datePublished":"2019-08-23T21:01:45+00:00","dateModified":"2026-01-20T03:41:31+00:00","description":"Nh\u00e2n S\u00e2m Kh\u00f4 C\u1eaft L\u00e1t 100g. D\u00f9ng th\u01b0\u1eddng xuy\u00ean ch\u1ed1ng ti\u1ec3u \u0111\u01b0\u1eddng, ch\u1ed1ng b\u00e9o ph\u00ec, ch\u1ed1ng ung th\u01b0, ch\u1ed1ng l\u00e3o h\u00f3a v\u00e0 n\u00e2ng cao s\u1ee9c \u0111\u1ec1 kh\u00e1ng co th\u1ec3","breadcrumb":{"@id":"https:\/\/silverlife.com.vn\/san-pham\/nhan-sam-canada-silverlife-slice-cat-lat-100g#breadcrumb"},"inLanguage":"en-US","potentialAction":[{"@type":"ReadAction","target":["https:\/\/silverlife.com.vn\/san-pham\/nhan-sam-canada-silverlife-slice-cat-lat-100g"]}]},{"@type":"ImageObject","inLanguage":"en-US","@id":"https:\/\/silverlife.com.vn\/san-pham\/nhan-sam-canada-silverlife-slice-cat-lat-100g#primaryimage","url":"https:\/\/silverlife.com.vn\/wp-content\/uploads\/2022\/02\/nhan-sam-kho-Canada-SilverLife-nguyen-cu-cat-lat-bot-tra-sam-12.png","contentUrl":"https:\/\/silverlife.com.vn\/wp-content\/uploads\/2022\/02\/nhan-sam-kho-Canada-SilverLife-nguyen-cu-cat-lat-bot-tra-sam-12.png","width":1000,"height":1000},{"@type":"BreadcrumbList","@id":"https:\/\/silverlife.com.vn\/san-pham\/nhan-sam-canada-silverlife-slice-cat-lat-100g#breadcrumb","itemListElement":[{"@type":"ListItem","position":1,"name":"Trang ch\u1ee7","item":"https:\/\/silverlife.com.vn\/"},{"@type":"ListItem","position":2,"name":"Shop","item":"https:\/\/silverlife.com.vn\/shop"},{"@type":"ListItem","position":3,"name":"Nh\u00e2n S\u00e2m Canada SilverLife Slice 100g"}]},{"@type":"WebSite","@id":"https:\/\/silverlife.com.vn\/#website","url":"https:\/\/silverlife.com.vn\/","name":"SilverLife - Cung C\u1ea5p S\u1ec9 &amp; L\u1ebb Nh\u00e2n S\u00e2m Canada T\u1ea1i Vi\u1ec7t Nam","description":"","potentialAction":[{"@type":"SearchAction","target":{"@type":"EntryPoint","urlTemplate":"https:\/\/silverlife.com.vn\/?s={search_term_string}"},"query-input":{"@type":"PropertyValueSpecification","valueRequired":true,"valueName":"search_term_string"}}],"inLanguage":"en-US"}]}},"_links":{"self":[{"href":"https:\/\/silverlife.com.vn\/en\/wp-json\/wp\/v2\/product\/962"}],"collection":[{"href":"https:\/\/silverlife.com.vn\/en\/wp-json\/wp\/v2\/product"}],"about":[{"href":"https:\/\/silverlife.com.vn\/en\/wp-json\/wp\/v2\/types\/product"}],"replies":[{"embeddable":true,"href":"https:\/\/silverlife.com.vn\/en\/wp-json\/wp\/v2\/comments?post=962"}],"wp:featuredmedia":[{"embeddable":true,"href":"https:\/\/silverlife.com.vn\/en\/wp-json\/wp\/v2\/media\/18044"}],"wp:attachment":[{"href":"https:\/\/silverlife.com.vn\/en\/wp-json\/wp\/v2\/media?parent=962"}],"wp:term":[{"taxonomy":"product_cat","embeddable":true,"href":"https:\/\/silverlife.com.vn\/en\/wp-json\/wp\/v2\/product_cat?post=962"},{"taxonomy":"product_tag","embeddable":true,"href":"https:\/\/silverlife.com.vn\/en\/wp-json\/wp\/v2\/product_tag?post=962"}],"curies":[{"name":"wp","href":"https:\/\/api.w.org\/{rel}","templated":true}]}}